{"id":721,"date":"2022-01-07T11:57:43","date_gmt":"2022-01-07T11:57:43","guid":{"rendered":"https:\/\/flight-tracker24.co.uk\/plane-tracker\/"},"modified":"2022-01-20T08:13:32","modified_gmt":"2022-01-20T08:13:32","slug":"plane-tracker","status":"publish","type":"page","link":"https:\/\/flight-tracker24.co.uk\/sv\/plane-tracker\/","title":{"rendered":"Plane Tracker"},"content":{"rendered":"<h1 style=\"text-align: center;\"><strong>Plane Tracker<\/strong><\/h1>\n<p style=\"text-align: center;\"><span style=\"font-size: 12pt;\"><em><strong>V\u00e4lkommen till flygsp\u00e5raren! Klicka p\u00e5 linsen i radarn f\u00f6r att b\u00f6rja s\u00f6ka.<\/strong><\/em><\/span><\/p>\n<p>&nbsp;<\/p>\n<div style=\"width: 100%; height: 0px; margin-top: -80px; margin-right: 0px;\"><\/div>\n<p><script async=\"\" src=\"\/\/pagead2.googlesyndication.com\/pagead\/js\/adsbygoogle.js\"><\/script><br \/>\n<!-- FlightLinks --><br \/>\n<ins class=\"adsbygoogle\" style=\"display: block;\" data-ad-client=\"ca-pub-8699335927299131\" data-ad-slot=\"8291128921\" data-ad-format=\"link\"><\/ins><script>(adsbygoogle = window.adsbygoogle || []).push({});<\/script><\/p>\n<div style=\"width: 100%; height: 0px; margin-top: -15px; margin-right: 0px;\"><\/div>\n<p>&nbsp;<\/p>\n<figure class=\"full-width\">\n<div class=\"resp-container\"><iframe class=\"resp-iframe\" src=\"https:\/\/www.radarbox.com\/?widget=1&amp;z=5&amp;lat=46.7&amp;lng=7.6\" height=\"500\" frameborder=\"0\" allowfullscreen=\"allowfullscreen\"><\/iframe><\/div>\n<\/figure>\n<p><script async=\"\" src=\"\/\/pagead2.googlesyndication.com\/pagead\/js\/adsbygoogle.js\"><\/script><br \/>\n<!-- FlightDisplay --><br \/>\n<ins class=\"adsbygoogle\" style=\"display: block;\" data-ad-client=\"ca-pub-8699335927299131\" data-ad-slot=\"1073730211\" data-ad-format=\"auto\"><\/ins><br \/>\n<script>(adsbygoogle = window.adsbygoogle || []).push({});<\/script><\/p>\n<h2 style=\"text-align: center;\"><strong>Ange flightnumret<\/strong><\/h2>\n<p style=\"text-align: center;\"><em><strong>Ange ett giltigt flightnummer i s\u00f6kf\u00e4ltet<\/strong><\/em><\/p>\n<form class=\"gobing\" style=\"margin:auto;max-width:fit-content\">\n  <input type=\"text\" class=\"form-control\" id=\"search1\" placeholder=\"Ange flightnummer h\u00e4r\"><br \/>\n  <buttongob type=\"submit\" id=\"WFFRB\"><i class=\"fa fa-search\"><\/i>S\u00f6k flygplan<\/buttongob><br \/>\n<\/form>\n<p><script>\njQuery('#WFFRB').on('click', function () {\n    var searchInput = jQuery('#search1').val();\n    var url = \"https:\/\/flightradar.flights\/sv\/flygsparning\/\"\n    window.open(url);\n});\n<\/script><br \/>\n<script>\njQuery('#search1').keypress(\n  function(event){\n    if (event.which == '13') {\n      event.preventDefault();\n    }\n});\n<\/script><\/p>\n<p style=\"text-align: center;\"><em><strong>(Ett nytt f\u00f6nster\/flik \u00f6ppnas)<\/strong><\/em><\/p>\n<p><span style=\"font-size: 12pt;\"><strong>Snabbguide: Hitta ett plan<\/strong><\/span><\/p>\n<ul>\n<li style=\"list-style-type: none;\">\n<ul>\n<li style=\"list-style-type: none;\">\n<ul>\n<li><span style=\"font-size: 12pt;\"><span style=\"color: #ff0000;\">F\u00f6rsta alternativet:<\/span> Klicka p\u00e5 f\u00f6rstoringsglaset &gt; Ange ett giltigt flygnummer och v\u00e4lj det visade flygplanet &gt; Nu sp\u00e5rar du flygningen direkt<\/span><\/li>\n<li><span style=\"font-size: 12pt;\"><span style=\"color: #ff0000;\">2:a m\u00f6jligheten:<\/span> Klicka p\u00e5 f\u00f6rstoringsglaset &gt; Ange en stad med flygplats, t.ex. London eller Manchester och klicka p\u00e5 flygplatsen fr\u00e5n listan &gt;  Plansp\u00e5raren visar dig alla flyg relaterade till flygplatsen<\/span><\/li>\n<\/ul>\n<\/li>\n<\/ul>\n<p><script async=\"\" src=\"\/\/pagead2.googlesyndication.com\/pagead\/js\/adsbygoogle.js\"><\/script><br \/>\n<!-- FlightLinks --><br \/>\n<ins class=\"adsbygoogle\" style=\"display: block;\" data-ad-client=\"ca-pub-8699335927299131\" data-ad-slot=\"8291128921\" data-ad-format=\"link\"><\/ins><br \/>\n<script><br \/>\n(adsbygoogle = window.adsbygoogle || []).push({});<br \/>\n<\/script><\/li>\n<\/ul>\n<p style=\"text-align: center;\"><span style=\"font-size: 12pt;\"><strong>Video: Snabbguide f\u00f6r flygplanssp\u00e5raren<\/strong><\/span><\/p>\n<div class=\"resp-containeryt2\"><iframe loading=\"lazy\" src=\"https:\/\/www.youtube-nocookie.com\/embed\/3zvktnXMJpg\" width=\"560\" height=\"315\" frameborder=\"0\" allowfullscreen=\"allowfullscreen\"><\/iframe><\/div>\n<p style=\"text-align: center;\"><span style=\"font-size: 12pt;\"><strong>V\u00e4nligen navigera till botten av sidan f\u00f6r att betygs\u00e4tta v\u00e5r tj\u00e4nst.<\/strong><\/span><\/p>\n<p>&nbsp;<\/p>\n<h2 style=\"text-align: center;\"><span style=\"font-size: 20pt;\"><strong><span style=\"color: #ff9900;\">Vad \u00e4r plane tracker?<\/span><\/strong><\/span><\/h2>\n<p style=\"text-align: center;\"><span style=\"font-size: 12pt;\"><strong>Plane tracker \u00e4r en flygsp\u00e5rningstj\u00e4nst i realtid som kan visa information om flygplan \u00f6ver hela v\u00e4rlden.<\/strong> <strong>Den presenterar data som:<\/strong> hur snabbt ett plan r\u00f6r sig, dess flightnummer, h\u00f6jd och destination f\u00f6r resan. Webbl\u00e4sare kan bed\u00f6ma flygsp\u00e5rningskartan och databasen, \u00e4ven flera varianter av tj\u00e4nsten finns tillg\u00e4ngliga som mobilapplikationer inklusive gratis, augmented reality-version och premium 3D. Plane tracker till\u00e5ter anv\u00e4ndare som \u00e4r registrerade att dela sina MLAT- och ADS-B-data via plane tracker ADS-B-klienten som \u00e4r tillg\u00e4nglig f\u00f6r Linux, Windows och macOS. Plane tracker st\u00f6der VFR-sj\u00f6kort fr\u00e5n NATS; detta var den f\u00f6rsta stora flygsp\u00e5rningsappen som spelade upp funktionen.<\/span><br \/>\n<span style=\"font-size: 12pt;\"><strong>Plane tracker tillhandah\u00e5ller flygplanssp\u00e5rning i realtid f\u00f6r proffs<\/strong>, hobbyister eller n\u00e5gon som tittar upp p\u00e5 ett plan med intrycket &#8221;Jag undrar vart de m\u00e4nniskorna \u00e4r p\u00e5 v\u00e4g.&#8221;<\/span><\/p>\n<p>&nbsp;<\/p>\n<h2 style=\"text-align: center;\"><img loading=\"lazy\" decoding=\"async\" class=\"wp-image-538 size-medium alignright\" style=\"font-size: 16px;\" src=\"https:\/\/flight-tracker24.co.uk\/wp-content\/uploads\/2017\/08\/radio-telescope-1031303_640-300x200.jpg\" alt=\"Plans\u00f6kare - Radarteleskop\" width=\"300\" height=\"200\" srcset=\"https:\/\/flight-tracker24.co.uk\/wp-content\/uploads\/2017\/08\/radio-telescope-1031303_640-300x200.jpg 300w, https:\/\/flight-tracker24.co.uk\/wp-content\/uploads\/2017\/08\/radio-telescope-1031303_640.jpg 640w\" sizes=\"auto, (max-width: 300px) 100vw, 300px\" \/><span style=\"font-size: 20pt;\"><strong><span style=\"color: #ff9900;\">Vad kan du g\u00f6ra med plane tracker?<\/span><\/strong><\/span><\/h2>\n<p style=\"text-align: center;\"><span style=\"font-size: 12pt;\"><strong>Med plane tracker kan du f\u00e5 tillg\u00e5ng till en v\u00e4rldskarta med \u00f6ver 12 000 plan som r\u00f6r sig i realtid<\/strong>, komplett med en s\u00f6kfunktion s\u00e5 att du kan hitta var flygningen du sp\u00e5rar just nu befinner sig. Kartan kan ocks\u00e5 anv\u00e4ndas f\u00f6r att ta reda p\u00e5 annan anv\u00e4ndbar information som trafikstockningar vid landningsbanan; detta g\u00f6r att du kan veta om passagerare kommer att vara tillg\u00e4ngliga f\u00f6r upph\u00e4mtning eller inte.<\/span><br \/>\n<span style=\"font-size: 12pt;\">Med plane tracker kan du ta ett foto av himlen och se vilka flygningar som \u00e4r ovanf\u00f6r dig genom konceptet AR, <strong>detta kan hj\u00e4lpa n\u00e4r du gissar hur l\u00e5ng tid det kommer att ta dig att v\u00e4nta med att h\u00e4mta en passagerare efter ankomst.<\/strong><\/span><\/p>\n<p>&nbsp;<\/p>\n<h2 style=\"text-align: center;\"><span style=\"font-size: 20pt;\"><strong><span style=\"color: #ff9900;\">Hur fungerar plane tracker ADS-B Tracking?<\/span><\/strong><\/span><\/h2>\n<p style=\"text-align: center;\"><span style=\"font-size: 12pt;\">Plane tracker har ett <strong>globalt n\u00e4tverk av antennradarer och datafl\u00f6den som tar emot datas\u00e4ndningar direkt fr\u00e5n flygplan<\/strong> f\u00f6r flygsp\u00e5rning. <strong>Den prim\u00e4ra tekniken som anv\u00e4nds \u00e4r MLAT och ADS-B, vi visar \u00e4ven feeds fr\u00e5n FLARM glider feed och FAA.<\/strong><\/span><br \/>\n<span style=\"font-size: 12pt;\">Vi \u00e4r medvetna om att v\u00e5r webbplats och flygsp\u00e5rningsapplikationer f\u00f6r flygsp\u00e5rning anv\u00e4nds av ett stort antal m\u00e4nniskor, inklusive flygproffs som markpersonal, piloter, flygentusiaster, flygsp\u00e5rare, alla som \u00e4r nyfikna p\u00e5 flygplan ovanf\u00f6r och de som vill sp\u00e5ra en v\u00e4n.<\/span><br \/>\n<span style=\"font-size: 12pt;\">Plansp\u00e5raren \u00e4r alltid ok\u00e4nslig f\u00f6r st\u00f6rningar. Innan uppfinningen av <a href=\"https:\/flightradar.flights\/\" target=\"_blank\" rel=\"noopener noreferrer\">flygradar<\/a> online upplevde alla alltid denna obekv\u00e4ma k\u00e4nsla och konstant oro n\u00e4r deras v\u00e4nner eller familjemedlemmar \u00e4r p\u00e5 ett plan. Dessa tider \u00e4r f\u00f6rbi; f\u00f6r n\u00e4rvarande med liveplane tracker kan du g\u00e5 ombord och f\u00f6lja med dina n\u00e4ra och k\u00e4ra n\u00e4r du vill.<\/span><\/p>\n<p>&nbsp;<\/p>\n<h2 style=\"text-align: center;\"><span style=\"font-size: 20pt;\"><strong><span style=\"color: #ff9900;\">ADS-B flygsp\u00e5rning<\/span><\/strong><\/span><\/h2>\n<p style=\"text-align: center;\"><span style=\"font-size: 12pt;\">ADS-B-data anv\u00e4nds inom hela flygindustrin f\u00f6r att \u00f6ka s\u00e4kerheten och \u00f6ka effektiviteten; det \u00e4r en teknik som \u00e4r f\u00f6rdelaktig f\u00f6r passagerare, den globala ekonomin och milj\u00f6n. De flesta kommersiella flygplan s\u00e4nder sin position, anropssignal, hastighet och mycket mer.<\/span><br \/>\n<span style=\"font-size: 12pt;\">Vi har \u00f6ver 1000 mottagare och datafl\u00f6den \u00f6ver hela v\u00e4rlden som skickar information till v\u00e5ra servrar. V\u00e5ra servrar f\u00f6rb\u00e4ttrar ADS-B-data med extra information s\u00e5som avg\u00e5ngsflygplats, flygplanets reg\/svansnummer, konstverk, destination och foton.<\/span><br \/>\n<span style=\"font-size: 12pt;\">ADS-B anv\u00e4nder flygelektronik inom ett flygplan f\u00f6r att kommunicera med GPS-satelliter i omloppsbana och \u00f6verf\u00f6ra data om: anropssignal, kurs, h\u00f6jd, hastighet, position, squawk-nummer, terr\u00e4ng, v\u00e4der, trafik och information. F\u00f6rdelarna med denna flygsp\u00e5rningsteknik \u00e4r s\u00e4kerhet och hantering.<\/span><\/p>\n<p>&nbsp;<\/p>\n<h2 style=\"text-align: center;\"><span style=\"font-size: 20pt;\"><strong><span style=\"color: #ff9900;\"> Vad \u00e4r en radar?<\/span><\/strong><\/span><\/h2>\n<p style=\"text-align: center;\"><span style=\"font-size: 12pt;\">Radar \u00e4r en akronym som st\u00e5r f\u00f6r <em><strong>Radiodetektion och avst\u00e5nd<\/strong><\/em>. Det \u00e4r ett system som vanligtvis drivs i mikrov\u00e5gsdelen av ett radiofrekvensspektrum eller ultrah\u00f6gfrekvens; den anv\u00e4nds f\u00f6r att uppt\u00e4cka objekts position och r\u00f6relser. Radarer anv\u00e4nds i stor utstr\u00e4ckning inom flygplansnavigering, marin navigering och flygtrafikledning. Dagens flygplan \u00e4r baserat p\u00e5 flygtrafikledning som \u00e4ven inkluderar flyginformationstj\u00e4nst. <\/span><\/p>\n<p>&nbsp;<\/p>\n<h2 style=\"text-align: center;\"><span style=\"font-size: 20pt;\"><strong><span style=\"color: #ff9900;\">Hur fungerar radar?<\/span><\/strong><\/span><\/h2>\n<p style=\"text-align: center;\"><span style=\"font-size: 12pt;\"><strong>Varje radarboxmottagare \u00e4r designad f\u00f6r att dela flyginformation i realtid till AirNavs systemservrar.<\/strong> Uppgifterna kommer fr\u00e5n \u00f6ver tusentals mottagare fr\u00e5n hela v\u00e4rlden, efter insamlingen bearbetas de vidare. Detta \u00e4r data som kommer att anv\u00e4ndas i flera flygl\u00f6sningar; den kan n\u00e5s via webbl\u00e4sare eller mobila l\u00f6sningar.<\/span><\/p>\n<p>&nbsp;<\/p>\n<h2 style=\"text-align: center;\"><span style=\"font-size: 20pt;\"><strong><span style=\"color: #ff9900;\">Vad \u00e4r s\u00e5 speciellt med online plane tracker?<\/span><\/strong><\/span><\/h2>\n<p style=\"text-align: center;\"><span style=\"font-size: 12pt;\">M\u00e5nga m\u00e4nniskor har alltid varit imponerade av flygplan. Att sp\u00e5ra ett plan via en plansp\u00e5rare har m\u00e5nga f\u00f6rdelar, den h\u00e4r tj\u00e4nsten kan n\u00e5s var som helst. De enda krav som kr\u00e4vs f\u00f6r att f\u00e5 tillg\u00e5ng till informationen \u00e4r en internetanslutning och en internetaktiverad enhet. Plancheckaren som vi har p\u00e5 v\u00e5r sida \u00e4r gratis, och med den kan du f\u00e5 <strong>tillg\u00e5ng till data i realtid<\/strong>.<\/span><br \/>\n<span style=\"font-size: 12pt;\">Med plankontrollen p\u00e5 v\u00e5r sida \u00e4r du alltid online och live. Du kommer att ha m\u00f6jlighet att g\u00f6ra r\u00e4tt val n\u00e4r det kommer till <a href=\"https:\/\/flight-tracker24.co.uk\/plane-tracker\/\" target=\"_blank\" rel=\"noopener noreferrer\">plansp\u00e5rning<\/a>; du kan alltid f\u00f6lja v\u00e5r sida p\u00e5 din station\u00e4ra dator, surfplatta eller smartphone. Detta sparar utrymme och g\u00f6r att du kan njuta av utsikten.<\/span><\/p>\n<p>&nbsp;<\/p>\n<h2 style=\"text-align: center;\"><span style=\"font-size: 20pt;\"><strong><span style=\"color: #ff9900;\">Gratis sp\u00e5rning av flygplan<\/span><\/strong><\/span><\/h2>\n<p style=\"text-align: center;\"><span style=\"font-size: 12pt;\"><strong>Flygkontroll p\u00e5 flight tracker \u00e4r helt gratis.<\/strong> Var du \u00e4n befinner dig kan du f\u00e5 tillg\u00e5ng till praktisk information om varje plan och r\u00f6relser. Du kommer att f\u00e5 spara dina pengar eftersom du med flygradar alltid \u00e4r ledig och kan sp\u00e5ra <strong>vilket plan som helst n\u00e4r du vill.<\/strong> Om du beh\u00f6ver fler funktioner kan du bes\u00f6ka <a href=\"https:\/\/flugradar24.eu\/en\">flightradar24<\/a> f\u00f6r mer information<\/span><\/p>\n<p>&nbsp;<\/p>\n","protected":false},"excerpt":{"rendered":"<p>Plane Tracker V\u00e4lkommen till flygsp\u00e5raren! Klicka p\u00e5 linsen i radarn f\u00f6r att b\u00f6rja s\u00f6ka. &nbsp; &nbsp; Ange flightnumret Ange ett giltigt flightnummer i s\u00f6kf\u00e4ltet S\u00f6k flygplan (Ett nytt f\u00f6nster\/flik \u00f6ppnas) Snabbguide: Hitta ett plan F\u00f6rsta alternativet: Klicka p\u00e5 f\u00f6rstoringsglaset &gt; Ange ett giltigt flygnummer och v\u00e4lj det visade flygplanet &gt; Nu sp\u00e5rar du flygningen direkt &#8230; <\/p>\n<p class=\"read-more-container\"><a title=\"Plane Tracker\" class=\"read-more button\" href=\"https:\/\/flight-tracker24.co.uk\/sv\/plane-tracker\/#more-721\" aria-label=\"Mer p\u00e5 Plane Tracker\">Read more<\/a><\/p>\n","protected":false},"author":1,"featured_media":0,"parent":0,"menu_order":0,"comment_status":"closed","ping_status":"closed","template":"","meta":{"footnotes":""},"class_list":["post-721","page","type-page","status-publish"],"yoast_head":"<!-- This site is optimized with the Yoast SEO plugin v26.1.1 - https:\/\/yoast.com\/wordpress\/plugins\/seo\/ -->\n<title>Plane Tracker | Hitta varje plan du letar efter [LIVE]<\/title>\n<meta name=\"description\" content=\"Gratis Plane Tracker \u2705 Ger dig den viktigaste informationen \u2705 Om det efters\u00f6kta flygplanet \u2705 Kolla in det h\u00e4r! \u2705 100 % Live \u2705\" \/>\n<meta name=\"robots\" content=\"index, follow, max-snippet:-1, max-image-preview:large, max-video-preview:-1\" \/>\n<link rel=\"canonical\" href=\"https:\/\/flight-tracker24.co.uk\/sv\/plane-tracker\/\" \/>\n<meta property=\"og:locale\" content=\"sv_SE\" \/>\n<meta property=\"og:type\" content=\"article\" \/>\n<meta property=\"og:title\" content=\"Plane Tracker | Hitta varje plan du letar efter [LIVE]\" \/>\n<meta property=\"og:description\" content=\"Gratis Plane Tracker \u2705 Ger dig den viktigaste informationen \u2705 Om det efters\u00f6kta flygplanet \u2705 Kolla in det h\u00e4r! \u2705 100 % Live \u2705\" \/>\n<meta property=\"og:url\" content=\"https:\/\/flight-tracker24.co.uk\/sv\/plane-tracker\/\" \/>\n<meta property=\"og:site_name\" content=\"Flight-Tracker24\" \/>\n<meta property=\"article:modified_time\" content=\"2022-01-20T08:13:32+00:00\" \/>\n<meta property=\"og:image\" content=\"https:\/\/flight-tracker24.co.uk\/wp-content\/uploads\/2017\/08\/radio-telescope-1031303_640-300x200.jpg\" \/>\n<meta name=\"twitter:card\" content=\"summary_large_image\" \/>\n<meta name=\"twitter:label1\" content=\"Ber\u00e4knad l\u00e4stid\" \/>\n\t<meta name=\"twitter:data1\" content=\"5 minuter\" \/>\n<script type=\"application\/ld+json\" class=\"yoast-schema-graph\">{\"@context\":\"https:\/\/schema.org\",\"@graph\":[{\"@type\":\"WebPage\",\"@id\":\"https:\/\/flight-tracker24.co.uk\/sv\/plane-tracker\/\",\"url\":\"https:\/\/flight-tracker24.co.uk\/sv\/plane-tracker\/\",\"name\":\"Plane Tracker | Hitta varje plan du letar efter [LIVE]\",\"isPartOf\":{\"@id\":\"https:\/\/flight-tracker24.co.uk\/sv\/#website\"},\"primaryImageOfPage\":{\"@id\":\"https:\/\/flight-tracker24.co.uk\/sv\/plane-tracker\/#primaryimage\"},\"image\":{\"@id\":\"https:\/\/flight-tracker24.co.uk\/sv\/plane-tracker\/#primaryimage\"},\"thumbnailUrl\":\"https:\/\/flight-tracker24.co.uk\/wp-content\/uploads\/2017\/08\/radio-telescope-1031303_640-300x200.jpg\",\"datePublished\":\"2022-01-07T11:57:43+00:00\",\"dateModified\":\"2022-01-20T08:13:32+00:00\",\"description\":\"Gratis Plane Tracker \u2705 Ger dig den viktigaste informationen \u2705 Om det efters\u00f6kta flygplanet \u2705 Kolla in det h\u00e4r! \u2705 100 % Live \u2705\",\"breadcrumb\":{\"@id\":\"https:\/\/flight-tracker24.co.uk\/sv\/plane-tracker\/#breadcrumb\"},\"inLanguage\":\"sv-SE\",\"potentialAction\":[{\"@type\":\"ReadAction\",\"target\":[\"https:\/\/flight-tracker24.co.uk\/sv\/plane-tracker\/\"]}]},{\"@type\":\"ImageObject\",\"inLanguage\":\"sv-SE\",\"@id\":\"https:\/\/flight-tracker24.co.uk\/sv\/plane-tracker\/#primaryimage\",\"url\":\"https:\/\/flight-tracker24.co.uk\/wp-content\/uploads\/2017\/08\/radio-telescope-1031303_640-300x200.jpg\",\"contentUrl\":\"https:\/\/flight-tracker24.co.uk\/wp-content\/uploads\/2017\/08\/radio-telescope-1031303_640-300x200.jpg\"},{\"@type\":\"BreadcrumbList\",\"@id\":\"https:\/\/flight-tracker24.co.uk\/sv\/plane-tracker\/#breadcrumb\",\"itemListElement\":[{\"@type\":\"ListItem\",\"position\":1,\"name\":\"Home\",\"item\":\"https:\/\/flight-tracker24.co.uk\/sv\/\"},{\"@type\":\"ListItem\",\"position\":2,\"name\":\"Plane Tracker\"}]},{\"@type\":\"WebSite\",\"@id\":\"https:\/\/flight-tracker24.co.uk\/sv\/#website\",\"url\":\"https:\/\/flight-tracker24.co.uk\/sv\/\",\"name\":\"Flight-Tracker24\",\"description\":\"Fight-Tracker24 Is Your Online Solution for Tracking Airplanes\",\"publisher\":{\"@id\":\"https:\/\/flight-tracker24.co.uk\/sv\/#organization\"},\"potentialAction\":[{\"@type\":\"SearchAction\",\"target\":{\"@type\":\"EntryPoint\",\"urlTemplate\":\"https:\/\/flight-tracker24.co.uk\/sv\/?s={search_term_string}\"},\"query-input\":{\"@type\":\"PropertyValueSpecification\",\"valueRequired\":true,\"valueName\":\"search_term_string\"}}],\"inLanguage\":\"sv-SE\"},{\"@type\":\"Organization\",\"@id\":\"https:\/\/flight-tracker24.co.uk\/sv\/#organization\",\"name\":\"Flight-Tracker24\",\"url\":\"https:\/\/flight-tracker24.co.uk\/sv\/\",\"logo\":{\"@type\":\"ImageObject\",\"inLanguage\":\"sv-SE\",\"@id\":\"https:\/\/flight-tracker24.co.uk\/sv\/#\/schema\/logo\/image\/\",\"url\":\"https:\/\/flight-tracker24.co.uk\/wp-content\/uploads\/2018\/06\/Flugradar-Logo-footer240.png\",\"contentUrl\":\"https:\/\/flight-tracker24.co.uk\/wp-content\/uploads\/2018\/06\/Flugradar-Logo-footer240.png\",\"width\":\"240\",\"height\":\"47\",\"caption\":\"Flight-Tracker24\"},\"image\":{\"@id\":\"https:\/\/flight-tracker24.co.uk\/sv\/#\/schema\/logo\/image\/\"}}]}<\/script>\n<!-- \/ Yoast SEO plugin. -->","yoast_head_json":{"title":"Plane Tracker | Hitta varje plan du letar efter [LIVE]","description":"Gratis Plane Tracker \u2705 Ger dig den viktigaste informationen \u2705 Om det efters\u00f6kta flygplanet \u2705 Kolla in det h\u00e4r! \u2705 100 % Live \u2705","robots":{"index":"index","follow":"follow","max-snippet":"max-snippet:-1","max-image-preview":"max-image-preview:large","max-video-preview":"max-video-preview:-1"},"canonical":"https:\/\/flight-tracker24.co.uk\/sv\/plane-tracker\/","og_locale":"sv_SE","og_type":"article","og_title":"Plane Tracker | Hitta varje plan du letar efter [LIVE]","og_description":"Gratis Plane Tracker \u2705 Ger dig den viktigaste informationen \u2705 Om det efters\u00f6kta flygplanet \u2705 Kolla in det h\u00e4r! \u2705 100 % Live \u2705","og_url":"https:\/\/flight-tracker24.co.uk\/sv\/plane-tracker\/","og_site_name":"Flight-Tracker24","article_modified_time":"2022-01-20T08:13:32+00:00","og_image":[{"url":"https:\/\/flight-tracker24.co.uk\/wp-content\/uploads\/2017\/08\/radio-telescope-1031303_640-300x200.jpg","type":"","width":"","height":""}],"twitter_card":"summary_large_image","twitter_misc":{"Ber\u00e4knad l\u00e4stid":"5 minuter"},"schema":{"@context":"https:\/\/schema.org","@graph":[{"@type":"WebPage","@id":"https:\/\/flight-tracker24.co.uk\/sv\/plane-tracker\/","url":"https:\/\/flight-tracker24.co.uk\/sv\/plane-tracker\/","name":"Plane Tracker | Hitta varje plan du letar efter [LIVE]","isPartOf":{"@id":"https:\/\/flight-tracker24.co.uk\/sv\/#website"},"primaryImageOfPage":{"@id":"https:\/\/flight-tracker24.co.uk\/sv\/plane-tracker\/#primaryimage"},"image":{"@id":"https:\/\/flight-tracker24.co.uk\/sv\/plane-tracker\/#primaryimage"},"thumbnailUrl":"https:\/\/flight-tracker24.co.uk\/wp-content\/uploads\/2017\/08\/radio-telescope-1031303_640-300x200.jpg","datePublished":"2022-01-07T11:57:43+00:00","dateModified":"2022-01-20T08:13:32+00:00","description":"Gratis Plane Tracker \u2705 Ger dig den viktigaste informationen \u2705 Om det efters\u00f6kta flygplanet \u2705 Kolla in det h\u00e4r! \u2705 100 % Live \u2705","breadcrumb":{"@id":"https:\/\/flight-tracker24.co.uk\/sv\/plane-tracker\/#breadcrumb"},"inLanguage":"sv-SE","potentialAction":[{"@type":"ReadAction","target":["https:\/\/flight-tracker24.co.uk\/sv\/plane-tracker\/"]}]},{"@type":"ImageObject","inLanguage":"sv-SE","@id":"https:\/\/flight-tracker24.co.uk\/sv\/plane-tracker\/#primaryimage","url":"https:\/\/flight-tracker24.co.uk\/wp-content\/uploads\/2017\/08\/radio-telescope-1031303_640-300x200.jpg","contentUrl":"https:\/\/flight-tracker24.co.uk\/wp-content\/uploads\/2017\/08\/radio-telescope-1031303_640-300x200.jpg"},{"@type":"BreadcrumbList","@id":"https:\/\/flight-tracker24.co.uk\/sv\/plane-tracker\/#breadcrumb","itemListElement":[{"@type":"ListItem","position":1,"name":"Home","item":"https:\/\/flight-tracker24.co.uk\/sv\/"},{"@type":"ListItem","position":2,"name":"Plane Tracker"}]},{"@type":"WebSite","@id":"https:\/\/flight-tracker24.co.uk\/sv\/#website","url":"https:\/\/flight-tracker24.co.uk\/sv\/","name":"Flight-Tracker24","description":"Fight-Tracker24 Is Your Online Solution for Tracking Airplanes","publisher":{"@id":"https:\/\/flight-tracker24.co.uk\/sv\/#organization"},"potentialAction":[{"@type":"SearchAction","target":{"@type":"EntryPoint","urlTemplate":"https:\/\/flight-tracker24.co.uk\/sv\/?s={search_term_string}"},"query-input":{"@type":"PropertyValueSpecification","valueRequired":true,"valueName":"search_term_string"}}],"inLanguage":"sv-SE"},{"@type":"Organization","@id":"https:\/\/flight-tracker24.co.uk\/sv\/#organization","name":"Flight-Tracker24","url":"https:\/\/flight-tracker24.co.uk\/sv\/","logo":{"@type":"ImageObject","inLanguage":"sv-SE","@id":"https:\/\/flight-tracker24.co.uk\/sv\/#\/schema\/logo\/image\/","url":"https:\/\/flight-tracker24.co.uk\/wp-content\/uploads\/2018\/06\/Flugradar-Logo-footer240.png","contentUrl":"https:\/\/flight-tracker24.co.uk\/wp-content\/uploads\/2018\/06\/Flugradar-Logo-footer240.png","width":"240","height":"47","caption":"Flight-Tracker24"},"image":{"@id":"https:\/\/flight-tracker24.co.uk\/sv\/#\/schema\/logo\/image\/"}}]}},"_links":{"self":[{"href":"https:\/\/flight-tracker24.co.uk\/sv\/wp-json\/wp\/v2\/pages\/721","targetHints":{"allow":["GET"]}}],"collection":[{"href":"https:\/\/flight-tracker24.co.uk\/sv\/wp-json\/wp\/v2\/pages"}],"about":[{"href":"https:\/\/flight-tracker24.co.uk\/sv\/wp-json\/wp\/v2\/types\/page"}],"author":[{"embeddable":true,"href":"https:\/\/flight-tracker24.co.uk\/sv\/wp-json\/wp\/v2\/users\/1"}],"replies":[{"embeddable":true,"href":"https:\/\/flight-tracker24.co.uk\/sv\/wp-json\/wp\/v2\/comments?post=721"}],"version-history":[{"count":0,"href":"https:\/\/flight-tracker24.co.uk\/sv\/wp-json\/wp\/v2\/pages\/721\/revisions"}],"wp:attachment":[{"href":"https:\/\/flight-tracker24.co.uk\/sv\/wp-json\/wp\/v2\/media?parent=721"}],"curies":[{"name":"wp","href":"https:\/\/api.w.org\/{rel}","templated":true}]}}