{"id":719,"date":"2022-01-07T11:31:12","date_gmt":"2022-01-07T11:31:12","guid":{"rendered":"https:\/\/flight-tracker24.co.uk\/flightradar24\/"},"modified":"2022-01-20T08:02:56","modified_gmt":"2022-01-20T08:02:56","slug":"flightradar24","status":"publish","type":"page","link":"https:\/\/flight-tracker24.co.uk\/sv\/flightradar24\/","title":{"rendered":"Flightradar24"},"content":{"rendered":"<h1 style=\"text-align: center;\"><strong>Flightradar24<\/strong><\/h1>\n<p style=\"text-align: center;\"><span style=\"font-size: 12pt;\"><em><strong>V\u00e4lkommen till flightradar24! Klicka p\u00e5 linsen i radarn f\u00f6r att b\u00f6rja s\u00f6ka.<\/strong><\/em><\/span><\/p>\n<p>&nbsp;<\/p>\n<div style=\"width: 100%; height: 0px; margin-top: -80px; margin-right: 0px;\"><\/div>\n<p><script async=\"\" src=\"\/\/pagead2.googlesyndication.com\/pagead\/js\/adsbygoogle.js\"><\/script><br \/>\n<!-- FlightLinks --><br \/>\n<ins class=\"adsbygoogle\" style=\"display: block;\" data-ad-client=\"ca-pub-8699335927299131\" data-ad-slot=\"8291128921\" data-ad-format=\"link\"><\/ins><br \/>\n<script>(adsbygoogle = window.adsbygoogle || []).push({});<\/script><\/p>\n<div style=\"width: 100%; height: 0px; margin-top: -15px; margin-right: 0px;\"><\/div>\n<figure class=\"full-width\">\n<div class=\"resp-container\"><iframe class=\"resp-iframe\" src=\"https:\/\/www.radarbox24.com\/?widget=1&amp;z=5&amp;lat=46.7&amp;lng=7.6\" height=\"500\" frameborder=\"0\" allowfullscreen=\"allowfullscreen\"><\/iframe><\/div>\n<\/figure>\n<p><script async=\"\" src=\"\/\/pagead2.googlesyndication.com\/pagead\/js\/adsbygoogle.js\"><\/script><br \/>\n<!-- FlightDisplay --><br \/>\n<ins class=\"adsbygoogle\" style=\"display: block;\" data-ad-client=\"ca-pub-8699335927299131\" data-ad-slot=\"1073730211\" data-ad-format=\"auto\"><\/ins><br \/>\n<script>(adsbygoogle = window.adsbygoogle || []).push({});<\/script><\/p>\n<h2 style=\"text-align: center;\"><strong>Ange flightnumret<\/strong><\/h2>\n<p style=\"text-align: center;\"><em><strong>Ange ett giltigt flightnummer i s\u00f6kf\u00e4ltet<\/strong><\/em><\/p>\n<form class=\"gobing\" style=\"margin:auto;max-width:fit-content\">\n  <input type=\"text\" class=\"form-control\" id=\"search1\" placeholder=\"Ange flightnummer h\u00e4r\"><br \/>\n  <buttongob type=\"submit\" id=\"WFFRB\"><i class=\"fa fa-search\"><\/i>S\u00f6k flygplan<\/buttongob><br \/>\n<\/form>\n<p><script>\njQuery('#WFFRB').on('click', function () {\n    var searchInput = jQuery('#search1').val();\n    var url = \"https:\/\/flightradar.flights\/en\/\"\n    window.open(url);\n});\n<\/script><br \/>\n<script>\njQuery('#search1').keypress(\n  function(event){\n    if (event.which == '13') {\n      event.preventDefault();\n    }\n});\n<\/script><\/p>\n<p style=\"text-align: center;\"><em><strong>(Ett nytt f\u00f6nster\/flik \u00f6ppnas)<\/strong><\/em><\/p>\n<p><span style=\"font-size: 12pt;\"><strong>Snabbguide: Flightradar24<\/strong><\/span><\/p>\n<ul>\n<li style=\"list-style-type: none;\">\n<ul>\n<li style=\"list-style-type: none;\">\n<ul>\n<li><span style=\"font-size: 12pt;\"><span style=\"color: #ff0000;\">F\u00f6rsta alternativet<\/span>: Klicka p\u00e5 f\u00f6rstoringsglaset &gt; Ange ett giltigt flygnummer och v\u00e4lj det visade flygplanet &gt; Nu sp\u00e5rar du flygningen direkt<\/span><\/li>\n<\/ul>\n<\/li>\n<\/ul>\n<\/li>\n<\/ul>\n<ul>\n<li style=\"list-style-type: none;\">\n<ul>\n<li style=\"list-style-type: none;\">\n<ul>\n<li><span style=\"font-size: 12pt;\"><span style=\"color: #ff0000;\">2:a m\u00f6jligheten:<\/span> Klicka p\u00e5 f\u00f6rstoringsglaset &gt; Ange en stad med flygplats, t.ex. London eller Manchester och klicka p\u00e5 flygplatsen fr\u00e5n listan &gt; Flightradar24 visar dig alla flyg relaterade till flygplatsen<\/span><\/li>\n<\/ul>\n<\/li>\n<\/ul>\n<p><script async=\"\" src=\"\/\/pagead2.googlesyndication.com\/pagead\/js\/adsbygoogle.js\"><\/script><\/p>\n<p><script>(adsbygoogle = window.adsbygoogle || []).push({});<\/script><\/li>\n<\/ul>\n<p style=\"text-align: center;\"><span style=\"font-size: 12pt;\"><strong>Video: Snabbguide f\u00f6r flightradar 24<\/strong><\/span><\/p>\n<div class=\"resp-containeryt2\"><iframe loading=\"lazy\" src=\"https:\/\/www.youtube-nocookie.com\/embed\/3zvktnXMJpg\" width=\"560\" height=\"315\" frameborder=\"0\" allowfullscreen=\"allowfullscreen\"><\/iframe><\/div>\n<p style=\"text-align: center;\"><span style=\"font-size: 12pt;\"><strong>V\u00e4nligen navigera till botten av sidan f\u00f6r att betygs\u00e4tta v\u00e5r tj\u00e4nst.<\/strong><\/span><\/p>\n<p>&nbsp;<\/p>\n<h2 style=\"text-align: center;\"><span style=\"font-size: 20pt;\"><strong><span style=\"color: #ff9900;\">\u00d6versikt<\/span><\/strong><\/span><\/h2>\n<p style=\"text-align: center;\" align=\"JUSTIFY\"><span style=\"font-size: 12pt;\">Under ganska l\u00e5ng tid var flygsp\u00e5rning fr\u00e5n marken en komplicerad fr\u00e5ga. Hittills finns det fortfarande inget marktransportmedel som \u00e4r s\u00e5 snabbt som flygplan. Innan den digitala tekniken och internet uppfanns var det bara ett plan som kan anv\u00e4ndas f\u00f6r att sp\u00e5ra ett annat plan, men idag \u00e4r det enkelt och kostnadsfritt att sp\u00e5ra ett plan. <strong>Allt du beh\u00f6ver \u00e4r en persondator eller smartphone och internetuppkoppling.<\/strong><\/span><\/p>\n<p>&nbsp;<\/p>\n<h2 style=\"text-align: center;\"><span style=\"font-size: 20pt; color: #ff9900;\"><strong>Vad betyder flightradar24 idag?<\/strong><\/span><\/h2>\n<p><span style=\"font-size: 12pt;\"><img loading=\"lazy\" decoding=\"async\" class=\"alignright wp-image-563\" src=\"https:\/\/flight-tracker24.co.uk\/wp-content\/uploads\/2017\/08\/Papierflieger-300x214.jpg\" alt=\"flightradar24 ledarskap koncept med r\u00f6tt och vitt pappersplan p\u00e5 bl\u00e5 sky.paper konststil.\" width=\"240\" height=\"172\" srcset=\"https:\/\/flight-tracker24.co.uk\/wp-content\/uploads\/2017\/08\/Papierflieger-300x214.jpg 300w, https:\/\/flight-tracker24.co.uk\/wp-content\/uploads\/2017\/08\/Papierflieger.jpg 410w\" sizes=\"auto, (max-width: 240px) 100vw, 240px\" \/><\/span><\/p>\n<p style=\"text-align: center;\" align=\"JUSTIFY\"><span style=\"font-size: 12pt;\"><strong>flygradar brukade betyda att fysiskt f\u00f6lja ett flygplan<\/strong>; det vill s\u00e4ga faktiskt flyga eller k\u00f6ra bakom den. Nuf\u00f6rtiden sp\u00e5rar m\u00e4nniskor flygplan genom digitala kanaler; du kan anv\u00e4nda smartphones, surfplattor eller till och med hemdatorer f\u00f6r att leta upp och sp\u00e5ra precis vad som helst om vilket plan som helst i v\u00e4rlden med bara en snabb blick online.<\/span><\/p>\n<p>&nbsp;<\/p>\n<h2 class=\"western\" style=\"text-align: center;\"><span style=\"font-size: 20pt; color: #ff9900;\"><b>Vad anv\u00e4nds flightradar24 till?<\/b><\/span><\/h2>\n<p style=\"text-align: center;\" align=\"JUSTIFY\"><span style=\"font-size: 12pt;\">Ursprungligen anv\u00e4ndes flygsp\u00e5rning f\u00f6r att \u00f6vervaka och kontrollera luftrum. Flygradarsystem anv\u00e4ndes bara av proffs, men nu \u00e4r varje plan lokaliserat med radar. <strong>Idag digitaliseras flygradarinformation och \u00f6verf\u00f6rs till kartvy.<\/strong> P\u00e5 s\u00e5 s\u00e4tt kan du se den aktuella platsen f\u00f6r ett plan och kan \u00e4ven sp\u00e5ra hela utvecklingen av ett plan p\u00e5 sk\u00e4rmen.<\/span><\/p>\n<p style=\"text-align: center;\" align=\"JUSTIFY\"><span style=\"font-size: 12pt;\">Men flygsp\u00e5rning anv\u00e4nds inte bara f\u00f6r flygledning l\u00e4ngre. Vi kan till\u00e5ta dig att sp\u00e5ra flygplan p\u00e5 en flygradar. <strong>F\u00f6r vissa m\u00e4nniskor \u00e4r flygsp\u00e5rning bara f\u00f6r skojs skull medan f\u00f6r andra; uppgifterna ger information som anv\u00e4nds dagligen.<\/strong> <a href=\"https:\/\/flightradar.flights\/\" target=\"_blank\" rel=\"noopener noreferrer\">Flygradarinformationen<\/a> kan anv\u00e4ndas av privata konsumenter f\u00f6r f\u00f6ljande:<\/span><\/p>\n<ul>\n<li style=\"list-style-type: none;\">\n<ul>\n<li style=\"text-align: center;\">\n<p align=\"JUSTIFY\"><strong><span style=\"font-size: 12pt;\">F\u00f6r att sl\u00e5 upp ankomsttid och f\u00f6rseningar<\/span><\/strong><\/p>\n<\/li>\n<\/ul>\n<\/li>\n<\/ul>\n<ul>\n<li style=\"list-style-type: none;\">\n<ul>\n<li style=\"text-align: center;\">\n<p align=\"JUSTIFY\"><strong><span style=\"font-size: 12pt;\">F\u00f6r att kontrollera flygets rutter<\/span><\/strong><\/p>\n<\/li>\n<\/ul>\n<\/li>\n<\/ul>\n<ul>\n<li style=\"list-style-type: none;\">\n<ul>\n<li style=\"text-align: center;\">\n<p align=\"JUSTIFY\"><strong><span style=\"font-size: 12pt;\">F\u00f6r att kontrollera eventuella bullerf\u00f6roreningar<\/span><\/strong><\/p>\n<\/li>\n<\/ul>\n<\/li>\n<\/ul>\n<ul>\n<li style=\"list-style-type: none;\">\n<ul>\n<li style=\"text-align: center;\">\n<p align=\"JUSTIFY\"><strong><span style=\"font-size: 12pt;\">Att \u00f6vervaka problem relaterade till flygplan<\/span><\/strong><\/p>\n<\/li>\n<li style=\"text-align: center;\">\n<p align=\"JUSTIFY\"><strong><span style=\"font-size: 12pt;\">F\u00f6r att f\u00e5 tillg\u00e5ng till information om avg\u00e5ngsstad och destinationsflygplats f\u00f6r ett plan<\/span><\/strong><\/p>\n<\/li>\n<\/ul>\n<\/li>\n<\/ul>\n<p>&nbsp;<\/p>\n<h2 style=\"text-align: center;\"><span style=\"font-size: 20pt; color: #ff9900;\"><strong>Vem anv\u00e4nder en flygradar?<\/strong><\/span><\/h2>\n<p style=\"text-align: center;\" align=\"JUSTIFY\"><span style=\"font-size: 12pt;\"><strong>Plane tracking anv\u00e4nds ofta av flygentusiaster och plane spotters<\/strong>, det kan ocks\u00e5 anv\u00e4ndas av flygbolag. Om du arbetar inom flygv\u00e4rlden eller om du \u00e4r inspirerad av det, kommer denna webbplats att ge dig insiderkunskap. Flygbolagen anv\u00e4nder denna radar f\u00f6r att ge en b\u00e4ttre \u00f6verblick vad g\u00e4ller deras flygr\u00f6relser och flygflotta. I vissa fall kan flygsp\u00e5rning ocks\u00e5 anv\u00e4ndas f\u00f6r att uppt\u00e4cka m\u00f6jligheter till olyckor. <\/span><\/p>\n<p>&nbsp;<\/p>\n<h2 style=\"text-align: center;\"><span style=\"color: #ff9900; font-size: 20pt;\"><strong>Vad \u00e4r praktisk information om flightradar24?<\/strong><\/span><\/h2>\n<p style=\"text-align: center;\" align=\"JUSTIFY\"><span style=\"font-size: 12pt;\"><strong>En av h\u00f6jdpunkterna med flygsp\u00e5rning \u00e4r kartvisningen<\/strong> Det ger en inblick i de m\u00e5nga flygplansr\u00f6relser som \u00e4ger rum varje dag och natt runt om i v\u00e4rlden. Flygradar ger ocks\u00e5 en annan typ av relevant information som bara blir uppenbar n\u00e4r du anger ett specifikt flygnummer eller v\u00e4ljer ett av planen p\u00e5 kartan. Informationen som kan erh\u00e5llas genom flygsp\u00e5rningen inkluderar:<\/span><\/p>\n<ul>\n<li style=\"list-style-type: none;\">\n<ul>\n<li style=\"text-align: center;\">\n<p align=\"JUSTIFY\"><strong><span style=\"font-size: 12pt;\">Flygplanets namn<\/span><\/strong><\/p>\n<\/li>\n<\/ul>\n<\/li>\n<\/ul>\n<ul>\n<li style=\"list-style-type: none;\">\n<ul>\n<li style=\"text-align: center;\">\n<p align=\"JUSTIFY\"><strong><span style=\"font-size: 12pt;\">Plannumret<\/span><\/strong><\/p>\n<\/li>\n<\/ul>\n<\/li>\n<\/ul>\n<ul>\n<li style=\"list-style-type: none;\">\n<ul>\n<li style=\"text-align: center;\">\n<p align=\"JUSTIFY\"><strong><span style=\"font-size: 12pt;\">Den planerade ankomsttiden<\/span><\/strong><\/p>\n<\/li>\n<\/ul>\n<\/li>\n<\/ul>\n<ul>\n<li style=\"list-style-type: none;\">\n<ul>\n<li style=\"text-align: center;\">\n<p align=\"JUSTIFY\"><strong><span style=\"font-size: 12pt;\">Den planerade avg\u00e5ngstiden<\/span><\/strong><\/p>\n<\/li>\n<\/ul>\n<\/li>\n<\/ul>\n<ul>\n<li style=\"list-style-type: none;\">\n<ul>\n<li style=\"text-align: center;\">\n<p align=\"JUSTIFY\"><strong><span style=\"font-size: 12pt;\">Ber\u00e4knad ankomsttid<\/span><\/strong><\/p>\n<\/li>\n<\/ul>\n<\/li>\n<\/ul>\n<ul>\n<li style=\"list-style-type: none;\">\n<ul>\n<li style=\"text-align: center;\">\n<p align=\"JUSTIFY\"><strong><span style=\"font-size: 12pt;\">Den faktiska avg\u00e5ngstiden (detta beror p\u00e5 f\u00f6rseningar)<\/span><\/strong><\/p>\n<\/li>\n<\/ul>\n<\/li>\n<\/ul>\n<ul>\n<li style=\"list-style-type: none;\">\n<ul>\n<li style=\"text-align: center;\">\n<p align=\"JUSTIFY\"><strong><span style=\"font-size: 12pt;\">Str\u00e4ckan som flygs<\/span><\/strong><\/p>\n<\/li>\n<\/ul>\n<\/li>\n<\/ul>\n<ul>\n<li style=\"list-style-type: none;\">\n<ul>\n<li style=\"text-align: center;\">\n<p align=\"JUSTIFY\"><strong><span style=\"font-size: 12pt;\">Information om typ av flygplan<\/span><\/strong><\/p>\n<\/li>\n<\/ul>\n<\/li>\n<\/ul>\n<ul>\n<li style=\"list-style-type: none;\">\n<ul>\n<li style=\"text-align: center;\">\n<p align=\"JUSTIFY\"><strong><span style=\"font-size: 12pt;\">Markhastighet<\/span><\/strong><\/p>\n<\/li>\n<\/ul>\n<\/li>\n<\/ul>\n<ul>\n<li style=\"list-style-type: none;\">\n<ul>\n<li style=\"text-align: center;\">\n<p align=\"JUSTIFY\"><strong><span style=\"font-size: 12pt;\">Flygh\u00f6jd<\/span><\/strong><\/p>\n<\/li>\n<li style=\"text-align: center;\">\n<p align=\"JUSTIFY\"><strong><span style=\"font-size: 12pt;\">Flygrutter och uppgifter om flygkontrolluppdrag<\/span><\/strong><\/p>\n<\/li>\n<\/ul>\n<\/li>\n<\/ul>\n<p>&nbsp;<\/p>\n<h2 style=\"text-align: center;\" align=\"JUSTIFY\"><span style=\"font-size: 20pt; color: #ff9900;\"><b>Hur fungerar flightradar24?<\/b><\/span><\/h2>\n<p style=\"text-align: center;\" align=\"JUSTIFY\"><span style=\"font-size: 12pt;\"><strong>Om du vill komma \u00e5t data fr\u00e5n flightradar24 beh\u00f6ver du bara en internetanslutning tillsammans med en internetaktiverad enhet.<\/strong> Om kraven \u00e4r uppfyllda, n\u00e4r du \u00f6ppnar v\u00e5r webbplats kommer du att se ett kartomr\u00e5de med m\u00e5nga symboler som var och en representerar ett flygplan. <strong>Att anv\u00e4nda flightradar24 \u00e4r f\u00f6rh\u00e5llandevis enkelt, f\u00f6r att se detaljer om ett visst plan klicka p\u00e5 motsvarande symbol p\u00e5 kartan.<\/strong> Detta \u00f6ppnar ett informationsf\u00f6nster med n\u00e5gra detaljer som g\u00f6r att du kan se information s\u00e5som: vilka st\u00e4der planet flyger mellan, flygbolag, plantyp, flygnummer, hastighet, flygplanets h\u00f6jd och ber\u00e4knad ankomsttid vid destinationsflygplatsen.<\/span><\/p>\n<p>&nbsp;<\/p>\n<h2 style=\"text-align: center;\" align=\"JUSTIFY\"><span style=\"font-size: 20pt; color: #ff9900;\"><b>Live radar gratis<\/b><\/span><\/h2>\n<p style=\"text-align: center;\" align=\"JUSTIFY\"><span style=\"font-size: 12pt;\"><strong>flightradar24 p\u00e5 <a href=\"https:\/\/flight-tracker24.co.uk\/\" target=\"_blank\" rel=\"noopener noreferrer\">flight tracker<\/a> \u00e4r helt gratis.<\/strong> Var du \u00e4n befinner dig kan du f\u00e5 tillg\u00e5ng till praktisk information om varje plan och r\u00f6relser. <strong>Du kommer att f\u00e5 spara dina pengar eftersom du med flygradar alltid \u00e4r ledig och kan sp\u00e5ra vilket plan som helst n\u00e4r du vill.<\/strong> Om du beh\u00f6ver fler funktioner kan du k\u00f6pa en uppgradering i form av medlemskap. Mer information p\u00e5 <a href=\"https:\/\/flugradar24.eu\/flightradar24\/\" target=\"_blank\" rel=\"noopener noreferrer\">flightradar24<\/a><\/span><\/p>\n<p>&nbsp;<\/p>\n<h2 style=\"text-align: center;\" align=\"JUSTIFY\"><span style=\"font-size: 20pt; color: #ff9900;\"><b>Flightradar24 &#8211; en sp\u00e4nnande utveckling<\/b><\/span><\/h2>\n<p style=\"text-align: center;\" align=\"JUSTIFY\"><span style=\"font-size: 12pt;\">Utvecklingen av flightradar24 fr\u00e5n flygets tidiga skeden till i dag \u00e4r ganska imponerande; det fanns en period d\u00e5 flygradardata endast kunde ses av flygkontrollpersonal. Men idag \u00e4r denna information tillg\u00e4nglig f\u00f6r alla. Framtiden f\u00f6r flygplanssp\u00e5rning \u00e4r i 3D-visning; f\u00f6r n\u00e4rvarande \u00e4r det m\u00f6jligt att komma \u00e5t den fr\u00e4mre kameran p\u00e5 vissa flygplan fr\u00e5n en smart enhet och titta p\u00e5 utsikten fr\u00e5n cockpiten, vi kan vara s\u00e4kra p\u00e5 att det fortfarande finns mycket mer sp\u00e4nnande utveckling framf\u00f6r flygsp\u00e5rning<\/span><\/p>\n<p>&nbsp;<\/p>\n","protected":false},"excerpt":{"rendered":"<p>Flightradar24 V\u00e4lkommen till flightradar24! Klicka p\u00e5 linsen i radarn f\u00f6r att b\u00f6rja s\u00f6ka. &nbsp; Ange flightnumret Ange ett giltigt flightnummer i s\u00f6kf\u00e4ltet S\u00f6k flygplan (Ett nytt f\u00f6nster\/flik \u00f6ppnas) Snabbguide: Flightradar24 F\u00f6rsta alternativet: Klicka p\u00e5 f\u00f6rstoringsglaset &gt; Ange ett giltigt flygnummer och v\u00e4lj det visade flygplanet &gt; Nu sp\u00e5rar du flygningen direkt 2:a m\u00f6jligheten: Klicka p\u00e5 &#8230; <\/p>\n<p class=\"read-more-container\"><a title=\"Flightradar24\" class=\"read-more button\" href=\"https:\/\/flight-tracker24.co.uk\/sv\/flightradar24\/#more-719\" aria-label=\"Mer p\u00e5 Flightradar24\">Read more<\/a><\/p>\n","protected":false},"author":1,"featured_media":0,"parent":0,"menu_order":0,"comment_status":"closed","ping_status":"closed","template":"","meta":{"footnotes":""},"class_list":["post-719","page","type-page","status-publish"],"yoast_head":"<!-- This site is optimized with the Yoast SEO plugin v26.1.1 - https:\/\/yoast.com\/wordpress\/plugins\/seo\/ -->\n<title>FLIGHTRADAR24 | 100 % live online flygplansradar [All Devices]<\/title>\n<meta name=\"description\" content=\"Flightradar24 med Live Tracking-karta \u2705 Som visar dig flygtrafiken i realtid \u2705 Sp\u00e5ra alla plan \u00f6ver hela v\u00e4rlden \u2705\" \/>\n<meta name=\"robots\" content=\"index, follow, max-snippet:-1, max-image-preview:large, max-video-preview:-1\" \/>\n<link rel=\"canonical\" href=\"https:\/\/flight-tracker24.co.uk\/sv\/flightradar24\/\" \/>\n<meta property=\"og:locale\" content=\"sv_SE\" \/>\n<meta property=\"og:type\" content=\"article\" \/>\n<meta property=\"og:title\" content=\"FLIGHTRADAR24 | 100 % live online flygplansradar [All Devices]\" \/>\n<meta property=\"og:description\" content=\"Flightradar24 med Live Tracking-karta \u2705 Som visar dig flygtrafiken i realtid \u2705 Sp\u00e5ra alla plan \u00f6ver hela v\u00e4rlden \u2705\" \/>\n<meta property=\"og:url\" content=\"https:\/\/flight-tracker24.co.uk\/sv\/flightradar24\/\" \/>\n<meta property=\"og:site_name\" content=\"Flight-Tracker24\" \/>\n<meta property=\"article:modified_time\" content=\"2022-01-20T08:02:56+00:00\" \/>\n<meta property=\"og:image\" content=\"https:\/\/flight-tracker24.co.uk\/wp-content\/uploads\/2017\/08\/Papierflieger-300x214.jpg\" \/>\n<meta name=\"twitter:card\" content=\"summary_large_image\" \/>\n<meta name=\"twitter:label1\" content=\"Ber\u00e4knad l\u00e4stid\" \/>\n\t<meta name=\"twitter:data1\" content=\"5 minuter\" \/>\n<script type=\"application\/ld+json\" class=\"yoast-schema-graph\">{\"@context\":\"https:\/\/schema.org\",\"@graph\":[{\"@type\":\"WebPage\",\"@id\":\"https:\/\/flight-tracker24.co.uk\/sv\/flightradar24\/\",\"url\":\"https:\/\/flight-tracker24.co.uk\/sv\/flightradar24\/\",\"name\":\"FLIGHTRADAR24 | 100 % live online flygplansradar [All Devices]\",\"isPartOf\":{\"@id\":\"https:\/\/flight-tracker24.co.uk\/sv\/#website\"},\"primaryImageOfPage\":{\"@id\":\"https:\/\/flight-tracker24.co.uk\/sv\/flightradar24\/#primaryimage\"},\"image\":{\"@id\":\"https:\/\/flight-tracker24.co.uk\/sv\/flightradar24\/#primaryimage\"},\"thumbnailUrl\":\"https:\/\/flight-tracker24.co.uk\/wp-content\/uploads\/2017\/08\/Papierflieger-300x214.jpg\",\"datePublished\":\"2022-01-07T11:31:12+00:00\",\"dateModified\":\"2022-01-20T08:02:56+00:00\",\"description\":\"Flightradar24 med Live Tracking-karta \u2705 Som visar dig flygtrafiken i realtid \u2705 Sp\u00e5ra alla plan \u00f6ver hela v\u00e4rlden \u2705\",\"breadcrumb\":{\"@id\":\"https:\/\/flight-tracker24.co.uk\/sv\/flightradar24\/#breadcrumb\"},\"inLanguage\":\"sv-SE\",\"potentialAction\":[{\"@type\":\"ReadAction\",\"target\":[\"https:\/\/flight-tracker24.co.uk\/sv\/flightradar24\/\"]}]},{\"@type\":\"ImageObject\",\"inLanguage\":\"sv-SE\",\"@id\":\"https:\/\/flight-tracker24.co.uk\/sv\/flightradar24\/#primaryimage\",\"url\":\"https:\/\/flight-tracker24.co.uk\/wp-content\/uploads\/2017\/08\/Papierflieger-300x214.jpg\",\"contentUrl\":\"https:\/\/flight-tracker24.co.uk\/wp-content\/uploads\/2017\/08\/Papierflieger-300x214.jpg\"},{\"@type\":\"BreadcrumbList\",\"@id\":\"https:\/\/flight-tracker24.co.uk\/sv\/flightradar24\/#breadcrumb\",\"itemListElement\":[{\"@type\":\"ListItem\",\"position\":1,\"name\":\"Home\",\"item\":\"https:\/\/flight-tracker24.co.uk\/sv\/\"},{\"@type\":\"ListItem\",\"position\":2,\"name\":\"Flightradar24\"}]},{\"@type\":\"WebSite\",\"@id\":\"https:\/\/flight-tracker24.co.uk\/sv\/#website\",\"url\":\"https:\/\/flight-tracker24.co.uk\/sv\/\",\"name\":\"Flight-Tracker24\",\"description\":\"Fight-Tracker24 Is Your Online Solution for Tracking Airplanes\",\"publisher\":{\"@id\":\"https:\/\/flight-tracker24.co.uk\/sv\/#organization\"},\"potentialAction\":[{\"@type\":\"SearchAction\",\"target\":{\"@type\":\"EntryPoint\",\"urlTemplate\":\"https:\/\/flight-tracker24.co.uk\/sv\/?s={search_term_string}\"},\"query-input\":{\"@type\":\"PropertyValueSpecification\",\"valueRequired\":true,\"valueName\":\"search_term_string\"}}],\"inLanguage\":\"sv-SE\"},{\"@type\":\"Organization\",\"@id\":\"https:\/\/flight-tracker24.co.uk\/sv\/#organization\",\"name\":\"Flight-Tracker24\",\"url\":\"https:\/\/flight-tracker24.co.uk\/sv\/\",\"logo\":{\"@type\":\"ImageObject\",\"inLanguage\":\"sv-SE\",\"@id\":\"https:\/\/flight-tracker24.co.uk\/sv\/#\/schema\/logo\/image\/\",\"url\":\"https:\/\/flight-tracker24.co.uk\/wp-content\/uploads\/2018\/06\/Flugradar-Logo-footer240.png\",\"contentUrl\":\"https:\/\/flight-tracker24.co.uk\/wp-content\/uploads\/2018\/06\/Flugradar-Logo-footer240.png\",\"width\":\"240\",\"height\":\"47\",\"caption\":\"Flight-Tracker24\"},\"image\":{\"@id\":\"https:\/\/flight-tracker24.co.uk\/sv\/#\/schema\/logo\/image\/\"}}]}<\/script>\n<!-- \/ Yoast SEO plugin. -->","yoast_head_json":{"title":"FLIGHTRADAR24 | 100 % live online flygplansradar [All Devices]","description":"Flightradar24 med Live Tracking-karta \u2705 Som visar dig flygtrafiken i realtid \u2705 Sp\u00e5ra alla plan \u00f6ver hela v\u00e4rlden \u2705","robots":{"index":"index","follow":"follow","max-snippet":"max-snippet:-1","max-image-preview":"max-image-preview:large","max-video-preview":"max-video-preview:-1"},"canonical":"https:\/\/flight-tracker24.co.uk\/sv\/flightradar24\/","og_locale":"sv_SE","og_type":"article","og_title":"FLIGHTRADAR24 | 100 % live online flygplansradar [All Devices]","og_description":"Flightradar24 med Live Tracking-karta \u2705 Som visar dig flygtrafiken i realtid \u2705 Sp\u00e5ra alla plan \u00f6ver hela v\u00e4rlden \u2705","og_url":"https:\/\/flight-tracker24.co.uk\/sv\/flightradar24\/","og_site_name":"Flight-Tracker24","article_modified_time":"2022-01-20T08:02:56+00:00","og_image":[{"url":"https:\/\/flight-tracker24.co.uk\/wp-content\/uploads\/2017\/08\/Papierflieger-300x214.jpg","type":"","width":"","height":""}],"twitter_card":"summary_large_image","twitter_misc":{"Ber\u00e4knad l\u00e4stid":"5 minuter"},"schema":{"@context":"https:\/\/schema.org","@graph":[{"@type":"WebPage","@id":"https:\/\/flight-tracker24.co.uk\/sv\/flightradar24\/","url":"https:\/\/flight-tracker24.co.uk\/sv\/flightradar24\/","name":"FLIGHTRADAR24 | 100 % live online flygplansradar [All Devices]","isPartOf":{"@id":"https:\/\/flight-tracker24.co.uk\/sv\/#website"},"primaryImageOfPage":{"@id":"https:\/\/flight-tracker24.co.uk\/sv\/flightradar24\/#primaryimage"},"image":{"@id":"https:\/\/flight-tracker24.co.uk\/sv\/flightradar24\/#primaryimage"},"thumbnailUrl":"https:\/\/flight-tracker24.co.uk\/wp-content\/uploads\/2017\/08\/Papierflieger-300x214.jpg","datePublished":"2022-01-07T11:31:12+00:00","dateModified":"2022-01-20T08:02:56+00:00","description":"Flightradar24 med Live Tracking-karta \u2705 Som visar dig flygtrafiken i realtid \u2705 Sp\u00e5ra alla plan \u00f6ver hela v\u00e4rlden \u2705","breadcrumb":{"@id":"https:\/\/flight-tracker24.co.uk\/sv\/flightradar24\/#breadcrumb"},"inLanguage":"sv-SE","potentialAction":[{"@type":"ReadAction","target":["https:\/\/flight-tracker24.co.uk\/sv\/flightradar24\/"]}]},{"@type":"ImageObject","inLanguage":"sv-SE","@id":"https:\/\/flight-tracker24.co.uk\/sv\/flightradar24\/#primaryimage","url":"https:\/\/flight-tracker24.co.uk\/wp-content\/uploads\/2017\/08\/Papierflieger-300x214.jpg","contentUrl":"https:\/\/flight-tracker24.co.uk\/wp-content\/uploads\/2017\/08\/Papierflieger-300x214.jpg"},{"@type":"BreadcrumbList","@id":"https:\/\/flight-tracker24.co.uk\/sv\/flightradar24\/#breadcrumb","itemListElement":[{"@type":"ListItem","position":1,"name":"Home","item":"https:\/\/flight-tracker24.co.uk\/sv\/"},{"@type":"ListItem","position":2,"name":"Flightradar24"}]},{"@type":"WebSite","@id":"https:\/\/flight-tracker24.co.uk\/sv\/#website","url":"https:\/\/flight-tracker24.co.uk\/sv\/","name":"Flight-Tracker24","description":"Fight-Tracker24 Is Your Online Solution for Tracking Airplanes","publisher":{"@id":"https:\/\/flight-tracker24.co.uk\/sv\/#organization"},"potentialAction":[{"@type":"SearchAction","target":{"@type":"EntryPoint","urlTemplate":"https:\/\/flight-tracker24.co.uk\/sv\/?s={search_term_string}"},"query-input":{"@type":"PropertyValueSpecification","valueRequired":true,"valueName":"search_term_string"}}],"inLanguage":"sv-SE"},{"@type":"Organization","@id":"https:\/\/flight-tracker24.co.uk\/sv\/#organization","name":"Flight-Tracker24","url":"https:\/\/flight-tracker24.co.uk\/sv\/","logo":{"@type":"ImageObject","inLanguage":"sv-SE","@id":"https:\/\/flight-tracker24.co.uk\/sv\/#\/schema\/logo\/image\/","url":"https:\/\/flight-tracker24.co.uk\/wp-content\/uploads\/2018\/06\/Flugradar-Logo-footer240.png","contentUrl":"https:\/\/flight-tracker24.co.uk\/wp-content\/uploads\/2018\/06\/Flugradar-Logo-footer240.png","width":"240","height":"47","caption":"Flight-Tracker24"},"image":{"@id":"https:\/\/flight-tracker24.co.uk\/sv\/#\/schema\/logo\/image\/"}}]}},"_links":{"self":[{"href":"https:\/\/flight-tracker24.co.uk\/sv\/wp-json\/wp\/v2\/pages\/719","targetHints":{"allow":["GET"]}}],"collection":[{"href":"https:\/\/flight-tracker24.co.uk\/sv\/wp-json\/wp\/v2\/pages"}],"about":[{"href":"https:\/\/flight-tracker24.co.uk\/sv\/wp-json\/wp\/v2\/types\/page"}],"author":[{"embeddable":true,"href":"https:\/\/flight-tracker24.co.uk\/sv\/wp-json\/wp\/v2\/users\/1"}],"replies":[{"embeddable":true,"href":"https:\/\/flight-tracker24.co.uk\/sv\/wp-json\/wp\/v2\/comments?post=719"}],"version-history":[{"count":0,"href":"https:\/\/flight-tracker24.co.uk\/sv\/wp-json\/wp\/v2\/pages\/719\/revisions"}],"wp:attachment":[{"href":"https:\/\/flight-tracker24.co.uk\/sv\/wp-json\/wp\/v2\/media?parent=719"}],"curies":[{"name":"wp","href":"https:\/\/api.w.org\/{rel}","templated":true}]}}