{"id":717,"date":"2022-01-07T11:22:24","date_gmt":"2022-01-07T11:22:24","guid":{"rendered":"https:\/\/flight-tracker24.co.uk\/rattsligt-meddelande\/"},"modified":"2022-01-07T11:22:25","modified_gmt":"2022-01-07T11:22:25","slug":"rattsligt-meddelande","status":"publish","type":"page","link":"https:\/\/flight-tracker24.co.uk\/sv\/rattsligt-meddelande\/","title":{"rendered":"R\u00e4ttsligt meddelande"},"content":{"rendered":"<h2><strong>Contact:<\/strong><\/h2>\n<p>Martin Mrosek<\/p>\n<p>Bruktererhang 19<\/p>\n<p>45277 Essen<\/p>\n<p>Germany<\/p>\n<p>contact: info@flight-tracker24.co.uk<\/p>\n<p>&nbsp;<\/p>\n<p>&nbsp;<\/p>\n<h2>Ansvarsfriskrivning f\u00f6r <span class=\"placeholder\" title=\"\" data-toggle=\"tooltip\" data-placement=\"top\" data-original-title=\"Please fill Name of Company\"><span class=\"ng-binding\">Flight-Tracker24.co.uk<\/span><\/span><\/h2>\n<p>Om du beh\u00f6ver mer information eller har n\u00e5gra fr\u00e5gor om v\u00e5r webbplatss ansvarsfriskrivning \u00e4r du v\u00e4lkommen att kontakta oss via e-post p\u00e5 <span class=\"placeholder\" title=\"\" data-toggle=\"tooltip\" data-placement=\"top\" data-original-title=\"Please fill Email Address\"><span class=\"ng-binding\">info [at] flight-tracker24.co.uk<\/span><\/span>.<\/p>\n<p>All information p\u00e5 denna webbplats publiceras i god tro och endast i allm\u00e4nt informationssyfte. <span class=\"placeholder\" title=\"\" data-toggle=\"tooltip\" data-placement=\"top\" data-original-title=\"Please fill Company's Website\"><span class=\"ng-binding\">Flight-Tracker24.co.uk<\/span><\/span> l\u00e4mnar inga garantier om fullst\u00e4ndigheten, tillf\u00f6rlitligheten och riktigheten av denna information. Alla \u00e5tg\u00e4rder du vidtar med h\u00e4nsyn till informationen du hittar p\u00e5 denna webbplats (<span class=\"placeholder\" title=\"\" data-toggle=\"tooltip\" data-placement=\"top\" data-original-title=\"Please fill Company's Website\"><span class=\"ng-binding\">Flight-Tracker24.co.uk<\/span><\/span>), \u00e4r helt p\u00e5 egen risk. Flight-Tracker<span class=\"placeholder\" title=\"\" data-toggle=\"tooltip\" data-placement=\"top\" data-original-title=\"Please fill Company's Website\"><span class=\"ng-binding\">24.co.uk<\/span><\/span> kommer inte att vara ansvarig f\u00f6r n\u00e5gra f\u00f6rluster och\/eller skador i samband med anv\u00e4ndningen av v\u00e5r webbplats.<\/p>\n<p>Fr\u00e5n v\u00e5r webbplats kan du bes\u00f6ka andra webbplatser genom att f\u00f6lja hyperl\u00e4nkar till s\u00e5dana externa webbplatser. \u00c4ven om vi str\u00e4var efter att endast tillhandah\u00e5lla kvalitetsl\u00e4nkar till anv\u00e4ndbara och etiska webbplatser, har vi ingen kontroll \u00f6ver inneh\u00e5llet och karakt\u00e4ren p\u00e5 dessa webbplatser. Dessa l\u00e4nkar till andra webbplatser inneb\u00e4r inte en rekommendation f\u00f6r allt inneh\u00e5ll som finns p\u00e5 dessa webbplatser. Webbplats\u00e4gare och inneh\u00e5ll kan \u00e4ndras utan f\u00f6reg\u00e5ende meddelande och kan intr\u00e4ffa innan vi har m\u00f6jlighet att ta bort en l\u00e4nk som kan ha blivit &#8221;d\u00e5lig&#8221;.<\/p>\n<p>Var ocks\u00e5 medveten om att n\u00e4r du l\u00e4mnar v\u00e5r webbplats kan andra webbplatser ha andra integritetspolicyer och villkor som ligger utanf\u00f6r v\u00e5r kontroll. Var noga med att kontrollera integritetspolicyn f\u00f6r dessa webbplatser samt deras &#8221;Anv\u00e4ndarvillkor&#8221; innan du engagerar dig i n\u00e5gon verksamhet eller laddar upp information.<\/p>\n<p><strong>Samtycke<\/strong><br \/>\nGenom att anv\u00e4nda v\u00e5r webbplats samtycker du h\u00e4rmed till v\u00e5r ansvarsfriskrivning och godk\u00e4nner dess villkor.<\/p>\n<p><strong>Update<\/strong><\/p>\n<p>Om vi uppdaterar, \u00e4ndrar eller g\u00f6r n\u00e5gra \u00e4ndringar i detta dokument kommer dessa \u00e4ndringar att publiceras tydligt h\u00e4r.<\/p>\n<p>&nbsp;<\/p>\n","protected":false},"excerpt":{"rendered":"<p>Contact: Martin Mrosek Bruktererhang 19 45277 Essen Germany contact: info@flight-tracker24.co.uk &nbsp; &nbsp; Ansvarsfriskrivning f\u00f6r Flight-Tracker24.co.uk Om du beh\u00f6ver mer information eller har n\u00e5gra fr\u00e5gor om v\u00e5r webbplatss ansvarsfriskrivning \u00e4r du v\u00e4lkommen att kontakta oss via e-post p\u00e5 info [at] flight-tracker24.co.uk. All information p\u00e5 denna webbplats publiceras i god tro och endast i allm\u00e4nt informationssyfte. Flight-Tracker24.co.uk &#8230; <\/p>\n<p class=\"read-more-container\"><a title=\"R\u00e4ttsligt meddelande\" class=\"read-more button\" href=\"https:\/\/flight-tracker24.co.uk\/sv\/rattsligt-meddelande\/#more-717\" aria-label=\"Mer p\u00e5 R\u00e4ttsligt meddelande\">Read more<\/a><\/p>\n","protected":false},"author":1,"featured_media":0,"parent":0,"menu_order":0,"comment_status":"closed","ping_status":"closed","template":"","meta":{"footnotes":""},"class_list":["post-717","page","type-page","status-publish"],"yoast_head":"<!-- This site is optimized with the Yoast SEO plugin v26.1.1 - https:\/\/yoast.com\/wordpress\/plugins\/seo\/ -->\n<title>R\u00e4ttsligt meddelande - Flight-Tracker24<\/title>\n<meta name=\"robots\" content=\"index, follow, max-snippet:-1, max-image-preview:large, max-video-preview:-1\" \/>\n<link rel=\"canonical\" href=\"https:\/\/flight-tracker24.co.uk\/sv\/rattsligt-meddelande\/\" \/>\n<meta property=\"og:locale\" content=\"sv_SE\" \/>\n<meta property=\"og:type\" content=\"article\" \/>\n<meta property=\"og:title\" content=\"R\u00e4ttsligt meddelande - Flight-Tracker24\" \/>\n<meta property=\"og:description\" content=\"Contact: Martin Mrosek Bruktererhang 19 45277 Essen Germany contact: info@flight-tracker24.co.uk &nbsp; &nbsp; Ansvarsfriskrivning f\u00f6r Flight-Tracker24.co.uk Om du beh\u00f6ver mer information eller har n\u00e5gra fr\u00e5gor om v\u00e5r webbplatss ansvarsfriskrivning \u00e4r du v\u00e4lkommen att kontakta oss via e-post p\u00e5 info [at] flight-tracker24.co.uk. All information p\u00e5 denna webbplats publiceras i god tro och endast i allm\u00e4nt informationssyfte. Flight-Tracker24.co.uk ... Read more\" \/>\n<meta property=\"og:url\" content=\"https:\/\/flight-tracker24.co.uk\/sv\/rattsligt-meddelande\/\" \/>\n<meta property=\"og:site_name\" content=\"Flight-Tracker24\" \/>\n<meta property=\"article:modified_time\" content=\"2022-01-07T11:22:25+00:00\" \/>\n<meta name=\"twitter:card\" content=\"summary_large_image\" \/>\n<meta name=\"twitter:label1\" content=\"Ber\u00e4knad l\u00e4stid\" \/>\n\t<meta name=\"twitter:data1\" content=\"2 minuter\" \/>\n<script type=\"application\/ld+json\" class=\"yoast-schema-graph\">{\"@context\":\"https:\/\/schema.org\",\"@graph\":[{\"@type\":\"WebPage\",\"@id\":\"https:\/\/flight-tracker24.co.uk\/sv\/rattsligt-meddelande\/\",\"url\":\"https:\/\/flight-tracker24.co.uk\/sv\/rattsligt-meddelande\/\",\"name\":\"R\u00e4ttsligt meddelande - Flight-Tracker24\",\"isPartOf\":{\"@id\":\"https:\/\/flight-tracker24.co.uk\/sv\/#website\"},\"datePublished\":\"2022-01-07T11:22:24+00:00\",\"dateModified\":\"2022-01-07T11:22:25+00:00\",\"breadcrumb\":{\"@id\":\"https:\/\/flight-tracker24.co.uk\/sv\/rattsligt-meddelande\/#breadcrumb\"},\"inLanguage\":\"sv-SE\",\"potentialAction\":[{\"@type\":\"ReadAction\",\"target\":[\"https:\/\/flight-tracker24.co.uk\/sv\/rattsligt-meddelande\/\"]}]},{\"@type\":\"BreadcrumbList\",\"@id\":\"https:\/\/flight-tracker24.co.uk\/sv\/rattsligt-meddelande\/#breadcrumb\",\"itemListElement\":[{\"@type\":\"ListItem\",\"position\":1,\"name\":\"Home\",\"item\":\"https:\/\/flight-tracker24.co.uk\/sv\/\"},{\"@type\":\"ListItem\",\"position\":2,\"name\":\"R\u00e4ttsligt meddelande\"}]},{\"@type\":\"WebSite\",\"@id\":\"https:\/\/flight-tracker24.co.uk\/sv\/#website\",\"url\":\"https:\/\/flight-tracker24.co.uk\/sv\/\",\"name\":\"Flight-Tracker24\",\"description\":\"Fight-Tracker24 Is Your Online Solution for Tracking Airplanes\",\"publisher\":{\"@id\":\"https:\/\/flight-tracker24.co.uk\/sv\/#organization\"},\"potentialAction\":[{\"@type\":\"SearchAction\",\"target\":{\"@type\":\"EntryPoint\",\"urlTemplate\":\"https:\/\/flight-tracker24.co.uk\/sv\/?s={search_term_string}\"},\"query-input\":{\"@type\":\"PropertyValueSpecification\",\"valueRequired\":true,\"valueName\":\"search_term_string\"}}],\"inLanguage\":\"sv-SE\"},{\"@type\":\"Organization\",\"@id\":\"https:\/\/flight-tracker24.co.uk\/sv\/#organization\",\"name\":\"Flight-Tracker24\",\"url\":\"https:\/\/flight-tracker24.co.uk\/sv\/\",\"logo\":{\"@type\":\"ImageObject\",\"inLanguage\":\"sv-SE\",\"@id\":\"https:\/\/flight-tracker24.co.uk\/sv\/#\/schema\/logo\/image\/\",\"url\":\"https:\/\/flight-tracker24.co.uk\/wp-content\/uploads\/2018\/06\/Flugradar-Logo-footer240.png\",\"contentUrl\":\"https:\/\/flight-tracker24.co.uk\/wp-content\/uploads\/2018\/06\/Flugradar-Logo-footer240.png\",\"width\":\"240\",\"height\":\"47\",\"caption\":\"Flight-Tracker24\"},\"image\":{\"@id\":\"https:\/\/flight-tracker24.co.uk\/sv\/#\/schema\/logo\/image\/\"}}]}<\/script>\n<!-- \/ Yoast SEO plugin. -->","yoast_head_json":{"title":"R\u00e4ttsligt meddelande - Flight-Tracker24","robots":{"index":"index","follow":"follow","max-snippet":"max-snippet:-1","max-image-preview":"max-image-preview:large","max-video-preview":"max-video-preview:-1"},"canonical":"https:\/\/flight-tracker24.co.uk\/sv\/rattsligt-meddelande\/","og_locale":"sv_SE","og_type":"article","og_title":"R\u00e4ttsligt meddelande - Flight-Tracker24","og_description":"Contact: Martin Mrosek Bruktererhang 19 45277 Essen Germany contact: info@flight-tracker24.co.uk &nbsp; &nbsp; Ansvarsfriskrivning f\u00f6r Flight-Tracker24.co.uk Om du beh\u00f6ver mer information eller har n\u00e5gra fr\u00e5gor om v\u00e5r webbplatss ansvarsfriskrivning \u00e4r du v\u00e4lkommen att kontakta oss via e-post p\u00e5 info [at] flight-tracker24.co.uk. All information p\u00e5 denna webbplats publiceras i god tro och endast i allm\u00e4nt informationssyfte. Flight-Tracker24.co.uk ... Read more","og_url":"https:\/\/flight-tracker24.co.uk\/sv\/rattsligt-meddelande\/","og_site_name":"Flight-Tracker24","article_modified_time":"2022-01-07T11:22:25+00:00","twitter_card":"summary_large_image","twitter_misc":{"Ber\u00e4knad l\u00e4stid":"2 minuter"},"schema":{"@context":"https:\/\/schema.org","@graph":[{"@type":"WebPage","@id":"https:\/\/flight-tracker24.co.uk\/sv\/rattsligt-meddelande\/","url":"https:\/\/flight-tracker24.co.uk\/sv\/rattsligt-meddelande\/","name":"R\u00e4ttsligt meddelande - Flight-Tracker24","isPartOf":{"@id":"https:\/\/flight-tracker24.co.uk\/sv\/#website"},"datePublished":"2022-01-07T11:22:24+00:00","dateModified":"2022-01-07T11:22:25+00:00","breadcrumb":{"@id":"https:\/\/flight-tracker24.co.uk\/sv\/rattsligt-meddelande\/#breadcrumb"},"inLanguage":"sv-SE","potentialAction":[{"@type":"ReadAction","target":["https:\/\/flight-tracker24.co.uk\/sv\/rattsligt-meddelande\/"]}]},{"@type":"BreadcrumbList","@id":"https:\/\/flight-tracker24.co.uk\/sv\/rattsligt-meddelande\/#breadcrumb","itemListElement":[{"@type":"ListItem","position":1,"name":"Home","item":"https:\/\/flight-tracker24.co.uk\/sv\/"},{"@type":"ListItem","position":2,"name":"R\u00e4ttsligt meddelande"}]},{"@type":"WebSite","@id":"https:\/\/flight-tracker24.co.uk\/sv\/#website","url":"https:\/\/flight-tracker24.co.uk\/sv\/","name":"Flight-Tracker24","description":"Fight-Tracker24 Is Your Online Solution for Tracking Airplanes","publisher":{"@id":"https:\/\/flight-tracker24.co.uk\/sv\/#organization"},"potentialAction":[{"@type":"SearchAction","target":{"@type":"EntryPoint","urlTemplate":"https:\/\/flight-tracker24.co.uk\/sv\/?s={search_term_string}"},"query-input":{"@type":"PropertyValueSpecification","valueRequired":true,"valueName":"search_term_string"}}],"inLanguage":"sv-SE"},{"@type":"Organization","@id":"https:\/\/flight-tracker24.co.uk\/sv\/#organization","name":"Flight-Tracker24","url":"https:\/\/flight-tracker24.co.uk\/sv\/","logo":{"@type":"ImageObject","inLanguage":"sv-SE","@id":"https:\/\/flight-tracker24.co.uk\/sv\/#\/schema\/logo\/image\/","url":"https:\/\/flight-tracker24.co.uk\/wp-content\/uploads\/2018\/06\/Flugradar-Logo-footer240.png","contentUrl":"https:\/\/flight-tracker24.co.uk\/wp-content\/uploads\/2018\/06\/Flugradar-Logo-footer240.png","width":"240","height":"47","caption":"Flight-Tracker24"},"image":{"@id":"https:\/\/flight-tracker24.co.uk\/sv\/#\/schema\/logo\/image\/"}}]}},"_links":{"self":[{"href":"https:\/\/flight-tracker24.co.uk\/sv\/wp-json\/wp\/v2\/pages\/717","targetHints":{"allow":["GET"]}}],"collection":[{"href":"https:\/\/flight-tracker24.co.uk\/sv\/wp-json\/wp\/v2\/pages"}],"about":[{"href":"https:\/\/flight-tracker24.co.uk\/sv\/wp-json\/wp\/v2\/types\/page"}],"author":[{"embeddable":true,"href":"https:\/\/flight-tracker24.co.uk\/sv\/wp-json\/wp\/v2\/users\/1"}],"replies":[{"embeddable":true,"href":"https:\/\/flight-tracker24.co.uk\/sv\/wp-json\/wp\/v2\/comments?post=717"}],"version-history":[{"count":0,"href":"https:\/\/flight-tracker24.co.uk\/sv\/wp-json\/wp\/v2\/pages\/717\/revisions"}],"wp:attachment":[{"href":"https:\/\/flight-tracker24.co.uk\/sv\/wp-json\/wp\/v2\/media?parent=717"}],"curies":[{"name":"wp","href":"https:\/\/api.w.org\/{rel}","templated":true}]}}