{"id":713,"date":"2022-01-07T11:13:53","date_gmt":"2022-01-07T11:13:53","guid":{"rendered":"https:\/\/flight-tracker24.co.uk\/flygradar\/"},"modified":"2022-01-20T08:13:17","modified_gmt":"2022-01-20T08:13:17","slug":"flygradar","status":"publish","type":"page","link":"https:\/\/flight-tracker24.co.uk\/sv\/flygradar\/","title":{"rendered":"Flygradar"},"content":{"rendered":"<h1 style=\"text-align: center;\"><strong>Flygradar<\/strong><\/h1>\n<p style=\"text-align: center;\"><span style=\"font-size: 12pt;\"><em><strong>V\u00e4lkommen till Live Flight Radar! Klicka p\u00e5 linsen i radarn f\u00f6r att b\u00f6rja s\u00f6ka.<\/strong><\/em><\/span><\/p>\n<p>&nbsp;<\/p>\n<div style=\"width: 100%; height: 0px; margin-top: -80px; margin-right: 0px;\"><\/div>\n<p><script async=\"\" src=\"https:\/\/pagead2.googlesyndication.com\/pagead\/js\/adsbygoogle.js?client=ca-pub-8699335927299131\" crossorigin=\"anonymous\"><\/script><br \/>\n<!-- FT24 Display --><br \/>\n<ins class=\"adsbygoogle\" style=\"display:block\" data-ad-client=\"ca-pub-8699335927299131\" data-ad-slot=\"8291128921\" data-ad-format=\"auto\" data-full-width-responsive=\"true\"><\/ins><br \/>\n<script>\n     (adsbygoogle = window.adsbygoogle || []).push({});\n<\/script><\/p>\n<div style=\"width: 100%; height: 0px; margin-top: -15px; margin-right: 0px;\"><\/div>\n<p>&nbsp;<\/p>\n<figure class=\"full-width\">\n<div class=\"resp-container\"><iframe class=\"resp-iframe\" src=\"https:\/\/www.radarbox24.com\/?widget=1&amp;z=5&amp;lat=46.7&amp;lng=7.6\" height=\"500\" frameborder=\"0\" allowfullscreen=\"allowfullscreen\"><\/iframe><\/div>\n<\/figure>\n<p><script async=\"\" src=\"\/\/pagead2.googlesyndication.com\/pagead\/js\/adsbygoogle.js\"><\/script><br \/>\n<!-- FlightDisplay --><br \/>\n<ins class=\"adsbygoogle\" style=\"display: block;\" data-ad-client=\"ca-pub-8699335927299131\" data-ad-slot=\"1073730211\" data-ad-format=\"auto\"><\/ins><br \/>\n<script>\n(adsbygoogle = window.adsbygoogle || []).push({});\n<\/script><\/p>\n<h2 style=\"text-align: center;\"><strong>Ange flightnumret<\/strong><\/h2>\n<p style=\"text-align: center;\"><em><strong>Ange ett giltigt flightnummer i s\u00f6kf\u00e4ltet<\/strong><\/em><\/p>\n<form class=\"gobing\" style=\"margin:auto;max-width:fit-content\">\n  <input type=\"text\" class=\"form-control\" id=\"search1\" placeholder=\"Ange flightnummer h\u00e4r\"><br \/>\n  <buttongob type=\"submit\" id=\"WFFRB\"><i class=\"fa fa-search\"><\/i>S\u00f6k flygplan<\/buttongob><br \/>\n<\/form>\n<p><script>\njQuery('#WFFRB').on('click', function () {\n    var searchInput = jQuery('#search1').val();\n    var url = \"https:\/\/flightradar.flights\/sv\/flygradar\/\"\n    window.open(url);\n});\n<\/script><br \/>\n<script>\njQuery('#search1').keypress(\n  function(event){\n    if (event.which == '13') {\n      event.preventDefault();\n    }\n});\n<\/script><\/p>\n<p style=\"text-align: center;\"><em><strong>(Ett nytt f\u00f6nster\/flik \u00f6ppnas)<\/strong><\/em><\/p>\n<p><span style=\"font-size: 12pt;\"><strong>Snabbguide: Flight Radar<\/strong><\/span><\/p>\n<ul>\n<li style=\"list-style-type: none;\">\n<ul>\n<li style=\"list-style-type: none;\">\n<ul>\n<li><span style=\"font-size: 12pt;\"><span style=\"color: #ff0000;\">F\u00f6rsta alternativet:<\/span> Klicka p\u00e5 f\u00f6rstoringsglaset &gt; Ange ett giltigt flygnummer och v\u00e4lj det visade flygplanet &gt; Nu sp\u00e5rar du flygningen direkt<\/span><\/li>\n<li><span style=\"font-size: 12pt;\"><span style=\"color: #ff0000;\">2:a m\u00f6jligheten<\/span>: Klicka p\u00e5 f\u00f6rstoringsglaset &gt; Ange en stad med flygplats, t.ex. London eller Manchester och klicka p\u00e5 flygplatsen fr\u00e5n listan &gt; Flygradarn visar dig alla flyg relaterade till flygplatsen<\/span><\/li>\n<\/ul>\n<\/li>\n<\/ul>\n<p><script async=\"\" src=\"https:\/\/pagead2.googlesyndication.com\/pagead\/js\/adsbygoogle.js?client=ca-pub-8699335927299131\" crossorigin=\"anonymous\"><\/script><br \/>\n<!-- FT24 Display --><br \/>\n<ins class=\"adsbygoogle\" style=\"display:block\" data-ad-client=\"ca-pub-8699335927299131\" data-ad-slot=\"8291128921\" data-ad-format=\"auto\" data-full-width-responsive=\"true\"><\/ins><br \/>\n<script>\n     (adsbygoogle = window.adsbygoogle || []).push({});\n<\/script><\/li>\n<\/ul>\n<p style=\"text-align: center;\"><span style=\"font-size: 12pt;\"><strong>Video: Snabbguide f\u00f6r flygradarn<\/strong><\/span><\/p>\n<div class=\"resp-containeryt2\"><iframe loading=\"lazy\" src=\"https:\/\/www.youtube-nocookie.com\/embed\/3zvktnXMJpg\" width=\"560\" height=\"315\" frameborder=\"0\" allowfullscreen=\"allowfullscreen\"><\/iframe><\/div>\n<p style=\"text-align: center;\"><span style=\"font-size: 12pt;\"><strong>V\u00e4nligen navigera till botten av sidan f\u00f6r att betygs\u00e4tta v\u00e5r tj\u00e4nst.<\/strong><\/span><\/p>\n<p>&nbsp;<\/p>\n<h2 style=\"text-align: center;\"><span style=\"font-size: 12pt;\"><img loading=\"lazy\" decoding=\"async\" class=\"alignleft wp-image-548\" src=\"https:\/\/flight-tracker24.co.uk\/wp-content\/uploads\/2017\/08\/Flugradar-logo-300x248.jpg\" alt=\"Flight-Tracker24 Logo\" width=\"206\" height=\"170\" srcset=\"https:\/\/flight-tracker24.co.uk\/wp-content\/uploads\/2017\/08\/Flugradar-logo-300x248.jpg 300w, https:\/\/flight-tracker24.co.uk\/wp-content\/uploads\/2017\/08\/Flugradar-logo.jpg 500w\" sizes=\"auto, (max-width: 206px) 100vw, 206px\" \/><span style=\"font-size: 20pt;\"><strong><span style=\"color: #ff9900;\">\u00d6versikt: <\/span><\/strong><\/span><\/span><\/h2>\n<p style=\"text-align: center;\"><span style=\"font-size: 12pt;\"><strong>Flygradar \u00e4r det enklaste s\u00e4ttet att sp\u00e5ra flyg.<\/strong> Det finns ingen anledning till varf\u00f6r du ska h\u00e5llas i m\u00f6rker om n\u00e5gonting eftersom vi \u00e4r i informationens tids\u00e5lder. <strong>Flygradar inneh\u00e5ller information om flygplan, start, landningstid, flygrutter och alla andra detaljer som r\u00f6r flygning.<\/strong> Du kan f\u00e5 tillg\u00e5ng till all realtidsinformation om flygsp\u00e5rning genom flygradar; detta kan uppn\u00e5s om du har en internetanslutning, en b\u00e4rbar dator eller smartphone och du \u00e4r inst\u00e4lld p\u00e5 att sp\u00e5ra flygningar i realtid p\u00e5 radar.<br \/>\n<\/span><\/p>\n<p>&nbsp;<\/p>\n<h2 style=\"text-align: center;\"><span style=\"font-size: 20pt;\"><strong><span style=\"color: #ff9900;\">Vad \u00e4r en flygradar?<\/span><\/strong><\/span><\/h2>\n<p style=\"text-align: center;\"><span style=\"font-size: 12pt;\">I enkla termer, <strong>Flight-Tracker24.co.uk<\/strong> \u00e4r en flygsp\u00e5rare som visar realtidsinformation om flygtrafik och flygr\u00f6relser fr\u00e5n hela v\u00e4rlden p\u00e5 en karta. <strong>Radar f\u00e5ngar all data som h\u00e4nf\u00f6r sig till flyg och flygr\u00f6relser runt om i v\u00e4rlden.<\/strong> N\u00e4r de passerar genom luften tr\u00e4ffar radarv\u00e5gorna helikoptrar, flygplan, dr\u00f6nare och andra flygande f\u00f6rem\u00e5l som \u00e4r i deras v\u00e4g och studsar tillbaka. Det \u00e4r avst\u00e5ndet mellan v\u00e5gs\u00e4ndaren och st\u00f6ten som exakt anv\u00e4nds f\u00f6r att lokalisera dessa objekt. Slutresultatet \u00e4r flygradar &#8211; n\u00e4r informationen om var dessa flygningar finns placeras p\u00e5 en karta och digitaliseras.<\/span><\/p>\n<p style=\"text-align: center;\"><span style=\"font-size: 12pt;\">En enda radarv\u00e5gss\u00e4ndare \u00e4r inte kapabel att uppt\u00e4cka varje flygning runt om i v\u00e4rlden; data fr\u00e5n radarmottagare runt om i v\u00e4rlden kan dock kombineras f\u00f6r att f\u00e5 en komplett bild av alla flygr\u00f6relser. Det \u00e4r denna bild som sedan formateras s\u00e5 att alla plan som f\u00f6r n\u00e4rvarande \u00e4r i luften kan visas p\u00e5 bara en sk\u00e4rm. Denna bild laddas upp f\u00f6r att skapa flygradarn som presenteras p\u00e5 v\u00e5r hemsida.<\/span><\/p>\n<p>&nbsp;<\/p>\n<h2 style=\"text-align: center;\" align=\"JUSTIFY\"><span style=\"font-size: 20pt;\"><strong><span style=\"color: #ff9900;\">F\u00f6rdelar med flygradar<\/span><\/strong><\/span><\/h2>\n<p style=\"text-align: center;\" align=\"JUSTIFY\"><span style=\"font-size: 12pt;\"><strong>Med flygradar kan du enkelt sp\u00e5ra alla flygningar i realtid.<\/strong> Flygplansradarn ger dig alla n\u00f6dv\u00e4ndiga detaljer som \u00e4r n\u00f6dv\u00e4ndiga under filsp\u00e5rning. Du kommer n\u00e4r som helst att f\u00e5 veta vad som just nu h\u00e4nder i luften, du kan ocks\u00e5 se hur m\u00e5nga kilometer ett flygplan har f\u00e4rdats och <strong>den tid som kr\u00e4vs f\u00f6r att den ska n\u00e5 sin destination<\/strong>, detta hj\u00e4lper dig att kunna visa hastighet och flygh\u00f6jd i radarn.<\/span><\/p>\n<p>&nbsp;<\/p>\n<h2 style=\"text-align: center;\"><span style=\"font-size: 20pt;\"><strong><span style=\"color: #ff9900;\">Var kommer radardata ifr\u00e5n? <\/span><\/strong><\/span><\/h2>\n<p style=\"text-align: left;\"><span style=\"font-size: 12pt;\">Det fanns en viss period d\u00e5 flygradar endast kunde vara tillg\u00e4nglig f\u00f6r proffs. Dessa yrkesm\u00e4n var civila flygarbetare som var utstationerade till flygtrafiken <\/span><img loading=\"lazy\" decoding=\"async\" class=\"alignright wp-image-553\" src=\"https:\/\/flight-tracker24.co.uk\/wp-content\/uploads\/2017\/08\/Flugradar-300x200.jpg\" alt=\"Flygradar visas\" width=\"250\" height=\"167\" srcset=\"https:\/\/flight-tracker24.co.uk\/wp-content\/uploads\/2017\/08\/Flugradar-300x200.jpg 300w, https:\/\/flight-tracker24.co.uk\/wp-content\/uploads\/2017\/08\/Flugradar.jpg 424w\" sizes=\"auto, (max-width: 250px) 100vw, 250px\" \/><span style=\"font-size: 12pt;\">kontrollcentraler och flygtorn p\u00e5 flygplatser, f\u00f6r att se till att flygtrafiken i deras omr\u00e5den fungerar som den ska. Radarsystemet anv\u00e4ndes \u00e4ven av milit\u00e4rer som ansvarade f\u00f6r att genomf\u00f6ra flygtrafiken.<\/span><span style=\"font-size: 12pt;\"><br \/>\n<strong>I takt med att flygtransporterna blev mer betydelsefulla blev radarn ocks\u00e5 viktigare<\/strong>, eftersom antalet flygningar som b<strong>eh\u00f6ver \u00f6vervakas kontinuerligt \u00f6kar, det \u00e4r d\u00e4rf\u00f6r radarsystem installerades p\u00e5 m\u00e5nga platser \u00f6ver hela v\u00e4rlden.<\/strong> Radarsystemen kunde bara \u00f6vervaka en del av luftrummet, och det \u00e4r m\u00e5nga flygningar som \u00e4r internationella, det innebar ett behov av att n\u00e4tverka, samordna och dela data. D\u00e4rf\u00f6r <strong>Air<\/strong> <\/span><strong><span style=\"font-size: 12pt;\">trafikledare g\u00f6r uppgifterna tillg\u00e4ngliga.<\/span><\/strong><\/p>\n<p style=\"text-align: left;\"><span style=\"font-size: 12pt;\">Under \u00e5ren har det funnits en uppkomst av internet i varje hush\u00e5ll och fickor, anv\u00e4ndare som \u00e4r teknikkunniga har b\u00f6rjat g\u00f6ra information\/data om flygtrafik tillg\u00e4nglig f\u00f6r allm\u00e4nheten. Det \u00e4r dessa anstr\u00e4ngningar som har producerat en m\u00e4ngd radartill\u00e4mpningar. Dessa applikationer g\u00f6r data tillg\u00e4nglig oavsett var du befinner dig i v\u00e4rlden, allt du beh\u00f6ver \u00e4r bara en internetanslutning tillsammans med en smartphone eller PC.<\/span><\/p>\n<p>&nbsp;<\/p>\n<h2 style=\"text-align: center;\"><span style=\"font-size: 20pt;\"><strong><span style=\"color: #ff9900;\">Vad \u00e4r flygsp\u00e5rning anv\u00e4ndbar f\u00f6r?<\/span><\/strong><\/span><\/h2>\n<p style=\"text-align: center;\"><span style=\"font-size: 12pt;\">I denna dag kan alla typer av anv\u00e4ndare dra nytta av m\u00f6jligheten att extrahera en flygradar. Flygradar har stor betydelse f\u00f6r f\u00f6ljande:<\/span><\/p>\n<ul>\n<li><span style=\"font-size: 12pt;\"><strong>Alla som funderar p\u00e5 att flytta<\/strong> eller flytta till en ny l\u00e4genhet: de kan kontrollera om de kommer att uppleva problem med flygbuller i sitt nya grannskap<\/span><\/li>\n<li><span style=\"font-size: 12pt;\"><strong>Dr\u00f6narpiloter<\/strong>: de \u00e4r ansvariga f\u00f6r att se till att deras enheter inte st\u00f6r flygtrafiken genom att anv\u00e4nda flygrutter<\/span><\/li>\n<li><span style=\"font-size: 12pt;\"><strong>Privatpersoner<\/strong> som vill kolla p\u00e5 sin \u00e4lskades flyg kan f\u00e5 tillg\u00e5ng till information om de specifika flygen<\/span><\/li>\n<li><span style=\"font-size: 12pt;\"><strong>Semesterfirare<\/strong> kan koppla upp sitt flygnummer f\u00f6r en kontrollampa p\u00e5 sin flygrutt<\/span><\/li>\n<li><span style=\"font-size: 12pt;\"><strong>Tillsynsmyndigheter<\/strong> som civila och milit\u00e4ra kan fortfarande anv\u00e4nda flygradar f\u00f6r att reglera flygtrafiken<\/span><\/li>\n<\/ul>\n<p style=\"text-align: center;\"><span style=\"font-size: 12pt;\">Punkterna ovan \u00e4r bara n\u00e5gra exempel p\u00e5 anv\u00e4ndare av <a href=\"https:\/\/flight-tracker24.co.uk\/sv\/plane-tracker\/\" target=\"_blank\" rel=\"noopener noreferrer\">flygplanssp\u00e5rare.<\/a><\/span><\/p>\n<p>&nbsp;<\/p>\n<h2 style=\"text-align: center;\"><span style=\"font-size: 20pt;\"><strong><span style=\"color: #ff9900;\">Hur fungerar flygradar?<\/span><\/strong><\/span><\/h2>\n<p style=\"text-align: center;\"><span style=\"font-size: 12pt;\"><strong>F\u00f6r att kunna anv\u00e4nda flygradarn beh\u00f6ver du kartutsnittet som finns inbyggt i v\u00e5r sajt.<\/strong> Den h\u00e4r kartan visar information om flygningen och deras r\u00f6relser runt din omedelbara n\u00e4rhet. Vad du beh\u00f6ver g\u00f6ra \u00e4r att klicka p\u00e5 en av de sm\u00e5 ikonerna f\u00f6r att f\u00e5 upp ytterligare information om en viss flygning. <strong>Du kommer att f\u00e5 se information om typ av flygplan<\/strong>, avg\u00e5ngsstad, destinationsstad etc. med hj\u00e4lp av <a href=\"https:\/\/flight-tracker24.co.uk\/plane-finder\/\" target=\"_blank\" rel=\"noopener noreferrer\">Plane finder<\/a> \u00e4r otroligt enkelt, du kan ocks\u00e5 se en f\u00e4rgad linje som visar flygprocessen p\u00e5 den animerade kartan.<\/span><br \/>\n<span style=\"font-size: 12pt;\"><strong>Alternativt<\/strong>, f\u00f6r att en anv\u00e4ndare ska kunna s\u00f6ka efter information om en specifik flygning, \u00e4r allt som en anv\u00e4ndare beh\u00f6ver g\u00f6ra att skriva in flightnumret i s\u00f6kf\u00e4ltet och forts\u00e4tta genom att klicka p\u00e5 enter. Kartavsnittet hoppar till den region d\u00e4r planet f\u00f6r n\u00e4rvarande befinner sig, och det visar ocks\u00e5 specifika detaljer (avg\u00e5ngsflygplats, framsteg, typ av flygplan, destinationsflygplats, etc.) om flygningen.<\/span><\/p>\n<p>&nbsp;<\/p>\n<h2 style=\"text-align: center;\"><span style=\"font-size: 20pt;\"><strong><span style=\"color: #ff9900;\">Gratis liveflygradar<\/span><\/strong><\/span><\/h2>\n<p style=\"text-align: center;\"><span style=\"font-size: 12pt;\"><strong>Flygsp\u00e5rning p\u00e5 <a href=\"https:\/\/flight-tracker24.co.uk\/sv\/\" target=\"_blank\" rel=\"noopener noreferrer\">flight tracker<\/a> \u00e4r helt gratis.<\/strong> Var du \u00e4n befinner dig kan du f\u00e5 tillg\u00e5ng till praktisk information om varje flygning och r\u00f6relser. Du kommer att f\u00e5 spara dina pengar eftersom du med flygradar alltid \u00e4r ledig och kan sp\u00e5ra vilket plan som helst n\u00e4r du vill.<\/span><\/p>\n<p style=\"text-align: center;\"><span style=\"font-size: 12pt;\">Du kan ocks\u00e5 bes\u00f6ka <a href=\"https:\/\/flugradar24.eu\">Flightradar24<\/a><\/span><\/p>\n<p>&nbsp;<\/p>\n","protected":false},"excerpt":{"rendered":"<p>Flygradar V\u00e4lkommen till Live Flight Radar! Klicka p\u00e5 linsen i radarn f\u00f6r att b\u00f6rja s\u00f6ka. &nbsp; &nbsp; Ange flightnumret Ange ett giltigt flightnummer i s\u00f6kf\u00e4ltet S\u00f6k flygplan (Ett nytt f\u00f6nster\/flik \u00f6ppnas) Snabbguide: Flight Radar F\u00f6rsta alternativet: Klicka p\u00e5 f\u00f6rstoringsglaset &gt; Ange ett giltigt flygnummer och v\u00e4lj det visade flygplanet &gt; Nu sp\u00e5rar du flygningen direkt &#8230; <\/p>\n<p class=\"read-more-container\"><a title=\"Flygradar\" class=\"read-more button\" href=\"https:\/\/flight-tracker24.co.uk\/sv\/flygradar\/#more-713\" aria-label=\"Mer p\u00e5 Flygradar\">Read more<\/a><\/p>\n","protected":false},"author":1,"featured_media":0,"parent":0,"menu_order":0,"comment_status":"closed","ping_status":"closed","template":"","meta":{"footnotes":""},"class_list":["post-713","page","type-page","status-publish"],"yoast_head":"<!-- This site is optimized with the Yoast SEO plugin v26.1.1 - https:\/\/yoast.com\/wordpress\/plugins\/seo\/ -->\n<title>FLYSRADAR | 24\/7 Live Tracking Karta - [Free]<\/title>\n<meta name=\"description\" content=\"Direktflygradar med karta \u2705 F\u00f6lj en flygning med denna gratis globala flygplansradar \u2705 Tusentals anv\u00e4ndare dagligen \u2705 Bara prova sj\u00e4lv \u2705\" \/>\n<meta name=\"robots\" content=\"index, follow, max-snippet:-1, max-image-preview:large, max-video-preview:-1\" \/>\n<link rel=\"canonical\" href=\"https:\/\/flight-tracker24.co.uk\/sv\/flygradar\/\" \/>\n<meta property=\"og:locale\" content=\"sv_SE\" \/>\n<meta property=\"og:type\" content=\"article\" \/>\n<meta property=\"og:title\" content=\"FLYSRADAR | 24\/7 Live Tracking Karta - [Free]\" \/>\n<meta property=\"og:description\" content=\"Direktflygradar med karta \u2705 F\u00f6lj en flygning med denna gratis globala flygplansradar \u2705 Tusentals anv\u00e4ndare dagligen \u2705 Bara prova sj\u00e4lv \u2705\" \/>\n<meta property=\"og:url\" content=\"https:\/\/flight-tracker24.co.uk\/sv\/flygradar\/\" \/>\n<meta property=\"og:site_name\" content=\"Flight-Tracker24\" \/>\n<meta property=\"article:modified_time\" content=\"2022-01-20T08:13:17+00:00\" \/>\n<meta property=\"og:image\" content=\"https:\/\/flight-tracker24.co.uk\/wp-content\/uploads\/2017\/08\/Flugradar-logo-300x248.jpg\" \/>\n<meta name=\"twitter:card\" content=\"summary_large_image\" \/>\n<meta name=\"twitter:label1\" content=\"Ber\u00e4knad l\u00e4stid\" \/>\n\t<meta name=\"twitter:data1\" content=\"6 minuter\" \/>\n<script type=\"application\/ld+json\" class=\"yoast-schema-graph\">{\"@context\":\"https:\/\/schema.org\",\"@graph\":[{\"@type\":\"WebPage\",\"@id\":\"https:\/\/flight-tracker24.co.uk\/sv\/flygradar\/\",\"url\":\"https:\/\/flight-tracker24.co.uk\/sv\/flygradar\/\",\"name\":\"FLYSRADAR | 24\/7 Live Tracking Karta - [Free]\",\"isPartOf\":{\"@id\":\"https:\/\/flight-tracker24.co.uk\/sv\/#website\"},\"primaryImageOfPage\":{\"@id\":\"https:\/\/flight-tracker24.co.uk\/sv\/flygradar\/#primaryimage\"},\"image\":{\"@id\":\"https:\/\/flight-tracker24.co.uk\/sv\/flygradar\/#primaryimage\"},\"thumbnailUrl\":\"https:\/\/flight-tracker24.co.uk\/wp-content\/uploads\/2017\/08\/Flugradar-logo-300x248.jpg\",\"datePublished\":\"2022-01-07T11:13:53+00:00\",\"dateModified\":\"2022-01-20T08:13:17+00:00\",\"description\":\"Direktflygradar med karta \u2705 F\u00f6lj en flygning med denna gratis globala flygplansradar \u2705 Tusentals anv\u00e4ndare dagligen \u2705 Bara prova sj\u00e4lv \u2705\",\"breadcrumb\":{\"@id\":\"https:\/\/flight-tracker24.co.uk\/sv\/flygradar\/#breadcrumb\"},\"inLanguage\":\"sv-SE\",\"potentialAction\":[{\"@type\":\"ReadAction\",\"target\":[\"https:\/\/flight-tracker24.co.uk\/sv\/flygradar\/\"]}]},{\"@type\":\"ImageObject\",\"inLanguage\":\"sv-SE\",\"@id\":\"https:\/\/flight-tracker24.co.uk\/sv\/flygradar\/#primaryimage\",\"url\":\"https:\/\/flight-tracker24.co.uk\/wp-content\/uploads\/2017\/08\/Flugradar-logo-300x248.jpg\",\"contentUrl\":\"https:\/\/flight-tracker24.co.uk\/wp-content\/uploads\/2017\/08\/Flugradar-logo-300x248.jpg\"},{\"@type\":\"BreadcrumbList\",\"@id\":\"https:\/\/flight-tracker24.co.uk\/sv\/flygradar\/#breadcrumb\",\"itemListElement\":[{\"@type\":\"ListItem\",\"position\":1,\"name\":\"Home\",\"item\":\"https:\/\/flight-tracker24.co.uk\/sv\/\"},{\"@type\":\"ListItem\",\"position\":2,\"name\":\"Flygradar\"}]},{\"@type\":\"WebSite\",\"@id\":\"https:\/\/flight-tracker24.co.uk\/sv\/#website\",\"url\":\"https:\/\/flight-tracker24.co.uk\/sv\/\",\"name\":\"Flight-Tracker24\",\"description\":\"Fight-Tracker24 Is Your Online Solution for Tracking Airplanes\",\"publisher\":{\"@id\":\"https:\/\/flight-tracker24.co.uk\/sv\/#organization\"},\"potentialAction\":[{\"@type\":\"SearchAction\",\"target\":{\"@type\":\"EntryPoint\",\"urlTemplate\":\"https:\/\/flight-tracker24.co.uk\/sv\/?s={search_term_string}\"},\"query-input\":{\"@type\":\"PropertyValueSpecification\",\"valueRequired\":true,\"valueName\":\"search_term_string\"}}],\"inLanguage\":\"sv-SE\"},{\"@type\":\"Organization\",\"@id\":\"https:\/\/flight-tracker24.co.uk\/sv\/#organization\",\"name\":\"Flight-Tracker24\",\"url\":\"https:\/\/flight-tracker24.co.uk\/sv\/\",\"logo\":{\"@type\":\"ImageObject\",\"inLanguage\":\"sv-SE\",\"@id\":\"https:\/\/flight-tracker24.co.uk\/sv\/#\/schema\/logo\/image\/\",\"url\":\"https:\/\/flight-tracker24.co.uk\/wp-content\/uploads\/2018\/06\/Flugradar-Logo-footer240.png\",\"contentUrl\":\"https:\/\/flight-tracker24.co.uk\/wp-content\/uploads\/2018\/06\/Flugradar-Logo-footer240.png\",\"width\":\"240\",\"height\":\"47\",\"caption\":\"Flight-Tracker24\"},\"image\":{\"@id\":\"https:\/\/flight-tracker24.co.uk\/sv\/#\/schema\/logo\/image\/\"}}]}<\/script>\n<!-- \/ Yoast SEO plugin. -->","yoast_head_json":{"title":"FLYSRADAR | 24\/7 Live Tracking Karta - [Free]","description":"Direktflygradar med karta \u2705 F\u00f6lj en flygning med denna gratis globala flygplansradar \u2705 Tusentals anv\u00e4ndare dagligen \u2705 Bara prova sj\u00e4lv \u2705","robots":{"index":"index","follow":"follow","max-snippet":"max-snippet:-1","max-image-preview":"max-image-preview:large","max-video-preview":"max-video-preview:-1"},"canonical":"https:\/\/flight-tracker24.co.uk\/sv\/flygradar\/","og_locale":"sv_SE","og_type":"article","og_title":"FLYSRADAR | 24\/7 Live Tracking Karta - [Free]","og_description":"Direktflygradar med karta \u2705 F\u00f6lj en flygning med denna gratis globala flygplansradar \u2705 Tusentals anv\u00e4ndare dagligen \u2705 Bara prova sj\u00e4lv \u2705","og_url":"https:\/\/flight-tracker24.co.uk\/sv\/flygradar\/","og_site_name":"Flight-Tracker24","article_modified_time":"2022-01-20T08:13:17+00:00","og_image":[{"url":"https:\/\/flight-tracker24.co.uk\/wp-content\/uploads\/2017\/08\/Flugradar-logo-300x248.jpg","type":"","width":"","height":""}],"twitter_card":"summary_large_image","twitter_misc":{"Ber\u00e4knad l\u00e4stid":"6 minuter"},"schema":{"@context":"https:\/\/schema.org","@graph":[{"@type":"WebPage","@id":"https:\/\/flight-tracker24.co.uk\/sv\/flygradar\/","url":"https:\/\/flight-tracker24.co.uk\/sv\/flygradar\/","name":"FLYSRADAR | 24\/7 Live Tracking Karta - [Free]","isPartOf":{"@id":"https:\/\/flight-tracker24.co.uk\/sv\/#website"},"primaryImageOfPage":{"@id":"https:\/\/flight-tracker24.co.uk\/sv\/flygradar\/#primaryimage"},"image":{"@id":"https:\/\/flight-tracker24.co.uk\/sv\/flygradar\/#primaryimage"},"thumbnailUrl":"https:\/\/flight-tracker24.co.uk\/wp-content\/uploads\/2017\/08\/Flugradar-logo-300x248.jpg","datePublished":"2022-01-07T11:13:53+00:00","dateModified":"2022-01-20T08:13:17+00:00","description":"Direktflygradar med karta \u2705 F\u00f6lj en flygning med denna gratis globala flygplansradar \u2705 Tusentals anv\u00e4ndare dagligen \u2705 Bara prova sj\u00e4lv \u2705","breadcrumb":{"@id":"https:\/\/flight-tracker24.co.uk\/sv\/flygradar\/#breadcrumb"},"inLanguage":"sv-SE","potentialAction":[{"@type":"ReadAction","target":["https:\/\/flight-tracker24.co.uk\/sv\/flygradar\/"]}]},{"@type":"ImageObject","inLanguage":"sv-SE","@id":"https:\/\/flight-tracker24.co.uk\/sv\/flygradar\/#primaryimage","url":"https:\/\/flight-tracker24.co.uk\/wp-content\/uploads\/2017\/08\/Flugradar-logo-300x248.jpg","contentUrl":"https:\/\/flight-tracker24.co.uk\/wp-content\/uploads\/2017\/08\/Flugradar-logo-300x248.jpg"},{"@type":"BreadcrumbList","@id":"https:\/\/flight-tracker24.co.uk\/sv\/flygradar\/#breadcrumb","itemListElement":[{"@type":"ListItem","position":1,"name":"Home","item":"https:\/\/flight-tracker24.co.uk\/sv\/"},{"@type":"ListItem","position":2,"name":"Flygradar"}]},{"@type":"WebSite","@id":"https:\/\/flight-tracker24.co.uk\/sv\/#website","url":"https:\/\/flight-tracker24.co.uk\/sv\/","name":"Flight-Tracker24","description":"Fight-Tracker24 Is Your Online Solution for Tracking Airplanes","publisher":{"@id":"https:\/\/flight-tracker24.co.uk\/sv\/#organization"},"potentialAction":[{"@type":"SearchAction","target":{"@type":"EntryPoint","urlTemplate":"https:\/\/flight-tracker24.co.uk\/sv\/?s={search_term_string}"},"query-input":{"@type":"PropertyValueSpecification","valueRequired":true,"valueName":"search_term_string"}}],"inLanguage":"sv-SE"},{"@type":"Organization","@id":"https:\/\/flight-tracker24.co.uk\/sv\/#organization","name":"Flight-Tracker24","url":"https:\/\/flight-tracker24.co.uk\/sv\/","logo":{"@type":"ImageObject","inLanguage":"sv-SE","@id":"https:\/\/flight-tracker24.co.uk\/sv\/#\/schema\/logo\/image\/","url":"https:\/\/flight-tracker24.co.uk\/wp-content\/uploads\/2018\/06\/Flugradar-Logo-footer240.png","contentUrl":"https:\/\/flight-tracker24.co.uk\/wp-content\/uploads\/2018\/06\/Flugradar-Logo-footer240.png","width":"240","height":"47","caption":"Flight-Tracker24"},"image":{"@id":"https:\/\/flight-tracker24.co.uk\/sv\/#\/schema\/logo\/image\/"}}]}},"_links":{"self":[{"href":"https:\/\/flight-tracker24.co.uk\/sv\/wp-json\/wp\/v2\/pages\/713","targetHints":{"allow":["GET"]}}],"collection":[{"href":"https:\/\/flight-tracker24.co.uk\/sv\/wp-json\/wp\/v2\/pages"}],"about":[{"href":"https:\/\/flight-tracker24.co.uk\/sv\/wp-json\/wp\/v2\/types\/page"}],"author":[{"embeddable":true,"href":"https:\/\/flight-tracker24.co.uk\/sv\/wp-json\/wp\/v2\/users\/1"}],"replies":[{"embeddable":true,"href":"https:\/\/flight-tracker24.co.uk\/sv\/wp-json\/wp\/v2\/comments?post=713"}],"version-history":[{"count":0,"href":"https:\/\/flight-tracker24.co.uk\/sv\/wp-json\/wp\/v2\/pages\/713\/revisions"}],"wp:attachment":[{"href":"https:\/\/flight-tracker24.co.uk\/sv\/wp-json\/wp\/v2\/media?parent=713"}],"curies":[{"name":"wp","href":"https:\/\/api.w.org\/{rel}","templated":true}]}}