{"id":711,"date":"2022-01-07T11:02:33","date_gmt":"2022-01-07T11:02:33","guid":{"rendered":"https:\/\/flight-tracker24.co.uk\/flight-tracker-24\/"},"modified":"2022-01-20T08:12:58","modified_gmt":"2022-01-20T08:12:58","slug":"flight-tracker-24","status":"publish","type":"page","link":"https:\/\/flight-tracker24.co.uk\/sv\/","title":{"rendered":"Flight Tracker 24"},"content":{"rendered":"<h1 style=\"text-align: center;\"><strong>Flight Tracker 24<\/strong><\/h1>\n<p style=\"text-align: center;\"><span style=\"font-size: 12pt;\"><em><strong>V\u00e4lkommen till Live Flight Tracker 24! Klicka p\u00e5 linsen i radarn f\u00f6r att b\u00f6rja s\u00f6ka.<\/strong><\/em><\/span><\/p>\n<div style=\"width: 100%; height: 0px; margin-top: -80px; margin-right: 0px;\"><\/div>\n<p><script async=\"\" src=\"https:\/\/pagead2.googlesyndication.com\/pagead\/js\/adsbygoogle.js?client=ca-pub-8699335927299131\" crossorigin=\"anonymous\"><\/script><br \/>\n<!-- FT24 Display --><br \/>\n<ins class=\"adsbygoogle\" style=\"display:block\" data-ad-client=\"ca-pub-8699335927299131\" data-ad-slot=\"8291128921\" data-ad-format=\"auto\" data-full-width-responsive=\"true\"><\/ins><br \/>\n<script>\n     (adsbygoogle = window.adsbygoogle || []).push({});\n<\/script><\/p>\n<div style=\"width: 100%; height: 0px; margin-top: -15px; margin-right: 0px;\"><\/div>\n<p>&nbsp;<\/p>\n<figure class=\"full-width\">\n<div class=\"resp-container\"><iframe class=\"resp-iframe\" src=\"https:\/\/www.radarbox24.com\/?widget=1&amp;z=5&amp;lat=46.7&amp;lng=7.6\" height=\"500\" frameborder=\"0\" allowfullscreen=\"allowfullscreen\"><\/iframe><\/div>\n<\/figure>\n<p><script async=\"\" src=\"https:\/\/pagead2.googlesyndication.com\/pagead\/js\/adsbygoogle.js?client=ca-pub-8699335927299131\" crossorigin=\"anonymous\"><\/script><br \/>\n<!-- FT24 Display --><br \/>\n<ins class=\"adsbygoogle\" style=\"display:block\" data-ad-client=\"ca-pub-8699335927299131\" data-ad-slot=\"8291128921\" data-ad-format=\"auto\" data-full-width-responsive=\"true\"><\/ins><br \/>\n<script>\n     (adsbygoogle = window.adsbygoogle || []).push({});\n<\/script><\/p>\n<h2 style=\"text-align: center;\"><strong>Ange flightnumret<\/strong><\/h2>\n<p style=\"text-align: center;\"><em><strong>Ange ett giltigt flightnummer i s\u00f6kf\u00e4ltet<\/strong><\/em><\/p>\n<form class=\"gobing\" style=\"margin:auto;max-width:fit-content\">\n  <input type=\"text\" class=\"form-control\" id=\"search1\" placeholder=\"Ange flightnummer h\u00e4r\"><br \/>\n  <buttongob type=\"submit\" id=\"WFFRB\"><i class=\"fa fa-search\"><\/i>S\u00f6k flygplan<\/buttongob><br \/>\n<\/form>\n<p><script>\njQuery('#WFFRB').on('click', function () {\n    var searchInput = jQuery('#search1').val();\n    var url = \"https:\/\/flightradar.flights\/sv\/\"\n    window.open(url);\n});\n<\/script><br \/>\n<script>\njQuery('#search1').keypress(\n  function(event){\n    if (event.which == '13') {\n      event.preventDefault();\n    }\n});\n<\/script><\/p>\n<p style=\"text-align: center;\"><em><strong>(Ett nytt f\u00f6nster\/flik \u00f6ppnas)<\/strong><\/em><\/p>\n<p><span style=\"font-size: 12pt;\"><strong>Snabbguide: Flight Tracker 24<\/strong><\/span><\/p>\n<ul>\n<li style=\"list-style-type: none;\">\n<ul>\n<li style=\"list-style-type: none;\">\n<ul>\n<li><span style=\"font-size: 12pt;\"><span style=\"color: #ff0000;\">F\u00f6rsta alternativet:<\/span> Klicka p\u00e5 f\u00f6rstoringsglaset &gt; Ange ett giltigt flygnummer och v\u00e4lj det visade flygplanet &gt; Nu sp\u00e5rar du flygningen direkt<\/span><\/li>\n<li><span style=\"font-size: 12pt;\"><span style=\"color: #ff0000;\">2:a m\u00f6jligheten:<\/span> Klicka p\u00e5 f\u00f6rstoringsglaset &gt; Ange en stad med flygplats, t.ex. London eller Manchester och klicka p\u00e5 flygplatsen fr\u00e5n listan &gt; Flight Tracker 24 visar dig alla flyg relaterade till flygplatsen<\/span><\/li>\n<\/ul>\n<\/li>\n<\/ul>\n<p><script async=\"\" src=\"\/\/pagead2.googlesyndication.com\/pagead\/js\/adsbygoogle.js\"><\/script><br \/>\n<!-- FlightLinks --><br \/>\n<ins class=\"adsbygoogle\" style=\"display: block;\" data-ad-client=\"ca-pub-8699335927299131\" data-ad-slot=\"8291128921\" data-ad-format=\"link\"><\/ins><br \/>\n<script><br \/>\n(adsbygoogle = window.adsbygoogle || []).push({});<br \/>\n<\/script><\/li>\n<\/ul>\n<p style=\"text-align: center;\"><span style=\"font-size: 12pt;\"><strong>Video: Snabbguide f\u00f6r Flight Tracker 24<\/strong><\/span><\/p>\n<div class=\"resp-containeryt2\"><iframe loading=\"lazy\" src=\"https:\/\/www.youtube-nocookie.com\/embed\/3zvktnXMJpg\" width=\"560\" height=\"315\" frameborder=\"0\" allowfullscreen=\"allowfullscreen\"><\/iframe><\/div>\n<p style=\"text-align: center;\"><span style=\"font-size: 12pt;\"><strong>V\u00e4nligen navigera till botten av sidan f\u00f6r att betygs\u00e4tta v\u00e5r tj\u00e4nst.<\/strong><\/span><\/p>\n<p>&nbsp;<\/p>\n<h2 style=\"text-align: center;\"><strong><span style=\"color: #ff9900; font-size: 20pt;\">Vad handlar flight tracker 24 om?<\/span><\/strong><\/h2>\n<p style=\"text-align: center;\"><span style=\"font-size: 12pt;\"><img loading=\"lazy\" decoding=\"async\" class=\"alignleft wp-image-573\" src=\"https:\/\/flight-tracker24.co.uk\/wp-content\/uploads\/2017\/08\/Flugradar-app-300x300.jpg\" alt=\"Flight Tracker 24 i platt design med m\u00e4nsklig hand, smartphone och s\u00f6kskylt online.\" width=\"200\" height=\"200\" srcset=\"https:\/\/flight-tracker24.co.uk\/wp-content\/uploads\/2017\/08\/Flugradar-app-300x300.jpg 300w, https:\/\/flight-tracker24.co.uk\/wp-content\/uploads\/2017\/08\/Flugradar-app-150x150.jpg 150w, https:\/\/flight-tracker24.co.uk\/wp-content\/uploads\/2017\/08\/Flugradar-app.jpg 346w\" sizes=\"auto, (max-width: 200px) 100vw, 200px\" \/>Flygsp\u00e5rning \u00e4r processen f\u00f6r att ta reda p\u00e5 om ett flyg anl\u00e4nde till destinationen s\u00e4kert eller om alla arrangemang gick enligt plan. <strong>Den best\u00e5r av en flygmeddelandeteknik som ger dig realtidsinformation<\/strong> och varningar om ankomst- och avg\u00e5ngsstatus f\u00f6r ett flyg. Det \u00e4r det b\u00e4sta s\u00e4ttet att f\u00e5 uppdateringar i realtid och h\u00e5lla kontakten med ett eller flera flyg n\u00e4r det g\u00e4ller deras ankomst- eller avg\u00e5ngsstatus. Du kan till exempel <strong>kunna ta reda p\u00e5 om ditt val har avg\u00e5tt<\/strong>, om det har landat eller om det \u00e4r en \u00e4ndring i den planerade planen.<br \/>\n<strong>Flygsp\u00e5rning \u00e4r helt gratis och \u00e4r aktiv under 365 dagar om \u00e5ret.<\/strong> Det \u00e4r en tj\u00e4nst som kan aktiveras p\u00e5 alla flygningar; n\u00e4r den v\u00e4l \u00e4r aktiverad kommer du att kunna ta emot realtidsinformationen som visas p\u00e5 de offentliga informationsmonitorerna p\u00e5 flygplatsen, och du kommer att forts\u00e4tta att f\u00e5 uppdateringar om ditt flyg fr\u00e5n start till landning. En flygsp\u00e5rare \u00e4r en teknik som anv\u00e4nds f\u00f6r att utf\u00f6ra flygsp\u00e5rning.<br \/>\n<\/span><\/p>\n<p>&nbsp;<\/p>\n<h2 style=\"text-align: center;\"><strong><span style=\"font-size: 20pt;\"><span style=\"color: #ff9900;\">Enkel flight tracker 24 med en karta<\/span><\/span><\/strong><\/h2>\n<p style=\"text-align: center;\"><span style=\"font-size: 12pt;\"><strong>Ett flygsp\u00e5rningssystem online ger dig information i realtid om den aktuella platsen f\u00f6r ett flygplan.<\/strong> Denna funktion \u00e4r inr\u00e4ttad f\u00f6r att hj\u00e4lpa dig f\u00f6lja upp alla flygplan och f\u00e5 all viktig information p\u00e5 ett \u00f6gonkast. P\u00e5 v\u00e5r sida finns en interaktiv karta som visar dig alla flygplan som \u00e4r n\u00e4ra din plats. N\u00e4r du klickar p\u00e5 ett av flygplanen som finns p\u00e5 kartan f\u00e5r du se all information om det tillg\u00e4ngliga flyget i informationsrutan till v\u00e4nster. <strong>Du kan \u00e4ven ange flygnummer i s\u00f6kraden och direkt se all information f\u00f6r \u00f6nskat flyg. <\/strong><\/span><\/p>\n<p style=\"text-align: center;\"><span style=\"font-size: 12pt;\">Flygsp\u00e5raren 24 hj\u00e4lper till att proaktivt hantera resen\u00e4rer genom att tillhandah\u00e5lla flygsp\u00e5rningsinneh\u00e5ll av b\u00e4ttre kvalitet, v\u00e5rt sp\u00e5rningsinneh\u00e5ll ger resen\u00e4rer och de som transporterar dem information om reseavbrott: som antingen kan vara i form av d\u00e5ligt v\u00e4der, flygf\u00f6rseningar och inst\u00e4llda flyg . <\/span><br \/>\n<span style=\"font-size: 12pt;\"><strong>F\u00f6rb\u00e4ttra din resen\u00e4rers upplevelse<\/strong> genom att planera runt f\u00f6rseningar\/inst\u00e4llda flyg och ge dem svar p\u00e5 deras flygstatusfr\u00e5ga. Dessa flygstatus i realtid och flygsp\u00e5rning i realtid kan enkelt integreras i mobilappar och responsiva webbplatser n\u00e4r som helst, var som helst och hur som helst f\u00f6r att leverera viktig och \u00f6vertygande information till b\u00e5de passagerare och webbplatsbes\u00f6kare i en verklig l\u00f6sning \u00f6ver flera enheter. <\/span><\/p>\n<p><script async=\"\" src=\"\/\/pagead2.googlesyndication.com\/pagead\/js\/adsbygoogle.js\"><\/script><br \/>\n<!-- FlightLinks --><br \/>\n<ins class=\"adsbygoogle\" style=\"display: block;\" data-ad-client=\"ca-pub-8699335927299131\" data-ad-slot=\"8291128921\" data-ad-format=\"link\"><\/ins><br \/>\n<script><br \/>\n(adsbygoogle = window.adsbygoogle || []).push({});<br \/>\n<\/script><\/p>\n<h2 style=\"text-align: center;\"><strong><span style=\"font-size: 20pt; color: #ff9900;\">Vilken typ av data kan jag f\u00e5 tillg\u00e5ng till med flight tracker 24?<\/span><\/strong><\/h2>\n<p style=\"text-align: left;\"><img loading=\"lazy\" decoding=\"async\" class=\"alignright wp-image-72 size-medium\" style=\"font-size: 16px;\" src=\"https:\/\/flight-tracker24.co.uk\/wp-content\/uploads\/2017\/08\/P%C3%A4rchen-beobachtet-flugzeug-300x200.jpg\" alt=\"Par som tittar p\u00e5 ett startande flygplan p\u00e5 flygplatsen relaterat till flight tracker 24\" width=\"300\" height=\"200\"><em><span style=\"font-size: 12pt;\">Med flight tracker 24 kommer du att kunna f\u00e5 tillg\u00e5ng till f\u00f6ljande information:<\/span><\/em><\/p>\n<hr>\n<p><strong><span style=\"font-size: 12pt;\">Du kommer att kunna s\u00f6ka flyg baserat p\u00e5 en kombination av f\u00f6ljande egenskaper:<\/span><\/strong><\/p>\n<ul>\n<li><span style=\"font-size: 12pt;\">Flygplanstyp<\/span><\/li>\n<li><span style=\"font-size: 12pt;\">Flyg och svansnummer<\/span><\/li>\n<li><span style=\"font-size: 12pt;\">Ursprungs- och destinationsflygplats<\/span><\/li>\n<li><span style=\"font-size: 12pt;\">Ett l\u00e5g-till-h\u00f6gt omr\u00e5de f\u00f6r markhastighet och h\u00f6jd<\/span><\/li>\n<\/ul>\n<hr>\n<p><strong><span style=\"font-size: 12pt;\">Du kan ocks\u00e5 h\u00e4mta flygdata som:<\/span><\/strong><\/p>\n<ul>\n<li><span style=\"font-size: 12pt;\">Den tidpunkt d\u00e5 den senaste positionen togs emot<\/span><\/li>\n<li><span style=\"font-size: 12pt;\">Longitud, latitud, h\u00f6jd och markhastighet<\/span><\/li>\n<li><span style=\"font-size: 12pt;\">Codeshare information<\/span><\/li>\n<li><span style=\"font-size: 12pt;\">F\u00f6rdr\u00f6jningsber\u00e4kning<\/span><\/li>\n<\/ul>\n<hr>\n<p><strong><span style=\"font-size: 12pt;\">Flygplatser kan ocks\u00e5 ha tillg\u00e5ng till en lista med flyginformation som inkluderar:<\/span><\/strong><\/p>\n<ul>\n<li><span style=\"font-size: 12pt;\">Flyg som har avg\u00e5tt<\/span><\/li>\n<li><span style=\"font-size: 12pt;\">Flyg som har anl\u00e4nt till flygplatsen<\/span><\/li>\n<li><span style=\"font-size: 12pt;\">Flyg som \u00e4r p\u00e5 v\u00e4g till flygplatsen<\/span><\/li>\n<li><span style=\"font-size: 12pt;\">Planerad flygning<\/span><\/li>\n<li><span style=\"font-size: 12pt;\">Foto om flygplanet<\/span> <span style=\"font-size: 12pt;\">och Flygbolaget som k\u00f6r flygningen som du letar efter.<\/span><\/li>\n<\/ul>\n<p>&nbsp;<\/p>\n<h2 style=\"text-align: center;\"><strong><span style=\"color: #ff9900; font-size: 20pt;\">Vilka \u00e4r f\u00f6rdelarna med flight tracker 24?<\/span><\/strong><\/h2>\n<p style=\"text-align: center;\"><em><span style=\"font-size: 12pt;\">Flygsp\u00e5rning har m\u00e5nga f\u00f6rdelar och betydelse f\u00f6r fans av flygplan och flyg, de inkluderar:<\/span><\/em><\/p>\n<hr>\n<p style=\"text-align: left;\"><span style=\"font-size: 12pt;\"><strong>Flygruttvarning:<\/strong> genom <a href=\"https:\/\/flight-tracker24.co.uk\/sv\/plane-tracker\/\" target=\"_blank\" rel=\"noopener noreferrer\">flygsp\u00e5rning<\/a> kan du f\u00e5 tillg\u00e5ng till flygruttsystemet som ger dig kontroll \u00f6ver din f\u00e4rdplan, det g\u00f6r det ocks\u00e5 m\u00f6jligt f\u00f6r flygplanerare att v\u00e4lja den rutt som erbjuder den b\u00e4sta kostnaden och minsta chansen att vara v\u00e4derrelaterad st\u00f6rningar.<\/span><\/p>\n<hr>\n<p style=\"text-align: left;\"><span style=\"font-size: 12pt;\"><strong>Anv\u00e4nd ATC-data f\u00f6r att f\u00e5 mer insikt:<\/strong> n\u00e4rhelst en flygsp\u00e5rningsvarning belyser ett problem kan flygoperationspersonalen se kommunikationen mellan flygplan och ATC i en kortfattad och tydlig text. Detta hj\u00e4lper personalen att bekr\u00e4fta om n\u00e5gon avvikelse har avtalats med ATC.<\/span><\/p>\n<hr>\n<p style=\"text-align: left;\"><span style=\"font-size: 12pt;\"><strong>Automatiserad varning f\u00f6r att hj\u00e4lpa till att hantera stora flottor<\/strong>: du kan vara s\u00e4ker p\u00e5 att flight tracker 24:s automatiska varningsfunktion kan uppt\u00e4cka eventuella problem som kan komma att dyka upp. Efter meddelandet kommer flygsp\u00e5raren att skapa en varning och p\u00e5b\u00f6rja en automatisk sekvens av \u00e5tg\u00e4rder som \u00e4r l\u00e4mpliga.<\/span><\/p>\n<hr>\n<p style=\"text-align: left;\"><span style=\"font-size: 12pt;\"><strong>Agnostiker f\u00f6r flygplan:<\/strong> Genom <a href=\"https:\/\/flightradar.flights\/\" target=\"_blank\" rel=\"noopener noreferrer\">flightradar24<\/a>kan du utrusta ditt flygoperationsteam med f\u00f6rm\u00e5gan att sp\u00e5ra flygplan oavsett vilken kapacitet din flotta har. Flight tracker 24 anv\u00e4nder sig av realtidsdata samt ATC-data och radar fr\u00e5n organisationer runt om i v\u00e4rlden f\u00f6r att tillhandah\u00e5lla v\u00e4rdefull information om flygplanets position.<\/span><\/p>\n<hr>\n<p style=\"text-align: left;\"><span style=\"font-size: 12pt;\"><strong>Korsreferenserad position och h\u00f6guppl\u00f6st data<\/strong>: genom <a href=\"https:\/\/flight-tracker24.co.uk\/sv\/flygradar\/\" target=\"_blank\" rel=\"noopener noreferrer\">flygradar<\/a> kan du sp\u00e5ra ditt flygbolags operationsteam och bes\u00e4ttning med en applikation som samlar tillg\u00e4ngliga positionsdata under flygning fr\u00e5n flera k\u00e4llor. Denna enstaka flygplanspositionsdisplay kommer att g\u00f6ra det l\u00e4ttare f\u00f6r ditt folk att uppr\u00e4tth\u00e5lla en exakt flygplansmedvetenhet. <\/span><\/p>\n<hr>\n<p style=\"text-align: center;\"><em><span style=\"font-size: 12pt;\">Du kommer ocks\u00e5 att kunna ha tillg\u00e5ng till en skalbar t\u00e4ckning, som har f\u00f6ljande egenskaper:<\/span><\/em><\/p>\n<ul>\n<li style=\"list-style-type: none;\">\n<ul>\n<li style=\"text-align: left;\"><span style=\"font-size: 12pt;\">Det hj\u00e4lper till att \u00f6ka sidoint\u00e4kter<\/span><\/li>\n<\/ul>\n<\/li>\n<\/ul>\n<ul>\n<li style=\"list-style-type: none;\">\n<ul>\n<li style=\"text-align: left;\"><span style=\"font-size: 12pt;\">Det hj\u00e4lper till att f\u00f6rb\u00e4ttra passagerarupplevelsen<\/span><\/li>\n<\/ul>\n<\/li>\n<\/ul>\n<ul>\n<li style=\"list-style-type: none;\">\n<ul>\n<li style=\"text-align: left;\"><span style=\"font-size: 12pt;\">Det kommer att f\u00f6rb\u00e4ttra den operativa effektiviteten<\/span><\/li>\n<\/ul>\n<\/li>\n<\/ul>\n<ul>\n<li style=\"list-style-type: none;\">\n<ul>\n<li style=\"text-align: left;\"><span style=\"font-size: 12pt;\">Det kommer att bidra till att f\u00f6rb\u00e4ttra flygbolagens och passagerarnas s\u00e4kerhet<\/span><\/li>\n<\/ul>\n<\/li>\n<\/ul>\n<p>&nbsp;<\/p>\n<h2 style=\"text-align: center;\"><strong><span style=\"color: #ff9900; font-size: 20pt;\">Vad kostar flight tracker 24?<\/span><\/strong><\/h2>\n<p style=\"text-align: center;\"><span style=\"font-size: 12pt;\"><strong>Flight tracker 24 kan anv\u00e4ndas gratis och s\u00e5 ofta du vill.<\/strong> Du kan sp\u00e5ra eller kartl\u00e4gga flygplan som just har flugit \u00f6ver ditt huvud. Genom denna kostnadsfria teknik kommer du att kunna hitta data om flygningar f\u00f6r hela v\u00e4rlden.<\/span><\/p>\n<p style=\"text-align: center;\"><span style=\"font-size: 12pt;\">Beh\u00f6ver du mer information om denna tj\u00e4nst? Kolla d\u00e5 in <a href=\"https:\/\/flugradar24.eu\" target=\"_blank\" rel=\"noopener noreferrer\">Flightradar<\/a><\/span><\/p>\n<p>&nbsp;<\/p>\n","protected":false},"excerpt":{"rendered":"<p>Flight Tracker 24 V\u00e4lkommen till Live Flight Tracker 24! Klicka p\u00e5 linsen i radarn f\u00f6r att b\u00f6rja s\u00f6ka. &nbsp; Ange flightnumret Ange ett giltigt flightnummer i s\u00f6kf\u00e4ltet S\u00f6k flygplan (Ett nytt f\u00f6nster\/flik \u00f6ppnas) Snabbguide: Flight Tracker 24 F\u00f6rsta alternativet: Klicka p\u00e5 f\u00f6rstoringsglaset &gt; Ange ett giltigt flygnummer och v\u00e4lj det visade flygplanet &gt; Nu sp\u00e5rar &#8230; <\/p>\n<p class=\"read-more-container\"><a title=\"Flight Tracker 24\" class=\"read-more button\" href=\"https:\/\/flight-tracker24.co.uk\/sv\/#more-711\" aria-label=\"Mer p\u00e5 Flight Tracker 24\">Read more<\/a><\/p>\n","protected":false},"author":1,"featured_media":0,"parent":0,"menu_order":0,"comment_status":"closed","ping_status":"closed","template":"","meta":{"footnotes":""},"class_list":["post-711","page","type-page","status-publish"],"yoast_head":"<!-- This site is optimized with the Yoast SEO plugin v26.1.1 - https:\/\/yoast.com\/wordpress\/plugins\/seo\/ -->\n<title>FLIGHT TRACKER 24 | 100 % gratis flygsp\u00e5rning live [All Devices]<\/title>\n<meta name=\"description\" content=\"Med Flight Tracker 24 \u2705 Du kan sp\u00e5ra vilket flyg som helst gratis \u2705 F\u00f6lj dina v\u00e4nner som reser i planet \u2705 Missa inte en landning l\u00e4ngre \u2705\" \/>\n<meta name=\"robots\" content=\"index, follow, max-snippet:-1, max-image-preview:large, max-video-preview:-1\" \/>\n<link rel=\"canonical\" href=\"https:\/\/flight-tracker24.co.uk\/sv\/\" \/>\n<meta property=\"og:locale\" content=\"sv_SE\" \/>\n<meta property=\"og:type\" content=\"article\" \/>\n<meta property=\"og:title\" content=\"FLIGHT TRACKER 24 | 100 % gratis flygsp\u00e5rning live [All Devices]\" \/>\n<meta property=\"og:description\" content=\"Med Flight Tracker 24 \u2705 Du kan sp\u00e5ra vilket flyg som helst gratis \u2705 F\u00f6lj dina v\u00e4nner som reser i planet \u2705 Missa inte en landning l\u00e4ngre \u2705\" \/>\n<meta property=\"og:url\" content=\"https:\/\/flight-tracker24.co.uk\/sv\/\" \/>\n<meta property=\"og:site_name\" content=\"Flight-Tracker24\" \/>\n<meta property=\"article:modified_time\" content=\"2022-01-20T08:12:58+00:00\" \/>\n<meta property=\"og:image\" content=\"https:\/\/flight-tracker24.co.uk\/wp-content\/uploads\/2017\/08\/Flugradar-app-300x300.jpg\" \/>\n<meta name=\"twitter:card\" content=\"summary_large_image\" \/>\n<meta name=\"twitter:label1\" content=\"Ber\u00e4knad l\u00e4stid\" \/>\n\t<meta name=\"twitter:data1\" content=\"6 minuter\" \/>\n<script type=\"application\/ld+json\" class=\"yoast-schema-graph\">{\"@context\":\"https:\/\/schema.org\",\"@graph\":[{\"@type\":\"WebPage\",\"@id\":\"https:\/\/flight-tracker24.co.uk\/sv\/\",\"url\":\"https:\/\/flight-tracker24.co.uk\/sv\/\",\"name\":\"FLIGHT TRACKER 24 | 100 % gratis flygsp\u00e5rning live [All Devices]\",\"isPartOf\":{\"@id\":\"https:\/\/flight-tracker24.co.uk\/sv\/#website\"},\"primaryImageOfPage\":{\"@id\":\"https:\/\/flight-tracker24.co.uk\/sv\/#primaryimage\"},\"image\":{\"@id\":\"https:\/\/flight-tracker24.co.uk\/sv\/#primaryimage\"},\"thumbnailUrl\":\"https:\/\/flight-tracker24.co.uk\/wp-content\/uploads\/2017\/08\/Flugradar-app-300x300.jpg\",\"datePublished\":\"2022-01-07T11:02:33+00:00\",\"dateModified\":\"2022-01-20T08:12:58+00:00\",\"description\":\"Med Flight Tracker 24 \u2705 Du kan sp\u00e5ra vilket flyg som helst gratis \u2705 F\u00f6lj dina v\u00e4nner som reser i planet \u2705 Missa inte en landning l\u00e4ngre \u2705\",\"breadcrumb\":{\"@id\":\"https:\/\/flight-tracker24.co.uk\/sv\/#breadcrumb\"},\"inLanguage\":\"sv-SE\",\"potentialAction\":[{\"@type\":\"ReadAction\",\"target\":[\"https:\/\/flight-tracker24.co.uk\/sv\/\"]}]},{\"@type\":\"ImageObject\",\"inLanguage\":\"sv-SE\",\"@id\":\"https:\/\/flight-tracker24.co.uk\/sv\/#primaryimage\",\"url\":\"https:\/\/flight-tracker24.co.uk\/wp-content\/uploads\/2017\/08\/Flugradar-app-300x300.jpg\",\"contentUrl\":\"https:\/\/flight-tracker24.co.uk\/wp-content\/uploads\/2017\/08\/Flugradar-app-300x300.jpg\"},{\"@type\":\"BreadcrumbList\",\"@id\":\"https:\/\/flight-tracker24.co.uk\/sv\/#breadcrumb\",\"itemListElement\":[{\"@type\":\"ListItem\",\"position\":1,\"name\":\"Home\",\"item\":\"https:\/\/flight-tracker24.co.uk\/sv\/\"},{\"@type\":\"ListItem\",\"position\":2,\"name\":\"Flight Tracker 24\"}]},{\"@type\":\"WebSite\",\"@id\":\"https:\/\/flight-tracker24.co.uk\/sv\/#website\",\"url\":\"https:\/\/flight-tracker24.co.uk\/sv\/\",\"name\":\"Flight-Tracker24\",\"description\":\"Fight-Tracker24 Is Your Online Solution for Tracking Airplanes\",\"publisher\":{\"@id\":\"https:\/\/flight-tracker24.co.uk\/sv\/#organization\"},\"potentialAction\":[{\"@type\":\"SearchAction\",\"target\":{\"@type\":\"EntryPoint\",\"urlTemplate\":\"https:\/\/flight-tracker24.co.uk\/sv\/?s={search_term_string}\"},\"query-input\":{\"@type\":\"PropertyValueSpecification\",\"valueRequired\":true,\"valueName\":\"search_term_string\"}}],\"inLanguage\":\"sv-SE\"},{\"@type\":\"Organization\",\"@id\":\"https:\/\/flight-tracker24.co.uk\/sv\/#organization\",\"name\":\"Flight-Tracker24\",\"url\":\"https:\/\/flight-tracker24.co.uk\/sv\/\",\"logo\":{\"@type\":\"ImageObject\",\"inLanguage\":\"sv-SE\",\"@id\":\"https:\/\/flight-tracker24.co.uk\/sv\/#\/schema\/logo\/image\/\",\"url\":\"https:\/\/flight-tracker24.co.uk\/wp-content\/uploads\/2018\/06\/Flugradar-Logo-footer240.png\",\"contentUrl\":\"https:\/\/flight-tracker24.co.uk\/wp-content\/uploads\/2018\/06\/Flugradar-Logo-footer240.png\",\"width\":\"240\",\"height\":\"47\",\"caption\":\"Flight-Tracker24\"},\"image\":{\"@id\":\"https:\/\/flight-tracker24.co.uk\/sv\/#\/schema\/logo\/image\/\"}}]}<\/script>\n<!-- \/ Yoast SEO plugin. -->","yoast_head_json":{"title":"FLIGHT TRACKER 24 | 100 % gratis flygsp\u00e5rning live [All Devices]","description":"Med Flight Tracker 24 \u2705 Du kan sp\u00e5ra vilket flyg som helst gratis \u2705 F\u00f6lj dina v\u00e4nner som reser i planet \u2705 Missa inte en landning l\u00e4ngre \u2705","robots":{"index":"index","follow":"follow","max-snippet":"max-snippet:-1","max-image-preview":"max-image-preview:large","max-video-preview":"max-video-preview:-1"},"canonical":"https:\/\/flight-tracker24.co.uk\/sv\/","og_locale":"sv_SE","og_type":"article","og_title":"FLIGHT TRACKER 24 | 100 % gratis flygsp\u00e5rning live [All Devices]","og_description":"Med Flight Tracker 24 \u2705 Du kan sp\u00e5ra vilket flyg som helst gratis \u2705 F\u00f6lj dina v\u00e4nner som reser i planet \u2705 Missa inte en landning l\u00e4ngre \u2705","og_url":"https:\/\/flight-tracker24.co.uk\/sv\/","og_site_name":"Flight-Tracker24","article_modified_time":"2022-01-20T08:12:58+00:00","og_image":[{"url":"https:\/\/flight-tracker24.co.uk\/wp-content\/uploads\/2017\/08\/Flugradar-app-300x300.jpg","type":"","width":"","height":""}],"twitter_card":"summary_large_image","twitter_misc":{"Ber\u00e4knad l\u00e4stid":"6 minuter"},"schema":{"@context":"https:\/\/schema.org","@graph":[{"@type":"WebPage","@id":"https:\/\/flight-tracker24.co.uk\/sv\/","url":"https:\/\/flight-tracker24.co.uk\/sv\/","name":"FLIGHT TRACKER 24 | 100 % gratis flygsp\u00e5rning live [All Devices]","isPartOf":{"@id":"https:\/\/flight-tracker24.co.uk\/sv\/#website"},"primaryImageOfPage":{"@id":"https:\/\/flight-tracker24.co.uk\/sv\/#primaryimage"},"image":{"@id":"https:\/\/flight-tracker24.co.uk\/sv\/#primaryimage"},"thumbnailUrl":"https:\/\/flight-tracker24.co.uk\/wp-content\/uploads\/2017\/08\/Flugradar-app-300x300.jpg","datePublished":"2022-01-07T11:02:33+00:00","dateModified":"2022-01-20T08:12:58+00:00","description":"Med Flight Tracker 24 \u2705 Du kan sp\u00e5ra vilket flyg som helst gratis \u2705 F\u00f6lj dina v\u00e4nner som reser i planet \u2705 Missa inte en landning l\u00e4ngre \u2705","breadcrumb":{"@id":"https:\/\/flight-tracker24.co.uk\/sv\/#breadcrumb"},"inLanguage":"sv-SE","potentialAction":[{"@type":"ReadAction","target":["https:\/\/flight-tracker24.co.uk\/sv\/"]}]},{"@type":"ImageObject","inLanguage":"sv-SE","@id":"https:\/\/flight-tracker24.co.uk\/sv\/#primaryimage","url":"https:\/\/flight-tracker24.co.uk\/wp-content\/uploads\/2017\/08\/Flugradar-app-300x300.jpg","contentUrl":"https:\/\/flight-tracker24.co.uk\/wp-content\/uploads\/2017\/08\/Flugradar-app-300x300.jpg"},{"@type":"BreadcrumbList","@id":"https:\/\/flight-tracker24.co.uk\/sv\/#breadcrumb","itemListElement":[{"@type":"ListItem","position":1,"name":"Home","item":"https:\/\/flight-tracker24.co.uk\/sv\/"},{"@type":"ListItem","position":2,"name":"Flight Tracker 24"}]},{"@type":"WebSite","@id":"https:\/\/flight-tracker24.co.uk\/sv\/#website","url":"https:\/\/flight-tracker24.co.uk\/sv\/","name":"Flight-Tracker24","description":"Fight-Tracker24 Is Your Online Solution for Tracking Airplanes","publisher":{"@id":"https:\/\/flight-tracker24.co.uk\/sv\/#organization"},"potentialAction":[{"@type":"SearchAction","target":{"@type":"EntryPoint","urlTemplate":"https:\/\/flight-tracker24.co.uk\/sv\/?s={search_term_string}"},"query-input":{"@type":"PropertyValueSpecification","valueRequired":true,"valueName":"search_term_string"}}],"inLanguage":"sv-SE"},{"@type":"Organization","@id":"https:\/\/flight-tracker24.co.uk\/sv\/#organization","name":"Flight-Tracker24","url":"https:\/\/flight-tracker24.co.uk\/sv\/","logo":{"@type":"ImageObject","inLanguage":"sv-SE","@id":"https:\/\/flight-tracker24.co.uk\/sv\/#\/schema\/logo\/image\/","url":"https:\/\/flight-tracker24.co.uk\/wp-content\/uploads\/2018\/06\/Flugradar-Logo-footer240.png","contentUrl":"https:\/\/flight-tracker24.co.uk\/wp-content\/uploads\/2018\/06\/Flugradar-Logo-footer240.png","width":"240","height":"47","caption":"Flight-Tracker24"},"image":{"@id":"https:\/\/flight-tracker24.co.uk\/sv\/#\/schema\/logo\/image\/"}}]}},"_links":{"self":[{"href":"https:\/\/flight-tracker24.co.uk\/sv\/wp-json\/wp\/v2\/pages\/711","targetHints":{"allow":["GET"]}}],"collection":[{"href":"https:\/\/flight-tracker24.co.uk\/sv\/wp-json\/wp\/v2\/pages"}],"about":[{"href":"https:\/\/flight-tracker24.co.uk\/sv\/wp-json\/wp\/v2\/types\/page"}],"author":[{"embeddable":true,"href":"https:\/\/flight-tracker24.co.uk\/sv\/wp-json\/wp\/v2\/users\/1"}],"replies":[{"embeddable":true,"href":"https:\/\/flight-tracker24.co.uk\/sv\/wp-json\/wp\/v2\/comments?post=711"}],"version-history":[{"count":0,"href":"https:\/\/flight-tracker24.co.uk\/sv\/wp-json\/wp\/v2\/pages\/711\/revisions"}],"wp:attachment":[{"href":"https:\/\/flight-tracker24.co.uk\/sv\/wp-json\/wp\/v2\/media?parent=711"}],"curies":[{"name":"wp","href":"https:\/\/api.w.org\/{rel}","templated":true}]}}