{"id":873,"date":"2022-01-26T08:25:20","date_gmt":"2022-01-26T08:25:20","guid":{"rendered":"https:\/\/flight-tracker24.co.uk\/aviz-juridic\/"},"modified":"2022-01-26T08:25:23","modified_gmt":"2022-01-26T08:25:23","slug":"aviz-juridic","status":"publish","type":"page","link":"https:\/\/flight-tracker24.co.uk\/ro\/aviz-juridic\/","title":{"rendered":"Aviz juridic"},"content":{"rendered":"<h2><strong>A lua legatura:<\/strong><\/h2>\n<p>Martin Mrosek<\/p>\n<p>Bruktererhang 19<\/p>\n<p>45277 Essen<\/p>\n<p>Germany<\/p>\n<p>contact: info@flight-tracker24.co.uk<\/p>\n<p>&nbsp;<\/p>\n<p>&nbsp;<\/p>\n<h2>Exonerare de responsabilitate pentru <span class=\"placeholder\" title=\"\" data-toggle=\"tooltip\" data-placement=\"top\" data-original-title=\"Please fill Name of Company\"><span class=\"ng-binding\">Flight-Tracker24.co.uk<\/span><\/span><\/h2>\n<p>Dac\u0103 ave\u021bi nevoie de mai multe informa\u021bii sau ave\u021bi \u00eentreb\u0103ri despre declinarea r\u0103spunderii site-ului nostru, v\u0103 rug\u0103m s\u0103 nu ezita\u021bi s\u0103 ne contacta\u021bi prin e-mail la <span class=\"placeholder\" title=\"\" data-toggle=\"tooltip\" data-placement=\"top\" data-original-title=\"Please fill Email Address\"><span class=\"ng-binding\">info [at] flight-tracker24.co.uk<\/span><\/span>.<\/p>\n<p>Toate informa\u021biile de pe acest site sunt publicate cu bun\u0103-credin\u021b\u0103 \u0219i numai \u00een scop de informare general\u0103. <span class=\"placeholder\" title=\"\" data-toggle=\"tooltip\" data-placement=\"top\" data-original-title=\"Please fill Company's Website\"><span class=\"ng-binding\">Flight-Tracker24.co.uk<\/span><\/span> nu ofer\u0103 nicio garan\u021bie cu privire la caracterul complet, fiabilitatea \u0219i acurate\u021bea acestor informa\u021bii. Orice ac\u021biune pe care o \u00eentreprinde\u021bi asupra informa\u021biilor pe care le g\u0103si\u021bi pe acest site web (<span class=\"placeholder\" title=\"\" data-toggle=\"tooltip\" data-placement=\"top\" data-original-title=\"Please fill Company's Website\"><span class=\"ng-binding\">Flight-Tracker24.co.uk<\/span><\/span>) este strict pe propriul risc. <span class=\"placeholder\" title=\"\" data-toggle=\"tooltip\" data-placement=\"top\" data-original-title=\"Please fill Company's Website\"><span class=\"ng-binding\">Flight-Tracker24.co.uk<\/span><\/span> nu va fi responsabil pentru nicio pierdere \u0219i\/sau daune \u00een leg\u0103tur\u0103 cu utilizarea site-ului nostru.<\/p>\n<p>De pe site-ul nostru web, pute\u021bi vizita alte site-uri web urm\u00e2nd hyperlinkuri c\u0103tre astfel de site-uri externe. De\u0219i ne str\u0103duim s\u0103 oferim numai link-uri de calitate c\u0103tre site-uri web utile \u0219i etice, nu avem niciun control asupra con\u021binutului \u0219i naturii acestor site-uri. Aceste link-uri c\u0103tre alte site-uri web nu implic\u0103 o recomandare pentru tot con\u021binutul g\u0103sit pe aceste site-uri. Proprietarii site-ului \u0219i con\u021binutul se pot schimba f\u0103r\u0103 notificare \u0219i pot ap\u0103rea \u00eenainte de a avea posibilitatea de a elimina un link care s-ar fi putut \u201eproasta\u201d.<\/p>\n<p>V\u0103 rug\u0103m s\u0103 fi\u021bi, de asemenea, con\u0219tien\u021bi de faptul c\u0103, atunci c\u00e2nd p\u0103r\u0103si\u021bi site-ul nostru web, alte site-uri pot avea politici \u0219i termeni de confiden\u021bialitate diferi\u021bi, care sunt \u00een afara controlului nostru. Asigura\u021bi-v\u0103 c\u0103 verifica\u021bi Politicile de confiden\u021bialitate ale acestor site-uri, precum \u0219i \u201eTermenii \u0219i condi\u021biile\u201d acestora \u00eenainte de a v\u0103 angaja \u00een orice afacere sau de a \u00eenc\u0103rca orice informa\u021bie.<\/p>\n<p><strong>Consim\u0163\u0103m\u00e2nt<\/strong><br \/>\nPrin utilizarea site-ului nostru web, sunte\u021bi de acord cu declinarea r\u0103spunderii noastre \u0219i sunte\u021bi de acord cu termenii acesteia.<\/p>\n<p><strong>Actualiza\u021bi<\/strong><\/p>\n<p>\u00cen cazul \u00een care actualiz\u0103m, modific\u0103m sau aducem modific\u0103ri acestui document, aceste modific\u0103ri vor fi publicate vizibil aici.<\/p>\n<p>&nbsp;<\/p>\n","protected":false},"excerpt":{"rendered":"<p>A lua legatura: Martin Mrosek Bruktererhang 19 45277 Essen Germany contact: info@flight-tracker24.co.uk &nbsp; &nbsp; Exonerare de responsabilitate pentru Flight-Tracker24.co.uk Dac\u0103 ave\u021bi nevoie de mai multe informa\u021bii sau ave\u021bi \u00eentreb\u0103ri despre declinarea r\u0103spunderii site-ului nostru, v\u0103 rug\u0103m s\u0103 nu ezita\u021bi s\u0103 ne contacta\u021bi prin e-mail la info [at] flight-tracker24.co.uk. Toate informa\u021biile de pe acest site sunt &#8230; <\/p>\n<p class=\"read-more-container\"><a title=\"Aviz juridic\" class=\"read-more button\" href=\"https:\/\/flight-tracker24.co.uk\/ro\/aviz-juridic\/#more-873\" aria-label=\"More on Aviz juridic\">Read more<\/a><\/p>\n","protected":false},"author":1,"featured_media":0,"parent":0,"menu_order":0,"comment_status":"closed","ping_status":"closed","template":"","meta":{"footnotes":""},"class_list":["post-873","page","type-page","status-publish"],"yoast_head":"<!-- This site is optimized with the Yoast SEO plugin v26.1.1 - https:\/\/yoast.com\/wordpress\/plugins\/seo\/ -->\n<title>Aviz juridic - Flight-Tracker24<\/title>\n<meta name=\"robots\" content=\"index, follow, max-snippet:-1, max-image-preview:large, max-video-preview:-1\" \/>\n<link rel=\"canonical\" href=\"https:\/\/flight-tracker24.co.uk\/ro\/aviz-juridic\/\" \/>\n<meta property=\"og:locale\" content=\"ro_RO\" \/>\n<meta property=\"og:type\" content=\"article\" \/>\n<meta property=\"og:title\" content=\"Aviz juridic - Flight-Tracker24\" \/>\n<meta property=\"og:description\" content=\"A lua legatura: Martin Mrosek Bruktererhang 19 45277 Essen Germany contact: info@flight-tracker24.co.uk &nbsp; &nbsp; Exonerare de responsabilitate pentru Flight-Tracker24.co.uk Dac\u0103 ave\u021bi nevoie de mai multe informa\u021bii sau ave\u021bi \u00eentreb\u0103ri despre declinarea r\u0103spunderii site-ului nostru, v\u0103 rug\u0103m s\u0103 nu ezita\u021bi s\u0103 ne contacta\u021bi prin e-mail la info [at] flight-tracker24.co.uk. Toate informa\u021biile de pe acest site sunt ... Read more\" \/>\n<meta property=\"og:url\" content=\"https:\/\/flight-tracker24.co.uk\/ro\/aviz-juridic\/\" \/>\n<meta property=\"og:site_name\" content=\"Flight-Tracker24\" \/>\n<meta property=\"article:modified_time\" content=\"2022-01-26T08:25:23+00:00\" \/>\n<meta name=\"twitter:card\" content=\"summary_large_image\" \/>\n<meta name=\"twitter:label1\" content=\"Timp estimat pentru citire\" \/>\n\t<meta name=\"twitter:data1\" content=\"2 minute\" \/>\n<script type=\"application\/ld+json\" class=\"yoast-schema-graph\">{\"@context\":\"https:\/\/schema.org\",\"@graph\":[{\"@type\":\"WebPage\",\"@id\":\"https:\/\/flight-tracker24.co.uk\/ro\/aviz-juridic\/\",\"url\":\"https:\/\/flight-tracker24.co.uk\/ro\/aviz-juridic\/\",\"name\":\"Aviz juridic - Flight-Tracker24\",\"isPartOf\":{\"@id\":\"https:\/\/flight-tracker24.co.uk\/ro\/#website\"},\"datePublished\":\"2022-01-26T08:25:20+00:00\",\"dateModified\":\"2022-01-26T08:25:23+00:00\",\"breadcrumb\":{\"@id\":\"https:\/\/flight-tracker24.co.uk\/ro\/aviz-juridic\/#breadcrumb\"},\"inLanguage\":\"ro-RO\",\"potentialAction\":[{\"@type\":\"ReadAction\",\"target\":[\"https:\/\/flight-tracker24.co.uk\/ro\/aviz-juridic\/\"]}]},{\"@type\":\"BreadcrumbList\",\"@id\":\"https:\/\/flight-tracker24.co.uk\/ro\/aviz-juridic\/#breadcrumb\",\"itemListElement\":[{\"@type\":\"ListItem\",\"position\":1,\"name\":\"Home\",\"item\":\"https:\/\/flight-tracker24.co.uk\/ro\/flight-tracker-24\/\"},{\"@type\":\"ListItem\",\"position\":2,\"name\":\"Aviz juridic\"}]},{\"@type\":\"WebSite\",\"@id\":\"https:\/\/flight-tracker24.co.uk\/ro\/#website\",\"url\":\"https:\/\/flight-tracker24.co.uk\/ro\/\",\"name\":\"Flight-Tracker24\",\"description\":\"Fight-Tracker24 Is Your Online Solution for Tracking Airplanes\",\"publisher\":{\"@id\":\"https:\/\/flight-tracker24.co.uk\/ro\/#organization\"},\"potentialAction\":[{\"@type\":\"SearchAction\",\"target\":{\"@type\":\"EntryPoint\",\"urlTemplate\":\"https:\/\/flight-tracker24.co.uk\/ro\/?s={search_term_string}\"},\"query-input\":{\"@type\":\"PropertyValueSpecification\",\"valueRequired\":true,\"valueName\":\"search_term_string\"}}],\"inLanguage\":\"ro-RO\"},{\"@type\":\"Organization\",\"@id\":\"https:\/\/flight-tracker24.co.uk\/ro\/#organization\",\"name\":\"Flight-Tracker24\",\"url\":\"https:\/\/flight-tracker24.co.uk\/ro\/\",\"logo\":{\"@type\":\"ImageObject\",\"inLanguage\":\"ro-RO\",\"@id\":\"https:\/\/flight-tracker24.co.uk\/ro\/#\/schema\/logo\/image\/\",\"url\":\"https:\/\/flight-tracker24.co.uk\/wp-content\/uploads\/2018\/06\/Flugradar-Logo-footer240.png\",\"contentUrl\":\"https:\/\/flight-tracker24.co.uk\/wp-content\/uploads\/2018\/06\/Flugradar-Logo-footer240.png\",\"width\":\"240\",\"height\":\"47\",\"caption\":\"Flight-Tracker24\"},\"image\":{\"@id\":\"https:\/\/flight-tracker24.co.uk\/ro\/#\/schema\/logo\/image\/\"}}]}<\/script>\n<!-- \/ Yoast SEO plugin. -->","yoast_head_json":{"title":"Aviz juridic - Flight-Tracker24","robots":{"index":"index","follow":"follow","max-snippet":"max-snippet:-1","max-image-preview":"max-image-preview:large","max-video-preview":"max-video-preview:-1"},"canonical":"https:\/\/flight-tracker24.co.uk\/ro\/aviz-juridic\/","og_locale":"ro_RO","og_type":"article","og_title":"Aviz juridic - Flight-Tracker24","og_description":"A lua legatura: Martin Mrosek Bruktererhang 19 45277 Essen Germany contact: info@flight-tracker24.co.uk &nbsp; &nbsp; Exonerare de responsabilitate pentru Flight-Tracker24.co.uk Dac\u0103 ave\u021bi nevoie de mai multe informa\u021bii sau ave\u021bi \u00eentreb\u0103ri despre declinarea r\u0103spunderii site-ului nostru, v\u0103 rug\u0103m s\u0103 nu ezita\u021bi s\u0103 ne contacta\u021bi prin e-mail la info [at] flight-tracker24.co.uk. Toate informa\u021biile de pe acest site sunt ... Read more","og_url":"https:\/\/flight-tracker24.co.uk\/ro\/aviz-juridic\/","og_site_name":"Flight-Tracker24","article_modified_time":"2022-01-26T08:25:23+00:00","twitter_card":"summary_large_image","twitter_misc":{"Timp estimat pentru citire":"2 minute"},"schema":{"@context":"https:\/\/schema.org","@graph":[{"@type":"WebPage","@id":"https:\/\/flight-tracker24.co.uk\/ro\/aviz-juridic\/","url":"https:\/\/flight-tracker24.co.uk\/ro\/aviz-juridic\/","name":"Aviz juridic - Flight-Tracker24","isPartOf":{"@id":"https:\/\/flight-tracker24.co.uk\/ro\/#website"},"datePublished":"2022-01-26T08:25:20+00:00","dateModified":"2022-01-26T08:25:23+00:00","breadcrumb":{"@id":"https:\/\/flight-tracker24.co.uk\/ro\/aviz-juridic\/#breadcrumb"},"inLanguage":"ro-RO","potentialAction":[{"@type":"ReadAction","target":["https:\/\/flight-tracker24.co.uk\/ro\/aviz-juridic\/"]}]},{"@type":"BreadcrumbList","@id":"https:\/\/flight-tracker24.co.uk\/ro\/aviz-juridic\/#breadcrumb","itemListElement":[{"@type":"ListItem","position":1,"name":"Home","item":"https:\/\/flight-tracker24.co.uk\/ro\/flight-tracker-24\/"},{"@type":"ListItem","position":2,"name":"Aviz juridic"}]},{"@type":"WebSite","@id":"https:\/\/flight-tracker24.co.uk\/ro\/#website","url":"https:\/\/flight-tracker24.co.uk\/ro\/","name":"Flight-Tracker24","description":"Fight-Tracker24 Is Your Online Solution for Tracking Airplanes","publisher":{"@id":"https:\/\/flight-tracker24.co.uk\/ro\/#organization"},"potentialAction":[{"@type":"SearchAction","target":{"@type":"EntryPoint","urlTemplate":"https:\/\/flight-tracker24.co.uk\/ro\/?s={search_term_string}"},"query-input":{"@type":"PropertyValueSpecification","valueRequired":true,"valueName":"search_term_string"}}],"inLanguage":"ro-RO"},{"@type":"Organization","@id":"https:\/\/flight-tracker24.co.uk\/ro\/#organization","name":"Flight-Tracker24","url":"https:\/\/flight-tracker24.co.uk\/ro\/","logo":{"@type":"ImageObject","inLanguage":"ro-RO","@id":"https:\/\/flight-tracker24.co.uk\/ro\/#\/schema\/logo\/image\/","url":"https:\/\/flight-tracker24.co.uk\/wp-content\/uploads\/2018\/06\/Flugradar-Logo-footer240.png","contentUrl":"https:\/\/flight-tracker24.co.uk\/wp-content\/uploads\/2018\/06\/Flugradar-Logo-footer240.png","width":"240","height":"47","caption":"Flight-Tracker24"},"image":{"@id":"https:\/\/flight-tracker24.co.uk\/ro\/#\/schema\/logo\/image\/"}}]}},"_links":{"self":[{"href":"https:\/\/flight-tracker24.co.uk\/ro\/wp-json\/wp\/v2\/pages\/873","targetHints":{"allow":["GET"]}}],"collection":[{"href":"https:\/\/flight-tracker24.co.uk\/ro\/wp-json\/wp\/v2\/pages"}],"about":[{"href":"https:\/\/flight-tracker24.co.uk\/ro\/wp-json\/wp\/v2\/types\/page"}],"author":[{"embeddable":true,"href":"https:\/\/flight-tracker24.co.uk\/ro\/wp-json\/wp\/v2\/users\/1"}],"replies":[{"embeddable":true,"href":"https:\/\/flight-tracker24.co.uk\/ro\/wp-json\/wp\/v2\/comments?post=873"}],"version-history":[{"count":0,"href":"https:\/\/flight-tracker24.co.uk\/ro\/wp-json\/wp\/v2\/pages\/873\/revisions"}],"wp:attachment":[{"href":"https:\/\/flight-tracker24.co.uk\/ro\/wp-json\/wp\/v2\/media?parent=873"}],"curies":[{"name":"wp","href":"https:\/\/api.w.org\/{rel}","templated":true}]}}