{"id":870,"date":"2022-01-26T08:21:31","date_gmt":"2022-01-26T08:21:31","guid":{"rendered":"https:\/\/flight-tracker24.co.uk\/urmaritor-de-avioane\/"},"modified":"2022-01-26T08:21:34","modified_gmt":"2022-01-26T08:21:34","slug":"urmaritor-de-avioane","status":"publish","type":"page","link":"https:\/\/flight-tracker24.co.uk\/ro\/urmaritor-de-avioane\/","title":{"rendered":"Urm\u0103ritor de avioane"},"content":{"rendered":"<h1 style=\"text-align: center;\"><strong>Urm\u0103ritor de avioane<\/strong><\/h1>\n<p style=\"text-align: center;\"><span style=\"font-size: 12pt;\"><em><strong>Bine a\u021bi venit la urm\u0103ritorul de avioane!<\/strong><\/em><\/span><\/p>\n<p>&nbsp;<\/p>\n<div style=\"width: 100%; height: 0px; margin-top: -80px; margin-right: 0px;\"><\/div>\n<p><script async=\"\" src=\"\/\/pagead2.googlesyndication.com\/pagead\/js\/adsbygoogle.js\"><\/script><br \/>\n<!-- FlightLinks --><br \/>\n<ins class=\"adsbygoogle\" style=\"display: block;\" data-ad-client=\"ca-pub-8699335927299131\" data-ad-slot=\"8291128921\" data-ad-format=\"link\"><\/ins><script>(adsbygoogle = window.adsbygoogle || []).push({});<\/script><\/p>\n<div style=\"width: 100%; height: 0px; margin-top: -15px; margin-right: 0px;\"><\/div>\n<p>&nbsp;<\/p>\n<figure class=\"full-width\">\n<div class=\"resp-container\"><iframe class=\"resp-iframe\" src=\"https:\/\/www.radarbox.com\/?widget=1&amp;z=5&amp;lat=46.7&amp;lng=7.6\" height=\"500\" frameborder=\"0\" allowfullscreen=\"allowfullscreen\"><\/iframe><\/div>\n<\/figure>\n<p><script async=\"\" src=\"\/\/pagead2.googlesyndication.com\/pagead\/js\/adsbygoogle.js\"><\/script><br \/>\n<!-- FlightDisplay --><br \/>\n<ins class=\"adsbygoogle\" style=\"display: block;\" data-ad-client=\"ca-pub-8699335927299131\" data-ad-slot=\"1073730211\" data-ad-format=\"auto\"><\/ins><br \/>\n<script>(adsbygoogle = window.adsbygoogle || []).push({});<\/script><\/p>\n<h2 style=\"text-align: center;\"><strong>Introduce\u021bi num\u0103rul zborului<\/strong><\/h2>\n<p style=\"text-align: center;\"><em><strong>Introduce\u021bi un num\u0103r de zbor valid \u00een baIntroduce\u021bi un num\u0103r de zbor valid \u00een bara de c\u0103utarera de c\u0103utare<\/strong><\/em><\/p>\n<form class=\"gobing\" style=\"margin:auto;max-width:fit-content\">\n  <input type=\"text\" class=\"form-control\" id=\"search1\" placeholder=\"Introduce\u021bi num\u0103rul zborului aici\"><br \/>\n  <buttongob type=\"submit\" id=\"WFFRB\"><i class=\"fa fa-search\"><\/i>Cauta avionul<\/buttongob><br \/>\n<\/form>\n<p><script>\njQuery('#WFFRB').on('click', function () {\n    var searchInput = jQuery('#search1').val();\n    var url = \"https:\/\/flightradar.flights\/en\/\"\n    window.open(url);\n});\n<\/script><br \/>\n<script>\njQuery('#search1').keypress(\n  function(event){\n    if (event.which == '13') {\n      event.preventDefault();\n    }\n});\n<\/script><\/p>\n<p style=\"text-align: center;\"><em><strong>(Se va deschide o nou\u0103 fereastr\u0103\/fil\u0103)<\/strong><\/em><\/p>\n<p><span style=\"font-size: 12pt;\"><strong>Ghid rapid: G\u0103sirea unui avion<\/strong><\/span><\/p>\n<ul>\n<li style=\"list-style-type: none;\">\n<ul>\n<li style=\"list-style-type: none;\">\n<ul>\n<li><span style=\"font-size: 12pt;\"><span style=\"color: #ff0000;\">Prima op\u021biune:<\/span> da\u021bi clic pe lup\u0103 &gt; Introduce\u021bi un num\u0103r de zbor valid \u0219i selecta\u021bi aeronava afi\u0219at\u0103 &gt;d Acum urm\u0103ri\u021bi zborul direct<\/span><\/li>\n<li><span style=\"font-size: 12pt;\"><span style=\"color: #ff0000;\">A doua posibilitate:<\/span> Face\u021bi clic pe lup\u0103 &gt; Introduce\u021bi un ora\u0219 cu aeroport, de ex. Londra sau Manchester \u0219i face\u021bi clic pe aeroportul din list\u0103 &gt; Trackerul avionului v\u0103 va afi\u0219a toate zborurile legate de aeroport<\/span><\/li>\n<\/ul>\n<\/li>\n<\/ul>\n<p><script async=\"\" src=\"\/\/pagead2.googlesyndication.com\/pagead\/js\/adsbygoogle.js\"><\/script><br \/>\n<!-- FlightLinks --><br \/>\n<ins class=\"adsbygoogle\" style=\"display: block;\" data-ad-client=\"ca-pub-8699335927299131\" data-ad-slot=\"8291128921\" data-ad-format=\"link\"><\/ins><br \/>\n<script><br \/>\n(adsbygoogle = window.adsbygoogle || []).push({});<br \/>\n<\/script><\/li>\n<\/ul>\n<p style=\"text-align: center;\"><span style=\"font-size: 12pt;\"><strong>Video: Ghid rapid pentru urm\u0103ritorul de avioane<\/strong><\/span><\/p>\n<div class=\"resp-containeryt2\"><iframe loading=\"lazy\" src=\"https:\/\/www.youtube-nocookie.com\/embed\/3zvktnXMJpg\" width=\"560\" height=\"315\" frameborder=\"0\" allowfullscreen=\"allowfullscreen\"><\/iframe><\/div>\n<p style=\"text-align: center;\"><span style=\"font-size: 12pt;\"><strong>V\u0103 rug\u0103m s\u0103 naviga\u021bi \u00een partea de jos a paginii pentru a evalua serviciul nostru.<\/strong><\/span><\/p>\n<p>&nbsp;<\/p>\n<h2 style=\"text-align: center;\"><span style=\"font-size: 20pt;\"><strong><span style=\"color: #ff9900;\">Ce este avionul de urm\u0103rire?<\/span><\/strong><\/span><\/h2>\n<p style=\"text-align: center;\"><span style=\"font-size: 12pt;\"><strong>Plane Tracker este un serviciu de urm\u0103rire a zborurilor \u00een timp real care poate afi\u0219a informa\u021bii despre avioane de pe tot globul.<\/strong> Prezint\u0103 date precum: <strong>c\u00e2t de repede se mi\u0219c\u0103 un avion, num\u0103rul zborului s\u0103u, altitudinea \u0219i destina\u021bia c\u0103l\u0103toriei.<\/strong> Browserele web pot evalua harta de urm\u0103rire a zborurilor \u0219i baza de date, de asemenea, mai multe variante ale serviciului sunt disponibile ca aplica\u021bii mobile, inclusiv versiunea gratuit\u0103, \u00een realitate augmentat\u0103 \u0219i 3D premium. Plane Tracker permite utilizatorilor care sunt \u00eenregistra\u021bi s\u0103-\u0219i partajeze datele MLAT \u0219i ADS-B prin clientul Plane Tracker ADS-B disponibil pentru Linux, Windows \u0219i macOS. Plane Tracker accept\u0103 h\u0103r\u021bi VFR de la NATS; aceasta a fost prima aplica\u021bie important\u0103 de urm\u0103rire a zborurilor care a reluat func\u021bia.<\/span><br \/>\n<span style=\"font-size: 12pt;\"><strong>Plane Tracker ofer\u0103 urm\u0103rirea aeronavelor \u00een timp real pentru profesioni\u0219ti, pasiona\u021bi sau oricui se uit\u0103 \u00een sus la un avion cu impresia \u201eM\u0103 \u00eentreb unde vor acei oameni\u201d.<\/strong><\/span><\/p>\n<p>&nbsp;<\/p>\n<h2 style=\"text-align: center;\"><img loading=\"lazy\" decoding=\"async\" class=\"wp-image-834 size-medium alignright\" style=\"font-size: 16px;\" src=\"https:\/\/flight-tracker24.co.uk\/wp-content\/uploads\/2017\/08\/radio-telescope-1031303_640-300x200.jpg\" alt=\"G\u0103sitor de avioane - Telescopul radar\" width=\"300\" height=\"200\" srcset=\"https:\/\/flight-tracker24.co.uk\/wp-content\/uploads\/2017\/08\/radio-telescope-1031303_640-300x200.jpg 300w, https:\/\/flight-tracker24.co.uk\/wp-content\/uploads\/2017\/08\/radio-telescope-1031303_640.jpg 640w\" sizes=\"auto, (max-width: 300px) 100vw, 300px\" \/><span style=\"font-size: 20pt;\"><strong><span style=\"color: #ff9900;\">Ce po\u021bi face cu avionul de urm\u0103rire?<\/span><\/strong><\/span><\/h2>\n<p style=\"text-align: center;\"><span style=\"font-size: 12pt;\"><strong>Cu Plane Tracker, pute\u021bi avea acces la o hart\u0103 a lumii cu peste 12.000 de avioane care se mi\u0219c\u0103 \u00een timp real<\/strong>, cu o func\u021bie de c\u0103utare, astfel \u00eenc\u00e2t s\u0103 pute\u021bi localiza unde se afl\u0103 \u00een prezent zborul pe care \u00eel urm\u0103ri\u021bi. Harta poate fi folosit\u0103 \u0219i pentru a afla \u0219i alte informa\u021bii utile, cum ar fi congestionarea traficului la pista de aterizare; acest lucru v\u0103 permite s\u0103 \u0219ti\u021bi dac\u0103 pasagerii vor fi disponibili pentru preluare sau nu.<\/span><br \/>\n<span style=\"font-size: 12pt;\">Cu Plane Tracker pute\u021bi face o fotografie a cerului \u0219i pute\u021bi vedea ce zboruri sunt deasupra dvs. prin conceptul de AR, acest <strong>lucru v\u0103 poate ajuta c\u00e2nd ghici\u021bi c\u00e2t timp v\u0103 va dura s\u0103 a\u0219tepta\u021bi s\u0103 ridica\u021bi un pasager dup\u0103 sosire.<\/strong><\/span><\/p>\n<p>&nbsp;<\/p>\n<h2 style=\"text-align: center;\"><span style=\"font-size: 20pt;\"><strong><span style=\"color: #ff9900;\">Cum func\u021bioneaz\u0103 Plane Tracker ADS-B Tracking?<\/span><\/strong><\/span><\/h2>\n<p style=\"text-align: center;\"><span style=\"font-size: 12pt;\">Plane Tracker are o re\u021bea <strong>global\u0103 de radare de anten\u0103 \u0219i fluxuri de date care primesc date transmise direct de la aeronave<\/strong>pentru urm\u0103rirea zborului. <strong>Tehnologia primar\u0103 folosit\u0103 este MLAT \u0219i ADS-B, ar\u0103t\u0103m \u0219i fluxuri de la FLARM glider feed \u0219i FAA.<\/strong><\/span><br \/>\n<span style=\"font-size: 12pt;\">Suntem con\u0219tien\u021bi de faptul c\u0103 site-ul nostru web \u0219i aplica\u021biile de urm\u0103rire a zborurilor Plane Tracker sunt utilizate de un num\u0103r mare de persoane, inclusiv de profesioni\u0219ti din avia\u021bie, cum ar fi echipajul de la sol, pilo\u021bi, pasiona\u021bi de avia\u021bie, observatori de avioane, oricine este curios despre avioanele deasupra capului \u0219i cei care doresc s\u0103 urm\u0103reasc\u0103 un prieten.<\/span><br \/>\n<span style=\"font-size: 12pt;\">Plane Tracker este \u00eentotdeauna insensibil la interferen\u021be. \u00cenainte de inventarea <a href=\"https:\/flightradar.flights\/\" target=\"_blank\" rel=\"noopener noreferrer\">radarului de zbor<\/a> online, toat\u0103 lumea a experimentat \u00eentotdeauna acest sentiment inconfortabil \u0219i \u00eengrijorare constant\u0103 ori de c\u00e2te ori prietenii sau membrii familiei lor se afl\u0103 \u00eentr-un avion. Aceste vremuri au trecut; \u00een prezent, cu Plane Tracker live, pute\u021bi merge la bord \u0219i v\u0103 pute\u021bi \u00eenso\u021bi pe cei dragi oric\u00e2nd dori\u021bi.<\/span><\/p>\n<p>&nbsp;<\/p>\n<h2 style=\"text-align: center;\"><span style=\"font-size: 20pt;\"><strong><span style=\"color: #ff9900;\">Urm\u0103rirea zborului ADS-B<\/span><\/strong><\/span><\/h2>\n<p style=\"text-align: center;\"><span style=\"font-size: 12pt;\">Datele ADS-B sunt utilizate \u00een toat\u0103 industria avia\u021biei pentru a spori siguran\u021ba \u0219i a cre\u0219te eficien\u021ba; este o tehnologie care este benefic\u0103 pentru pasageri, pentru economia global\u0103 \u0219i pentru mediu. Majoritatea aeronavelor comerciale \u00ee\u0219i transmit pozi\u021bia, indicativul de apel, viteza \u0219i multe altele.<\/span><br \/>\n<span style=\"font-size: 12pt;\">Avem peste 1000 de receptoare \u0219i fluxuri de date \u00een \u00eentreaga lume care trimit informa\u021bii c\u0103tre serverele noastre. Serverele noastre \u00eembun\u0103t\u0103\u021besc datele ADS-B cu informa\u021bii suplimentare, cum ar fi aeroportul de plecare, num\u0103rul de \u00eenregistrare\/coada aeronavei, ilustra\u021bia, destina\u021bia \u0219i fotografiile.<\/span><br \/>\n<span style=\"font-size: 12pt;\">ADS-B folose\u0219te avionica \u00een interiorul unei aeronave pentru a comunica cu sateli\u021bii GPS pe orbit\u0103 \u0219i pentru a transmite date despre: indicativ de apel, direc\u021bie, altitudine, vitez\u0103, pozi\u021bie, num\u0103r de zgomot, teren, vreme, trafic \u0219i informa\u021bii. Beneficiile acestei tehnologii de urm\u0103rire a zborului sunt siguran\u021ba \u0219i managementul.<\/span><\/p>\n<p>&nbsp;<\/p>\n<h2 style=\"text-align: center;\"><span style=\"font-size: 20pt;\"><strong><span style=\"color: #ff9900;\"> Ce este un radar?<\/span><\/strong><\/span><\/h2>\n<p style=\"text-align: center;\"><span style=\"font-size: 12pt;\">Radar este un acronim care \u00eenseamn\u0103 <em><strong>detec\u021bie \u0219i distan\u021b\u0103 radio.<\/strong><\/em> Este un sistem care func\u021bioneaz\u0103 de obicei \u00een partea de microunde a unui spectru de frecven\u021b\u0103 radio sau de frecven\u021b\u0103 ultra-\u00eenalt\u0103; este folosit pentru a detecta pozi\u021bia \u0219i mi\u0219c\u0103rile obiectelor. Radarele sunt utilizate pe scar\u0103 larg\u0103 \u00een naviga\u021bia aeronautic\u0103, naviga\u021bia maritim\u0103 \u0219i controlul traficului aerian. Aeronava de ast\u0103zi se bazeaz\u0103 pe controlul traficului aerian, care include \u0219i serviciul de informa\u021bii de zbor. <\/span><\/p>\n<p>&nbsp;<\/p>\n<h2 style=\"text-align: center;\"><span style=\"font-size: 20pt;\"><strong><span style=\"color: #ff9900;\">Cum func\u021bioneaz\u0103 radarele?<\/span><\/strong><\/span><\/h2>\n<p style=\"text-align: center;\"><span style=\"font-size: 12pt;\"><strong>Fiecare receptor de cutie radar este proiectat pentru a partaja informa\u021bii de zbor \u00een timp real c\u0103tre serverele sistemului AirNav.<\/strong> Datele provin de la peste mii de receptori din \u00eentreaga lume, dup\u0103 colectare sunt prelucrate \u00een continuare. Acestea sunt datele care vor fi utilizate \u00een mai multe solu\u021bii de avia\u021bie; poate fi accesat prin browsere web sau solu\u021bii mobile.<\/span><\/p>\n<p>&nbsp;<\/p>\n<h2 style=\"text-align: center;\"><span style=\"font-size: 20pt;\"><strong><span style=\"color: #ff9900;\">Ce este at\u00e2t de special la urm\u0103ritorul de avioane online?<\/span><\/strong><\/span><\/h2>\n<p style=\"text-align: center;\"><span style=\"font-size: 12pt;\">Mul\u021bi oameni au fost \u00eentotdeauna impresiona\u021bi de avioane. Urm\u0103rirea unui avion prin intermediul unui Plane Tracker are o mul\u021bime de beneficii, acest serviciu put\u00e2nd fi accesat de oriunde. Singurele cerin\u021be necesare pentru a accesa informa\u021biile sunt o conexiune la internet \u0219i un dispozitiv compatibil cu internet. Verificatorul de avioane pe care \u00eel avem pe site-ul nostru este gratuit \u0219i, odat\u0103 cu acesta, pute\u021bi avea <strong>acces la date \u00een timp real.<\/strong><\/span><br \/>\n<span style=\"font-size: 12pt;\">Cu instrumentul de urm\u0103rire a avionului de pe site-ul nostru, e\u0219ti mereu online \u0219i \u00een direct. Ve\u021bi avea ocazia s\u0103 face\u021bi alegerile corecte c\u00e2nd vine vorba de <a href=\"https:\/\/flight-tracker24.co.uk\/plane-tracker\/\" target=\"_blank\" rel=\"noopener noreferrer\">urm\u0103rirea avioanelor<\/a>; pute\u021bi oric\u00e2nd s\u0103 urm\u0103ri\u021bi pagina noastr\u0103 pe desktop, tablet\u0103 sau smartphone. Acest lucru v\u0103 economise\u0219te spa\u021biu \u0219i v\u0103 permite s\u0103 v\u0103 bucura\u021bi de priveli\u0219te.<\/span><\/p>\n<p>&nbsp;<\/p>\n<h2 style=\"text-align: center;\"><span style=\"font-size: 20pt;\"><strong><span style=\"color: #ff9900;\">Urm\u0103rire gratuit\u0103 a avionului \u00een direct<\/span><\/strong><\/span><\/h2>\n<p style=\"text-align: center;\"><span style=\"font-size: 12pt;\"><strong>Verificarea avionului pe trackerul de zbor este complet gratuit\u0103.<\/strong> Oriunde v\u0103 afla\u021bi, pute\u021bi avea acces la informa\u021bii practice despre fiecare avion \u0219i mi\u0219c\u0103ri. Ve\u021bi putea economisi banii pentru c\u0103, cu radarul de zbor, sunte\u021bi \u00eentotdeauna liber \u0219i <strong>pute\u021bi urm\u0103ri orice avion oric\u00e2nd dori\u021bi.<\/strong> Dac\u0103 ave\u021bi nevoie de mai multe func\u021bii, pute\u021bi vizita <a href=\"https:\/\/flugradar24.eu\/en\">Flightradar24<\/a> pentru mai multe detalii<\/span><\/p>\n<p>&nbsp;<\/p>\n","protected":false},"excerpt":{"rendered":"<p>Urm\u0103ritor de avioane Bine a\u021bi venit la urm\u0103ritorul de avioane! &nbsp; &nbsp; Introduce\u021bi num\u0103rul zborului Introduce\u021bi un num\u0103r de zbor valid \u00een baIntroduce\u021bi un num\u0103r de zbor valid \u00een bara de c\u0103utarera de c\u0103utare Cauta avionul (Se va deschide o nou\u0103 fereastr\u0103\/fil\u0103) Ghid rapid: G\u0103sirea unui avion Prima op\u021biune: da\u021bi clic pe lup\u0103 &gt; Introduce\u021bi &#8230; <\/p>\n<p class=\"read-more-container\"><a title=\"Urm\u0103ritor de avioane\" class=\"read-more button\" href=\"https:\/\/flight-tracker24.co.uk\/ro\/urmaritor-de-avioane\/#more-870\" aria-label=\"More on Urm\u0103ritor de avioane\">Read more<\/a><\/p>\n","protected":false},"author":1,"featured_media":0,"parent":0,"menu_order":0,"comment_status":"closed","ping_status":"closed","template":"","meta":{"footnotes":""},"class_list":["post-870","page","type-page","status-publish"],"yoast_head":"<!-- This site is optimized with the Yoast SEO plugin v26.1.1 - https:\/\/yoast.com\/wordpress\/plugins\/seo\/ -->\n<title>Urm\u0103ritor de avioane | G\u0103si\u021bi fiecare avion pe care \u00eel c\u0103uta\u021bi [LIVE]<\/title>\n<meta name=\"description\" content=\"Urm\u0103ritor de avioane gratuit \u2705 V\u0103 ofer\u0103 cele mai importante informa\u021bii \u2705 Despre aeronava dorit\u0103 \u2705 Verific\u0103-l aici! \u2705 100% \u00een direct \u2705\" \/>\n<meta name=\"robots\" content=\"index, follow, max-snippet:-1, max-image-preview:large, max-video-preview:-1\" \/>\n<link rel=\"canonical\" href=\"https:\/\/flight-tracker24.co.uk\/ro\/urmaritor-de-avioane\/\" \/>\n<meta property=\"og:locale\" content=\"ro_RO\" \/>\n<meta property=\"og:type\" content=\"article\" \/>\n<meta property=\"og:title\" content=\"Urm\u0103ritor de avioane | G\u0103si\u021bi fiecare avion pe care \u00eel c\u0103uta\u021bi [LIVE]\" \/>\n<meta property=\"og:description\" content=\"Urm\u0103ritor de avioane gratuit \u2705 V\u0103 ofer\u0103 cele mai importante informa\u021bii \u2705 Despre aeronava dorit\u0103 \u2705 Verific\u0103-l aici! \u2705 100% \u00een direct \u2705\" \/>\n<meta property=\"og:url\" content=\"https:\/\/flight-tracker24.co.uk\/ro\/urmaritor-de-avioane\/\" \/>\n<meta property=\"og:site_name\" content=\"Flight-Tracker24\" \/>\n<meta property=\"article:modified_time\" content=\"2022-01-26T08:21:34+00:00\" \/>\n<meta property=\"og:image\" content=\"https:\/\/flight-tracker24.co.uk\/wp-content\/uploads\/2017\/08\/radio-telescope-1031303_640-300x200.jpg\" \/>\n<meta name=\"twitter:card\" content=\"summary_large_image\" \/>\n<meta name=\"twitter:label1\" content=\"Timp estimat pentru citire\" \/>\n\t<meta name=\"twitter:data1\" content=\"6 minute\" \/>\n<script type=\"application\/ld+json\" class=\"yoast-schema-graph\">{\"@context\":\"https:\/\/schema.org\",\"@graph\":[{\"@type\":\"WebPage\",\"@id\":\"https:\/\/flight-tracker24.co.uk\/ro\/urmaritor-de-avioane\/\",\"url\":\"https:\/\/flight-tracker24.co.uk\/ro\/urmaritor-de-avioane\/\",\"name\":\"Urm\u0103ritor de avioane | G\u0103si\u021bi fiecare avion pe care \u00eel c\u0103uta\u021bi [LIVE]\",\"isPartOf\":{\"@id\":\"https:\/\/flight-tracker24.co.uk\/ro\/#website\"},\"primaryImageOfPage\":{\"@id\":\"https:\/\/flight-tracker24.co.uk\/ro\/urmaritor-de-avioane\/#primaryimage\"},\"image\":{\"@id\":\"https:\/\/flight-tracker24.co.uk\/ro\/urmaritor-de-avioane\/#primaryimage\"},\"thumbnailUrl\":\"https:\/\/flight-tracker24.co.uk\/wp-content\/uploads\/2017\/08\/radio-telescope-1031303_640-300x200.jpg\",\"datePublished\":\"2022-01-26T08:21:31+00:00\",\"dateModified\":\"2022-01-26T08:21:34+00:00\",\"description\":\"Urm\u0103ritor de avioane gratuit \u2705 V\u0103 ofer\u0103 cele mai importante informa\u021bii \u2705 Despre aeronava dorit\u0103 \u2705 Verific\u0103-l aici! \u2705 100% \u00een direct \u2705\",\"breadcrumb\":{\"@id\":\"https:\/\/flight-tracker24.co.uk\/ro\/urmaritor-de-avioane\/#breadcrumb\"},\"inLanguage\":\"ro-RO\",\"potentialAction\":[{\"@type\":\"ReadAction\",\"target\":[\"https:\/\/flight-tracker24.co.uk\/ro\/urmaritor-de-avioane\/\"]}]},{\"@type\":\"ImageObject\",\"inLanguage\":\"ro-RO\",\"@id\":\"https:\/\/flight-tracker24.co.uk\/ro\/urmaritor-de-avioane\/#primaryimage\",\"url\":\"https:\/\/flight-tracker24.co.uk\/wp-content\/uploads\/2017\/08\/radio-telescope-1031303_640-300x200.jpg\",\"contentUrl\":\"https:\/\/flight-tracker24.co.uk\/wp-content\/uploads\/2017\/08\/radio-telescope-1031303_640-300x200.jpg\"},{\"@type\":\"BreadcrumbList\",\"@id\":\"https:\/\/flight-tracker24.co.uk\/ro\/urmaritor-de-avioane\/#breadcrumb\",\"itemListElement\":[{\"@type\":\"ListItem\",\"position\":1,\"name\":\"Home\",\"item\":\"https:\/\/flight-tracker24.co.uk\/ro\/flight-tracker-24\/\"},{\"@type\":\"ListItem\",\"position\":2,\"name\":\"Urm\u0103ritor de avioane\"}]},{\"@type\":\"WebSite\",\"@id\":\"https:\/\/flight-tracker24.co.uk\/ro\/#website\",\"url\":\"https:\/\/flight-tracker24.co.uk\/ro\/\",\"name\":\"Flight-Tracker24\",\"description\":\"Fight-Tracker24 Is Your Online Solution for Tracking Airplanes\",\"publisher\":{\"@id\":\"https:\/\/flight-tracker24.co.uk\/ro\/#organization\"},\"potentialAction\":[{\"@type\":\"SearchAction\",\"target\":{\"@type\":\"EntryPoint\",\"urlTemplate\":\"https:\/\/flight-tracker24.co.uk\/ro\/?s={search_term_string}\"},\"query-input\":{\"@type\":\"PropertyValueSpecification\",\"valueRequired\":true,\"valueName\":\"search_term_string\"}}],\"inLanguage\":\"ro-RO\"},{\"@type\":\"Organization\",\"@id\":\"https:\/\/flight-tracker24.co.uk\/ro\/#organization\",\"name\":\"Flight-Tracker24\",\"url\":\"https:\/\/flight-tracker24.co.uk\/ro\/\",\"logo\":{\"@type\":\"ImageObject\",\"inLanguage\":\"ro-RO\",\"@id\":\"https:\/\/flight-tracker24.co.uk\/ro\/#\/schema\/logo\/image\/\",\"url\":\"https:\/\/flight-tracker24.co.uk\/wp-content\/uploads\/2018\/06\/Flugradar-Logo-footer240.png\",\"contentUrl\":\"https:\/\/flight-tracker24.co.uk\/wp-content\/uploads\/2018\/06\/Flugradar-Logo-footer240.png\",\"width\":\"240\",\"height\":\"47\",\"caption\":\"Flight-Tracker24\"},\"image\":{\"@id\":\"https:\/\/flight-tracker24.co.uk\/ro\/#\/schema\/logo\/image\/\"}}]}<\/script>\n<!-- \/ Yoast SEO plugin. -->","yoast_head_json":{"title":"Urm\u0103ritor de avioane | G\u0103si\u021bi fiecare avion pe care \u00eel c\u0103uta\u021bi [LIVE]","description":"Urm\u0103ritor de avioane gratuit \u2705 V\u0103 ofer\u0103 cele mai importante informa\u021bii \u2705 Despre aeronava dorit\u0103 \u2705 Verific\u0103-l aici! \u2705 100% \u00een direct \u2705","robots":{"index":"index","follow":"follow","max-snippet":"max-snippet:-1","max-image-preview":"max-image-preview:large","max-video-preview":"max-video-preview:-1"},"canonical":"https:\/\/flight-tracker24.co.uk\/ro\/urmaritor-de-avioane\/","og_locale":"ro_RO","og_type":"article","og_title":"Urm\u0103ritor de avioane | G\u0103si\u021bi fiecare avion pe care \u00eel c\u0103uta\u021bi [LIVE]","og_description":"Urm\u0103ritor de avioane gratuit \u2705 V\u0103 ofer\u0103 cele mai importante informa\u021bii \u2705 Despre aeronava dorit\u0103 \u2705 Verific\u0103-l aici! \u2705 100% \u00een direct \u2705","og_url":"https:\/\/flight-tracker24.co.uk\/ro\/urmaritor-de-avioane\/","og_site_name":"Flight-Tracker24","article_modified_time":"2022-01-26T08:21:34+00:00","og_image":[{"url":"https:\/\/flight-tracker24.co.uk\/wp-content\/uploads\/2017\/08\/radio-telescope-1031303_640-300x200.jpg","type":"","width":"","height":""}],"twitter_card":"summary_large_image","twitter_misc":{"Timp estimat pentru citire":"6 minute"},"schema":{"@context":"https:\/\/schema.org","@graph":[{"@type":"WebPage","@id":"https:\/\/flight-tracker24.co.uk\/ro\/urmaritor-de-avioane\/","url":"https:\/\/flight-tracker24.co.uk\/ro\/urmaritor-de-avioane\/","name":"Urm\u0103ritor de avioane | G\u0103si\u021bi fiecare avion pe care \u00eel c\u0103uta\u021bi [LIVE]","isPartOf":{"@id":"https:\/\/flight-tracker24.co.uk\/ro\/#website"},"primaryImageOfPage":{"@id":"https:\/\/flight-tracker24.co.uk\/ro\/urmaritor-de-avioane\/#primaryimage"},"image":{"@id":"https:\/\/flight-tracker24.co.uk\/ro\/urmaritor-de-avioane\/#primaryimage"},"thumbnailUrl":"https:\/\/flight-tracker24.co.uk\/wp-content\/uploads\/2017\/08\/radio-telescope-1031303_640-300x200.jpg","datePublished":"2022-01-26T08:21:31+00:00","dateModified":"2022-01-26T08:21:34+00:00","description":"Urm\u0103ritor de avioane gratuit \u2705 V\u0103 ofer\u0103 cele mai importante informa\u021bii \u2705 Despre aeronava dorit\u0103 \u2705 Verific\u0103-l aici! \u2705 100% \u00een direct \u2705","breadcrumb":{"@id":"https:\/\/flight-tracker24.co.uk\/ro\/urmaritor-de-avioane\/#breadcrumb"},"inLanguage":"ro-RO","potentialAction":[{"@type":"ReadAction","target":["https:\/\/flight-tracker24.co.uk\/ro\/urmaritor-de-avioane\/"]}]},{"@type":"ImageObject","inLanguage":"ro-RO","@id":"https:\/\/flight-tracker24.co.uk\/ro\/urmaritor-de-avioane\/#primaryimage","url":"https:\/\/flight-tracker24.co.uk\/wp-content\/uploads\/2017\/08\/radio-telescope-1031303_640-300x200.jpg","contentUrl":"https:\/\/flight-tracker24.co.uk\/wp-content\/uploads\/2017\/08\/radio-telescope-1031303_640-300x200.jpg"},{"@type":"BreadcrumbList","@id":"https:\/\/flight-tracker24.co.uk\/ro\/urmaritor-de-avioane\/#breadcrumb","itemListElement":[{"@type":"ListItem","position":1,"name":"Home","item":"https:\/\/flight-tracker24.co.uk\/ro\/flight-tracker-24\/"},{"@type":"ListItem","position":2,"name":"Urm\u0103ritor de avioane"}]},{"@type":"WebSite","@id":"https:\/\/flight-tracker24.co.uk\/ro\/#website","url":"https:\/\/flight-tracker24.co.uk\/ro\/","name":"Flight-Tracker24","description":"Fight-Tracker24 Is Your Online Solution for Tracking Airplanes","publisher":{"@id":"https:\/\/flight-tracker24.co.uk\/ro\/#organization"},"potentialAction":[{"@type":"SearchAction","target":{"@type":"EntryPoint","urlTemplate":"https:\/\/flight-tracker24.co.uk\/ro\/?s={search_term_string}"},"query-input":{"@type":"PropertyValueSpecification","valueRequired":true,"valueName":"search_term_string"}}],"inLanguage":"ro-RO"},{"@type":"Organization","@id":"https:\/\/flight-tracker24.co.uk\/ro\/#organization","name":"Flight-Tracker24","url":"https:\/\/flight-tracker24.co.uk\/ro\/","logo":{"@type":"ImageObject","inLanguage":"ro-RO","@id":"https:\/\/flight-tracker24.co.uk\/ro\/#\/schema\/logo\/image\/","url":"https:\/\/flight-tracker24.co.uk\/wp-content\/uploads\/2018\/06\/Flugradar-Logo-footer240.png","contentUrl":"https:\/\/flight-tracker24.co.uk\/wp-content\/uploads\/2018\/06\/Flugradar-Logo-footer240.png","width":"240","height":"47","caption":"Flight-Tracker24"},"image":{"@id":"https:\/\/flight-tracker24.co.uk\/ro\/#\/schema\/logo\/image\/"}}]}},"_links":{"self":[{"href":"https:\/\/flight-tracker24.co.uk\/ro\/wp-json\/wp\/v2\/pages\/870","targetHints":{"allow":["GET"]}}],"collection":[{"href":"https:\/\/flight-tracker24.co.uk\/ro\/wp-json\/wp\/v2\/pages"}],"about":[{"href":"https:\/\/flight-tracker24.co.uk\/ro\/wp-json\/wp\/v2\/types\/page"}],"author":[{"embeddable":true,"href":"https:\/\/flight-tracker24.co.uk\/ro\/wp-json\/wp\/v2\/users\/1"}],"replies":[{"embeddable":true,"href":"https:\/\/flight-tracker24.co.uk\/ro\/wp-json\/wp\/v2\/comments?post=870"}],"version-history":[{"count":0,"href":"https:\/\/flight-tracker24.co.uk\/ro\/wp-json\/wp\/v2\/pages\/870\/revisions"}],"wp:attachment":[{"href":"https:\/\/flight-tracker24.co.uk\/ro\/wp-json\/wp\/v2\/media?parent=870"}],"curies":[{"name":"wp","href":"https:\/\/api.w.org\/{rel}","templated":true}]}}