{"id":868,"date":"2022-01-26T08:02:57","date_gmt":"2022-01-26T08:02:57","guid":{"rendered":"https:\/\/flight-tracker24.co.uk\/radar-de-zbor\/"},"modified":"2022-01-26T08:02:57","modified_gmt":"2022-01-26T08:02:57","slug":"radar-de-zbor","status":"publish","type":"page","link":"https:\/\/flight-tracker24.co.uk\/ro\/radar-de-zbor\/","title":{"rendered":"Radar de zbor"},"content":{"rendered":"<h1 style=\"text-align: center;\"><strong>Radar de zbor<\/strong><\/h1>\n<p style=\"text-align: center;\"><span style=\"font-size: 12pt;\"><em><strong>Bine a\u021bi venit la radarul de zbor live!<\/strong><\/em><\/span><\/p>\n<p>&nbsp;<\/p>\n<div style=\"width: 100%; height: 0px; margin-top: -80px; margin-right: 0px;\"><\/div>\n<p><script async=\"\" src=\"https:\/\/pagead2.googlesyndication.com\/pagead\/js\/adsbygoogle.js?client=ca-pub-8699335927299131\" crossorigin=\"anonymous\"><\/script><br \/>\n<!-- FT24 Display --><br \/>\n<ins class=\"adsbygoogle\" style=\"display:block\" data-ad-client=\"ca-pub-8699335927299131\" data-ad-slot=\"8291128921\" data-ad-format=\"auto\" data-full-width-responsive=\"true\"><\/ins><br \/>\n<script>\n     (adsbygoogle = window.adsbygoogle || []).push({});\n<\/script><\/p>\n<div style=\"width: 100%; height: 0px; margin-top: -15px; margin-right: 0px;\"><\/div>\n<p>&nbsp;<\/p>\n<figure class=\"full-width\">\n<div class=\"resp-container\"><iframe class=\"resp-iframe\" src=\"https:\/\/www.radarbox24.com\/?widget=1&amp;z=5&amp;lat=46.7&amp;lng=7.6\" height=\"500\" frameborder=\"0\" allowfullscreen=\"allowfullscreen\"><\/iframe><\/div>\n<\/figure>\n<p><script async=\"\" src=\"\/\/pagead2.googlesyndication.com\/pagead\/js\/adsbygoogle.js\"><\/script><br \/>\n<!-- FlightDisplay --><br \/>\n<ins class=\"adsbygoogle\" style=\"display: block;\" data-ad-client=\"ca-pub-8699335927299131\" data-ad-slot=\"1073730211\" data-ad-format=\"auto\"><\/ins><br \/>\n<script>\n(adsbygoogle = window.adsbygoogle || []).push({});\n<\/script><\/p>\n<h2 style=\"text-align: center;\"><strong>Introduce\u021bi num\u0103rul zborului<\/strong><\/h2>\n<p style=\"text-align: center;\"><em><strong>Introduce\u021bi un num\u0103r de zbor valid \u00een baIntroduce\u021bi un num\u0103r de zbor valid \u00een bara de c\u0103utarera de c\u0103utare<\/strong><\/em><\/p>\n<form class=\"gobing\" style=\"margin:auto;max-width:fit-content\">\n  <input type=\"text\" class=\"form-control\" id=\"search1\" placeholder=\"Introduce\u021bi num\u0103rul zborului aici\"><br \/>\n  <buttongob type=\"submit\" id=\"WFFRB\"><i class=\"fa fa-search\"><\/i>Cauta avionul<\/buttongob><br \/>\n<\/form>\n<p><script>\njQuery('#WFFRB').on('click', function () {\n    var searchInput = jQuery('#search1').val();\n    var url = \"https:\/\/flightradar.flights\/en\/flight-radar\/\"\n    window.open(url);\n});\n<\/script><br \/>\n<script>\njQuery('#search1').keypress(\n  function(event){\n    if (event.which == '13') {\n      event.preventDefault();\n    }\n});\n<\/script><\/p>\n<p style=\"text-align: center;\"><em><strong>(Se va deschide o nou\u0103 fereastr\u0103\/fil\u0103)<\/strong><\/em><\/p>\n<p><span style=\"font-size: 12pt;\"><strong>Ghid rapid: radar de zbor<\/strong><\/span><\/p>\n<ul>\n<li style=\"list-style-type: none;\">\n<ul>\n<li style=\"list-style-type: none;\">\n<ul>\n<li><span style=\"font-size: 12pt;\"><span style=\"color: #ff0000;\">Prima op\u021biune:<\/span> da\u021bi clic pe lup\u0103 &gt; Introduce\u021bi un num\u0103r de zbor valid \u0219i selecta\u021bi aeronava afi\u0219at\u0103 &gt; Acum urm\u0103ri\u021bi zborul direct<\/span><\/li>\n<li><span style=\"font-size: 12pt;\"><span style=\"color: #ff0000;\">A doua posibilitate:<\/span> Face\u021bi clic pe lup\u0103 &gt; Introduce\u021bi un ora\u0219 cu aeroport, de ex. Londra sau Manchester \u0219i face\u021bi clic pe aeroport din list\u0103 &gt; Radarul de zbor v\u0103 va afi\u0219a toate zborurile legate de aeroport<\/span><\/li>\n<\/ul>\n<\/li>\n<\/ul>\n<p><script async=\"\" src=\"https:\/\/pagead2.googlesyndication.com\/pagead\/js\/adsbygoogle.js?client=ca-pub-8699335927299131\" crossorigin=\"anonymous\"><\/script><br \/>\n<!-- FT24 Display --><br \/>\n<ins class=\"adsbygoogle\" style=\"display:block\" data-ad-client=\"ca-pub-8699335927299131\" data-ad-slot=\"8291128921\" data-ad-format=\"auto\" data-full-width-responsive=\"true\"><\/ins><br \/>\n<script>\n     (adsbygoogle = window.adsbygoogle || []).push({});\n<\/script><\/li>\n<\/ul>\n<p style=\"text-align: center;\"><span style=\"font-size: 12pt;\"><strong>Video: Ghid rapid pentru radarul de zbor<\/strong><\/span><\/p>\n<div class=\"resp-containeryt2\"><iframe loading=\"lazy\" src=\"https:\/\/www.youtube-nocookie.com\/embed\/3zvktnXMJpg\" width=\"560\" height=\"315\" frameborder=\"0\" allowfullscreen=\"allowfullscreen\"><\/iframe><\/div>\n<p style=\"text-align: center;\"><span style=\"font-size: 12pt;\"><strong>V\u0103 rug\u0103m s\u0103 naviga\u021bi \u00een partea de jos a paginii pentru a evalua serviciul nostru.<\/strong><\/span><\/p>\n<p>&nbsp;<\/p>\n<h2 style=\"text-align: center;\"><span style=\"font-size: 12pt;\"><img loading=\"lazy\" decoding=\"async\" class=\"alignleft wp-image-836\" src=\"https:\/\/flight-tracker24.co.uk\/wp-content\/uploads\/2017\/08\/Flugradar-logo-300x248.jpg\" alt=\"Flight-Tracker24 Sigl\u0103\" width=\"206\" height=\"170\" srcset=\"https:\/\/flight-tracker24.co.uk\/wp-content\/uploads\/2017\/08\/Flugradar-logo-300x248.jpg 300w, https:\/\/flight-tracker24.co.uk\/wp-content\/uploads\/2017\/08\/Flugradar-logo.jpg 500w\" sizes=\"auto, (max-width: 206px) 100vw, 206px\" \/><span style=\"font-size: 20pt;\"><strong><span style=\"color: #ff9900;\">Prezentare general\u0103: <\/span><\/strong><\/span><\/span><\/h2>\n<p style=\"text-align: center;\"><span style=\"font-size: 12pt;\"><strong>Radarul de zbor este cel mai simplu mod de a urm\u0103ri zborurile.<\/strong> Nu exist\u0103 niciun motiv pentru care s\u0103 fii \u021binut la \u00eentuneric despre orice, deoarece suntem \u00een era informa\u021biei. <strong>Radarul de zbor include informa\u021bii despre avioane, decolare, ora de aterizare, rute de zbor \u0219i toate celelalte detalii legate de zbor.<\/strong> Pute\u021bi ob\u021bine acces la toate informa\u021biile \u00een timp real despre urm\u0103rirea zborului prin radar de zbor; acest lucru se poate realiza dac\u0103 ave\u021bi o conexiune la internet, un notebook sau un smartphone \u0219i sunte\u021bi setat s\u0103 urm\u0103ri\u021bi zborurile \u00een timp real pe radar.<br \/>\n<\/span><\/p>\n<p>&nbsp;<\/p>\n<h2 style=\"text-align: center;\"><span style=\"font-size: 20pt;\"><strong><span style=\"color: #ff9900;\">Ce este un radar de zbor?<\/span><\/strong><\/span><\/h2>\n<p style=\"text-align: center;\"><span style=\"font-size: 12pt;\">In termeni simpli, <strong>Flight-Tracker24.co.uk<\/strong> este un instrument de urm\u0103rire a zborurilor care afi\u0219eaz\u0103 informa\u021bii \u00een timp real despre traficul aerian \u0219i mi\u0219carea zborului de pe tot globul pe o hart\u0103. <strong>Radarele capteaz\u0103 toate datele referitoare la zbor \u0219i mi\u0219carea zborului \u00een \u00eentreaga lume.<\/strong> Pe m\u0103sur\u0103 ce trec prin aer, undele radar lovesc elicoptere, avioane, drone \u0219i alte obiecte zbur\u0103toare care se afl\u0103 \u00een calea lor \u0219i revin. Distan\u021ba dintre transmi\u021b\u0103torul de und\u0103 \u0219i impact este exact folosit\u0103 pentru a localiza aceste obiecte. Rezultatul final este radarul de zbor &#8211; atunci c\u00e2nd informa\u021biile referitoare la loca\u021biile acestor zboruri sunt plasate pe o hart\u0103 \u0219i digitizate.<\/span><\/p>\n<p style=\"text-align: center;\"><span style=\"font-size: 12pt;\">Un singur transmi\u021b\u0103tor de unde radar nu este capabil s\u0103 detecteze fiecare zbor \u00een jurul lumii; datele de la receptoarele radar din \u00eentreaga lume pot fi, totu\u0219i, combinate pentru a avea o imagine complet\u0103 a tuturor mi\u0219c\u0103rilor de zbor. Aceast\u0103 imagine este apoi formatat\u0103 astfel \u00eenc\u00e2t toate avioanele care sunt \u00een prezent \u00een aer s\u0103 poat\u0103 fi afi\u0219ate pe un singur ecran. Aceast\u0103 imagine este \u00eenc\u0103rcat\u0103 pentru a crea radarul de zbor care este prezentat pe site-ul nostru.<\/span><\/p>\n<p>&nbsp;<\/p>\n<h2 style=\"text-align: center;\" align=\"JUSTIFY\"><span style=\"font-size: 20pt;\"><strong><span style=\"color: #ff9900;\">Avantajele radarului de zbor<\/span><\/strong><\/span><\/h2>\n<p style=\"text-align: center;\" align=\"JUSTIFY\"><span style=\"font-size: 12pt;\"><strong>Cu radarul de zbor, pute\u021bi urm\u0103ri cu u\u0219urin\u021b\u0103 orice zbor \u00een timp real.<\/strong> Radarul aeronavei v\u0103 ofer\u0103 toate detaliile necesare care sunt necesare \u00een timpul urm\u0103ririi fi\u0219ierelor. Ve\u021bi putea afla \u00een orice moment ce se \u00eent\u00e2mpl\u0103 \u00een prezent \u00een aer, pute\u021bi, de asemenea, s\u0103 vede\u021bi c\u00e2\u021bi kilometri a parcurs un avion \u0219i <strong>timpul necesar pentru a ajunge la destina\u021bie<\/strong>, acest lucru v\u0103 ajut\u0103 s\u0103 pute\u021bi afi\u0219a viteza \u0219i altitudinea de zbor \u00een radar.<\/span><\/p>\n<p>&nbsp;<\/p>\n<h2 style=\"text-align: center;\"><span style=\"font-size: 20pt;\"><strong><span style=\"color: #ff9900;\">De unde provin datele radar? <\/span><\/strong><\/span><\/h2>\n<p style=\"text-align: left;\"><span style=\"font-size: 12pt;\">A existat o anumit\u0103 perioad\u0103 \u00een care radarul de zbor putea fi disponibil doar pentru profesioni\u0219ti. Ace\u0219ti profesioni\u0219ti erau lucr\u0103tori din avia\u021bia civil\u0103 care au fost deta\u0219a\u021bi \u00een traficul de zbor <\/span><img loading=\"lazy\" decoding=\"async\" class=\"alignright wp-image-837\" src=\"https:\/\/flight-tracker24.co.uk\/wp-content\/uploads\/2017\/08\/Flugradar-300x200.jpg\" alt=\"Este afi\u0219at radarul de zbor\" width=\"250\" height=\"167\" srcset=\"https:\/\/flight-tracker24.co.uk\/wp-content\/uploads\/2017\/08\/Flugradar-300x200.jpg 300w, https:\/\/flight-tracker24.co.uk\/wp-content\/uploads\/2017\/08\/Flugradar.jpg 424w\" sizes=\"auto, (max-width: 250px) 100vw, 250px\" \/><span style=\"font-size: 12pt;\">centrele de control \u0219i turnurile de zbor ale aeroporturilor, asigur\u00e2ndu-se c\u0103 traficul de zbor \u00een zonele lor se desf\u0103\u0219oar\u0103 corect. Sistemul radar a fost folosit \u0219i de membrii militarilor care erau responsabili cu conducerea traficului aerian.<\/span><span style=\"font-size: 12pt;\"><br \/>\n<strong>Pe m\u0103sur\u0103 ce transportul aerian a devenit mai important<\/strong>, la fel \u0219i radarul, deoarece num\u0103rul de zboruri <strong>care trebuie monitorizate este \u00een continu\u0103 cre\u0219tere, de aceea au fost instalate sisteme radar \u00een multe loca\u021bii din \u00eentreaga lume.<\/strong> Sistemele radar puteau monitoriza doar o sec\u021biune a spa\u021biului aerian \u0219i sunt multe zboruri interna\u021bionale, a impus necesitatea de a re\u021bea, de a coordona \u0219i de a partaja date. Prin urmare, Air<strong><\/strong> <\/span><strong><span style=\"font-size: 12pt;\">controlorii de trafic pun la dispozi\u021bie datele.<\/span><\/strong><\/p>\n<p style=\"text-align: left;\"><span style=\"font-size: 12pt;\">De-a lungul anilor, a ap\u0103rut internetul \u00een fiecare gospod\u0103rie \u0219i buzunare, utilizatorii cunosc\u0103tori de tehnologie au \u00eenceput s\u0103 pun\u0103 la dispozi\u021bia publicului larg informa\u021bii\/date despre traficul de zboruri. Aceste eforturi au produs o varietate de aplica\u021bii radar. Aceste aplica\u021bii fac datele disponibile indiferent de locul \u00een care v\u0103 afla\u021bi \u00een lume, tot ce ave\u021bi nevoie este doar o conexiune la internet al\u0103turi de un smartphone sau un computer.<\/span><\/p>\n<p>&nbsp;<\/p>\n<h2 style=\"text-align: center;\"><span style=\"font-size: 20pt;\"><strong><span style=\"color: #ff9900;\">Pentru ce este util\u0103 urm\u0103rirea avionului?<\/span><\/strong><\/span><\/h2>\n<p style=\"text-align: center;\"><span style=\"font-size: 12pt;\">\u00cen prezent, toate tipurile de utilizatori pot beneficia de capacitatea de a extrage un radar de zbor. Radarele de zbor au o mare importan\u021b\u0103 pentru urm\u0103toarele:<\/span><\/p>\n<ul>\n<li><span style=\"font-size: 12pt;\"><strong>Oricine se g\u00e2nde\u0219te s\u0103 se mute sau s\u0103 se mute \u00eentr-un apartament nou: poate verifica dac\u0103 vor avea probleme legate de zgomotul zborului \u00een noul cartier<\/strong><\/span><\/li>\n<li><span style=\"font-size: 12pt;\"><strong>Pilo\u021bi de drone:<\/strong> ace\u0219tia sunt responsabili pentru a se asigura c\u0103 dispozitivele lor nu interfereaz\u0103 cu traficul aerian prin utilizarea rutelor de zbor<\/span><\/li>\n<li><span style=\"font-size: 12pt;\"><strong>Persoanele fizice<\/strong> care doresc s\u0103 verifice zborul persoanei dragi pot accesa informa\u021bii despre zborurile specifice<\/span><\/li>\n<li><span style=\"font-size: 12pt;\"><strong>Turi\u0219tii<\/strong> \u00ee\u0219i pot conecta num\u0103rul de zbor pentru un indicator pe ruta lor de zbor<\/span><\/li>\n<li><span style=\"font-size: 12pt;\"><strong>Agen\u021biile de reglementare<\/strong> precum civile \u0219i militare pot folosi \u00een continuare radarul de zbor pentru a reglementa traficul aerian<\/span><\/li>\n<\/ul>\n<p style=\"text-align: center;\"><span style=\"font-size: 12pt;\">Punctele de mai sus sunt doar c\u00e2teva exemple ale utilizatorilor de <a href=\"https:\/\/flight-tracker24.co.uk\/plane-tracker\/\" target=\"_blank\" rel=\"noopener noreferrer\">trackere de avioane.<\/a><\/span><\/p>\n<p>&nbsp;<\/p>\n<h2 style=\"text-align: center;\"><span style=\"font-size: 20pt;\"><strong><span style=\"color: #ff9900;\">Cum func\u021bioneaz\u0103 radarul de zbor?<\/span><\/strong><\/span><\/h2>\n<p style=\"text-align: center;\"><span style=\"font-size: 12pt;\"><strong>Pentru a putea folosi radarul de zbor, ave\u021bi nevoie de sec\u021biunea de hart\u0103 care este \u00eencorporat\u0103 \u00een site-ul nostru.<\/strong> Aceast\u0103 hart\u0103 va afi\u0219a informa\u021bii despre zbor \u0219i mi\u0219c\u0103rile acestora \u00een imediata apropiere. Ceea ce trebuie s\u0103 face\u021bi este s\u0103 face\u021bi clic pe una dintre pictogramele mici pentru a afla mai multe detalii despre un anumit zbor. <strong>Ve\u021bi ajunge s\u0103 vede\u021bi informa\u021bii despre tipul de aeronav\u0103<\/strong>, ora\u0219ul de plecare, ora\u0219ul de destina\u021bie etc. folosind <a href=\"https:\/\/flight-tracker24.co.uk\/plane-finder\/\" target=\"_blank\" rel=\"noopener noreferrer\">G\u0103sitorul de avioane<\/a> este incredibil de u\u0219or, pute\u021bi vedea \u0219i o linie colorat\u0103 care afi\u0219eaz\u0103 procesul de zbor pe harta animat\u0103.<\/span><br \/>\n<span style=\"font-size: 12pt;\"><strong>Alternativ<\/strong>, pentru ca un utilizator s\u0103 caute informa\u021bii despre un anumit zbor, tot ceea ce trebuie s\u0103 fac\u0103 un utilizator este s\u0103 introduc\u0103 num\u0103rul zborului \u00een c\u00e2mpul de c\u0103utare \u0219i s\u0103 continue f\u0103c\u00e2nd clic pe Enter. Sec\u021biunea h\u0103r\u021bii sare \u00een regiunea \u00een care se afl\u0103 \u00een prezent avionul \u0219i afi\u0219eaz\u0103 \u0219i detalii specifice (aeroport de plecare, progres, tip de aeronav\u0103, aeroport de destina\u021bie etc.) despre zbor.<\/span><\/p>\n<p>&nbsp;<\/p>\n<h2 style=\"text-align: center;\"><span style=\"font-size: 20pt;\"><strong><span style=\"color: #ff9900;\">Radar de zbor live gratuit<\/span><\/strong><\/span><\/h2>\n<p style=\"text-align: center;\"><span style=\"font-size: 12pt;\"><strong>Urm\u0103rirea zborurilor pe <a href=\"https:\/\/flight-tracker24.co.uk\/\" target=\"_blank\" rel=\"noopener noreferrer\">Flight Tracker24<\/a> este complet gratuit\u0103.<\/strong> Oriunde v\u0103 afla\u021bi, pute\u021bi avea acces la informa\u021bii practice despre fiecare zbor \u0219i mi\u0219c\u0103ri. Ve\u021bi putea economisi banii pentru c\u0103, cu radarul de zbor, sunte\u021bi \u00eentotdeauna liber \u0219i pute\u021bi urm\u0103ri orice avion oric\u00e2nd dori\u021bi.<\/span><\/p>\n<p style=\"text-align: center;\"><span style=\"font-size: 12pt;\">Pute\u021bi vizita \u0219i <a href=\"https:\/\/flugradar24.eu\">Flightradar24<\/a><\/span><\/p>\n<p>&nbsp;<\/p>\n","protected":false},"excerpt":{"rendered":"<p>Radar de zbor Bine a\u021bi venit la radarul de zbor live! &nbsp; &nbsp; Introduce\u021bi num\u0103rul zborului Introduce\u021bi un num\u0103r de zbor valid \u00een baIntroduce\u021bi un num\u0103r de zbor valid \u00een bara de c\u0103utarera de c\u0103utare Cauta avionul (Se va deschide o nou\u0103 fereastr\u0103\/fil\u0103) Ghid rapid: radar de zbor Prima op\u021biune: da\u021bi clic pe lup\u0103 &gt; &#8230; <\/p>\n<p class=\"read-more-container\"><a title=\"Radar de zbor\" class=\"read-more button\" href=\"https:\/\/flight-tracker24.co.uk\/ro\/radar-de-zbor\/#more-868\" aria-label=\"More on Radar de zbor\">Read more<\/a><\/p>\n","protected":false},"author":1,"featured_media":0,"parent":0,"menu_order":0,"comment_status":"closed","ping_status":"closed","template":"","meta":{"footnotes":""},"class_list":["post-868","page","type-page","status-publish"],"yoast_head":"<!-- This site is optimized with the Yoast SEO plugin v26.1.1 - https:\/\/yoast.com\/wordpress\/plugins\/seo\/ -->\n<title>Radar de zbor | Hart\u0103 de urm\u0103rire live 24\/7 [Free]<\/title>\n<meta name=\"description\" content=\"Radar de zbor live cu hart\u0103 \u2705 Urm\u0103ri\u021bi un zbor cu acest radar global gratuit pentru avioane \u2705 Mii de utilizatori zilnic \u2705 \u00cencerca\u021bi-l singur \u2705\" \/>\n<meta name=\"robots\" content=\"index, follow, max-snippet:-1, max-image-preview:large, max-video-preview:-1\" \/>\n<link rel=\"canonical\" href=\"https:\/\/flight-tracker24.co.uk\/ro\/radar-de-zbor\/\" \/>\n<meta property=\"og:locale\" content=\"ro_RO\" \/>\n<meta property=\"og:type\" content=\"article\" \/>\n<meta property=\"og:title\" content=\"Radar de zbor | Hart\u0103 de urm\u0103rire live 24\/7 [Free]\" \/>\n<meta property=\"og:description\" content=\"Radar de zbor live cu hart\u0103 \u2705 Urm\u0103ri\u021bi un zbor cu acest radar global gratuit pentru avioane \u2705 Mii de utilizatori zilnic \u2705 \u00cencerca\u021bi-l singur \u2705\" \/>\n<meta property=\"og:url\" content=\"https:\/\/flight-tracker24.co.uk\/ro\/radar-de-zbor\/\" \/>\n<meta property=\"og:site_name\" content=\"Flight-Tracker24\" \/>\n<meta property=\"og:image\" content=\"https:\/\/flight-tracker24.co.uk\/wp-content\/uploads\/2017\/08\/Flugradar-logo-300x248.jpg\" \/>\n<meta name=\"twitter:card\" content=\"summary_large_image\" \/>\n<meta name=\"twitter:label1\" content=\"Timp estimat pentru citire\" \/>\n\t<meta name=\"twitter:data1\" content=\"6 minute\" \/>\n<script type=\"application\/ld+json\" class=\"yoast-schema-graph\">{\"@context\":\"https:\/\/schema.org\",\"@graph\":[{\"@type\":\"WebPage\",\"@id\":\"https:\/\/flight-tracker24.co.uk\/ro\/radar-de-zbor\/\",\"url\":\"https:\/\/flight-tracker24.co.uk\/ro\/radar-de-zbor\/\",\"name\":\"Radar de zbor | Hart\u0103 de urm\u0103rire live 24\/7 [Free]\",\"isPartOf\":{\"@id\":\"https:\/\/flight-tracker24.co.uk\/ro\/#website\"},\"primaryImageOfPage\":{\"@id\":\"https:\/\/flight-tracker24.co.uk\/ro\/radar-de-zbor\/#primaryimage\"},\"image\":{\"@id\":\"https:\/\/flight-tracker24.co.uk\/ro\/radar-de-zbor\/#primaryimage\"},\"thumbnailUrl\":\"https:\/\/flight-tracker24.co.uk\/wp-content\/uploads\/2017\/08\/Flugradar-logo-300x248.jpg\",\"datePublished\":\"2022-01-26T08:02:57+00:00\",\"description\":\"Radar de zbor live cu hart\u0103 \u2705 Urm\u0103ri\u021bi un zbor cu acest radar global gratuit pentru avioane \u2705 Mii de utilizatori zilnic \u2705 \u00cencerca\u021bi-l singur \u2705\",\"breadcrumb\":{\"@id\":\"https:\/\/flight-tracker24.co.uk\/ro\/radar-de-zbor\/#breadcrumb\"},\"inLanguage\":\"ro-RO\",\"potentialAction\":[{\"@type\":\"ReadAction\",\"target\":[\"https:\/\/flight-tracker24.co.uk\/ro\/radar-de-zbor\/\"]}]},{\"@type\":\"ImageObject\",\"inLanguage\":\"ro-RO\",\"@id\":\"https:\/\/flight-tracker24.co.uk\/ro\/radar-de-zbor\/#primaryimage\",\"url\":\"https:\/\/flight-tracker24.co.uk\/wp-content\/uploads\/2017\/08\/Flugradar-logo-300x248.jpg\",\"contentUrl\":\"https:\/\/flight-tracker24.co.uk\/wp-content\/uploads\/2017\/08\/Flugradar-logo-300x248.jpg\"},{\"@type\":\"BreadcrumbList\",\"@id\":\"https:\/\/flight-tracker24.co.uk\/ro\/radar-de-zbor\/#breadcrumb\",\"itemListElement\":[{\"@type\":\"ListItem\",\"position\":1,\"name\":\"Home\",\"item\":\"https:\/\/flight-tracker24.co.uk\/ro\/flight-tracker-24\/\"},{\"@type\":\"ListItem\",\"position\":2,\"name\":\"Radar de zbor\"}]},{\"@type\":\"WebSite\",\"@id\":\"https:\/\/flight-tracker24.co.uk\/ro\/#website\",\"url\":\"https:\/\/flight-tracker24.co.uk\/ro\/\",\"name\":\"Flight-Tracker24\",\"description\":\"Fight-Tracker24 Is Your Online Solution for Tracking Airplanes\",\"publisher\":{\"@id\":\"https:\/\/flight-tracker24.co.uk\/ro\/#organization\"},\"potentialAction\":[{\"@type\":\"SearchAction\",\"target\":{\"@type\":\"EntryPoint\",\"urlTemplate\":\"https:\/\/flight-tracker24.co.uk\/ro\/?s={search_term_string}\"},\"query-input\":{\"@type\":\"PropertyValueSpecification\",\"valueRequired\":true,\"valueName\":\"search_term_string\"}}],\"inLanguage\":\"ro-RO\"},{\"@type\":\"Organization\",\"@id\":\"https:\/\/flight-tracker24.co.uk\/ro\/#organization\",\"name\":\"Flight-Tracker24\",\"url\":\"https:\/\/flight-tracker24.co.uk\/ro\/\",\"logo\":{\"@type\":\"ImageObject\",\"inLanguage\":\"ro-RO\",\"@id\":\"https:\/\/flight-tracker24.co.uk\/ro\/#\/schema\/logo\/image\/\",\"url\":\"https:\/\/flight-tracker24.co.uk\/wp-content\/uploads\/2018\/06\/Flugradar-Logo-footer240.png\",\"contentUrl\":\"https:\/\/flight-tracker24.co.uk\/wp-content\/uploads\/2018\/06\/Flugradar-Logo-footer240.png\",\"width\":\"240\",\"height\":\"47\",\"caption\":\"Flight-Tracker24\"},\"image\":{\"@id\":\"https:\/\/flight-tracker24.co.uk\/ro\/#\/schema\/logo\/image\/\"}}]}<\/script>\n<!-- \/ Yoast SEO plugin. -->","yoast_head_json":{"title":"Radar de zbor | Hart\u0103 de urm\u0103rire live 24\/7 [Free]","description":"Radar de zbor live cu hart\u0103 \u2705 Urm\u0103ri\u021bi un zbor cu acest radar global gratuit pentru avioane \u2705 Mii de utilizatori zilnic \u2705 \u00cencerca\u021bi-l singur \u2705","robots":{"index":"index","follow":"follow","max-snippet":"max-snippet:-1","max-image-preview":"max-image-preview:large","max-video-preview":"max-video-preview:-1"},"canonical":"https:\/\/flight-tracker24.co.uk\/ro\/radar-de-zbor\/","og_locale":"ro_RO","og_type":"article","og_title":"Radar de zbor | Hart\u0103 de urm\u0103rire live 24\/7 [Free]","og_description":"Radar de zbor live cu hart\u0103 \u2705 Urm\u0103ri\u021bi un zbor cu acest radar global gratuit pentru avioane \u2705 Mii de utilizatori zilnic \u2705 \u00cencerca\u021bi-l singur \u2705","og_url":"https:\/\/flight-tracker24.co.uk\/ro\/radar-de-zbor\/","og_site_name":"Flight-Tracker24","og_image":[{"url":"https:\/\/flight-tracker24.co.uk\/wp-content\/uploads\/2017\/08\/Flugradar-logo-300x248.jpg","type":"","width":"","height":""}],"twitter_card":"summary_large_image","twitter_misc":{"Timp estimat pentru citire":"6 minute"},"schema":{"@context":"https:\/\/schema.org","@graph":[{"@type":"WebPage","@id":"https:\/\/flight-tracker24.co.uk\/ro\/radar-de-zbor\/","url":"https:\/\/flight-tracker24.co.uk\/ro\/radar-de-zbor\/","name":"Radar de zbor | Hart\u0103 de urm\u0103rire live 24\/7 [Free]","isPartOf":{"@id":"https:\/\/flight-tracker24.co.uk\/ro\/#website"},"primaryImageOfPage":{"@id":"https:\/\/flight-tracker24.co.uk\/ro\/radar-de-zbor\/#primaryimage"},"image":{"@id":"https:\/\/flight-tracker24.co.uk\/ro\/radar-de-zbor\/#primaryimage"},"thumbnailUrl":"https:\/\/flight-tracker24.co.uk\/wp-content\/uploads\/2017\/08\/Flugradar-logo-300x248.jpg","datePublished":"2022-01-26T08:02:57+00:00","description":"Radar de zbor live cu hart\u0103 \u2705 Urm\u0103ri\u021bi un zbor cu acest radar global gratuit pentru avioane \u2705 Mii de utilizatori zilnic \u2705 \u00cencerca\u021bi-l singur \u2705","breadcrumb":{"@id":"https:\/\/flight-tracker24.co.uk\/ro\/radar-de-zbor\/#breadcrumb"},"inLanguage":"ro-RO","potentialAction":[{"@type":"ReadAction","target":["https:\/\/flight-tracker24.co.uk\/ro\/radar-de-zbor\/"]}]},{"@type":"ImageObject","inLanguage":"ro-RO","@id":"https:\/\/flight-tracker24.co.uk\/ro\/radar-de-zbor\/#primaryimage","url":"https:\/\/flight-tracker24.co.uk\/wp-content\/uploads\/2017\/08\/Flugradar-logo-300x248.jpg","contentUrl":"https:\/\/flight-tracker24.co.uk\/wp-content\/uploads\/2017\/08\/Flugradar-logo-300x248.jpg"},{"@type":"BreadcrumbList","@id":"https:\/\/flight-tracker24.co.uk\/ro\/radar-de-zbor\/#breadcrumb","itemListElement":[{"@type":"ListItem","position":1,"name":"Home","item":"https:\/\/flight-tracker24.co.uk\/ro\/flight-tracker-24\/"},{"@type":"ListItem","position":2,"name":"Radar de zbor"}]},{"@type":"WebSite","@id":"https:\/\/flight-tracker24.co.uk\/ro\/#website","url":"https:\/\/flight-tracker24.co.uk\/ro\/","name":"Flight-Tracker24","description":"Fight-Tracker24 Is Your Online Solution for Tracking Airplanes","publisher":{"@id":"https:\/\/flight-tracker24.co.uk\/ro\/#organization"},"potentialAction":[{"@type":"SearchAction","target":{"@type":"EntryPoint","urlTemplate":"https:\/\/flight-tracker24.co.uk\/ro\/?s={search_term_string}"},"query-input":{"@type":"PropertyValueSpecification","valueRequired":true,"valueName":"search_term_string"}}],"inLanguage":"ro-RO"},{"@type":"Organization","@id":"https:\/\/flight-tracker24.co.uk\/ro\/#organization","name":"Flight-Tracker24","url":"https:\/\/flight-tracker24.co.uk\/ro\/","logo":{"@type":"ImageObject","inLanguage":"ro-RO","@id":"https:\/\/flight-tracker24.co.uk\/ro\/#\/schema\/logo\/image\/","url":"https:\/\/flight-tracker24.co.uk\/wp-content\/uploads\/2018\/06\/Flugradar-Logo-footer240.png","contentUrl":"https:\/\/flight-tracker24.co.uk\/wp-content\/uploads\/2018\/06\/Flugradar-Logo-footer240.png","width":"240","height":"47","caption":"Flight-Tracker24"},"image":{"@id":"https:\/\/flight-tracker24.co.uk\/ro\/#\/schema\/logo\/image\/"}}]}},"_links":{"self":[{"href":"https:\/\/flight-tracker24.co.uk\/ro\/wp-json\/wp\/v2\/pages\/868","targetHints":{"allow":["GET"]}}],"collection":[{"href":"https:\/\/flight-tracker24.co.uk\/ro\/wp-json\/wp\/v2\/pages"}],"about":[{"href":"https:\/\/flight-tracker24.co.uk\/ro\/wp-json\/wp\/v2\/types\/page"}],"author":[{"embeddable":true,"href":"https:\/\/flight-tracker24.co.uk\/ro\/wp-json\/wp\/v2\/users\/1"}],"replies":[{"embeddable":true,"href":"https:\/\/flight-tracker24.co.uk\/ro\/wp-json\/wp\/v2\/comments?post=868"}],"version-history":[{"count":0,"href":"https:\/\/flight-tracker24.co.uk\/ro\/wp-json\/wp\/v2\/pages\/868\/revisions"}],"wp:attachment":[{"href":"https:\/\/flight-tracker24.co.uk\/ro\/wp-json\/wp\/v2\/media?parent=868"}],"curies":[{"name":"wp","href":"https:\/\/api.w.org\/{rel}","templated":true}]}}