{"id":733,"date":"2022-01-07T12:46:19","date_gmt":"2022-01-07T12:46:19","guid":{"rendered":"https:\/\/flight-tracker24.co.uk\/plane-tracker\/"},"modified":"2022-01-20T08:10:11","modified_gmt":"2022-01-20T08:10:11","slug":"plane-tracker","status":"publish","type":"page","link":"https:\/\/flight-tracker24.co.uk\/no\/plane-tracker\/","title":{"rendered":"Plane Tracker"},"content":{"rendered":"<h1 style=\"text-align: center;\"><strong>Plane Tracker<\/strong><\/h1>\n<p style=\"text-align: center;\"><span style=\"font-size: 12pt;\"><em><strong>Velkommen til flysporingen! Klikk p\u00e5 linsen i radaren for \u00e5 begynne \u00e5 s\u00f8ke.<\/strong><\/em><\/span><\/p>\n<p>&nbsp;<\/p>\n<div style=\"width: 100%; height: 0px; margin-top: -80px; margin-right: 0px;\"><\/div>\n<p><script async=\"\" src=\"\/\/pagead2.googlesyndication.com\/pagead\/js\/adsbygoogle.js\"><\/script><br \/>\n<!-- FlightLinks --><br \/>\n<ins class=\"adsbygoogle\" style=\"display: block;\" data-ad-client=\"ca-pub-8699335927299131\" data-ad-slot=\"8291128921\" data-ad-format=\"link\"><\/ins><script>(adsbygoogle = window.adsbygoogle || []).push({});<\/script><\/p>\n<div style=\"width: 100%; height: 0px; margin-top: -15px; margin-right: 0px;\"><\/div>\n<p>&nbsp;<\/p>\n<figure class=\"full-width\">\n<div class=\"resp-container\"><iframe class=\"resp-iframe\" src=\"https:\/\/www.radarbox.com\/?widget=1&amp;z=5&amp;lat=46.7&amp;lng=7.6\" height=\"500\" frameborder=\"0\" allowfullscreen=\"allowfullscreen\"><\/iframe><\/div>\n<\/figure>\n<p><script async=\"\" src=\"\/\/pagead2.googlesyndication.com\/pagead\/js\/adsbygoogle.js\"><\/script><br \/>\n<!-- FlightDisplay --><br \/>\n<ins class=\"adsbygoogle\" style=\"display: block;\" data-ad-client=\"ca-pub-8699335927299131\" data-ad-slot=\"1073730211\" data-ad-format=\"auto\"><\/ins><br \/>\n<script>(adsbygoogle = window.adsbygoogle || []).push({});<\/script><\/p>\n<h2 style=\"text-align: center;\"><strong>Skriv inn flynummeret<\/strong><\/h2>\n<p style=\"text-align: center;\"><em><strong>Skriv inn et gyldig flynummer i s\u00f8kefeltet<\/strong><\/em><\/p>\n<form class=\"gobing\" style=\"margin:auto;max-width:fit-content\">\n  <input type=\"text\" class=\"form-control\" id=\"search1\" placeholder=\"Skriv inn flynummer her\"><br \/>\n  <buttongob type=\"submit\" id=\"WFFRB\"><i class=\"fa fa-search\"><\/i>S\u00f8k etter fly<\/buttongob><br \/>\n<\/form>\n<p><script>\njQuery('#WFFRB').on('click', function () {\n    var searchInput = jQuery('#search1').val();\n    var url = \"hhttps:\/\/flightradar.flights\/no\/flysporing\/\"\n    window.open(url);\n});\n<\/script><br \/>\n<script>\njQuery('#search1').keypress(\n  function(event){\n    if (event.which == '13') {\n      event.preventDefault();\n    }\n});\n<\/script><\/p>\n<p style=\"text-align: center;\"><em><strong>(Et nytt vindu\/fane \u00e5pnes)<\/strong><\/em><\/p>\n<p><span style=\"font-size: 12pt;\"><strong>Hurtigguide: Finne et fly<\/strong><\/span><\/p>\n<ul>\n<li style=\"list-style-type: none;\">\n<ul>\n<li style=\"list-style-type: none;\">\n<ul>\n<li><span style=\"font-size: 12pt;\"><span style=\"color: #ff0000;\">1. alternativ:<\/span> Klikk p\u00e5 forst\u00f8rrelsesglasset &gt; Skriv inn et gyldig flynummer og velg det viste flyet &gt; N\u00e5 sporer du flyvningen direkte<\/span><\/li>\n<li><span style=\"font-size: 12pt;\"><span style=\"color: #ff0000;\">2. mulighet:<\/span> Klikk p\u00e5 forst\u00f8rrelsesglasset &gt; G\u00e5 inn i en by med flyplass, f.eks. London eller Manchester og klikk p\u00e5 flyplassen fra listen &gt; Flysporingen vil vise deg alle flyreiser relatert til flyplassen<\/span><\/li>\n<\/ul>\n<\/li>\n<\/ul>\n<p><script async=\"\" src=\"\/\/pagead2.googlesyndication.com\/pagead\/js\/adsbygoogle.js\"><\/script><br \/>\n<!-- FlightLinks --><br \/>\n<ins class=\"adsbygoogle\" style=\"display: block;\" data-ad-client=\"ca-pub-8699335927299131\" data-ad-slot=\"8291128921\" data-ad-format=\"link\"><\/ins><br \/>\n<script><br \/>\n(adsbygoogle = window.adsbygoogle || []).push({});<br \/>\n<\/script><\/li>\n<\/ul>\n<p style=\"text-align: center;\"><span style=\"font-size: 12pt;\"><strong>Video: Hurtigguide for flysporeren<\/strong><\/span><\/p>\n<div class=\"resp-containeryt2\"><iframe loading=\"lazy\" src=\"https:\/\/www.youtube-nocookie.com\/embed\/3zvktnXMJpg\" width=\"560\" height=\"315\" frameborder=\"0\" allowfullscreen=\"allowfullscreen\"><\/iframe><\/div>\n<p style=\"text-align: center;\"><span style=\"font-size: 12pt;\"><strong>Vennligst naviger til bunnen av siden for \u00e5 vurdere tjenesten v\u00e5r.<\/strong><\/span><\/p>\n<p>&nbsp;<\/p>\n<h2 style=\"text-align: center;\"><span style=\"font-size: 20pt;\"><strong><span style=\"color: #ff9900;\">Hva er flysporing?<\/span><\/strong><\/span><\/h2>\n<p style=\"text-align: center;\"><span style=\"font-size: 12pt;\"><strong>Plane tracker er en flysporingstjeneste i sanntid som kan vise informasjon om fly over hele kloden.<\/strong> Den presenterer data som: <strong>hvor raskt et fly beveger seg, flynummer, h\u00f8yde og reisem\u00e5l.<\/strong> Nettlesere kan vurdere flysporingskartet og databasen, ogs\u00e5 flere varianter av tjenesten er tilgjengelig som mobilapplikasjoner inkludert gratis, utvidet virkelighet-versjon og premium 3D. Plane tracker lar brukere som er registrert dele sine MLAT- og ADS-B-data gjennom plane tracker ADS-B-klienten som er tilgjengelig for Linux, Windows og macOS. Plane tracker st\u00f8tter VFR-kart fra NATS; dette var den f\u00f8rste store flysporingsappen som spilte av funksjonen.<\/span><br \/>\n<span style=\"font-size: 12pt;\"><strong>Plane tracker gir sanntids flysporing for profesjonelle<\/strong>, hobbyister eller alle som ser opp p\u00e5 et fly med inntrykket &laquo;Jeg lurer p\u00e5 hvor disse menneskene skal.&raquo;<\/span><\/p>\n<p>&nbsp;<\/p>\n<h2 style=\"text-align: center;\"><img loading=\"lazy\" decoding=\"async\" class=\"wp-image-536 size-medium alignright\" style=\"font-size: 16px;\" src=\"https:\/\/flight-tracker24.co.uk\/wp-content\/uploads\/2017\/08\/radio-telescope-1031303_640-300x200.jpg\" alt=\"Plans\u00f8ker - Radarteleskop\" width=\"300\" height=\"200\" srcset=\"https:\/\/flight-tracker24.co.uk\/wp-content\/uploads\/2017\/08\/radio-telescope-1031303_640-300x200.jpg 300w, https:\/\/flight-tracker24.co.uk\/wp-content\/uploads\/2017\/08\/radio-telescope-1031303_640.jpg 640w\" sizes=\"auto, (max-width: 300px) 100vw, 300px\" \/><span style=\"font-size: 20pt;\"><strong><span style=\"color: #ff9900;\">Hva kan du gj\u00f8re med flysporing?<\/span><\/strong><\/span><\/h2>\n<p style=\"text-align: center;\"><span style=\"font-size: 12pt;\"><strong>Med flysporing kan du f\u00e5 tilgang til et verdenskart med over 12 000 fly som beveger seg i sanntid<\/strong>, komplett med en s\u00f8kefunksjon slik at du kan finne hvor flyet du sporer befinner seg. Kartet kan ogs\u00e5 brukes til \u00e5 finne ut annen nyttig informasjon som trafikkbelastning ved landingsstripen; dette lar deg vite om passasjerer vil v\u00e6re tilgjengelige for henting eller ikke.<\/span><br \/>\n<span style=\"font-size: 12pt;\">Med flytracker kan du ta et bilde av himmelen og se hvilke fly som er over deg gjennom konseptet AR, <strong>dette kan hjelpe n\u00e5r du gjetter hvor lang tid det vil ta deg \u00e5 vente med \u00e5 hente en passasjer etter ankomst.<\/strong><\/span><\/p>\n<p>&nbsp;<\/p>\n<h2 style=\"text-align: center;\"><span style=\"font-size: 20pt;\"><strong><span style=\"color: #ff9900;\">Hvordan fungerer flysporing ADS-B sporing?<\/span><\/strong><\/span><\/h2>\n<p style=\"text-align: center;\"><span style=\"font-size: 12pt;\">Plane tracker har et <strong>globalt nettverk av antenneradarer og datastr\u00f8mmer som mottar data som sendes direkte fra fly<\/strong> for flysporing. <strong>Den prim\u00e6re teknologien som brukes er MLAT og ADS-B, vi viser ogs\u00e5 feeds fra FLARM glider feed og FAA.<\/strong><\/span><br \/>\n<span style=\"font-size: 12pt;\">Vi er klar over at v\u00e5r nettside og flysporingsapplikasjoner brukes av et stort antall mennesker, inkludert luftfartspersonell som bakkemannskap, piloter, luftfartsentusiaster, flyspottere, alle som er nysgjerrige p\u00e5 fly over hodet og de som \u00f8nsker \u00e5 spore en venn.<\/span><br \/>\n<span style=\"font-size: 12pt;\">Flysporeren er alltid uf\u00f8lsom for forstyrrelser. F\u00f8r oppfinnelsen av <a href=\"https:\/flightradar.flights\/\" target=\"_blank\" rel=\"noopener noreferrer\">flyradar<\/a> p\u00e5 nett, opplevde alle alltid denne ubehagelige f\u00f8lelsen og konstant bekymring n\u00e5r venner eller familiemedlemmer er p\u00e5 et fly. Disse tidene er forbi; for \u00f8yeblikket med live fly tracker, kan du g\u00e5 ombord og f\u00f8lge dine kj\u00e6re n\u00e5r du vil.<\/span><\/p>\n<p>&nbsp;<\/p>\n<h2 style=\"text-align: center;\"><span style=\"font-size: 20pt;\"><strong><span style=\"color: #ff9900;\">ADS-B flysporing<\/span><\/strong><\/span><\/h2>\n<p style=\"text-align: center;\"><span style=\"font-size: 12pt;\">ADS-B-data brukes i hele luftfartsindustrien for \u00e5 \u00f8ke sikkerheten og \u00f8ke effektiviteten; det er en teknologi som er gunstig for passasjerene, den globale \u00f8konomien og milj\u00f8et. De fleste kommersielle fly sender posisjon, kallesignal, hastighet og mye mer.<\/span><br \/>\n<span style=\"font-size: 12pt;\">Vi har over 1000 mottakere og datastr\u00f8mmer over hele verden som sender informasjon til serverne v\u00e5re. Serverne v\u00e5re forbedrer ADS-B-dataene med ekstra informasjon som avgangsflyplass, flyreg-\/halenummer, kunstverk, destinasjon og bilder.<\/span><br \/>\n<span style=\"font-size: 12pt;\">ADS-B bruker avionikk i et fly for \u00e5 kommunisere med GPS-satellitter i bane og overf\u00f8re data om: kallesignal, kurs, h\u00f8yde, hastighet, posisjon, squawk-nummer, terreng, v\u00e6r, trafikk og informasjon. Fordelene med denne flysporingsteknologien er sikkerhet og ledelse.<\/span><\/p>\n<p>&nbsp;<\/p>\n<h2 style=\"text-align: center;\"><span style=\"font-size: 20pt;\"><strong><span style=\"color: #ff9900;\"> Hva er en radar?<\/span><\/strong><\/span><\/h2>\n<p style=\"text-align: center;\"><span style=\"font-size: 12pt;\">Radar er et akronym som st\u00e5r for <em><strong>Radiodeteksjon og rekkevidde.<\/strong><\/em> Det er et system som vanligvis opereres i mikrob\u00f8lgedelen av et radiofrekvensspektrum eller ultrah\u00f8yfrekvens; den brukes til \u00e5 oppdage posisjonen og bevegelsene til objekter. Radarer er mye brukt i flynavigasjon, marin navigasjon og lufttrafikkkontroll. Dagens fly er basert p\u00e5 lufttrafikkkontroll som ogs\u00e5 inkluderer flyinformasjonstjeneste. <\/span><\/p>\n<p>&nbsp;<\/p>\n<h2 style=\"text-align: center;\"><span style=\"font-size: 20pt;\"><strong><span style=\"color: #ff9900;\">Hvordan fungerer radarer?<\/span><\/strong><\/span><\/h2>\n<p style=\"text-align: center;\"><span style=\"font-size: 12pt;\"><strong>Hver radarboksmottaker er designet for \u00e5 dele flyinformasjon i sanntid til AirNav-systemservere.<\/strong> Dataene kommer fra over tusenvis av mottakere fra hele verden, etter innsamlingen blir de viderebehandlet. Dette er dataene som skal brukes i flere luftfartsl\u00f8sninger; den kan n\u00e5s via nettlesere eller mobile l\u00f8sninger.<\/span><\/p>\n<p>&nbsp;<\/p>\n<h2 style=\"text-align: center;\"><span style=\"font-size: 20pt;\"><strong><span style=\"color: #ff9900;\">Hva er s\u00e5 spesielt med online flysporing?<\/span><\/strong><\/span><\/h2>\n<p style=\"text-align: center;\"><span style=\"font-size: 12pt;\">Mange mennesker har alltid latt seg imponere av fly. \u00c5 spore et fly via en flysporing har mange fordeler, denne tjenesten kan n\u00e5s fra hvor som helst. De eneste kravene som kreves for \u00e5 f\u00e5 tilgang til informasjonen er en internettforbindelse og en internettaktivert enhet. Flykontrollen som vi har p\u00e5 siden v\u00e5r er gratis, og med den kan du f\u00e5 <strong>tilgang til data i sanntid.<\/strong><\/span><br \/>\n<span style=\"font-size: 12pt;\">Med flysjekkeren p\u00e5 siden v\u00e5r er du alltid online og live. Du vil ha muligheten til \u00e5 ta de riktige valgene n\u00e5r det gjelder <a href=\"https:\/\/flight-tracker24.co.uk\/plane-tracker\/\" target=\"_blank\" rel=\"noopener noreferrer\">flysporing<\/a>; du kan alltid f\u00f8lge siden v\u00e5r p\u00e5 skrivebordet, nettbrettet eller smarttelefonen. Dette sparer plass og lar deg nyte utsikten.<\/span><\/p>\n<p>&nbsp;<\/p>\n<h2 style=\"text-align: center;\"><span style=\"font-size: 20pt;\"><strong><span style=\"color: #ff9900;\">Gratis live flysporing<\/span><\/strong><\/span><\/h2>\n<p style=\"text-align: center;\"><span style=\"font-size: 12pt;\"><strong>Flysjekking p\u00e5 flight tracker er helt gratis.<\/strong> Uansett hvor du befinner deg, kan du f\u00e5 tilgang til praktisk informasjon om hvert fly og bevegelser. Du vil spare penger fordi med flyradar er du alltid ledig og kan <strong>spore hvilket som helst fly n\u00e5r du vil.<\/strong> Hvis du trenger flere funksjoner, kan du bes\u00f8ke <a href=\"https:\/\/flugradar24.eu\/en\">flightradar24<\/a> for mer informasjon<\/span><\/p>\n<p>&nbsp;<\/p>\n","protected":false},"excerpt":{"rendered":"<p>Plane Tracker Velkommen til flysporingen! Klikk p\u00e5 linsen i radaren for \u00e5 begynne \u00e5 s\u00f8ke. &nbsp; &nbsp; Skriv inn flynummeret Skriv inn et gyldig flynummer i s\u00f8kefeltet S\u00f8k etter fly (Et nytt vindu\/fane \u00e5pnes) Hurtigguide: Finne et fly 1. alternativ: Klikk p\u00e5 forst\u00f8rrelsesglasset &gt; Skriv inn et gyldig flynummer og velg det viste flyet &gt; &#8230; <\/p>\n<p class=\"read-more-container\"><a title=\"Plane Tracker\" class=\"read-more button\" href=\"https:\/\/flight-tracker24.co.uk\/no\/plane-tracker\/#more-733\" aria-label=\"Mer p\u00e5 Plane Tracker\">Read more<\/a><\/p>\n","protected":false},"author":1,"featured_media":0,"parent":0,"menu_order":0,"comment_status":"closed","ping_status":"closed","template":"","meta":{"footnotes":""},"class_list":["post-733","page","type-page","status-publish"],"yoast_head":"<!-- This site is optimized with the Yoast SEO plugin v26.1.1 - https:\/\/yoast.com\/wordpress\/plugins\/seo\/ -->\n<title>Plane Tracker | Finn hvert fly du leter etter [LIVE]<\/title>\n<meta name=\"description\" content=\"Gratis Plane Tracker \u2705 Gir deg den viktigste informasjonen \u2705 Om det \u00f8nskede flyet \u2705 Sjekk det her! \u2705 100 % Live \u2705\" \/>\n<meta name=\"robots\" content=\"index, follow, max-snippet:-1, max-image-preview:large, max-video-preview:-1\" \/>\n<link rel=\"canonical\" href=\"https:\/\/flight-tracker24.co.uk\/no\/plane-tracker\/\" \/>\n<meta property=\"og:locale\" content=\"nb_NO\" \/>\n<meta property=\"og:type\" content=\"article\" \/>\n<meta property=\"og:title\" content=\"Plane Tracker | Finn hvert fly du leter etter [LIVE]\" \/>\n<meta property=\"og:description\" content=\"Gratis Plane Tracker \u2705 Gir deg den viktigste informasjonen \u2705 Om det \u00f8nskede flyet \u2705 Sjekk det her! \u2705 100 % Live \u2705\" \/>\n<meta property=\"og:url\" content=\"https:\/\/flight-tracker24.co.uk\/no\/plane-tracker\/\" \/>\n<meta property=\"og:site_name\" content=\"Flight-Tracker24\" \/>\n<meta property=\"article:modified_time\" content=\"2022-01-20T08:10:11+00:00\" \/>\n<meta property=\"og:image\" content=\"https:\/\/flight-tracker24.co.uk\/wp-content\/uploads\/2017\/08\/radio-telescope-1031303_640-300x200.jpg\" \/>\n<meta name=\"twitter:card\" content=\"summary_large_image\" \/>\n<meta name=\"twitter:label1\" content=\"Ansl. lesetid\" \/>\n\t<meta name=\"twitter:data1\" content=\"4 minutter\" \/>\n<script type=\"application\/ld+json\" class=\"yoast-schema-graph\">{\"@context\":\"https:\/\/schema.org\",\"@graph\":[{\"@type\":\"WebPage\",\"@id\":\"https:\/\/flight-tracker24.co.uk\/no\/plane-tracker\/\",\"url\":\"https:\/\/flight-tracker24.co.uk\/no\/plane-tracker\/\",\"name\":\"Plane Tracker | Finn hvert fly du leter etter [LIVE]\",\"isPartOf\":{\"@id\":\"https:\/\/flight-tracker24.co.uk\/no\/#website\"},\"primaryImageOfPage\":{\"@id\":\"https:\/\/flight-tracker24.co.uk\/no\/plane-tracker\/#primaryimage\"},\"image\":{\"@id\":\"https:\/\/flight-tracker24.co.uk\/no\/plane-tracker\/#primaryimage\"},\"thumbnailUrl\":\"https:\/\/flight-tracker24.co.uk\/wp-content\/uploads\/2017\/08\/radio-telescope-1031303_640-300x200.jpg\",\"datePublished\":\"2022-01-07T12:46:19+00:00\",\"dateModified\":\"2022-01-20T08:10:11+00:00\",\"description\":\"Gratis Plane Tracker \u2705 Gir deg den viktigste informasjonen \u2705 Om det \u00f8nskede flyet \u2705 Sjekk det her! \u2705 100 % Live \u2705\",\"breadcrumb\":{\"@id\":\"https:\/\/flight-tracker24.co.uk\/no\/plane-tracker\/#breadcrumb\"},\"inLanguage\":\"nb-NO\",\"potentialAction\":[{\"@type\":\"ReadAction\",\"target\":[\"https:\/\/flight-tracker24.co.uk\/no\/plane-tracker\/\"]}]},{\"@type\":\"ImageObject\",\"inLanguage\":\"nb-NO\",\"@id\":\"https:\/\/flight-tracker24.co.uk\/no\/plane-tracker\/#primaryimage\",\"url\":\"https:\/\/flight-tracker24.co.uk\/wp-content\/uploads\/2017\/08\/radio-telescope-1031303_640-300x200.jpg\",\"contentUrl\":\"https:\/\/flight-tracker24.co.uk\/wp-content\/uploads\/2017\/08\/radio-telescope-1031303_640-300x200.jpg\"},{\"@type\":\"BreadcrumbList\",\"@id\":\"https:\/\/flight-tracker24.co.uk\/no\/plane-tracker\/#breadcrumb\",\"itemListElement\":[{\"@type\":\"ListItem\",\"position\":1,\"name\":\"Home\",\"item\":\"https:\/\/flight-tracker24.co.uk\/no\/\"},{\"@type\":\"ListItem\",\"position\":2,\"name\":\"Plane Tracker\"}]},{\"@type\":\"WebSite\",\"@id\":\"https:\/\/flight-tracker24.co.uk\/no\/#website\",\"url\":\"https:\/\/flight-tracker24.co.uk\/no\/\",\"name\":\"Flight-Tracker24\",\"description\":\"Fight-Tracker24 Is Your Online Solution for Tracking Airplanes\",\"publisher\":{\"@id\":\"https:\/\/flight-tracker24.co.uk\/no\/#organization\"},\"potentialAction\":[{\"@type\":\"SearchAction\",\"target\":{\"@type\":\"EntryPoint\",\"urlTemplate\":\"https:\/\/flight-tracker24.co.uk\/no\/?s={search_term_string}\"},\"query-input\":{\"@type\":\"PropertyValueSpecification\",\"valueRequired\":true,\"valueName\":\"search_term_string\"}}],\"inLanguage\":\"nb-NO\"},{\"@type\":\"Organization\",\"@id\":\"https:\/\/flight-tracker24.co.uk\/no\/#organization\",\"name\":\"Flight-Tracker24\",\"url\":\"https:\/\/flight-tracker24.co.uk\/no\/\",\"logo\":{\"@type\":\"ImageObject\",\"inLanguage\":\"nb-NO\",\"@id\":\"https:\/\/flight-tracker24.co.uk\/no\/#\/schema\/logo\/image\/\",\"url\":\"https:\/\/flight-tracker24.co.uk\/wp-content\/uploads\/2018\/06\/Flugradar-Logo-footer240.png\",\"contentUrl\":\"https:\/\/flight-tracker24.co.uk\/wp-content\/uploads\/2018\/06\/Flugradar-Logo-footer240.png\",\"width\":\"240\",\"height\":\"47\",\"caption\":\"Flight-Tracker24\"},\"image\":{\"@id\":\"https:\/\/flight-tracker24.co.uk\/no\/#\/schema\/logo\/image\/\"}}]}<\/script>\n<!-- \/ Yoast SEO plugin. -->","yoast_head_json":{"title":"Plane Tracker | Finn hvert fly du leter etter [LIVE]","description":"Gratis Plane Tracker \u2705 Gir deg den viktigste informasjonen \u2705 Om det \u00f8nskede flyet \u2705 Sjekk det her! \u2705 100 % Live \u2705","robots":{"index":"index","follow":"follow","max-snippet":"max-snippet:-1","max-image-preview":"max-image-preview:large","max-video-preview":"max-video-preview:-1"},"canonical":"https:\/\/flight-tracker24.co.uk\/no\/plane-tracker\/","og_locale":"nb_NO","og_type":"article","og_title":"Plane Tracker | Finn hvert fly du leter etter [LIVE]","og_description":"Gratis Plane Tracker \u2705 Gir deg den viktigste informasjonen \u2705 Om det \u00f8nskede flyet \u2705 Sjekk det her! \u2705 100 % Live \u2705","og_url":"https:\/\/flight-tracker24.co.uk\/no\/plane-tracker\/","og_site_name":"Flight-Tracker24","article_modified_time":"2022-01-20T08:10:11+00:00","og_image":[{"url":"https:\/\/flight-tracker24.co.uk\/wp-content\/uploads\/2017\/08\/radio-telescope-1031303_640-300x200.jpg","type":"","width":"","height":""}],"twitter_card":"summary_large_image","twitter_misc":{"Ansl. lesetid":"4 minutter"},"schema":{"@context":"https:\/\/schema.org","@graph":[{"@type":"WebPage","@id":"https:\/\/flight-tracker24.co.uk\/no\/plane-tracker\/","url":"https:\/\/flight-tracker24.co.uk\/no\/plane-tracker\/","name":"Plane Tracker | Finn hvert fly du leter etter [LIVE]","isPartOf":{"@id":"https:\/\/flight-tracker24.co.uk\/no\/#website"},"primaryImageOfPage":{"@id":"https:\/\/flight-tracker24.co.uk\/no\/plane-tracker\/#primaryimage"},"image":{"@id":"https:\/\/flight-tracker24.co.uk\/no\/plane-tracker\/#primaryimage"},"thumbnailUrl":"https:\/\/flight-tracker24.co.uk\/wp-content\/uploads\/2017\/08\/radio-telescope-1031303_640-300x200.jpg","datePublished":"2022-01-07T12:46:19+00:00","dateModified":"2022-01-20T08:10:11+00:00","description":"Gratis Plane Tracker \u2705 Gir deg den viktigste informasjonen \u2705 Om det \u00f8nskede flyet \u2705 Sjekk det her! \u2705 100 % Live \u2705","breadcrumb":{"@id":"https:\/\/flight-tracker24.co.uk\/no\/plane-tracker\/#breadcrumb"},"inLanguage":"nb-NO","potentialAction":[{"@type":"ReadAction","target":["https:\/\/flight-tracker24.co.uk\/no\/plane-tracker\/"]}]},{"@type":"ImageObject","inLanguage":"nb-NO","@id":"https:\/\/flight-tracker24.co.uk\/no\/plane-tracker\/#primaryimage","url":"https:\/\/flight-tracker24.co.uk\/wp-content\/uploads\/2017\/08\/radio-telescope-1031303_640-300x200.jpg","contentUrl":"https:\/\/flight-tracker24.co.uk\/wp-content\/uploads\/2017\/08\/radio-telescope-1031303_640-300x200.jpg"},{"@type":"BreadcrumbList","@id":"https:\/\/flight-tracker24.co.uk\/no\/plane-tracker\/#breadcrumb","itemListElement":[{"@type":"ListItem","position":1,"name":"Home","item":"https:\/\/flight-tracker24.co.uk\/no\/"},{"@type":"ListItem","position":2,"name":"Plane Tracker"}]},{"@type":"WebSite","@id":"https:\/\/flight-tracker24.co.uk\/no\/#website","url":"https:\/\/flight-tracker24.co.uk\/no\/","name":"Flight-Tracker24","description":"Fight-Tracker24 Is Your Online Solution for Tracking Airplanes","publisher":{"@id":"https:\/\/flight-tracker24.co.uk\/no\/#organization"},"potentialAction":[{"@type":"SearchAction","target":{"@type":"EntryPoint","urlTemplate":"https:\/\/flight-tracker24.co.uk\/no\/?s={search_term_string}"},"query-input":{"@type":"PropertyValueSpecification","valueRequired":true,"valueName":"search_term_string"}}],"inLanguage":"nb-NO"},{"@type":"Organization","@id":"https:\/\/flight-tracker24.co.uk\/no\/#organization","name":"Flight-Tracker24","url":"https:\/\/flight-tracker24.co.uk\/no\/","logo":{"@type":"ImageObject","inLanguage":"nb-NO","@id":"https:\/\/flight-tracker24.co.uk\/no\/#\/schema\/logo\/image\/","url":"https:\/\/flight-tracker24.co.uk\/wp-content\/uploads\/2018\/06\/Flugradar-Logo-footer240.png","contentUrl":"https:\/\/flight-tracker24.co.uk\/wp-content\/uploads\/2018\/06\/Flugradar-Logo-footer240.png","width":"240","height":"47","caption":"Flight-Tracker24"},"image":{"@id":"https:\/\/flight-tracker24.co.uk\/no\/#\/schema\/logo\/image\/"}}]}},"_links":{"self":[{"href":"https:\/\/flight-tracker24.co.uk\/no\/wp-json\/wp\/v2\/pages\/733","targetHints":{"allow":["GET"]}}],"collection":[{"href":"https:\/\/flight-tracker24.co.uk\/no\/wp-json\/wp\/v2\/pages"}],"about":[{"href":"https:\/\/flight-tracker24.co.uk\/no\/wp-json\/wp\/v2\/types\/page"}],"author":[{"embeddable":true,"href":"https:\/\/flight-tracker24.co.uk\/no\/wp-json\/wp\/v2\/users\/1"}],"replies":[{"embeddable":true,"href":"https:\/\/flight-tracker24.co.uk\/no\/wp-json\/wp\/v2\/comments?post=733"}],"version-history":[{"count":0,"href":"https:\/\/flight-tracker24.co.uk\/no\/wp-json\/wp\/v2\/pages\/733\/revisions"}],"wp:attachment":[{"href":"https:\/\/flight-tracker24.co.uk\/no\/wp-json\/wp\/v2\/media?parent=733"}],"curies":[{"name":"wp","href":"https:\/\/api.w.org\/{rel}","templated":true}]}}