{"id":731,"date":"2022-01-07T12:32:11","date_gmt":"2022-01-07T12:32:11","guid":{"rendered":"https:\/\/flight-tracker24.co.uk\/flightradar24\/"},"modified":"2022-01-20T08:03:05","modified_gmt":"2022-01-20T08:03:05","slug":"flightradar24","status":"publish","type":"page","link":"https:\/\/flight-tracker24.co.uk\/no\/flightradar24\/","title":{"rendered":"Flightradar24"},"content":{"rendered":"<h1 style=\"text-align: center;\"><strong>Flightradar24<\/strong><\/h1>\n<p style=\"text-align: center;\"><span style=\"font-size: 12pt;\"><em><strong>Velkommen til flightradar24! Klikk p\u00e5 linsen i radaren for \u00e5 begynne \u00e5 s\u00f8ke.<\/strong><\/em><\/span><\/p>\n<p>&nbsp;<\/p>\n<div style=\"width: 100%; height: 0px; margin-top: -80px; margin-right: 0px;\"><\/div>\n<p><script async=\"\" src=\"\/\/pagead2.googlesyndication.com\/pagead\/js\/adsbygoogle.js\"><\/script><br \/>\n<!-- FlightLinks --><br \/>\n<ins class=\"adsbygoogle\" style=\"display: block;\" data-ad-client=\"ca-pub-8699335927299131\" data-ad-slot=\"8291128921\" data-ad-format=\"link\"><\/ins><br \/>\n<script>(adsbygoogle = window.adsbygoogle || []).push({});<\/script><\/p>\n<div style=\"width: 100%; height: 0px; margin-top: -15px; margin-right: 0px;\"><\/div>\n<figure class=\"full-width\">\n<div class=\"resp-container\"><iframe class=\"resp-iframe\" src=\"https:\/\/www.radarbox24.com\/?widget=1&amp;z=5&amp;lat=46.7&amp;lng=7.6\" height=\"500\" frameborder=\"0\" allowfullscreen=\"allowfullscreen\"><\/iframe><\/div>\n<\/figure>\n<p><script async=\"\" src=\"\/\/pagead2.googlesyndication.com\/pagead\/js\/adsbygoogle.js\"><\/script><br \/>\n<!-- FlightDisplay --><br \/>\n<ins class=\"adsbygoogle\" style=\"display: block;\" data-ad-client=\"ca-pub-8699335927299131\" data-ad-slot=\"1073730211\" data-ad-format=\"auto\"><\/ins><br \/>\n<script>(adsbygoogle = window.adsbygoogle || []).push({});<\/script><\/p>\n<h2 style=\"text-align: center;\"><strong>Skriv inn flynummeret<\/strong><\/h2>\n<p style=\"text-align: center;\"><em><strong>Skriv inn et gyldig flynummer i s\u00f8kefeltet<\/strong><\/em><\/p>\n<form class=\"gobing\" style=\"margin:auto;max-width:fit-content\">\n  <input type=\"text\" class=\"form-control\" id=\"search1\" placeholder=\"Skriv inn flynummer her\"><br \/>\n  <buttongob type=\"submit\" id=\"WFFRB\"><i class=\"fa fa-search\"><\/i>S\u00f8k etter fly<\/buttongob><br \/>\n<\/form>\n<p><script>\njQuery('#WFFRB').on('click', function () {\n    var searchInput = jQuery('#search1').val();\n    var url = \"https:\/\/flightradar.flights\/en\/\"\n    window.open(url);\n});\n<\/script><br \/>\n<script>\njQuery('#search1').keypress(\n  function(event){\n    if (event.which == '13') {\n      event.preventDefault();\n    }\n});\n<\/script><\/p>\n<p style=\"text-align: center;\"><em><strong>(Et nytt vindu\/fane \u00e5pnes)<\/strong><\/em><\/p>\n<p><span style=\"font-size: 12pt;\"><strong>Hurtigguide: Flightradar24<\/strong><\/span><\/p>\n<ul>\n<li style=\"list-style-type: none;\">\n<ul>\n<li style=\"list-style-type: none;\">\n<ul>\n<li><span style=\"font-size: 12pt;\"><span style=\"color: #ff0000;\">1. alternativ:<\/span> Klikk p\u00e5 forst\u00f8rrelsesglasset &gt;Skriv inn et gyldig flynummer og velg det viste flyet &gt; N\u00e5 sporer du flyvningen direkte<\/span><\/li>\n<\/ul>\n<\/li>\n<\/ul>\n<\/li>\n<\/ul>\n<ul>\n<li style=\"list-style-type: none;\">\n<ul>\n<li style=\"list-style-type: none;\">\n<ul>\n<li><span style=\"font-size: 12pt;\"><span style=\"color: #ff0000;\">Andre mulighet:<\/span> Klikk p\u00e5 forst\u00f8rrelsesglasset &gt; G\u00e5 inn i en by med flyplass, f.eks. London eller Manchester og klikk p\u00e5 flyplassen fra listen &gt; Flightradar24 vil vise deg alle flyreiser relatert til flyplassen<\/span><\/li>\n<\/ul>\n<\/li>\n<\/ul>\n<p><script async=\"\" src=\"\/\/pagead2.googlesyndication.com\/pagead\/js\/adsbygoogle.js\"><\/script><\/p>\n<p><script>(adsbygoogle = window.adsbygoogle || []).push({});<\/script><\/li>\n<\/ul>\n<p style=\"text-align: center;\"><span style=\"font-size: 12pt;\"><strong>Video: Hurtigguide for flightradar 24<\/strong><\/span><\/p>\n<div class=\"resp-containeryt2\"><iframe loading=\"lazy\" src=\"https:\/\/www.youtube-nocookie.com\/embed\/3zvktnXMJpg\" width=\"560\" height=\"315\" frameborder=\"0\" allowfullscreen=\"allowfullscreen\"><\/iframe><\/div>\n<p style=\"text-align: center;\"><span style=\"font-size: 12pt;\"><strong>Vennligst naviger til bunnen av siden for \u00e5 vurdere tjenesten v\u00e5r.<\/strong><\/span><\/p>\n<p>&nbsp;<\/p>\n<h2 style=\"text-align: center;\"><span style=\"font-size: 20pt;\"><strong><span style=\"color: #ff9900;\">Oversikt<\/span><\/strong><\/span><\/h2>\n<p style=\"text-align: center;\" align=\"JUSTIFY\"><span style=\"font-size: 12pt;\">I ganske lang tid var flysporing fra bakken en komplisert sak. Til dags dato er det fortsatt ingen bakketransport som er s\u00e5 rask som fly. F\u00f8r oppfinnelsen av digital teknologi og internett, kan bare et fly brukes til \u00e5 spore et annet fly, men i dag er sporing av et fly enkelt og gratis. <strong>Alt du trenger er en personlig datamaskin eller smarttelefon og internettforbindelse<\/strong>.<\/span><\/p>\n<p>&nbsp;<\/p>\n<h2 style=\"text-align: center;\"><span style=\"font-size: 20pt; color: #ff9900;\"><strong>Hva betyr flightradar24 i dag?<\/strong><\/span><\/h2>\n<p><span style=\"font-size: 12pt;\"><img loading=\"lazy\" decoding=\"async\" class=\"alignright wp-image-561\" src=\"https:\/\/flight-tracker24.co.uk\/wp-content\/uploads\/2017\/08\/Papierflieger-300x214.jpg\" alt=\"flightradar24 lederskapskonsept med r\u00f8dt og hvitt papirfly p\u00e5 bl\u00e5 himmel. papirkunststil.\" width=\"240\" height=\"172\" srcset=\"https:\/\/flight-tracker24.co.uk\/wp-content\/uploads\/2017\/08\/Papierflieger-300x214.jpg 300w, https:\/\/flight-tracker24.co.uk\/wp-content\/uploads\/2017\/08\/Papierflieger.jpg 410w\" sizes=\"auto, (max-width: 240px) 100vw, 240px\" \/><\/span><\/p>\n<p style=\"text-align: center;\" align=\"JUSTIFY\"><span style=\"font-size: 12pt;\"><strong>flightradar pleide \u00e5 bety fysisk \u00e5 f\u00f8lge et fly<\/strong>; det vil si \u00e5 faktisk fly eller kj\u00f8re bak den. I dag sporer folk fly gjennom digitale kanaler; du kan bruke smarttelefoner, nettbrett eller til og med hjemmedatamaskiner for \u00e5 sl\u00e5 opp og spore hva som helst om ethvert fly i verden med bare et raskt blikk p\u00e5 nettet.<\/span><\/p>\n<p>&nbsp;<\/p>\n<h2 class=\"western\" style=\"text-align: center;\"><span style=\"font-size: 20pt; color: #ff9900;\"><b>Hva brukes flightradar24 til?<\/b><\/span><\/h2>\n<p style=\"text-align: center;\" align=\"JUSTIFY\"><span style=\"font-size: 12pt;\">Opprinnelig ble flysporing brukt til \u00e5 overv\u00e5ke og kontrollere luftrom. Flyradarsystemer ble bare brukt av fagfolk, men n\u00e5 er hvert fly lokalisert med radar. <strong>I dag digitaliseres flyradarinformasjon og overf\u00f8res til kartvisning.<\/strong> P\u00e5 denne m\u00e5ten kan du se gjeldende plassering av et fly og kan ogs\u00e5 spore hele progresjonen til et fly p\u00e5 skjermen.<\/span><\/p>\n<p style=\"text-align: center;\" align=\"JUSTIFY\"><span style=\"font-size: 12pt;\">Men flysporing brukes ikke bare til flykontroll lenger. Vi kan tillate deg \u00e5 spore fly p\u00e5 en flyradar. <strong>For noen mennesker er flysporing bare for moro skyld, mens for andre; dataene gir informasjon som brukes p\u00e5 daglig basis.<\/strong> <a href=\"https:\/\/flightradar.flights\/\" target=\"_blank\" rel=\"noopener noreferrer\">Flyradarinformasjonen<\/a> kan brukes av private forbrukere til f\u00f8lgende:<\/span><\/p>\n<ul>\n<li style=\"list-style-type: none;\">\n<ul>\n<li style=\"text-align: center;\">\n<p align=\"JUSTIFY\"><strong><span style=\"font-size: 12pt;\">For \u00e5 sl\u00e5 opp ankomsttid og forsinkelse<\/span><\/strong><\/p>\n<\/li>\n<\/ul>\n<\/li>\n<\/ul>\n<ul>\n<li style=\"list-style-type: none;\">\n<ul>\n<li style=\"text-align: center;\">\n<p align=\"JUSTIFY\"><strong><span style=\"font-size: 12pt;\">For \u00e5 sjekke flyruter<\/span><\/strong><\/p>\n<\/li>\n<\/ul>\n<\/li>\n<\/ul>\n<ul>\n<li style=\"list-style-type: none;\">\n<ul>\n<li style=\"text-align: center;\">\n<p align=\"JUSTIFY\"><strong><span style=\"font-size: 12pt;\">For \u00e5 se etter potensiell st\u00f8yforurensning<\/span><\/strong><\/p>\n<\/li>\n<\/ul>\n<\/li>\n<\/ul>\n<ul>\n<li style=\"list-style-type: none;\">\n<ul>\n<li style=\"text-align: center;\">\n<p align=\"JUSTIFY\"><strong><span style=\"font-size: 12pt;\">For \u00e5 overv\u00e5ke problemer knyttet til fly<\/span><\/strong><\/p>\n<\/li>\n<li style=\"text-align: center;\">\n<p align=\"JUSTIFY\"><strong><span style=\"font-size: 12pt;\">For \u00e5 ha tilgang til detaljer om avreiseby og destinasjonsflyplass for et fly<\/span><\/strong><\/p>\n<\/li>\n<\/ul>\n<\/li>\n<\/ul>\n<p>&nbsp;<\/p>\n<h2 style=\"text-align: center;\"><span style=\"font-size: 20pt; color: #ff9900;\"><strong>Hvem bruker en flyradar?<\/strong><\/span><\/h2>\n<p style=\"text-align: center;\" align=\"JUSTIFY\"><span style=\"font-size: 12pt;\"><strong>Flysporing brukes ofte av flyentusiaster og flyspottere<\/strong>, det kan ogs\u00e5 brukes av flyselskaper. Hvis du jobber i luftfartsverdenen eller er inspirert av den, vil denne nettsiden gi deg innsidekunnskap. Flyselskaper bruker denne radaren for \u00e5 gi bedre oversikt over deres flybevegelser og fl\u00e5te. I noen tilfeller kan flysporing ogs\u00e5 brukes for \u00e5 oppdage muligheter for ulykker. <\/span><\/p>\n<p>&nbsp;<\/p>\n<h2 style=\"text-align: center;\"><span style=\"color: #ff9900; font-size: 20pt;\"><strong>Hva er praktisk informasjon om flightradar24?<\/strong><\/span><\/h2>\n<p style=\"text-align: center;\" align=\"JUSTIFY\"><span style=\"font-size: 12pt;\"><strong>Et av h\u00f8ydepunktene ved flysporing er kartvisningen.<\/strong> Det gir innsikt i de mange flybevegelsene som finner sted hver dag og natt rundt om i verden. Flyradarer gir ogs\u00e5 en annen type relevant informasjon som f\u00f8rst blir synlig n\u00e5r du skriver inn et spesifikt flynummer eller velger et av flyene p\u00e5 kartet. Informasjonen som kan f\u00e5s gjennom flysporingen inkluderer:<\/span><\/p>\n<ul>\n<li style=\"list-style-type: none;\">\n<ul>\n<li style=\"text-align: center;\">\n<p align=\"JUSTIFY\"><strong><span style=\"font-size: 12pt;\">Navnet p\u00e5 flyet<\/span><\/strong><\/p>\n<\/li>\n<\/ul>\n<\/li>\n<\/ul>\n<ul>\n<li style=\"list-style-type: none;\">\n<ul>\n<li style=\"text-align: center;\">\n<p align=\"JUSTIFY\"><strong><span style=\"font-size: 12pt;\">Flynummeret<\/span><\/strong><\/p>\n<\/li>\n<\/ul>\n<\/li>\n<\/ul>\n<ul>\n<li style=\"list-style-type: none;\">\n<ul>\n<li style=\"text-align: center;\">\n<p align=\"JUSTIFY\"><strong><span style=\"font-size: 12pt;\">Den planlagte ankomsttiden<\/span><\/strong><\/p>\n<\/li>\n<\/ul>\n<\/li>\n<\/ul>\n<ul>\n<li style=\"list-style-type: none;\">\n<ul>\n<li style=\"text-align: center;\">\n<p align=\"JUSTIFY\"><strong><span style=\"font-size: 12pt;\">Planlagt avgangstid<\/span><\/strong><\/p>\n<\/li>\n<\/ul>\n<\/li>\n<\/ul>\n<ul>\n<li style=\"list-style-type: none;\">\n<ul>\n<li style=\"text-align: center;\">\n<p align=\"JUSTIFY\"><strong><span style=\"font-size: 12pt;\">Antatt ankomsttid<\/span><\/strong><\/p>\n<\/li>\n<\/ul>\n<\/li>\n<\/ul>\n<ul>\n<li style=\"list-style-type: none;\">\n<ul>\n<li style=\"text-align: center;\">\n<p align=\"JUSTIFY\"><strong><span style=\"font-size: 12pt;\">Den faktiske avgangstiden (dette er p\u00e5 grunn av forsinkelser)<\/span><\/strong><\/p>\n<\/li>\n<\/ul>\n<\/li>\n<\/ul>\n<ul>\n<li style=\"list-style-type: none;\">\n<ul>\n<li style=\"text-align: center;\">\n<p align=\"JUSTIFY\"><strong><span style=\"font-size: 12pt;\">Distansen som er fl\u00f8yet<\/span><\/strong><\/p>\n<\/li>\n<\/ul>\n<\/li>\n<\/ul>\n<ul>\n<li style=\"list-style-type: none;\">\n<ul>\n<li style=\"text-align: center;\">\n<p align=\"JUSTIFY\"><strong><span style=\"font-size: 12pt;\">Informasjon om type fly<\/span><\/strong><\/p>\n<\/li>\n<\/ul>\n<\/li>\n<\/ul>\n<ul>\n<li style=\"list-style-type: none;\">\n<ul>\n<li style=\"text-align: center;\">\n<p align=\"JUSTIFY\"><strong><span style=\"font-size: 12pt;\">Bakkehastighet<\/span><\/strong><\/p>\n<\/li>\n<\/ul>\n<\/li>\n<\/ul>\n<ul>\n<li style=\"list-style-type: none;\">\n<ul>\n<li style=\"text-align: center;\">\n<p align=\"JUSTIFY\"><strong><span style=\"font-size: 12pt;\">Flyh\u00f8yde<\/span><\/strong><\/p>\n<\/li>\n<li style=\"text-align: center;\">\n<p align=\"JUSTIFY\"><strong><span style=\"font-size: 12pt;\">Flyrutene og data om flykontrolloppgaver<\/span><\/strong><\/p>\n<\/li>\n<\/ul>\n<\/li>\n<\/ul>\n<p>&nbsp;<\/p>\n<h2 style=\"text-align: center;\" align=\"JUSTIFY\"><span style=\"font-size: 20pt; color: #ff9900;\"><b>Hvordan fungerer flightradar24?<\/b><\/span><\/h2>\n<p style=\"text-align: center;\" align=\"JUSTIFY\"><span style=\"font-size: 12pt;\"><strong>Hvis du \u00f8nsker \u00e5 f\u00e5 tilgang til dataene levert av flightradar24, er alt du trenger en internettforbindelse ved siden av en internettaktivert enhet.<\/strong> Hvis kravene er oppfylt, vil du n\u00e5r du \u00e5pner nettsiden v\u00e5r se et kartomr\u00e5de med mange symboler som hver representerer et fly p\u00e5 flukt. <strong>Det er relativt enkelt \u00e5 bruke flightradar24, for \u00e5 se detaljer om et bestemt fly, klikk p\u00e5 det tilsvarende symbolet p\u00e5 kartet.<\/strong> Dette \u00e5pner et informasjonsvindu med noen detaljer som lar deg se informasjon som: hvilke byer flyet flyr mellom, flyselskapet, flytype, flynummer, hastighet, flyets h\u00f8yde og beregnet ankomsttid p\u00e5 destinasjonsflyplassen.<\/span><\/p>\n<p>&nbsp;<\/p>\n<h2 style=\"text-align: center;\" align=\"JUSTIFY\"><span style=\"font-size: 20pt; color: #ff9900;\"><b>Live radar gratis<\/b><\/span><\/h2>\n<p style=\"text-align: center;\" align=\"JUSTIFY\"><span style=\"font-size: 12pt;\"><strong>flightradar24 p\u00e5 <a href=\"https:\/\/flight-tracker24.co.uk\/\" target=\"_blank\" rel=\"noopener noreferrer\">flight tracker<\/a> er helt gratis.<\/strong> Uansett hvor du befinner deg, kan du f\u00e5 tilgang til praktisk informasjon om hvert fly og bevegelser. <strong>Du vil spare penger fordi med flyradar er du alltid ledig og kan spore hvilket som helst fly n\u00e5r du vil.<\/strong> Hvis du trenger flere funksjoner, kan du kj\u00f8pe en oppgradering i form av medlemskap. Mer informasjon p\u00e5 <a href=\"https:\/\/flugradar24.eu\/flightradar24\/\" target=\"_blank\" rel=\"noopener noreferrer\">flightradar24<\/a><\/span><\/p>\n<p>&nbsp;<\/p>\n<h2 style=\"text-align: center;\" align=\"JUSTIFY\"><span style=\"font-size: 20pt; color: #ff9900;\"><b>Flightradar24 &#8211; en spennende utvikling<\/b><\/span><\/h2>\n<p style=\"text-align: center;\" align=\"JUSTIFY\"><span style=\"font-size: 12pt;\">Utviklingen av flightradar24 fra de tidlige stadiene av luftfart til i dag er ganske imponerende; det var en periode da flyradardata bare kunne sees av flykontrolleksperter. Men i dag er denne informasjonen tilgjengelig for alle. Fremtiden for flysporing er i 3D-visning; for \u00f8yeblikket er det mulig \u00e5 f\u00e5 tilgang til frontkameraet p\u00e5 noen fly fra en smartenhet og se utsikten fra cockpiten, vi kan v\u00e6re sikre p\u00e5 at det fortsatt er mye mer spennende utvikling fremover for flysporing<\/span><\/p>\n<p>&nbsp;<\/p>\n","protected":false},"excerpt":{"rendered":"<p>Flightradar24 Velkommen til flightradar24! Klikk p\u00e5 linsen i radaren for \u00e5 begynne \u00e5 s\u00f8ke. &nbsp; Skriv inn flynummeret Skriv inn et gyldig flynummer i s\u00f8kefeltet S\u00f8k etter fly (Et nytt vindu\/fane \u00e5pnes) Hurtigguide: Flightradar24 1. alternativ: Klikk p\u00e5 forst\u00f8rrelsesglasset &gt;Skriv inn et gyldig flynummer og velg det viste flyet &gt; N\u00e5 sporer du flyvningen direkte &#8230; <\/p>\n<p class=\"read-more-container\"><a title=\"Flightradar24\" class=\"read-more button\" href=\"https:\/\/flight-tracker24.co.uk\/no\/flightradar24\/#more-731\" aria-label=\"Mer p\u00e5 Flightradar24\">Read more<\/a><\/p>\n","protected":false},"author":1,"featured_media":0,"parent":0,"menu_order":0,"comment_status":"closed","ping_status":"closed","template":"","meta":{"footnotes":""},"class_list":["post-731","page","type-page","status-publish"],"yoast_head":"<!-- This site is optimized with the Yoast SEO plugin v26.1.1 - https:\/\/yoast.com\/wordpress\/plugins\/seo\/ -->\n<title>FLIGHTRADAR24 | 100 % Live Online Airplane Radar [All Devices]<\/title>\n<meta name=\"description\" content=\"Flightradar24 med Live Tracking Kart \u2705 Som viser deg lufttrafikken i sanntid \u2705 Spor ethvert fly over hele verden \u2705\" \/>\n<meta name=\"robots\" content=\"index, follow, max-snippet:-1, max-image-preview:large, max-video-preview:-1\" \/>\n<link rel=\"canonical\" href=\"https:\/\/flight-tracker24.co.uk\/no\/flightradar24\/\" \/>\n<meta property=\"og:locale\" content=\"nb_NO\" \/>\n<meta property=\"og:type\" content=\"article\" \/>\n<meta property=\"og:title\" content=\"FLIGHTRADAR24 | 100 % Live Online Airplane Radar [All Devices]\" \/>\n<meta property=\"og:description\" content=\"Flightradar24 med Live Tracking Kart \u2705 Som viser deg lufttrafikken i sanntid \u2705 Spor ethvert fly over hele verden \u2705\" \/>\n<meta property=\"og:url\" content=\"https:\/\/flight-tracker24.co.uk\/no\/flightradar24\/\" \/>\n<meta property=\"og:site_name\" content=\"Flight-Tracker24\" \/>\n<meta property=\"article:modified_time\" content=\"2022-01-20T08:03:05+00:00\" \/>\n<meta property=\"og:image\" content=\"https:\/\/flight-tracker24.co.uk\/wp-content\/uploads\/2017\/08\/Papierflieger-300x214.jpg\" \/>\n<meta name=\"twitter:card\" content=\"summary_large_image\" \/>\n<meta name=\"twitter:label1\" content=\"Ansl. lesetid\" \/>\n\t<meta name=\"twitter:data1\" content=\"4 minutter\" \/>\n<script type=\"application\/ld+json\" class=\"yoast-schema-graph\">{\"@context\":\"https:\/\/schema.org\",\"@graph\":[{\"@type\":\"WebPage\",\"@id\":\"https:\/\/flight-tracker24.co.uk\/no\/flightradar24\/\",\"url\":\"https:\/\/flight-tracker24.co.uk\/no\/flightradar24\/\",\"name\":\"FLIGHTRADAR24 | 100 % Live Online Airplane Radar [All Devices]\",\"isPartOf\":{\"@id\":\"https:\/\/flight-tracker24.co.uk\/no\/#website\"},\"primaryImageOfPage\":{\"@id\":\"https:\/\/flight-tracker24.co.uk\/no\/flightradar24\/#primaryimage\"},\"image\":{\"@id\":\"https:\/\/flight-tracker24.co.uk\/no\/flightradar24\/#primaryimage\"},\"thumbnailUrl\":\"https:\/\/flight-tracker24.co.uk\/wp-content\/uploads\/2017\/08\/Papierflieger-300x214.jpg\",\"datePublished\":\"2022-01-07T12:32:11+00:00\",\"dateModified\":\"2022-01-20T08:03:05+00:00\",\"description\":\"Flightradar24 med Live Tracking Kart \u2705 Som viser deg lufttrafikken i sanntid \u2705 Spor ethvert fly over hele verden \u2705\",\"breadcrumb\":{\"@id\":\"https:\/\/flight-tracker24.co.uk\/no\/flightradar24\/#breadcrumb\"},\"inLanguage\":\"nb-NO\",\"potentialAction\":[{\"@type\":\"ReadAction\",\"target\":[\"https:\/\/flight-tracker24.co.uk\/no\/flightradar24\/\"]}]},{\"@type\":\"ImageObject\",\"inLanguage\":\"nb-NO\",\"@id\":\"https:\/\/flight-tracker24.co.uk\/no\/flightradar24\/#primaryimage\",\"url\":\"https:\/\/flight-tracker24.co.uk\/wp-content\/uploads\/2017\/08\/Papierflieger-300x214.jpg\",\"contentUrl\":\"https:\/\/flight-tracker24.co.uk\/wp-content\/uploads\/2017\/08\/Papierflieger-300x214.jpg\"},{\"@type\":\"BreadcrumbList\",\"@id\":\"https:\/\/flight-tracker24.co.uk\/no\/flightradar24\/#breadcrumb\",\"itemListElement\":[{\"@type\":\"ListItem\",\"position\":1,\"name\":\"Home\",\"item\":\"https:\/\/flight-tracker24.co.uk\/no\/\"},{\"@type\":\"ListItem\",\"position\":2,\"name\":\"Flightradar24\"}]},{\"@type\":\"WebSite\",\"@id\":\"https:\/\/flight-tracker24.co.uk\/no\/#website\",\"url\":\"https:\/\/flight-tracker24.co.uk\/no\/\",\"name\":\"Flight-Tracker24\",\"description\":\"Fight-Tracker24 Is Your Online Solution for Tracking Airplanes\",\"publisher\":{\"@id\":\"https:\/\/flight-tracker24.co.uk\/no\/#organization\"},\"potentialAction\":[{\"@type\":\"SearchAction\",\"target\":{\"@type\":\"EntryPoint\",\"urlTemplate\":\"https:\/\/flight-tracker24.co.uk\/no\/?s={search_term_string}\"},\"query-input\":{\"@type\":\"PropertyValueSpecification\",\"valueRequired\":true,\"valueName\":\"search_term_string\"}}],\"inLanguage\":\"nb-NO\"},{\"@type\":\"Organization\",\"@id\":\"https:\/\/flight-tracker24.co.uk\/no\/#organization\",\"name\":\"Flight-Tracker24\",\"url\":\"https:\/\/flight-tracker24.co.uk\/no\/\",\"logo\":{\"@type\":\"ImageObject\",\"inLanguage\":\"nb-NO\",\"@id\":\"https:\/\/flight-tracker24.co.uk\/no\/#\/schema\/logo\/image\/\",\"url\":\"https:\/\/flight-tracker24.co.uk\/wp-content\/uploads\/2018\/06\/Flugradar-Logo-footer240.png\",\"contentUrl\":\"https:\/\/flight-tracker24.co.uk\/wp-content\/uploads\/2018\/06\/Flugradar-Logo-footer240.png\",\"width\":\"240\",\"height\":\"47\",\"caption\":\"Flight-Tracker24\"},\"image\":{\"@id\":\"https:\/\/flight-tracker24.co.uk\/no\/#\/schema\/logo\/image\/\"}}]}<\/script>\n<!-- \/ Yoast SEO plugin. -->","yoast_head_json":{"title":"FLIGHTRADAR24 | 100 % Live Online Airplane Radar [All Devices]","description":"Flightradar24 med Live Tracking Kart \u2705 Som viser deg lufttrafikken i sanntid \u2705 Spor ethvert fly over hele verden \u2705","robots":{"index":"index","follow":"follow","max-snippet":"max-snippet:-1","max-image-preview":"max-image-preview:large","max-video-preview":"max-video-preview:-1"},"canonical":"https:\/\/flight-tracker24.co.uk\/no\/flightradar24\/","og_locale":"nb_NO","og_type":"article","og_title":"FLIGHTRADAR24 | 100 % Live Online Airplane Radar [All Devices]","og_description":"Flightradar24 med Live Tracking Kart \u2705 Som viser deg lufttrafikken i sanntid \u2705 Spor ethvert fly over hele verden \u2705","og_url":"https:\/\/flight-tracker24.co.uk\/no\/flightradar24\/","og_site_name":"Flight-Tracker24","article_modified_time":"2022-01-20T08:03:05+00:00","og_image":[{"url":"https:\/\/flight-tracker24.co.uk\/wp-content\/uploads\/2017\/08\/Papierflieger-300x214.jpg","type":"","width":"","height":""}],"twitter_card":"summary_large_image","twitter_misc":{"Ansl. lesetid":"4 minutter"},"schema":{"@context":"https:\/\/schema.org","@graph":[{"@type":"WebPage","@id":"https:\/\/flight-tracker24.co.uk\/no\/flightradar24\/","url":"https:\/\/flight-tracker24.co.uk\/no\/flightradar24\/","name":"FLIGHTRADAR24 | 100 % Live Online Airplane Radar [All Devices]","isPartOf":{"@id":"https:\/\/flight-tracker24.co.uk\/no\/#website"},"primaryImageOfPage":{"@id":"https:\/\/flight-tracker24.co.uk\/no\/flightradar24\/#primaryimage"},"image":{"@id":"https:\/\/flight-tracker24.co.uk\/no\/flightradar24\/#primaryimage"},"thumbnailUrl":"https:\/\/flight-tracker24.co.uk\/wp-content\/uploads\/2017\/08\/Papierflieger-300x214.jpg","datePublished":"2022-01-07T12:32:11+00:00","dateModified":"2022-01-20T08:03:05+00:00","description":"Flightradar24 med Live Tracking Kart \u2705 Som viser deg lufttrafikken i sanntid \u2705 Spor ethvert fly over hele verden \u2705","breadcrumb":{"@id":"https:\/\/flight-tracker24.co.uk\/no\/flightradar24\/#breadcrumb"},"inLanguage":"nb-NO","potentialAction":[{"@type":"ReadAction","target":["https:\/\/flight-tracker24.co.uk\/no\/flightradar24\/"]}]},{"@type":"ImageObject","inLanguage":"nb-NO","@id":"https:\/\/flight-tracker24.co.uk\/no\/flightradar24\/#primaryimage","url":"https:\/\/flight-tracker24.co.uk\/wp-content\/uploads\/2017\/08\/Papierflieger-300x214.jpg","contentUrl":"https:\/\/flight-tracker24.co.uk\/wp-content\/uploads\/2017\/08\/Papierflieger-300x214.jpg"},{"@type":"BreadcrumbList","@id":"https:\/\/flight-tracker24.co.uk\/no\/flightradar24\/#breadcrumb","itemListElement":[{"@type":"ListItem","position":1,"name":"Home","item":"https:\/\/flight-tracker24.co.uk\/no\/"},{"@type":"ListItem","position":2,"name":"Flightradar24"}]},{"@type":"WebSite","@id":"https:\/\/flight-tracker24.co.uk\/no\/#website","url":"https:\/\/flight-tracker24.co.uk\/no\/","name":"Flight-Tracker24","description":"Fight-Tracker24 Is Your Online Solution for Tracking Airplanes","publisher":{"@id":"https:\/\/flight-tracker24.co.uk\/no\/#organization"},"potentialAction":[{"@type":"SearchAction","target":{"@type":"EntryPoint","urlTemplate":"https:\/\/flight-tracker24.co.uk\/no\/?s={search_term_string}"},"query-input":{"@type":"PropertyValueSpecification","valueRequired":true,"valueName":"search_term_string"}}],"inLanguage":"nb-NO"},{"@type":"Organization","@id":"https:\/\/flight-tracker24.co.uk\/no\/#organization","name":"Flight-Tracker24","url":"https:\/\/flight-tracker24.co.uk\/no\/","logo":{"@type":"ImageObject","inLanguage":"nb-NO","@id":"https:\/\/flight-tracker24.co.uk\/no\/#\/schema\/logo\/image\/","url":"https:\/\/flight-tracker24.co.uk\/wp-content\/uploads\/2018\/06\/Flugradar-Logo-footer240.png","contentUrl":"https:\/\/flight-tracker24.co.uk\/wp-content\/uploads\/2018\/06\/Flugradar-Logo-footer240.png","width":"240","height":"47","caption":"Flight-Tracker24"},"image":{"@id":"https:\/\/flight-tracker24.co.uk\/no\/#\/schema\/logo\/image\/"}}]}},"_links":{"self":[{"href":"https:\/\/flight-tracker24.co.uk\/no\/wp-json\/wp\/v2\/pages\/731","targetHints":{"allow":["GET"]}}],"collection":[{"href":"https:\/\/flight-tracker24.co.uk\/no\/wp-json\/wp\/v2\/pages"}],"about":[{"href":"https:\/\/flight-tracker24.co.uk\/no\/wp-json\/wp\/v2\/types\/page"}],"author":[{"embeddable":true,"href":"https:\/\/flight-tracker24.co.uk\/no\/wp-json\/wp\/v2\/users\/1"}],"replies":[{"embeddable":true,"href":"https:\/\/flight-tracker24.co.uk\/no\/wp-json\/wp\/v2\/comments?post=731"}],"version-history":[{"count":0,"href":"https:\/\/flight-tracker24.co.uk\/no\/wp-json\/wp\/v2\/pages\/731\/revisions"}],"wp:attachment":[{"href":"https:\/\/flight-tracker24.co.uk\/no\/wp-json\/wp\/v2\/media?parent=731"}],"curies":[{"name":"wp","href":"https:\/\/api.w.org\/{rel}","templated":true}]}}