{"id":729,"date":"2022-01-07T12:23:12","date_gmt":"2022-01-07T12:23:12","guid":{"rendered":"https:\/\/flight-tracker24.co.uk\/juridisk-varsel\/"},"modified":"2022-01-07T12:23:15","modified_gmt":"2022-01-07T12:23:15","slug":"juridisk-varsel","status":"publish","type":"page","link":"https:\/\/flight-tracker24.co.uk\/no\/juridisk-varsel\/","title":{"rendered":"Juridisk varsel"},"content":{"rendered":"<h2><strong>Contact:<\/strong><\/h2>\n<p>Martin Mrosek<\/p>\n<p>Bruktererhang 19<\/p>\n<p>45277 Essen<\/p>\n<p>Germany<\/p>\n<p>contact: info@flight-tracker24.co.uk<\/p>\n<p>&nbsp;<\/p>\n<p>&nbsp;<\/p>\n<h2>Ansvarsfraskrivelse for <span class=\"placeholder\" title=\"\" data-toggle=\"tooltip\" data-placement=\"top\" data-original-title=\"Please fill Name of Company\"><span class=\"ng-binding\">Flight-Tracker24.co.uk<\/span><\/span><\/h2>\n<p>Hvis du trenger mer informasjon eller har sp\u00f8rsm\u00e5l om nettstedets ansvarsfraskrivelse, kan du gjerne kontakte oss p\u00e5 e-post p\u00e5 <span class=\"placeholder\" title=\"\" data-toggle=\"tooltip\" data-placement=\"top\" data-original-title=\"Please fill Email Address\"><span class=\"ng-binding\">info [at] flight-tracker24.co.uk<\/span><\/span>.<\/p>\n<p>All informasjon p\u00e5 denne nettsiden er publisert i god tro og kun for generell informasjonsform\u00e5l. <span class=\"placeholder\" title=\"\" data-toggle=\"tooltip\" data-placement=\"top\" data-original-title=\"Please fill Company's Website\"><span class=\"ng-binding\">Flight-Tracker24.co.uk<\/span><\/span> gir ingen garantier om fullstendigheten, p\u00e5liteligheten og n\u00f8yaktigheten til denne informasjonen. Enhver handling du tar med informasjonen du finner p\u00e5 denne nettsiden (<span class=\"placeholder\" title=\"\" data-toggle=\"tooltip\" data-placement=\"top\" data-original-title=\"Please fill Company's Website\"><span class=\"ng-binding\">Flight-Tracker24.co.uk<\/span><\/span>), er strengt tatt p\u00e5 egen risiko. Flight-Tracker<span class=\"placeholder\" title=\"\" data-toggle=\"tooltip\" data-placement=\"top\" data-original-title=\"Please fill Company's Website\"><span class=\"ng-binding\">24.co.uk<\/span><\/span> vil ikke v\u00e6re ansvarlig for eventuelle tap og\/eller skader i forbindelse med bruken av nettstedet v\u00e5rt.<\/p>\n<p>Fra nettstedet v\u00e5rt kan du bes\u00f8ke andre nettsteder ved \u00e5 f\u00f8lge hyperlenker til slike eksterne nettsteder. Selv om vi bestreber oss p\u00e5 kun \u00e5 tilby kvalitetslenker til nyttige og etiske nettsteder, har vi ingen kontroll over innholdet og arten til disse nettstedene. Disse koblingene til andre nettsteder inneb\u00e6rer ikke en anbefaling for alt innholdet som finnes p\u00e5 disse nettstedene. Nettstedseiere og innhold kan endres uten varsel og kan forekomme f\u00f8r vi har mulighet til \u00e5 fjerne en lenke som kan ha blitt &laquo;d\u00e5rlig&raquo;.<\/p>\n<p>V\u00e6r ogs\u00e5 oppmerksom p\u00e5 at n\u00e5r du forlater nettstedet v\u00e5rt, kan andre nettsteder ha andre personvernregler og vilk\u00e5r som er utenfor v\u00e5r kontroll. S\u00f8rg for \u00e5 sjekke personvernreglene for disse sidene samt deres &laquo;vilk\u00e5r for bruk&raquo; f\u00f8r du engasjerer deg i noen virksomhet eller laster opp informasjon.<\/p>\n<p><strong>Samtykke<\/strong><br \/>\nVed \u00e5 bruke nettstedet v\u00e5rt samtykker du herved til v\u00e5r ansvarsfraskrivelse og godtar vilk\u00e5rene.<\/p>\n<p><strong>Oppdater<\/strong><\/p>\n<p>Skulle vi oppdatere, endre eller gj\u00f8re endringer i dette dokumentet, vil disse endringene bli lagt ut tydelig her.<\/p>\n<p>&nbsp;<\/p>\n","protected":false},"excerpt":{"rendered":"<p>Contact: Martin Mrosek Bruktererhang 19 45277 Essen Germany contact: info@flight-tracker24.co.uk &nbsp; &nbsp; Ansvarsfraskrivelse for Flight-Tracker24.co.uk Hvis du trenger mer informasjon eller har sp\u00f8rsm\u00e5l om nettstedets ansvarsfraskrivelse, kan du gjerne kontakte oss p\u00e5 e-post p\u00e5 info [at] flight-tracker24.co.uk. All informasjon p\u00e5 denne nettsiden er publisert i god tro og kun for generell informasjonsform\u00e5l. Flight-Tracker24.co.uk gir ingen &#8230; <\/p>\n<p class=\"read-more-container\"><a title=\"Juridisk varsel\" class=\"read-more button\" href=\"https:\/\/flight-tracker24.co.uk\/no\/juridisk-varsel\/#more-729\" aria-label=\"Mer p\u00e5 Juridisk varsel\">Read more<\/a><\/p>\n","protected":false},"author":1,"featured_media":0,"parent":0,"menu_order":0,"comment_status":"closed","ping_status":"closed","template":"","meta":{"footnotes":""},"class_list":["post-729","page","type-page","status-publish"],"yoast_head":"<!-- This site is optimized with the Yoast SEO plugin v26.1.1 - https:\/\/yoast.com\/wordpress\/plugins\/seo\/ -->\n<title>Juridisk varsel - Flight-Tracker24<\/title>\n<meta name=\"robots\" content=\"index, follow, max-snippet:-1, max-image-preview:large, max-video-preview:-1\" \/>\n<link rel=\"canonical\" href=\"https:\/\/flight-tracker24.co.uk\/no\/juridisk-varsel\/\" \/>\n<meta property=\"og:locale\" content=\"nb_NO\" \/>\n<meta property=\"og:type\" content=\"article\" \/>\n<meta property=\"og:title\" content=\"Juridisk varsel - Flight-Tracker24\" \/>\n<meta property=\"og:description\" content=\"Contact: Martin Mrosek Bruktererhang 19 45277 Essen Germany contact: info@flight-tracker24.co.uk &nbsp; &nbsp; Ansvarsfraskrivelse for Flight-Tracker24.co.uk Hvis du trenger mer informasjon eller har sp\u00f8rsm\u00e5l om nettstedets ansvarsfraskrivelse, kan du gjerne kontakte oss p\u00e5 e-post p\u00e5 info [at] flight-tracker24.co.uk. All informasjon p\u00e5 denne nettsiden er publisert i god tro og kun for generell informasjonsform\u00e5l. Flight-Tracker24.co.uk gir ingen ... Read more\" \/>\n<meta property=\"og:url\" content=\"https:\/\/flight-tracker24.co.uk\/no\/juridisk-varsel\/\" \/>\n<meta property=\"og:site_name\" content=\"Flight-Tracker24\" \/>\n<meta property=\"article:modified_time\" content=\"2022-01-07T12:23:15+00:00\" \/>\n<meta name=\"twitter:card\" content=\"summary_large_image\" \/>\n<meta name=\"twitter:label1\" content=\"Ansl. lesetid\" \/>\n\t<meta name=\"twitter:data1\" content=\"1 minutt\" \/>\n<script type=\"application\/ld+json\" class=\"yoast-schema-graph\">{\"@context\":\"https:\/\/schema.org\",\"@graph\":[{\"@type\":\"WebPage\",\"@id\":\"https:\/\/flight-tracker24.co.uk\/no\/juridisk-varsel\/\",\"url\":\"https:\/\/flight-tracker24.co.uk\/no\/juridisk-varsel\/\",\"name\":\"Juridisk varsel - Flight-Tracker24\",\"isPartOf\":{\"@id\":\"https:\/\/flight-tracker24.co.uk\/no\/#website\"},\"datePublished\":\"2022-01-07T12:23:12+00:00\",\"dateModified\":\"2022-01-07T12:23:15+00:00\",\"breadcrumb\":{\"@id\":\"https:\/\/flight-tracker24.co.uk\/no\/juridisk-varsel\/#breadcrumb\"},\"inLanguage\":\"nb-NO\",\"potentialAction\":[{\"@type\":\"ReadAction\",\"target\":[\"https:\/\/flight-tracker24.co.uk\/no\/juridisk-varsel\/\"]}]},{\"@type\":\"BreadcrumbList\",\"@id\":\"https:\/\/flight-tracker24.co.uk\/no\/juridisk-varsel\/#breadcrumb\",\"itemListElement\":[{\"@type\":\"ListItem\",\"position\":1,\"name\":\"Home\",\"item\":\"https:\/\/flight-tracker24.co.uk\/no\/\"},{\"@type\":\"ListItem\",\"position\":2,\"name\":\"Juridisk varsel\"}]},{\"@type\":\"WebSite\",\"@id\":\"https:\/\/flight-tracker24.co.uk\/no\/#website\",\"url\":\"https:\/\/flight-tracker24.co.uk\/no\/\",\"name\":\"Flight-Tracker24\",\"description\":\"Fight-Tracker24 Is Your Online Solution for Tracking Airplanes\",\"publisher\":{\"@id\":\"https:\/\/flight-tracker24.co.uk\/no\/#organization\"},\"potentialAction\":[{\"@type\":\"SearchAction\",\"target\":{\"@type\":\"EntryPoint\",\"urlTemplate\":\"https:\/\/flight-tracker24.co.uk\/no\/?s={search_term_string}\"},\"query-input\":{\"@type\":\"PropertyValueSpecification\",\"valueRequired\":true,\"valueName\":\"search_term_string\"}}],\"inLanguage\":\"nb-NO\"},{\"@type\":\"Organization\",\"@id\":\"https:\/\/flight-tracker24.co.uk\/no\/#organization\",\"name\":\"Flight-Tracker24\",\"url\":\"https:\/\/flight-tracker24.co.uk\/no\/\",\"logo\":{\"@type\":\"ImageObject\",\"inLanguage\":\"nb-NO\",\"@id\":\"https:\/\/flight-tracker24.co.uk\/no\/#\/schema\/logo\/image\/\",\"url\":\"https:\/\/flight-tracker24.co.uk\/wp-content\/uploads\/2018\/06\/Flugradar-Logo-footer240.png\",\"contentUrl\":\"https:\/\/flight-tracker24.co.uk\/wp-content\/uploads\/2018\/06\/Flugradar-Logo-footer240.png\",\"width\":\"240\",\"height\":\"47\",\"caption\":\"Flight-Tracker24\"},\"image\":{\"@id\":\"https:\/\/flight-tracker24.co.uk\/no\/#\/schema\/logo\/image\/\"}}]}<\/script>\n<!-- \/ Yoast SEO plugin. -->","yoast_head_json":{"title":"Juridisk varsel - Flight-Tracker24","robots":{"index":"index","follow":"follow","max-snippet":"max-snippet:-1","max-image-preview":"max-image-preview:large","max-video-preview":"max-video-preview:-1"},"canonical":"https:\/\/flight-tracker24.co.uk\/no\/juridisk-varsel\/","og_locale":"nb_NO","og_type":"article","og_title":"Juridisk varsel - Flight-Tracker24","og_description":"Contact: Martin Mrosek Bruktererhang 19 45277 Essen Germany contact: info@flight-tracker24.co.uk &nbsp; &nbsp; Ansvarsfraskrivelse for Flight-Tracker24.co.uk Hvis du trenger mer informasjon eller har sp\u00f8rsm\u00e5l om nettstedets ansvarsfraskrivelse, kan du gjerne kontakte oss p\u00e5 e-post p\u00e5 info [at] flight-tracker24.co.uk. All informasjon p\u00e5 denne nettsiden er publisert i god tro og kun for generell informasjonsform\u00e5l. Flight-Tracker24.co.uk gir ingen ... Read more","og_url":"https:\/\/flight-tracker24.co.uk\/no\/juridisk-varsel\/","og_site_name":"Flight-Tracker24","article_modified_time":"2022-01-07T12:23:15+00:00","twitter_card":"summary_large_image","twitter_misc":{"Ansl. lesetid":"1 minutt"},"schema":{"@context":"https:\/\/schema.org","@graph":[{"@type":"WebPage","@id":"https:\/\/flight-tracker24.co.uk\/no\/juridisk-varsel\/","url":"https:\/\/flight-tracker24.co.uk\/no\/juridisk-varsel\/","name":"Juridisk varsel - Flight-Tracker24","isPartOf":{"@id":"https:\/\/flight-tracker24.co.uk\/no\/#website"},"datePublished":"2022-01-07T12:23:12+00:00","dateModified":"2022-01-07T12:23:15+00:00","breadcrumb":{"@id":"https:\/\/flight-tracker24.co.uk\/no\/juridisk-varsel\/#breadcrumb"},"inLanguage":"nb-NO","potentialAction":[{"@type":"ReadAction","target":["https:\/\/flight-tracker24.co.uk\/no\/juridisk-varsel\/"]}]},{"@type":"BreadcrumbList","@id":"https:\/\/flight-tracker24.co.uk\/no\/juridisk-varsel\/#breadcrumb","itemListElement":[{"@type":"ListItem","position":1,"name":"Home","item":"https:\/\/flight-tracker24.co.uk\/no\/"},{"@type":"ListItem","position":2,"name":"Juridisk varsel"}]},{"@type":"WebSite","@id":"https:\/\/flight-tracker24.co.uk\/no\/#website","url":"https:\/\/flight-tracker24.co.uk\/no\/","name":"Flight-Tracker24","description":"Fight-Tracker24 Is Your Online Solution for Tracking Airplanes","publisher":{"@id":"https:\/\/flight-tracker24.co.uk\/no\/#organization"},"potentialAction":[{"@type":"SearchAction","target":{"@type":"EntryPoint","urlTemplate":"https:\/\/flight-tracker24.co.uk\/no\/?s={search_term_string}"},"query-input":{"@type":"PropertyValueSpecification","valueRequired":true,"valueName":"search_term_string"}}],"inLanguage":"nb-NO"},{"@type":"Organization","@id":"https:\/\/flight-tracker24.co.uk\/no\/#organization","name":"Flight-Tracker24","url":"https:\/\/flight-tracker24.co.uk\/no\/","logo":{"@type":"ImageObject","inLanguage":"nb-NO","@id":"https:\/\/flight-tracker24.co.uk\/no\/#\/schema\/logo\/image\/","url":"https:\/\/flight-tracker24.co.uk\/wp-content\/uploads\/2018\/06\/Flugradar-Logo-footer240.png","contentUrl":"https:\/\/flight-tracker24.co.uk\/wp-content\/uploads\/2018\/06\/Flugradar-Logo-footer240.png","width":"240","height":"47","caption":"Flight-Tracker24"},"image":{"@id":"https:\/\/flight-tracker24.co.uk\/no\/#\/schema\/logo\/image\/"}}]}},"_links":{"self":[{"href":"https:\/\/flight-tracker24.co.uk\/no\/wp-json\/wp\/v2\/pages\/729","targetHints":{"allow":["GET"]}}],"collection":[{"href":"https:\/\/flight-tracker24.co.uk\/no\/wp-json\/wp\/v2\/pages"}],"about":[{"href":"https:\/\/flight-tracker24.co.uk\/no\/wp-json\/wp\/v2\/types\/page"}],"author":[{"embeddable":true,"href":"https:\/\/flight-tracker24.co.uk\/no\/wp-json\/wp\/v2\/users\/1"}],"replies":[{"embeddable":true,"href":"https:\/\/flight-tracker24.co.uk\/no\/wp-json\/wp\/v2\/comments?post=729"}],"version-history":[{"count":0,"href":"https:\/\/flight-tracker24.co.uk\/no\/wp-json\/wp\/v2\/pages\/729\/revisions"}],"wp:attachment":[{"href":"https:\/\/flight-tracker24.co.uk\/no\/wp-json\/wp\/v2\/media?parent=729"}],"curies":[{"name":"wp","href":"https:\/\/api.w.org\/{rel}","templated":true}]}}