{"id":727,"date":"2022-01-07T12:20:26","date_gmt":"2022-01-07T12:20:26","guid":{"rendered":"https:\/\/flight-tracker24.co.uk\/flyradar\/"},"modified":"2022-01-20T08:09:56","modified_gmt":"2022-01-20T08:09:56","slug":"flyradar","status":"publish","type":"page","link":"https:\/\/flight-tracker24.co.uk\/no\/flyradar\/","title":{"rendered":"Flyradar"},"content":{"rendered":"<h1 style=\"text-align: center;\"><strong>Flyradar<\/strong><\/h1>\n<p style=\"text-align: center;\"><span style=\"font-size: 12pt;\"><em><strong>Velkommen til Live Flight Radar! Klikk p\u00e5 linsen i radaren for \u00e5 begynne \u00e5 s\u00f8ke.<\/strong><\/em><\/span><\/p>\n<p>&nbsp;<\/p>\n<div style=\"width: 100%; height: 0px; margin-top: -80px; margin-right: 0px;\"><\/div>\n<p><script async=\"\" src=\"https:\/\/pagead2.googlesyndication.com\/pagead\/js\/adsbygoogle.js?client=ca-pub-8699335927299131\" crossorigin=\"anonymous\"><\/script><br \/>\n<!-- FT24 Display --><br \/>\n<ins class=\"adsbygoogle\" style=\"display:block\" data-ad-client=\"ca-pub-8699335927299131\" data-ad-slot=\"8291128921\" data-ad-format=\"auto\" data-full-width-responsive=\"true\"><\/ins><br \/>\n<script>\n     (adsbygoogle = window.adsbygoogle || []).push({});\n<\/script><\/p>\n<div style=\"width: 100%; height: 0px; margin-top: -15px; margin-right: 0px;\"><\/div>\n<p>&nbsp;<\/p>\n<figure class=\"full-width\">\n<div class=\"resp-container\"><iframe class=\"resp-iframe\" src=\"https:\/\/www.radarbox24.com\/?widget=1&amp;z=5&amp;lat=46.7&amp;lng=7.6\" height=\"500\" frameborder=\"0\" allowfullscreen=\"allowfullscreen\"><\/iframe><\/div>\n<\/figure>\n<p><script async=\"\" src=\"\/\/pagead2.googlesyndication.com\/pagead\/js\/adsbygoogle.js\"><\/script><br \/>\n<!-- FlightDisplay --><br \/>\n<ins class=\"adsbygoogle\" style=\"display: block;\" data-ad-client=\"ca-pub-8699335927299131\" data-ad-slot=\"1073730211\" data-ad-format=\"auto\"><\/ins><br \/>\n<script>\n(adsbygoogle = window.adsbygoogle || []).push({});\n<\/script><\/p>\n<h2 style=\"text-align: center;\"><strong>Skriv inn flynummeret<\/strong><\/h2>\n<p style=\"text-align: center;\"><em><strong>Skriv inn et gyldig flynummer i s\u00f8kefeltet<\/strong><\/em><\/p>\n<form class=\"gobing\" style=\"margin:auto;max-width:fit-content\">\n  <input type=\"text\" class=\"form-control\" id=\"search1\" placeholder=\"Skriv inn flynummer her\"><br \/>\n  <buttongob type=\"submit\" id=\"WFFRB\"><i class=\"fa fa-search\"><\/i>S\u00f8k etter fly<\/buttongob><br \/>\n<\/form>\n<p><script>\njQuery('#WFFRB').on('click', function () {\n    var searchInput = jQuery('#search1').val();\n    var url = \"https:\/\/flightradar.flights\/no\/flyradar\/\"\n    window.open(url);\n});\n<\/script><br \/>\n<script>\njQuery('#search1').keypress(\n  function(event){\n    if (event.which == '13') {\n      event.preventDefault();\n    }\n});\n<\/script><\/p>\n<p style=\"text-align: center;\"><em><strong>(Et nytt vindu\/fane \u00e5pnes)<\/strong><\/em><\/p>\n<p><span style=\"font-size: 12pt;\"><strong>Hurtigguide: Flight Radar<\/strong><\/span><\/p>\n<ul>\n<li style=\"list-style-type: none;\">\n<ul>\n<li style=\"list-style-type: none;\">\n<ul>\n<li><span style=\"font-size: 12pt;\"><span style=\"color: #ff0000;\">1. alternativ<\/span>: Klikk p\u00e5 forst\u00f8rrelsesglasset &gt; Skriv inn et gyldig flynummer og velg det viste flyet &gt; N\u00e5 sporer du flyvningen direkte<\/span><\/li>\n<li><span style=\"font-size: 12pt;\"><span style=\"color: #ff0000;\">Andre mulighet:<\/span> Klikk p\u00e5 forst\u00f8rrelsesglasset &gt; G\u00e5 inn i en by med flyplass, f.eks. London eller Manchester og klikk p\u00e5 flyplassen fra listen &gt; Flyradaren vil vise deg alle flyreiser relatert til flyplassen<\/span><\/li>\n<\/ul>\n<\/li>\n<\/ul>\n<p><script async=\"\" src=\"https:\/\/pagead2.googlesyndication.com\/pagead\/js\/adsbygoogle.js?client=ca-pub-8699335927299131\" crossorigin=\"anonymous\"><\/script><br \/>\n<!-- FT24 Display --><br \/>\n<ins class=\"adsbygoogle\" style=\"display:block\" data-ad-client=\"ca-pub-8699335927299131\" data-ad-slot=\"8291128921\" data-ad-format=\"auto\" data-full-width-responsive=\"true\"><\/ins><br \/>\n<script>\n     (adsbygoogle = window.adsbygoogle || []).push({});\n<\/script><\/li>\n<\/ul>\n<p style=\"text-align: center;\"><span style=\"font-size: 12pt;\"><strong>Video: Hurtigguide for Flight Radar<\/strong><\/span><\/p>\n<div class=\"resp-containeryt2\"><iframe loading=\"lazy\" src=\"https:\/\/www.youtube-nocookie.com\/embed\/3zvktnXMJpg\" width=\"560\" height=\"315\" frameborder=\"0\" allowfullscreen=\"allowfullscreen\"><\/iframe><\/div>\n<p style=\"text-align: center;\"><span style=\"font-size: 12pt;\"><strong>Vennligst naviger til bunnen av siden for \u00e5 vurdere tjenesten v\u00e5r.<\/strong><\/span><\/p>\n<p>&nbsp;<\/p>\n<h2 style=\"text-align: center;\"><span style=\"font-size: 12pt;\"><img loading=\"lazy\" decoding=\"async\" class=\"alignleft wp-image-546\" src=\"https:\/\/flight-tracker24.co.uk\/wp-content\/uploads\/2017\/08\/Flugradar-logo-300x248.jpg\" alt=\"Flight-Tracker24 Logo\" width=\"206\" height=\"170\" srcset=\"https:\/\/flight-tracker24.co.uk\/wp-content\/uploads\/2017\/08\/Flugradar-logo-300x248.jpg 300w, https:\/\/flight-tracker24.co.uk\/wp-content\/uploads\/2017\/08\/Flugradar-logo.jpg 500w\" sizes=\"auto, (max-width: 206px) 100vw, 206px\" \/><span style=\"font-size: 20pt;\"><strong><span style=\"color: #ff9900;\">Oversikt: <\/span><\/strong><\/span><\/span><\/h2>\n<p style=\"text-align: center;\"><span style=\"font-size: 12pt;\"><strong>Flyradar er den enkleste m\u00e5ten \u00e5 spore flyreiser p\u00e5.<\/strong> Det er ingen grunn til at du skal holdes i m\u00f8rket om noe fordi vi er i informasjonens tidsalder. <strong>Flyradar inkluderer informasjon om fly, start, landingstid, flyruter og alle andre detaljer knyttet til flyging.<\/strong> Du kan f\u00e5 tilgang til all sanntidsinformasjon om flysporing gjennom flyradar; dette kan oppn\u00e5s hvis du har en internettforbindelse, en b\u00e6rbar PC eller smarttelefon og du er innstilt p\u00e5 \u00e5 spore flyreiser i sanntid p\u00e5 radar.<br \/>\n<\/span><\/p>\n<p>&nbsp;<\/p>\n<h2 style=\"text-align: center;\"><span style=\"font-size: 20pt;\"><strong><span style=\"color: #ff9900;\">Hva er en flyradar?<\/span><\/strong><\/span><\/h2>\n<p style=\"text-align: center;\"><span style=\"font-size: 12pt;\">For \u00e5 si det enkelt, <strong>Flight-Tracker24.co.uk<\/strong>er en flysporing som viser sanntidsinformasjon om flytrafikk og flybevegelser fra hele verden p\u00e5 et kart. <strong>Radarer fanger opp all data som gjelder flyging og flybevegelser rundt om i verden.<\/strong> N\u00e5r de passerer gjennom luften, treffer radarb\u00f8lgene helikoptre, fly, droner og andre flygende objekter som er i deres vei og spretter tilbake. Det er avstanden mellom b\u00f8lgesenderen og st\u00f8tet som nettopp brukes til \u00e5 lokalisere disse objektene. Det endelige resultatet er flyradar &#8211; n\u00e5r informasjonen om plasseringene til disse flyvningene plasseres p\u00e5 kart og digitaliseres.<\/span><\/p>\n<p style=\"text-align: center;\"><span style=\"font-size: 12pt;\">En enkelt radarb\u00f8lgesender er ikke i stand til \u00e5 oppdage hver eneste flytur rundt om i verden; data fra radarmottakere rundt om i verden kan imidlertid kombineres for \u00e5 f\u00e5 et fullstendig bilde av alle flybevegelser. Det er dette bildet som s\u00e5 formateres slik at alle flyene som for \u00f8yeblikket er i luften kan vises p\u00e5 kun \u00e9n skjerm. Dette bildet er lastet opp for \u00e5 lage flyradaren som presenteres p\u00e5 nettsiden v\u00e5r.<\/span><\/p>\n<p>&nbsp;<\/p>\n<h2 style=\"text-align: center;\" align=\"JUSTIFY\"><span style=\"font-size: 20pt;\"><strong><span style=\"color: #ff9900;\">Fordeler med flyradar<\/span><\/strong><\/span><\/h2>\n<p style=\"text-align: center;\" align=\"JUSTIFY\"><span style=\"font-size: 12pt;\"><strong>Med flyradar kan du enkelt spore alle flyreiser i sanntid.<\/strong> Flyradaren gir deg alle n\u00f8dvendige detaljer som er n\u00f8dvendige under filsporing. Du vil n\u00e5r som helst f\u00e5 vite hva som for tiden skjer i luften, du kan ogs\u00e5 se hvor mange kilometer et fly har kj\u00f8rt og <strong>tiden det tar f\u00f8r den kommer frem til bestemmelsesstedet<\/strong>, hjelper dette deg \u00e5 kunne vise hastigheten og flyh\u00f8yden i radaren.<\/span><\/p>\n<p>&nbsp;<\/p>\n<h2 style=\"text-align: center;\"><span style=\"font-size: 20pt;\"><strong><span style=\"color: #ff9900;\">Hvor kommer radardataene fra? <\/span><\/strong><\/span><\/h2>\n<p style=\"text-align: left;\"><span style=\"font-size: 12pt;\">Det var en spesiell periode da flyradar kun kunne v\u00e6re tilgjengelig for profesjonelle. Disse fagpersonene var sivile luftfartsarbeidere som ble utsendt til flytrafikken <\/span><img loading=\"lazy\" decoding=\"async\" class=\"alignright wp-image-551\" src=\"https:\/\/flight-tracker24.co.uk\/wp-content\/uploads\/2017\/08\/Flugradar-300x200.jpg\" alt=\"Flyradar vises\" width=\"250\" height=\"167\" srcset=\"https:\/\/flight-tracker24.co.uk\/wp-content\/uploads\/2017\/08\/Flugradar-300x200.jpg 300w, https:\/\/flight-tracker24.co.uk\/wp-content\/uploads\/2017\/08\/Flugradar.jpg 424w\" sizes=\"auto, (max-width: 250px) 100vw, 250px\" \/><span style=\"font-size: 12pt;\">kontrollsentre og flyt\u00e5rn p\u00e5 flyplasser, og s\u00f8rger for at flytrafikken i deres omr\u00e5der g\u00e5r som den skal. Radarsystemet ble ogs\u00e5 brukt av medlemmer av milit\u00e6ret som var ansvarlig for \u00e5 gjennomf\u00f8re flytrafikken.<\/span><span style=\"font-size: 12pt;\"><br \/>\n<strong>Etter hvert som lufttransport ble mer betydningsfull ble radaren<\/strong> ogs\u00e5, fordi antallet flyreiser som m\u00e5 overv\u00e5kes \u00f8ker kontinuerlig, <strong>og det er derfor radarsystemer ble installert mange steder over hele verden.<\/strong> Radarsystemene kunne bare overv\u00e5ke en del av luftrommet, og det er mange flyvninger som er internasjonale, det medf\u00f8rte et behov for nettverk, koordinering og deling av data. Derfor <strong>Air<\/strong> <\/span><strong><span style=\"font-size: 12pt;\">trafikkledere gj\u00f8r dataene tilgjengelige.<\/span><\/strong><\/p>\n<p style=\"text-align: left;\"><span style=\"font-size: 12pt;\">Gjennom \u00e5rene har det v\u00e6rt en fremvekst av internett i alle husholdninger og lommer, brukere som er teknologikyndige har begynt \u00e5 gj\u00f8re informasjon\/data om flytrafikk tilgjengelig for allmennheten. Det er denne innsatsen som har produsert en rekke radarapplikasjoner. Disse applikasjonene gj\u00f8r data tilgjengelig uavhengig av hvor du er i verden, alt du trenger er bare en internettforbindelse ved siden av en smarttelefon eller PC.<\/span><\/p>\n<p>&nbsp;<\/p>\n<h2 style=\"text-align: center;\"><span style=\"font-size: 20pt;\"><strong><span style=\"color: #ff9900;\">Hva er flysporing nyttig for?<\/span><\/strong><\/span><\/h2>\n<p style=\"text-align: center;\"><span style=\"font-size: 12pt;\">I dag kan alle typer brukere dra nytte av muligheten til \u00e5 trekke ut en flyradar. Flyradarer er av stor betydning for f\u00f8lgende:<\/span><\/p>\n<ul>\n<li><span style=\"font-size: 12pt;\"><strong>Alle som tenker p\u00e5 \u00e5 flytte<\/strong> eller flytte til en ny leilighet: de kan sjekke om de vil oppleve problemer med flyst\u00f8y i sitt nye nabolag<\/span><\/li>\n<li><span style=\"font-size: 12pt;\"><strong>Dronepiloter:<\/strong> de er ansvarlige for \u00e5 sikre at enhetene deres ikke forstyrrer flytrafikken ved bruk av flyruter<\/span><\/li>\n<li><span style=\"font-size: 12pt;\"><strong>Private individuals<\/strong> who wish to check on their loved one&#8217;s flight can access information about the specific flights<\/span><\/li>\n<li><span style=\"font-size: 12pt;\"><strong>Feriegjester<\/strong>kan koble opp flynummeret sitt for \u00e5 f\u00e5 en kontroll p\u00e5 flyruten<\/span><\/li>\n<li><span style=\"font-size: 12pt;\"><strong>Reguleringsbyr\u00e5er<\/strong>som sivile og milit\u00e6re kan fortsatt bruke flyradar for \u00e5 regulere flytrafikken<\/span><\/li>\n<\/ul>\n<p style=\"text-align: center;\"><span style=\"font-size: 12pt;\">Punktene ovenfor er bare noen f\u00e5 tilfeller av brukere<a href=\"https:\/\/flight-tracker24.co.uk\/plane-tracker\/\" target=\"_blank\" rel=\"noopener noreferrer\">av flysporere.<\/a><\/span><\/p>\n<p>&nbsp;<\/p>\n<h2 style=\"text-align: center;\"><span style=\"font-size: 20pt;\"><strong><span style=\"color: #ff9900;\">Hvordan fungerer flyradar?<\/span><\/strong><\/span><\/h2>\n<p style=\"text-align: center;\"><span style=\"font-size: 12pt;\"><strong>For \u00e5 kunne bruke flyradaren trenger du kartutsnittet som er innlemmet p\u00e5 siden v\u00e5r.<\/strong> Dette kartet vil vise informasjon om flyturen og deres bevegelser rundt din umiddelbare n\u00e6rhet. Det du trenger \u00e5 gj\u00f8re er \u00e5 klikke p\u00e5 et av de sm\u00e5 ikonene for \u00e5 f\u00e5 opp flere detaljer om en bestemt flytur. <strong>Du vil f\u00e5 se informasjon om flytype, avreiseby<\/strong>, destinasjonsby osv. ved \u00e5 bruke <a href=\"https:\/\/flight-tracker24.co.uk\/plane-finder\/\" target=\"_blank\" rel=\"noopener noreferrer\">flys\u00f8ker<\/a>er utrolig enkelt, du kan ogs\u00e5 se en farget linje som viser flyprosessen p\u00e5 det animerte kartet.<\/span><br \/>\n<span style=\"font-size: 12pt;\"><strong>Alternativt,<\/strong> for at en bruker skal s\u00f8ke etter informasjon om en spesifikk flyreise, er alt som en bruker trenger \u00e5 gj\u00f8re \u00e5 skrive inn flynummeret i s\u00f8kefeltet og fortsette ved \u00e5 klikke p\u00e5 enter. Kartdelen hopper til regionen der flyet for \u00f8yeblikket befinner seg, og det viser ogs\u00e5 spesifikke detaljer (avreiseflyplass, fremdrift, flytype, destinasjonsflyplass osv.) om flyturen.<\/span><\/p>\n<p>&nbsp;<\/p>\n<h2 style=\"text-align: center;\"><span style=\"font-size: 20pt;\"><strong><span style=\"color: #ff9900;\">Gratis direkteflyradar<\/span><\/strong><\/span><\/h2>\n<p style=\"text-align: center;\"><span style=\"font-size: 12pt;\"><strong>Flysporing p\u00e5 <a href=\"https:\/\/flight-tracker24.co.uk\/\" target=\"_blank\" rel=\"noopener noreferrer\">flight tracker<\/a> er helt gratis.<\/strong> Uansett hvor du befinner deg, kan du f\u00e5 tilgang til praktisk informasjon om hver flytur og bevegelser. Du vil spare penger fordi med flyradar er du alltid ledig og kan spore hvilket som helst fly n\u00e5r du vil.<\/span><\/p>\n<p style=\"text-align: center;\"><span style=\"font-size: 12pt;\">Du kan ogs\u00e5 bes\u00f8ke <a href=\"https:\/\/flugradar24.eu\">Flightradar24<\/a><\/span><\/p>\n<p>&nbsp;<\/p>\n","protected":false},"excerpt":{"rendered":"<p>Flyradar Velkommen til Live Flight Radar! Klikk p\u00e5 linsen i radaren for \u00e5 begynne \u00e5 s\u00f8ke. &nbsp; &nbsp; Skriv inn flynummeret Skriv inn et gyldig flynummer i s\u00f8kefeltet S\u00f8k etter fly (Et nytt vindu\/fane \u00e5pnes) Hurtigguide: Flight Radar 1. alternativ: Klikk p\u00e5 forst\u00f8rrelsesglasset &gt; Skriv inn et gyldig flynummer og velg det viste flyet &gt; &#8230; <\/p>\n<p class=\"read-more-container\"><a title=\"Flyradar\" class=\"read-more button\" href=\"https:\/\/flight-tracker24.co.uk\/no\/flyradar\/#more-727\" aria-label=\"Mer p\u00e5 Flyradar\">Read more<\/a><\/p>\n","protected":false},"author":1,"featured_media":0,"parent":0,"menu_order":0,"comment_status":"closed","ping_status":"closed","template":"","meta":{"footnotes":""},"class_list":["post-727","page","type-page","status-publish"],"yoast_head":"<!-- This site is optimized with the Yoast SEO plugin v26.1.1 - https:\/\/yoast.com\/wordpress\/plugins\/seo\/ -->\n<title>FLYRADAR | 24\/7 Live Tracking Kart - [Free]<\/title>\n<meta name=\"description\" content=\"Direkte flyradar med kart \u2705 F\u00f8lg en flytur med denne gratis globale flyradaren \u2705 Tusenvis av brukere daglig \u2705 Bare pr\u00f8v selv \u2705\" \/>\n<meta name=\"robots\" content=\"index, follow, max-snippet:-1, max-image-preview:large, max-video-preview:-1\" \/>\n<link rel=\"canonical\" href=\"https:\/\/flight-tracker24.co.uk\/no\/flyradar\/\" \/>\n<meta property=\"og:locale\" content=\"nb_NO\" \/>\n<meta property=\"og:type\" content=\"article\" \/>\n<meta property=\"og:title\" content=\"FLYRADAR | 24\/7 Live Tracking Kart - [Free]\" \/>\n<meta property=\"og:description\" content=\"Direkte flyradar med kart \u2705 F\u00f8lg en flytur med denne gratis globale flyradaren \u2705 Tusenvis av brukere daglig \u2705 Bare pr\u00f8v selv \u2705\" \/>\n<meta property=\"og:url\" content=\"https:\/\/flight-tracker24.co.uk\/no\/flyradar\/\" \/>\n<meta property=\"og:site_name\" content=\"Flight-Tracker24\" \/>\n<meta property=\"article:modified_time\" content=\"2022-01-20T08:09:56+00:00\" \/>\n<meta property=\"og:image\" content=\"https:\/\/flight-tracker24.co.uk\/wp-content\/uploads\/2017\/08\/Flugradar-logo-300x248.jpg\" \/>\n<meta name=\"twitter:card\" content=\"summary_large_image\" \/>\n<meta name=\"twitter:label1\" content=\"Ansl. lesetid\" \/>\n\t<meta name=\"twitter:data1\" content=\"5 minutter\" \/>\n<script type=\"application\/ld+json\" class=\"yoast-schema-graph\">{\"@context\":\"https:\/\/schema.org\",\"@graph\":[{\"@type\":\"WebPage\",\"@id\":\"https:\/\/flight-tracker24.co.uk\/no\/flyradar\/\",\"url\":\"https:\/\/flight-tracker24.co.uk\/no\/flyradar\/\",\"name\":\"FLYRADAR | 24\/7 Live Tracking Kart - [Free]\",\"isPartOf\":{\"@id\":\"https:\/\/flight-tracker24.co.uk\/no\/#website\"},\"primaryImageOfPage\":{\"@id\":\"https:\/\/flight-tracker24.co.uk\/no\/flyradar\/#primaryimage\"},\"image\":{\"@id\":\"https:\/\/flight-tracker24.co.uk\/no\/flyradar\/#primaryimage\"},\"thumbnailUrl\":\"https:\/\/flight-tracker24.co.uk\/wp-content\/uploads\/2017\/08\/Flugradar-logo-300x248.jpg\",\"datePublished\":\"2022-01-07T12:20:26+00:00\",\"dateModified\":\"2022-01-20T08:09:56+00:00\",\"description\":\"Direkte flyradar med kart \u2705 F\u00f8lg en flytur med denne gratis globale flyradaren \u2705 Tusenvis av brukere daglig \u2705 Bare pr\u00f8v selv \u2705\",\"breadcrumb\":{\"@id\":\"https:\/\/flight-tracker24.co.uk\/no\/flyradar\/#breadcrumb\"},\"inLanguage\":\"nb-NO\",\"potentialAction\":[{\"@type\":\"ReadAction\",\"target\":[\"https:\/\/flight-tracker24.co.uk\/no\/flyradar\/\"]}]},{\"@type\":\"ImageObject\",\"inLanguage\":\"nb-NO\",\"@id\":\"https:\/\/flight-tracker24.co.uk\/no\/flyradar\/#primaryimage\",\"url\":\"https:\/\/flight-tracker24.co.uk\/wp-content\/uploads\/2017\/08\/Flugradar-logo-300x248.jpg\",\"contentUrl\":\"https:\/\/flight-tracker24.co.uk\/wp-content\/uploads\/2017\/08\/Flugradar-logo-300x248.jpg\"},{\"@type\":\"BreadcrumbList\",\"@id\":\"https:\/\/flight-tracker24.co.uk\/no\/flyradar\/#breadcrumb\",\"itemListElement\":[{\"@type\":\"ListItem\",\"position\":1,\"name\":\"Home\",\"item\":\"https:\/\/flight-tracker24.co.uk\/no\/\"},{\"@type\":\"ListItem\",\"position\":2,\"name\":\"Flyradar\"}]},{\"@type\":\"WebSite\",\"@id\":\"https:\/\/flight-tracker24.co.uk\/no\/#website\",\"url\":\"https:\/\/flight-tracker24.co.uk\/no\/\",\"name\":\"Flight-Tracker24\",\"description\":\"Fight-Tracker24 Is Your Online Solution for Tracking Airplanes\",\"publisher\":{\"@id\":\"https:\/\/flight-tracker24.co.uk\/no\/#organization\"},\"potentialAction\":[{\"@type\":\"SearchAction\",\"target\":{\"@type\":\"EntryPoint\",\"urlTemplate\":\"https:\/\/flight-tracker24.co.uk\/no\/?s={search_term_string}\"},\"query-input\":{\"@type\":\"PropertyValueSpecification\",\"valueRequired\":true,\"valueName\":\"search_term_string\"}}],\"inLanguage\":\"nb-NO\"},{\"@type\":\"Organization\",\"@id\":\"https:\/\/flight-tracker24.co.uk\/no\/#organization\",\"name\":\"Flight-Tracker24\",\"url\":\"https:\/\/flight-tracker24.co.uk\/no\/\",\"logo\":{\"@type\":\"ImageObject\",\"inLanguage\":\"nb-NO\",\"@id\":\"https:\/\/flight-tracker24.co.uk\/no\/#\/schema\/logo\/image\/\",\"url\":\"https:\/\/flight-tracker24.co.uk\/wp-content\/uploads\/2018\/06\/Flugradar-Logo-footer240.png\",\"contentUrl\":\"https:\/\/flight-tracker24.co.uk\/wp-content\/uploads\/2018\/06\/Flugradar-Logo-footer240.png\",\"width\":\"240\",\"height\":\"47\",\"caption\":\"Flight-Tracker24\"},\"image\":{\"@id\":\"https:\/\/flight-tracker24.co.uk\/no\/#\/schema\/logo\/image\/\"}}]}<\/script>\n<!-- \/ Yoast SEO plugin. -->","yoast_head_json":{"title":"FLYRADAR | 24\/7 Live Tracking Kart - [Free]","description":"Direkte flyradar med kart \u2705 F\u00f8lg en flytur med denne gratis globale flyradaren \u2705 Tusenvis av brukere daglig \u2705 Bare pr\u00f8v selv \u2705","robots":{"index":"index","follow":"follow","max-snippet":"max-snippet:-1","max-image-preview":"max-image-preview:large","max-video-preview":"max-video-preview:-1"},"canonical":"https:\/\/flight-tracker24.co.uk\/no\/flyradar\/","og_locale":"nb_NO","og_type":"article","og_title":"FLYRADAR | 24\/7 Live Tracking Kart - [Free]","og_description":"Direkte flyradar med kart \u2705 F\u00f8lg en flytur med denne gratis globale flyradaren \u2705 Tusenvis av brukere daglig \u2705 Bare pr\u00f8v selv \u2705","og_url":"https:\/\/flight-tracker24.co.uk\/no\/flyradar\/","og_site_name":"Flight-Tracker24","article_modified_time":"2022-01-20T08:09:56+00:00","og_image":[{"url":"https:\/\/flight-tracker24.co.uk\/wp-content\/uploads\/2017\/08\/Flugradar-logo-300x248.jpg","type":"","width":"","height":""}],"twitter_card":"summary_large_image","twitter_misc":{"Ansl. lesetid":"5 minutter"},"schema":{"@context":"https:\/\/schema.org","@graph":[{"@type":"WebPage","@id":"https:\/\/flight-tracker24.co.uk\/no\/flyradar\/","url":"https:\/\/flight-tracker24.co.uk\/no\/flyradar\/","name":"FLYRADAR | 24\/7 Live Tracking Kart - [Free]","isPartOf":{"@id":"https:\/\/flight-tracker24.co.uk\/no\/#website"},"primaryImageOfPage":{"@id":"https:\/\/flight-tracker24.co.uk\/no\/flyradar\/#primaryimage"},"image":{"@id":"https:\/\/flight-tracker24.co.uk\/no\/flyradar\/#primaryimage"},"thumbnailUrl":"https:\/\/flight-tracker24.co.uk\/wp-content\/uploads\/2017\/08\/Flugradar-logo-300x248.jpg","datePublished":"2022-01-07T12:20:26+00:00","dateModified":"2022-01-20T08:09:56+00:00","description":"Direkte flyradar med kart \u2705 F\u00f8lg en flytur med denne gratis globale flyradaren \u2705 Tusenvis av brukere daglig \u2705 Bare pr\u00f8v selv \u2705","breadcrumb":{"@id":"https:\/\/flight-tracker24.co.uk\/no\/flyradar\/#breadcrumb"},"inLanguage":"nb-NO","potentialAction":[{"@type":"ReadAction","target":["https:\/\/flight-tracker24.co.uk\/no\/flyradar\/"]}]},{"@type":"ImageObject","inLanguage":"nb-NO","@id":"https:\/\/flight-tracker24.co.uk\/no\/flyradar\/#primaryimage","url":"https:\/\/flight-tracker24.co.uk\/wp-content\/uploads\/2017\/08\/Flugradar-logo-300x248.jpg","contentUrl":"https:\/\/flight-tracker24.co.uk\/wp-content\/uploads\/2017\/08\/Flugradar-logo-300x248.jpg"},{"@type":"BreadcrumbList","@id":"https:\/\/flight-tracker24.co.uk\/no\/flyradar\/#breadcrumb","itemListElement":[{"@type":"ListItem","position":1,"name":"Home","item":"https:\/\/flight-tracker24.co.uk\/no\/"},{"@type":"ListItem","position":2,"name":"Flyradar"}]},{"@type":"WebSite","@id":"https:\/\/flight-tracker24.co.uk\/no\/#website","url":"https:\/\/flight-tracker24.co.uk\/no\/","name":"Flight-Tracker24","description":"Fight-Tracker24 Is Your Online Solution for Tracking Airplanes","publisher":{"@id":"https:\/\/flight-tracker24.co.uk\/no\/#organization"},"potentialAction":[{"@type":"SearchAction","target":{"@type":"EntryPoint","urlTemplate":"https:\/\/flight-tracker24.co.uk\/no\/?s={search_term_string}"},"query-input":{"@type":"PropertyValueSpecification","valueRequired":true,"valueName":"search_term_string"}}],"inLanguage":"nb-NO"},{"@type":"Organization","@id":"https:\/\/flight-tracker24.co.uk\/no\/#organization","name":"Flight-Tracker24","url":"https:\/\/flight-tracker24.co.uk\/no\/","logo":{"@type":"ImageObject","inLanguage":"nb-NO","@id":"https:\/\/flight-tracker24.co.uk\/no\/#\/schema\/logo\/image\/","url":"https:\/\/flight-tracker24.co.uk\/wp-content\/uploads\/2018\/06\/Flugradar-Logo-footer240.png","contentUrl":"https:\/\/flight-tracker24.co.uk\/wp-content\/uploads\/2018\/06\/Flugradar-Logo-footer240.png","width":"240","height":"47","caption":"Flight-Tracker24"},"image":{"@id":"https:\/\/flight-tracker24.co.uk\/no\/#\/schema\/logo\/image\/"}}]}},"_links":{"self":[{"href":"https:\/\/flight-tracker24.co.uk\/no\/wp-json\/wp\/v2\/pages\/727","targetHints":{"allow":["GET"]}}],"collection":[{"href":"https:\/\/flight-tracker24.co.uk\/no\/wp-json\/wp\/v2\/pages"}],"about":[{"href":"https:\/\/flight-tracker24.co.uk\/no\/wp-json\/wp\/v2\/types\/page"}],"author":[{"embeddable":true,"href":"https:\/\/flight-tracker24.co.uk\/no\/wp-json\/wp\/v2\/users\/1"}],"replies":[{"embeddable":true,"href":"https:\/\/flight-tracker24.co.uk\/no\/wp-json\/wp\/v2\/comments?post=727"}],"version-history":[{"count":0,"href":"https:\/\/flight-tracker24.co.uk\/no\/wp-json\/wp\/v2\/pages\/727\/revisions"}],"wp:attachment":[{"href":"https:\/\/flight-tracker24.co.uk\/no\/wp-json\/wp\/v2\/media?parent=727"}],"curies":[{"name":"wp","href":"https:\/\/api.w.org\/{rel}","templated":true}]}}