{"id":725,"date":"2022-01-07T12:09:51","date_gmt":"2022-01-07T12:09:51","guid":{"rendered":"https:\/\/flight-tracker24.co.uk\/flight-tracker-24\/"},"modified":"2022-01-20T08:09:36","modified_gmt":"2022-01-20T08:09:36","slug":"flight-tracker-24","status":"publish","type":"page","link":"https:\/\/flight-tracker24.co.uk\/no\/","title":{"rendered":"Flight Tracker 24"},"content":{"rendered":"<h1 style=\"text-align: center;\"><strong>Flight Tracker 24<\/strong><\/h1>\n<p style=\"text-align: center;\"><span style=\"font-size: 12pt;\"><em><strong>Velkommen til Live Flight Tracker 24! Klikk p\u00e5 linsen i radaren for \u00e5 begynne \u00e5 s\u00f8ke.<\/strong><\/em><\/span><\/p>\n<div style=\"width: 100%; height: 0px; margin-top: -80px; margin-right: 0px;\"><\/div>\n<p><script async=\"\" src=\"https:\/\/pagead2.googlesyndication.com\/pagead\/js\/adsbygoogle.js?client=ca-pub-8699335927299131\" crossorigin=\"anonymous\"><\/script><br \/>\n<!-- FT24 Display --><br \/>\n<ins class=\"adsbygoogle\" style=\"display:block\" data-ad-client=\"ca-pub-8699335927299131\" data-ad-slot=\"8291128921\" data-ad-format=\"auto\" data-full-width-responsive=\"true\"><\/ins><br \/>\n<script>\n     (adsbygoogle = window.adsbygoogle || []).push({});\n<\/script><\/p>\n<div style=\"width: 100%; height: 0px; margin-top: -15px; margin-right: 0px;\"><\/div>\n<p>&nbsp;<\/p>\n<figure class=\"full-width\">\n<div class=\"resp-container\"><iframe class=\"resp-iframe\" src=\"https:\/\/www.radarbox24.com\/?widget=1&amp;z=5&amp;lat=46.7&amp;lng=7.6\" height=\"500\" frameborder=\"0\" allowfullscreen=\"allowfullscreen\"><\/iframe><\/div>\n<\/figure>\n<p><script async=\"\" src=\"https:\/\/pagead2.googlesyndication.com\/pagead\/js\/adsbygoogle.js?client=ca-pub-8699335927299131\" crossorigin=\"anonymous\"><\/script><br \/>\n<!-- FT24 Display --><br \/>\n<ins class=\"adsbygoogle\" style=\"display:block\" data-ad-client=\"ca-pub-8699335927299131\" data-ad-slot=\"8291128921\" data-ad-format=\"auto\" data-full-width-responsive=\"true\"><\/ins><br \/>\n<script>\n     (adsbygoogle = window.adsbygoogle || []).push({});\n<\/script><\/p>\n<h2 style=\"text-align: center;\"><strong>Skriv inn flynummeret<\/strong><\/h2>\n<p style=\"text-align: center;\"><em><strong>Skriv inn et gyldig flynummer i s\u00f8kefeltet<\/strong><\/em><\/p>\n<form class=\"gobing\" style=\"margin:auto;max-width:fit-content\">\n  <input type=\"text\" class=\"form-control\" id=\"search1\" placeholder=\"Skriv inn flynummer her\"><br \/>\n  <buttongob type=\"submit\" id=\"WFFRB\"><i class=\"fa fa-search\"><\/i>S\u00f8k etter fly<\/buttongob><br \/>\n<\/form>\n<p><script>\njQuery('#WFFRB').on('click', function () {\n    var searchInput = jQuery('#search1').val();\n    var url = \"https:\/\/flightradar.flights\/no\/\"\n    window.open(url);\n});\n<\/script><br \/>\n<script>\njQuery('#search1').keypress(\n  function(event){\n    if (event.which == '13') {\n      event.preventDefault();\n    }\n});\n<\/script><\/p>\n<p style=\"text-align: center;\"><em><strong>(Et nytt vindu\/fane \u00e5pnes)<\/strong><\/em><\/p>\n<p><span style=\"font-size: 12pt;\"><strong>Hurtigguide: Flight Tracker 24<\/strong><\/span><\/p>\n<ul>\n<li style=\"list-style-type: none;\">\n<ul>\n<li style=\"list-style-type: none;\">\n<ul>\n<li><span style=\"font-size: 12pt;\"><span style=\"color: #ff0000;\">1. alternativ<\/span>: Klikk p\u00e5 forst\u00f8rrelsesglasset &gt; Skriv inn et gyldig flynummer og velg det viste flyet &gt; N\u00e5 sporer du flyvningen direkte<\/span><\/li>\n<li><span style=\"font-size: 12pt;\"><span style=\"color: #ff0000;\">Andre mulighet: Klikk p\u00e5 forst\u00f8rrelsesglasset &gt; G\u00e5 inn i en by med flyplass, f.eks. London eller Manchester og klikk p\u00e5 flyplassen fra listen &gt; Flight Tracker 24 vil vise deg alle flyreiser relatert til flyplassen<\/span><\/span><\/li>\n<\/ul>\n<\/li>\n<\/ul>\n<p><script async=\"\" src=\"\/\/pagead2.googlesyndication.com\/pagead\/js\/adsbygoogle.js\"><\/script><br \/>\n<!-- FlightLinks --><br \/>\n<ins class=\"adsbygoogle\" style=\"display: block;\" data-ad-client=\"ca-pub-8699335927299131\" data-ad-slot=\"8291128921\" data-ad-format=\"link\"><\/ins><br \/>\n<script><br \/>\n(adsbygoogle = window.adsbygoogle || []).push({});<br \/>\n<\/script><\/li>\n<\/ul>\n<p style=\"text-align: center;\"><span style=\"font-size: 12pt;\"><strong>Video: Hurtigguide for Flight Tracker 24<\/strong><\/span><\/p>\n<div class=\"resp-containeryt2\"><iframe loading=\"lazy\" src=\"https:\/\/www.youtube-nocookie.com\/embed\/3zvktnXMJpg\" width=\"560\" height=\"315\" frameborder=\"0\" allowfullscreen=\"allowfullscreen\"><\/iframe><\/div>\n<p style=\"text-align: center;\"><span style=\"font-size: 12pt;\"><strong>Vennligst naviger til bunnen av siden for \u00e5 vurdere tjenesten v\u00e5r.<\/strong><\/span><\/p>\n<p>&nbsp;<\/p>\n<h2 style=\"text-align: center;\"><strong><span style=\"color: #ff9900; font-size: 20pt;\">Hva handler flight tracker 24 om?<\/span><\/strong><\/h2>\n<p style=\"text-align: center;\"><span style=\"font-size: 12pt;\"><img loading=\"lazy\" decoding=\"async\" class=\"alignleft wp-image-571\" src=\"https:\/\/flight-tracker24.co.uk\/wp-content\/uploads\/2017\/08\/Flugradar-app-300x300.jpg\" alt=\"Flight Tracker 24 i flat design med menneskeh\u00e5nd, smarttelefon og netts\u00f8keskilt.\" width=\"200\" height=\"200\" srcset=\"https:\/\/flight-tracker24.co.uk\/wp-content\/uploads\/2017\/08\/Flugradar-app-300x300.jpg 300w, https:\/\/flight-tracker24.co.uk\/wp-content\/uploads\/2017\/08\/Flugradar-app-150x150.jpg 150w, https:\/\/flight-tracker24.co.uk\/wp-content\/uploads\/2017\/08\/Flugradar-app.jpg 346w\" sizes=\"auto, (max-width: 200px) 100vw, 200px\" \/>Flysporing er prosessen for \u00e5 finne ut om et fly ankom destinasjonen trygt eller om alle arrangementer gikk etter planen. <strong>Den best\u00e5r av en flymeldingsteknikk som gir deg sanntidsinformasjon<\/strong> og varsler om ankomst- og avgangsstatus for et fly. Det er den beste m\u00e5ten \u00e5 motta sanntidsoppdateringer og holde kontakten med en eller flere flyreiser med hensyn til deres ankomst- eller avgangsstatus. Du kan for eksempel <strong>kunne finne ut om flyet du \u00f8nsker har g\u00e5tt<\/strong>, om det har landet eller om det er en endring i ruteplanen.<br \/>\n<strong>Flysporing er helt gratis og er aktiv i 365 dager i \u00e5ret.<\/strong> Det er en tjeneste som kan aktiveres p\u00e5 alle flyvninger; N\u00e5r den er aktivert, vil du kunne motta sanntidsinformasjonen som vises p\u00e5 de offentlige informasjonsmonitorene p\u00e5 flyplassen, og du vil fortsette \u00e5 motta oppdateringer om flyet ditt fra start til landing. En flight tracker er en teknologi som brukes til \u00e5 utf\u00f8re flysporing.<br \/>\n<\/span><\/p>\n<p>&nbsp;<\/p>\n<h2 style=\"text-align: center;\"><strong><span style=\"font-size: 20pt;\"><span style=\"color: #ff9900;\">Enkel flight tracker 24 med kart<\/span><\/span><\/strong><\/h2>\n<p style=\"text-align: center;\"><span style=\"font-size: 12pt;\"><strong>Et online flysporingssystem gir deg sanntidsinformasjon om gjeldende plassering av et fly.<\/strong> Denne funksjonaliteten er satt p\u00e5 plass for \u00e5 hjelpe deg med \u00e5 f\u00f8lge opp ethvert fly og f\u00e5 all viktig informasjon p\u00e5 et \u00f8yeblikk. P\u00e5 siden v\u00e5r er det et interaktivt kart som viser deg alle flyene som er i n\u00e6rheten av posisjonen din. N\u00e5r du klikker p\u00e5 et av flyene som er plassert p\u00e5 kartet, f\u00e5r du se all informasjon om den tilgjengelige flyvningen i informasjonsboksen til venstre. <strong>Du kan ogs\u00e5 legge inn flynummer i s\u00f8kelinjen og umiddelbart se all informasjon for \u00f8nsket flyreise. <\/strong><\/span><\/p>\n<p style=\"text-align: center;\"><span style=\"font-size: 12pt;\">Flysporingen 24 hjelper til proaktivt \u00e5 administrere de reisende gjennom \u00e5 tilby flysporingsinnhold av bedre kvalitet, sporingsinnholdet v\u00e5rt gir reisende og de som transporterer dem informasjon om reiseforstyrrelser: som enten kan v\u00e6re i form av d\u00e5rlig v\u00e6r, flyforsinkelser og kansellering . <\/span><br \/>\n<span style=\"font-size: 12pt;\"><strong>Forbedre opplevelsen for reisende<\/strong> ved \u00e5 planlegge rundt flyforsinkelser\/kanselleringer og gi dem svar p\u00e5 sp\u00f8rsm\u00e5let om flystatus. Disse sanntids flystatus og live flysporing kan enkelt integreres i mobilapper og responsive nettsteder n\u00e5r som helst, hvor som helst og uansett for \u00e5 levere viktig og overbevisende informasjon til b\u00e5de passasjerer og bes\u00f8kende p\u00e5 nettstedet i en virkelig l\u00f8sning p\u00e5 tvers av enheter. <\/span><\/p>\n<p><script async=\"\" src=\"\/\/pagead2.googlesyndication.com\/pagead\/js\/adsbygoogle.js\"><\/script><br \/>\n<!-- FlightLinks --><br \/>\n<ins class=\"adsbygoogle\" style=\"display: block;\" data-ad-client=\"ca-pub-8699335927299131\" data-ad-slot=\"8291128921\" data-ad-format=\"link\"><\/ins><br \/>\n<script><br \/>\n(adsbygoogle = window.adsbygoogle || []).push({});<br \/>\n<\/script><\/p>\n<h2 style=\"text-align: center;\"><strong><span style=\"font-size: 20pt; color: #ff9900;\">Hva er typen data jeg kan f\u00e5 tilgang til ved \u00e5 bruke flight tracker 24?<\/span><\/strong><\/h2>\n<p style=\"text-align: left;\"><img loading=\"lazy\" decoding=\"async\" class=\"alignright wp-image-72 size-medium\" style=\"font-size: 16px;\" src=\"https:\/\/flight-tracker24.co.uk\/wp-content\/uploads\/2017\/08\/P%C3%A4rchen-beobachtet-flugzeug-300x200.jpg\" alt=\"Par som ser p\u00e5 et startende fly p\u00e5 flyplassen relatert til flight tracker 24\" width=\"300\" height=\"200\"><em><span style=\"font-size: 12pt;\">Med flight tracker 24 vil du kunne ha tilgang til f\u00f8lgende informasjon:<\/span><\/em><\/p>\n<hr>\n<p><strong><span style=\"font-size: 12pt;\">Du vil kunne s\u00f8ke etter flyreiser basert p\u00e5 en kombinasjon av f\u00f8lgende egenskaper:<\/span><\/strong><\/p>\n<ul>\n<li><span style=\"font-size: 12pt;\">Flytype<\/span><\/li>\n<li><span style=\"font-size: 12pt;\">Fly og halenummer<\/span><\/li>\n<li><span style=\"font-size: 12pt;\">Opprinnelses- og destinasjonsflyplass<\/span><\/li>\n<li><span style=\"font-size: 12pt;\">Et lavt til h\u00f8yt omr\u00e5de av bakkehastighet og h\u00f8yde<\/span><\/li>\n<\/ul>\n<hr>\n<p><strong><span style=\"font-size: 12pt;\">Du kan ogs\u00e5 hente flydata som:<\/span><\/strong><\/p>\n<ul>\n<li><span style=\"font-size: 12pt;\">Tidspunktet siste stilling ble mottatt<\/span><\/li>\n<li><span style=\"font-size: 12pt;\">Lengdegrad, breddegrad, h\u00f8yde og bakkehastighet<\/span><\/li>\n<li><span style=\"font-size: 12pt;\">Codeshare informasjon<\/span><\/li>\n<li><span style=\"font-size: 12pt;\">Forsinkelsesberegning<\/span><\/li>\n<\/ul>\n<hr>\n<p><strong><span style=\"font-size: 12pt;\">Flyplasser kan ogs\u00e5 ha tilgang til en liste over flyinformasjon som inkluderer:<\/span><\/strong><\/p>\n<ul>\n<li><span style=\"font-size: 12pt;\">Flyreiser som har g\u00e5tt<\/span><\/li>\n<li><span style=\"font-size: 12pt;\">Flyreiser som har ankommet flyplassen<\/span><\/li>\n<li><span style=\"font-size: 12pt;\">Flyreiser som har underveis til flyplassen<\/span><\/li>\n<li><span style=\"font-size: 12pt;\">Rutefly<\/span><\/li>\n<li><span style=\"font-size: 12pt;\">Bilde om flyet <\/span><span style=\"font-size: 12pt;\">og flyselskapetsom kj\u00f8rer flyvningen du leter etter.<\/span><\/li>\n<\/ul>\n<p>&nbsp;<\/p>\n<h2 style=\"text-align: center;\"><strong><span style=\"color: #ff9900; font-size: 20pt;\">Hva er fordelene med flight tracker 24?<\/span><\/strong><\/h2>\n<p style=\"text-align: center;\"><em><span style=\"font-size: 12pt;\">Flysporing har mange fordeler og viktighet for fans av fly og luftfart, de inkluderer:<\/span><\/em><\/p>\n<hr>\n<p style=\"text-align: left;\"><span style=\"font-size: 12pt;\"><strong>Flyrutevarsling:<\/strong> gjennom <a href=\"https:\/\/flight-tracker24.co.uk\/plane-tracker\/\" target=\"_blank\" rel=\"noopener noreferrer\">flysporing<\/a> kan du f\u00e5 tilgang til flyrutesystemet som gir deg kontroll over flyplanen din, det lar ogs\u00e5 flyplanleggere velge ruten som gir best pris og minst sjanse for v\u00e6rrelatert forstyrrelser.<\/span><\/p>\n<hr>\n<p style=\"text-align: left;\"><span style=\"font-size: 12pt;\"><strong>Bruk ATC-data for \u00e5 f\u00e5 mer innsikt:<\/strong> hver gang et flysporingsvarsel fremhever et problem, kan flyoperasjonsstaben se kommunikasjonen mellom fly og ATC i en kortfattet og klar tekst. Dette hjelper personalet med \u00e5 bekrefte om noe avvik er avtalt med ATC.<\/span><\/p>\n<hr>\n<p style=\"text-align: left;\"><span style=\"font-size: 12pt;\"><strong>Automatisert varsling for \u00e5 hjelpe deg med \u00e5 administrere store fl\u00e5ter:<\/strong>du kan v\u00e6re trygg p\u00e5 at den automatiske varslingsfunksjonen Flight Tracker 24 kan oppdage ethvert potensielt problem som sannsynligvis vil dukke opp. Etter varselet vil flysporingen opprette et varsel og starte en automatisk sekvens av handlinger som er passende.<\/span><\/p>\n<hr>\n<p style=\"text-align: left;\"><span style=\"font-size: 12pt;\"><strong>Flyagnostiker:<\/strong> Gjennom <a href=\"https:\/\/flightradar.flights\/\" target=\"_blank\" rel=\"noopener noreferrer\">flightradar24<\/a> kan du utstyre flyoperasjonsteamet ditt med muligheten til \u00e5 spore fly uavhengig av egenskapene som fl\u00e5ten din har. Flight tracker 24 bruker sanntidsdata samt ATC-data og radar fra organisasjoner rundt om i verden, for \u00e5 gi verdifull informasjon om flyposisjon.<\/span><\/p>\n<hr>\n<p style=\"text-align: left;\"><span style=\"font-size: 12pt;\"><strong>Kryssreferert posisjon og data med h\u00f8y oppl\u00f8sning:<\/strong> gjennom <a href=\"https:\/\/flight-tracker24.co.uk\/flight-radar\/\" target=\"_blank\" rel=\"noopener noreferrer\">flyradar<\/a> kan du spore flyselskapets operasjonsteam og mannskap med en applikasjon som samler de tilgjengelige posisjonsdataene ombord fra flere kilder. Denne enkeltflyposisjonsvisningen vil gj\u00f8re det lettere for folk \u00e5 opprettholde en n\u00f8yaktig flybevissthet. <\/span><\/p>\n<hr>\n<p style=\"text-align: center;\"><em><span style=\"font-size: 12pt;\">Du vil ogs\u00e5 kunne ha tilgang til en skalerbar dekning, som har f\u00f8lgende egenskaper:<\/span><\/em><\/p>\n<ul>\n<li style=\"list-style-type: none;\">\n<ul>\n<li style=\"text-align: left;\"><span style=\"font-size: 12pt;\">Det bidrar til \u00e5 \u00f8ke tilleggsinntektene<\/span><\/li>\n<\/ul>\n<\/li>\n<\/ul>\n<ul>\n<li style=\"list-style-type: none;\">\n<ul>\n<li style=\"text-align: left;\"><span style=\"font-size: 12pt;\">Det bidrar til \u00e5 forbedre passasjeropplevelsen<\/span><\/li>\n<\/ul>\n<\/li>\n<\/ul>\n<ul>\n<li style=\"list-style-type: none;\">\n<ul>\n<li style=\"text-align: left;\"><span style=\"font-size: 12pt;\">Det vil forbedre operasjonell effektivitet<\/span><\/li>\n<\/ul>\n<\/li>\n<\/ul>\n<ul>\n<li style=\"list-style-type: none;\">\n<ul>\n<li style=\"text-align: left;\"><span style=\"font-size: 12pt;\">Det vil bidra til \u00e5 forbedre sikkerheten for flyselskaper og passasjerer<\/span><\/li>\n<\/ul>\n<\/li>\n<\/ul>\n<p>&nbsp;<\/p>\n<h2 style=\"text-align: center;\"><strong><span style=\"color: #ff9900; font-size: 20pt;\">Hva koster flight tracker 24?<\/span><\/strong><\/h2>\n<p style=\"text-align: center;\"><span style=\"font-size: 12pt;\"><strong>Flight tracker 24 kan brukes gratis og s\u00e5 ofte du \u00f8nsker.<\/strong> Du kan v\u00e6re i stand til \u00e5 spore eller kartlegge fly som nettopp har fl\u00f8yet over hodet p\u00e5 deg. Gjennom denne kostnadsfrie teknologien vil du kunne finne data om flyreiser for hele verden.<\/span><\/p>\n<p style=\"text-align: center;\"><span style=\"font-size: 12pt;\">Trenger du mer informasjon om denne tjenesten? Da kan du sjekke ut <a href=\"https:\/\/flugradar24.eu\" target=\"_blank\" rel=\"noopener noreferrer\">Flightradar<\/a><\/span><\/p>\n<p>&nbsp;<\/p>\n","protected":false},"excerpt":{"rendered":"<p>Flight Tracker 24 Velkommen til Live Flight Tracker 24! Klikk p\u00e5 linsen i radaren for \u00e5 begynne \u00e5 s\u00f8ke. &nbsp; Skriv inn flynummeret Skriv inn et gyldig flynummer i s\u00f8kefeltet S\u00f8k etter fly (Et nytt vindu\/fane \u00e5pnes) Hurtigguide: Flight Tracker 24 1. alternativ: Klikk p\u00e5 forst\u00f8rrelsesglasset &gt; Skriv inn et gyldig flynummer og velg det &#8230; <\/p>\n<p class=\"read-more-container\"><a title=\"Flight Tracker 24\" class=\"read-more button\" href=\"https:\/\/flight-tracker24.co.uk\/no\/#more-725\" aria-label=\"Mer p\u00e5 Flight Tracker 24\">Read more<\/a><\/p>\n","protected":false},"author":1,"featured_media":0,"parent":0,"menu_order":0,"comment_status":"closed","ping_status":"closed","template":"","meta":{"footnotes":""},"class_list":["post-725","page","type-page","status-publish"],"yoast_head":"<!-- This site is optimized with the Yoast SEO plugin v26.1.1 - https:\/\/yoast.com\/wordpress\/plugins\/seo\/ -->\n<title>FLIGHT TRACKER 24 | 100 % gratis flysporing live [All Devices]<\/title>\n<meta name=\"description\" content=\"Med Flight Tracker 24 \u2705 Du kan spore hvilken som helst flyreise gratis \u2705 F\u00f8lg vennene dine som reiser i flyet \u2705 Ikke g\u00e5 glipp av en landing lenger \u2705\" \/>\n<meta name=\"robots\" content=\"index, follow, max-snippet:-1, max-image-preview:large, max-video-preview:-1\" \/>\n<link rel=\"canonical\" href=\"https:\/\/flight-tracker24.co.uk\/no\/\" \/>\n<meta property=\"og:locale\" content=\"nb_NO\" \/>\n<meta property=\"og:type\" content=\"article\" \/>\n<meta property=\"og:title\" content=\"FLIGHT TRACKER 24 | 100 % gratis flysporing live [All Devices]\" \/>\n<meta property=\"og:description\" content=\"Med Flight Tracker 24 \u2705 Du kan spore hvilken som helst flyreise gratis \u2705 F\u00f8lg vennene dine som reiser i flyet \u2705 Ikke g\u00e5 glipp av en landing lenger \u2705\" \/>\n<meta property=\"og:url\" content=\"https:\/\/flight-tracker24.co.uk\/no\/\" \/>\n<meta property=\"og:site_name\" content=\"Flight-Tracker24\" \/>\n<meta property=\"article:modified_time\" content=\"2022-01-20T08:09:36+00:00\" \/>\n<meta property=\"og:image\" content=\"https:\/\/flight-tracker24.co.uk\/wp-content\/uploads\/2017\/08\/Flugradar-app-300x300.jpg\" \/>\n<meta name=\"twitter:card\" content=\"summary_large_image\" \/>\n<meta name=\"twitter:label1\" content=\"Ansl. lesetid\" \/>\n\t<meta name=\"twitter:data1\" content=\"5 minutter\" \/>\n<script type=\"application\/ld+json\" class=\"yoast-schema-graph\">{\"@context\":\"https:\/\/schema.org\",\"@graph\":[{\"@type\":\"WebPage\",\"@id\":\"https:\/\/flight-tracker24.co.uk\/no\/\",\"url\":\"https:\/\/flight-tracker24.co.uk\/no\/\",\"name\":\"FLIGHT TRACKER 24 | 100 % gratis flysporing live [All Devices]\",\"isPartOf\":{\"@id\":\"https:\/\/flight-tracker24.co.uk\/no\/#website\"},\"primaryImageOfPage\":{\"@id\":\"https:\/\/flight-tracker24.co.uk\/no\/#primaryimage\"},\"image\":{\"@id\":\"https:\/\/flight-tracker24.co.uk\/no\/#primaryimage\"},\"thumbnailUrl\":\"https:\/\/flight-tracker24.co.uk\/wp-content\/uploads\/2017\/08\/Flugradar-app-300x300.jpg\",\"datePublished\":\"2022-01-07T12:09:51+00:00\",\"dateModified\":\"2022-01-20T08:09:36+00:00\",\"description\":\"Med Flight Tracker 24 \u2705 Du kan spore hvilken som helst flyreise gratis \u2705 F\u00f8lg vennene dine som reiser i flyet \u2705 Ikke g\u00e5 glipp av en landing lenger \u2705\",\"breadcrumb\":{\"@id\":\"https:\/\/flight-tracker24.co.uk\/no\/#breadcrumb\"},\"inLanguage\":\"nb-NO\",\"potentialAction\":[{\"@type\":\"ReadAction\",\"target\":[\"https:\/\/flight-tracker24.co.uk\/no\/\"]}]},{\"@type\":\"ImageObject\",\"inLanguage\":\"nb-NO\",\"@id\":\"https:\/\/flight-tracker24.co.uk\/no\/#primaryimage\",\"url\":\"https:\/\/flight-tracker24.co.uk\/wp-content\/uploads\/2017\/08\/Flugradar-app-300x300.jpg\",\"contentUrl\":\"https:\/\/flight-tracker24.co.uk\/wp-content\/uploads\/2017\/08\/Flugradar-app-300x300.jpg\"},{\"@type\":\"BreadcrumbList\",\"@id\":\"https:\/\/flight-tracker24.co.uk\/no\/#breadcrumb\",\"itemListElement\":[{\"@type\":\"ListItem\",\"position\":1,\"name\":\"Home\",\"item\":\"https:\/\/flight-tracker24.co.uk\/no\/\"},{\"@type\":\"ListItem\",\"position\":2,\"name\":\"Flight Tracker 24\"}]},{\"@type\":\"WebSite\",\"@id\":\"https:\/\/flight-tracker24.co.uk\/no\/#website\",\"url\":\"https:\/\/flight-tracker24.co.uk\/no\/\",\"name\":\"Flight-Tracker24\",\"description\":\"Fight-Tracker24 Is Your Online Solution for Tracking Airplanes\",\"publisher\":{\"@id\":\"https:\/\/flight-tracker24.co.uk\/no\/#organization\"},\"potentialAction\":[{\"@type\":\"SearchAction\",\"target\":{\"@type\":\"EntryPoint\",\"urlTemplate\":\"https:\/\/flight-tracker24.co.uk\/no\/?s={search_term_string}\"},\"query-input\":{\"@type\":\"PropertyValueSpecification\",\"valueRequired\":true,\"valueName\":\"search_term_string\"}}],\"inLanguage\":\"nb-NO\"},{\"@type\":\"Organization\",\"@id\":\"https:\/\/flight-tracker24.co.uk\/no\/#organization\",\"name\":\"Flight-Tracker24\",\"url\":\"https:\/\/flight-tracker24.co.uk\/no\/\",\"logo\":{\"@type\":\"ImageObject\",\"inLanguage\":\"nb-NO\",\"@id\":\"https:\/\/flight-tracker24.co.uk\/no\/#\/schema\/logo\/image\/\",\"url\":\"https:\/\/flight-tracker24.co.uk\/wp-content\/uploads\/2018\/06\/Flugradar-Logo-footer240.png\",\"contentUrl\":\"https:\/\/flight-tracker24.co.uk\/wp-content\/uploads\/2018\/06\/Flugradar-Logo-footer240.png\",\"width\":\"240\",\"height\":\"47\",\"caption\":\"Flight-Tracker24\"},\"image\":{\"@id\":\"https:\/\/flight-tracker24.co.uk\/no\/#\/schema\/logo\/image\/\"}}]}<\/script>\n<!-- \/ Yoast SEO plugin. -->","yoast_head_json":{"title":"FLIGHT TRACKER 24 | 100 % gratis flysporing live [All Devices]","description":"Med Flight Tracker 24 \u2705 Du kan spore hvilken som helst flyreise gratis \u2705 F\u00f8lg vennene dine som reiser i flyet \u2705 Ikke g\u00e5 glipp av en landing lenger \u2705","robots":{"index":"index","follow":"follow","max-snippet":"max-snippet:-1","max-image-preview":"max-image-preview:large","max-video-preview":"max-video-preview:-1"},"canonical":"https:\/\/flight-tracker24.co.uk\/no\/","og_locale":"nb_NO","og_type":"article","og_title":"FLIGHT TRACKER 24 | 100 % gratis flysporing live [All Devices]","og_description":"Med Flight Tracker 24 \u2705 Du kan spore hvilken som helst flyreise gratis \u2705 F\u00f8lg vennene dine som reiser i flyet \u2705 Ikke g\u00e5 glipp av en landing lenger \u2705","og_url":"https:\/\/flight-tracker24.co.uk\/no\/","og_site_name":"Flight-Tracker24","article_modified_time":"2022-01-20T08:09:36+00:00","og_image":[{"url":"https:\/\/flight-tracker24.co.uk\/wp-content\/uploads\/2017\/08\/Flugradar-app-300x300.jpg","type":"","width":"","height":""}],"twitter_card":"summary_large_image","twitter_misc":{"Ansl. lesetid":"5 minutter"},"schema":{"@context":"https:\/\/schema.org","@graph":[{"@type":"WebPage","@id":"https:\/\/flight-tracker24.co.uk\/no\/","url":"https:\/\/flight-tracker24.co.uk\/no\/","name":"FLIGHT TRACKER 24 | 100 % gratis flysporing live [All Devices]","isPartOf":{"@id":"https:\/\/flight-tracker24.co.uk\/no\/#website"},"primaryImageOfPage":{"@id":"https:\/\/flight-tracker24.co.uk\/no\/#primaryimage"},"image":{"@id":"https:\/\/flight-tracker24.co.uk\/no\/#primaryimage"},"thumbnailUrl":"https:\/\/flight-tracker24.co.uk\/wp-content\/uploads\/2017\/08\/Flugradar-app-300x300.jpg","datePublished":"2022-01-07T12:09:51+00:00","dateModified":"2022-01-20T08:09:36+00:00","description":"Med Flight Tracker 24 \u2705 Du kan spore hvilken som helst flyreise gratis \u2705 F\u00f8lg vennene dine som reiser i flyet \u2705 Ikke g\u00e5 glipp av en landing lenger \u2705","breadcrumb":{"@id":"https:\/\/flight-tracker24.co.uk\/no\/#breadcrumb"},"inLanguage":"nb-NO","potentialAction":[{"@type":"ReadAction","target":["https:\/\/flight-tracker24.co.uk\/no\/"]}]},{"@type":"ImageObject","inLanguage":"nb-NO","@id":"https:\/\/flight-tracker24.co.uk\/no\/#primaryimage","url":"https:\/\/flight-tracker24.co.uk\/wp-content\/uploads\/2017\/08\/Flugradar-app-300x300.jpg","contentUrl":"https:\/\/flight-tracker24.co.uk\/wp-content\/uploads\/2017\/08\/Flugradar-app-300x300.jpg"},{"@type":"BreadcrumbList","@id":"https:\/\/flight-tracker24.co.uk\/no\/#breadcrumb","itemListElement":[{"@type":"ListItem","position":1,"name":"Home","item":"https:\/\/flight-tracker24.co.uk\/no\/"},{"@type":"ListItem","position":2,"name":"Flight Tracker 24"}]},{"@type":"WebSite","@id":"https:\/\/flight-tracker24.co.uk\/no\/#website","url":"https:\/\/flight-tracker24.co.uk\/no\/","name":"Flight-Tracker24","description":"Fight-Tracker24 Is Your Online Solution for Tracking Airplanes","publisher":{"@id":"https:\/\/flight-tracker24.co.uk\/no\/#organization"},"potentialAction":[{"@type":"SearchAction","target":{"@type":"EntryPoint","urlTemplate":"https:\/\/flight-tracker24.co.uk\/no\/?s={search_term_string}"},"query-input":{"@type":"PropertyValueSpecification","valueRequired":true,"valueName":"search_term_string"}}],"inLanguage":"nb-NO"},{"@type":"Organization","@id":"https:\/\/flight-tracker24.co.uk\/no\/#organization","name":"Flight-Tracker24","url":"https:\/\/flight-tracker24.co.uk\/no\/","logo":{"@type":"ImageObject","inLanguage":"nb-NO","@id":"https:\/\/flight-tracker24.co.uk\/no\/#\/schema\/logo\/image\/","url":"https:\/\/flight-tracker24.co.uk\/wp-content\/uploads\/2018\/06\/Flugradar-Logo-footer240.png","contentUrl":"https:\/\/flight-tracker24.co.uk\/wp-content\/uploads\/2018\/06\/Flugradar-Logo-footer240.png","width":"240","height":"47","caption":"Flight-Tracker24"},"image":{"@id":"https:\/\/flight-tracker24.co.uk\/no\/#\/schema\/logo\/image\/"}}]}},"_links":{"self":[{"href":"https:\/\/flight-tracker24.co.uk\/no\/wp-json\/wp\/v2\/pages\/725","targetHints":{"allow":["GET"]}}],"collection":[{"href":"https:\/\/flight-tracker24.co.uk\/no\/wp-json\/wp\/v2\/pages"}],"about":[{"href":"https:\/\/flight-tracker24.co.uk\/no\/wp-json\/wp\/v2\/types\/page"}],"author":[{"embeddable":true,"href":"https:\/\/flight-tracker24.co.uk\/no\/wp-json\/wp\/v2\/users\/1"}],"replies":[{"embeddable":true,"href":"https:\/\/flight-tracker24.co.uk\/no\/wp-json\/wp\/v2\/comments?post=725"}],"version-history":[{"count":0,"href":"https:\/\/flight-tracker24.co.uk\/no\/wp-json\/wp\/v2\/pages\/725\/revisions"}],"wp:attachment":[{"href":"https:\/\/flight-tracker24.co.uk\/no\/wp-json\/wp\/v2\/media?parent=725"}],"curies":[{"name":"wp","href":"https:\/\/api.w.org\/{rel}","templated":true}]}}