{"id":742,"date":"2022-01-07T16:29:39","date_gmt":"2022-01-07T16:29:39","guid":{"rendered":"https:\/\/flight-tracker24.co.uk\/rianaithe-plana\/"},"modified":"2022-01-20T08:09:02","modified_gmt":"2022-01-20T08:09:02","slug":"rianaithe-plana","status":"publish","type":"page","link":"https:\/\/flight-tracker24.co.uk\/ga\/rianaithe-plana\/","title":{"rendered":"Rianaithe Pl\u00e1na"},"content":{"rendered":"<h1 style=\"text-align: center;\"><strong>Rianaithe Pl\u00e1na<\/strong><\/h1>\n<p style=\"text-align: center;\"><span style=\"font-size: 12pt;\"><em><strong>F\u00e1ilte chuig rianaitheoir an eitle\u00e1in! Clice\u00e1il le do thoil ar an lionsa sa radar chun cuardach a dh\u00e9anamh.<\/strong><\/em><\/span><\/p>\n<p>&nbsp;<\/p>\n<div style=\"width: 100%; height: 0px; margin-top: -80px; margin-right: 0px;\"><\/div>\n<p><script async=\"\" src=\"\/\/pagead2.googlesyndication.com\/pagead\/js\/adsbygoogle.js\"><\/script><br \/>\n<!-- FlightLinks --><br \/>\n<ins class=\"adsbygoogle\" style=\"display: block;\" data-ad-client=\"ca-pub-8699335927299131\" data-ad-slot=\"8291128921\" data-ad-format=\"link\"><\/ins><script>(adsbygoogle = window.adsbygoogle || []).push({});<\/script><\/p>\n<div style=\"width: 100%; height: 0px; margin-top: -15px; margin-right: 0px;\"><\/div>\n<p>&nbsp;<\/p>\n<figure class=\"full-width\">\n<div class=\"resp-container\"><iframe class=\"resp-iframe\" src=\"https:\/\/www.radarbox.com\/?widget=1&amp;z=5&amp;lat=46.7&amp;lng=7.6\" height=\"500\" frameborder=\"0\" allowfullscreen=\"allowfullscreen\"><\/iframe><\/div>\n<\/figure>\n<p><script async=\"\" src=\"\/\/pagead2.googlesyndication.com\/pagead\/js\/adsbygoogle.js\"><\/script><br \/>\n<!-- FlightDisplay --><br \/>\n<ins class=\"adsbygoogle\" style=\"display: block;\" data-ad-client=\"ca-pub-8699335927299131\" data-ad-slot=\"1073730211\" data-ad-format=\"auto\"><\/ins><br \/>\n<script>(adsbygoogle = window.adsbygoogle || []).push({});<\/script><\/p>\n<h2 style=\"text-align: center;\"><strong>Iontr\u00e1il uimhir na heitilte<\/strong><\/h2>\n<p style=\"text-align: center;\"><em><strong>Iontr\u00e1il uimhir bhail\u00ed eitilte sa bharra cuardaigh<\/strong><\/em><\/p>\n<form class=\"gobing\" style=\"margin:auto;max-width:fit-content\">\n  <input type=\"text\" class=\"form-control\" id=\"search1\" placeholder=\"Iontr\u00e1il uimhir eitilte anseo\"><br \/>\n  <buttongob type=\"submit\" id=\"WFFRB\"><i class=\"fa fa-search\"><\/i>Cuardaigh eitle\u00e1n<\/buttongob><br \/>\n<\/form>\n<p><script>\njQuery('#WFFRB').on('click', function () {\n    var searchInput = jQuery('#search1').val();\n    var url = \"https:\/\/flightradar.flights\/ga\/rianu-eitilte\/\"\n    window.open(url);\n});\n<\/script><br \/>\n<script>\njQuery('#search1').keypress(\n  function(event){\n    if (event.which == '13') {\n      event.preventDefault();\n    }\n});\n<\/script><\/p>\n<p style=\"text-align: center;\"><em><strong>(Oscl\u00f3far fuinneog \/ cluais\u00edn nua)<\/strong><\/em><\/p>\n<p><span style=\"font-size: 12pt;\"><strong>Treoir Thapa: Eitle\u00e1n a Aimsi\u00fa<\/strong><\/span><\/p>\n<ul>\n<li style=\"list-style-type: none;\">\n<ul>\n<li style=\"list-style-type: none;\">\n<ul>\n<li><span style=\"font-size: 12pt;\"><span style=\"color: #ff0000;\">1\u00fa rogha<\/span>: Clice\u00e1il ar an ngloine formh\u00e9ad\u00fach\u00e1in &gt; Iontr\u00e1il uimhir bhail\u00ed eitilte agus roghnaigh an t-aer\u00e1rthach a thaispe\u00e1ntar &gt; Anois t\u00e1 t\u00fa ag rian\u00fa na heitilte go d\u00edreach<\/span><\/li>\n<li><span style=\"font-size: 12pt;\"><span style=\"color: #ff0000;\">2\u00fa f\u00e9idearthacht:<\/span> Clice\u00e1il ar an ngloine formh\u00e9ad\u00fach\u00e1in &gt; T\u00e9igh isteach i gcathair le haerfort, e.g. Londain n\u00f3 Manchain agus clice\u00e1il an aiport \u00f3n liosta &gt; Taispe\u00e1nfaidh rianaitheoir an eitle\u00e1in duit gach eitilt a bhaineann leis an aerfort<\/span><\/li>\n<\/ul>\n<\/li>\n<\/ul>\n<p><script async=\"\" src=\"\/\/pagead2.googlesyndication.com\/pagead\/js\/adsbygoogle.js\"><\/script><br \/>\n<!-- FlightLinks --><br \/>\n<ins class=\"adsbygoogle\" style=\"display: block;\" data-ad-client=\"ca-pub-8699335927299131\" data-ad-slot=\"8291128921\" data-ad-format=\"link\"><\/ins><br \/>\n<script><br \/>\n(adsbygoogle = window.adsbygoogle || []).push({});<br \/>\n<\/script><\/li>\n<\/ul>\n<p style=\"text-align: center;\"><span style=\"font-size: 12pt;\"><strong>F\u00edse\u00e1n: Treoir thapa don rianaitheoir eitle\u00e1in<\/strong><\/span><\/p>\n<div class=\"resp-containeryt2\"><iframe loading=\"lazy\" src=\"https:\/\/www.youtube-nocookie.com\/embed\/3zvktnXMJpg\" width=\"560\" height=\"315\" frameborder=\"0\" allowfullscreen=\"allowfullscreen\"><\/iframe><\/div>\n<p style=\"text-align: center;\"><span style=\"font-size: 12pt;\"><strong>T\u00e9igh chuig bun an leathanaigh le do thoil chun \u00e1r seirbh\u00eds a r\u00e1t\u00e1il.<\/strong><\/span><\/p>\n<p>&nbsp;<\/p>\n<h2 style=\"text-align: center;\"><span style=\"font-size: 20pt;\"><strong><span style=\"color: #ff9900;\">Cad is rianaitheoir eitle\u00e1in ann?<\/span><\/strong><\/span><\/h2>\n<p style=\"text-align: center;\"><span style=\"font-size: 12pt;\"><strong>Is seirbh\u00eds rianaithe eitilte f\u00edor-ama \u00e9 rianaithe eitle\u00e1in at\u00e1 in ann faisn\u00e9is a thaispe\u00e1int faoi eitle\u00e1in ar fud na cruinne.<\/strong> Cuireann s\u00e9 sonra\u00ed i l\u00e1thair mar: <strong>c\u00e9 chomh tapa agus at\u00e1 eitle\u00e1n ag gluaiseacht, a uimhir eitilte, a ingearchl\u00f3 agus a cheann scr\u00edbe taistil.<\/strong> Is f\u00e9idir le brabhs\u00e1laithe gr\u00e9as\u00e1in an l\u00e9arsc\u00e1il agus an bunachar sonra\u00ed rianaithe eitilte a mheas, t\u00e1 roinnt leaganacha den tseirbh\u00eds ar f\u00e1il mar fheidhmchl\u00e1ir soghluaiste lena n-\u00e1ir\u00edtear leagan r\u00e9altachta m\u00e9adaithe, saor in aisce agus 3D pr\u00e9imhe. Ligeann rianaithe eitle\u00e1in d\u2019\u00fas\u00e1ideoir\u00ed at\u00e1 cl\u00e1raithe a gcuid sonra\u00ed MLAT agus ADS-B a roinnt tr\u00edd an gcliant ADS-B rianaithe eitle\u00e1in at\u00e1 ar f\u00e1il le haghaidh Linux, fuinneoga, agus macOS. Taca\u00edonn rianaithe eitle\u00e1in le cairteacha VFR \u00f3 NATS; ba \u00e9 seo an ch\u00e9ad aip m\u00f3r rianaithe eitilte chun gn\u00e9 a athsheinm.<\/span><br \/>\n<span style=\"font-size: 12pt;\"><strong>Sol\u00e1thra\u00edonn rianaithe eitle\u00e1in rian\u00fa aer\u00e1rtha\u00ed f\u00edor-ama do ghairmithe<\/strong>, do chaitheamh aimsire n\u00f3 d\u2019aon duine a fh\u00e9achann suas ar eitle\u00e1n leis an tuiscint \u201cN\u2019fheadar c\u00e1 bhfuil na daoine sin ag dul.\u201d<\/span><\/p>\n<p>&nbsp;<\/p>\n<h2 style=\"text-align: center;\"><img loading=\"lazy\" decoding=\"async\" class=\"wp-image-535 size-medium alignright\" style=\"font-size: 16px;\" src=\"https:\/\/flight-tracker24.co.uk\/wp-content\/uploads\/2017\/08\/radio-telescope-1031303_640-300x200.jpg\" alt=\"Aimsitheoir eitle\u00e1in - Teileasc\u00f3p Radar\" width=\"300\" height=\"200\" srcset=\"https:\/\/flight-tracker24.co.uk\/wp-content\/uploads\/2017\/08\/radio-telescope-1031303_640-300x200.jpg 300w, https:\/\/flight-tracker24.co.uk\/wp-content\/uploads\/2017\/08\/radio-telescope-1031303_640.jpg 640w\" sizes=\"auto, (max-width: 300px) 100vw, 300px\" \/><span style=\"font-size: 20pt;\"><strong><span style=\"color: #ff9900;\">Cad is f\u00e9idir leat a dh\u00e9anamh le rianaitheoir eitle\u00e1in?<\/span><\/strong><\/span><\/h2>\n<p style=\"text-align: center;\"><span style=\"font-size: 12pt;\"><strong>Le rianaitheoir eitle\u00e1in, is f\u00e9idir leat rochtain a fh\u00e1il ar l\u00e9arsc\u00e1il dhomhanda de n\u00edos m\u00f3 n\u00e1 12,000 pl\u00e1na at\u00e1 ag bogadh i bhf\u00edor-am<\/strong>, comhl\u00e1naigh le gn\u00e9 cuardaigh ionas go mbeidh t\u00fa in ann a fh\u00e1il c\u00e1 bhfuil an eitilt at\u00e1 \u00e1 rian\u00fa agat faoi l\u00e1thair. Is f\u00e9idir an l\u00e9arsc\u00e1il a \u00fas\u00e1id freisin chun faisn\u00e9is \u00fas\u00e1ideach eile a fh\u00e1il amach mar phl\u00f3d\u00fa tr\u00e1chta ag an stiall tuirlingthe; cuireann s\u00e9 seo ar do chumas fios a bheith agat an mbeidh paisin\u00e9ir\u00ed ar f\u00e1il le piocadh n\u00f3 nach mbeidh.<\/span><br \/>\n<span style=\"font-size: 12pt;\">Le rianaitheoir eitle\u00e1in is f\u00e9idir leat grianghraf den sp\u00e9ir a th\u00f3g\u00e1il agus a fheice\u00e1il c\u00e9 na heitilt\u00ed at\u00e1 os do chionn tr\u00ed choincheap AR, <strong>is f\u00e9idir go gcabhr\u00f3idh s\u00e9 seo agus t\u00fa ag buille faoi thuairim c\u00e9 chomh fada a th\u00f3gfaidh s\u00e9 ort fanacht chun paisin\u00e9ir a phiocadh tar \u00e9is duit teacht.<\/strong><\/span><\/p>\n<p>&nbsp;<\/p>\n<h2 style=\"text-align: center;\"><span style=\"font-size: 20pt;\"><strong><span style=\"color: #ff9900;\">Conas a oibr\u00edonn Rianaithe ADS-B rianaithe eitle\u00e1in?<\/span><\/strong><\/span><\/h2>\n<p style=\"text-align: center;\"><span style=\"font-size: 12pt;\">T\u00e1 l\u00edonra domhanda <strong>radars antenna agus fotha\u00ed sonra\u00ed ag rianaithe eitle\u00e1in a fhaigheann sonra\u00ed a chraoltar go d\u00edreach \u00f3 aer\u00e1rtha\u00ed<\/strong> <strong>le haghaidh rian\u00fa eitilte. Is iad an phr\u00edomhtheicneola\u00edocht a \u00fas\u00e1idtear MLAT agus ADS-B, l\u00e9ir\u00edmid fotha\u00ed freisin \u00f3 bheatha faoileora FLARM agus FAA.<\/strong><\/span><br \/>\n<span style=\"font-size: 12pt;\">T\u00e1 a fhios againn go mbaineann l\u00edon m\u00f3r daoine \u00fas\u00e1id as \u00e1r bhfeidhmchl\u00e1r rianaithe eitilte l\u00e1ithre\u00e1n gr\u00e9as\u00e1in agus rianaithe eitle\u00e1in lena n-\u00e1ir\u00edtear gairmithe eitl\u00edochta ar n\u00f3s cri\u00fa tal\u00fan, p\u00edol\u00f3ta\u00ed, d\u00edograiseoir\u00ed eitl\u00edochta, spotair\u00ed eitle\u00e1in, duine ar bith at\u00e1 fiosrach faoi eitle\u00e1in lasnairde agus iad si\u00fad at\u00e1 ag iarraidh rian\u00fa a cara.<\/span><br \/>\n<span style=\"font-size: 12pt;\">B\u00edonn an rianaitheoir eitle\u00e1in neamh\u00edogair ar chur isteach i gc\u00f3na\u00ed. Roimh aireag\u00e1n <a href=\"https:\/flightradar.flights\/\" target=\"_blank\" rel=\"noopener noreferrer\">radar eitilte<\/a> ar l\u00edne, bh\u00ed an moth\u00fa m\u00edchompordach agus imn\u00ed lean\u00fanach i gc\u00f3na\u00ed ag gach duine aon uair a bh\u00edonn a gcairde n\u00f3 a muintir ar eitle\u00e1n. T\u00e1 na hamanna seo thart; faoi l\u00e1thair leis an rianaitheoir eitle\u00e1in beo, is f\u00e9idir leat dul ar bord agus dul le do ghaolta aon uair is mian leat.<\/span><\/p>\n<p>&nbsp;<\/p>\n<h2 style=\"text-align: center;\"><span style=\"font-size: 20pt;\"><strong><span style=\"color: #ff9900;\">Rian\u00fa eitilte ADS-B<\/span><\/strong><\/span><\/h2>\n<p style=\"text-align: center;\"><span style=\"font-size: 12pt;\">\u00das\u00e1idtear sonra\u00ed ADS-B ar fud an tionscail eitl\u00edochta chun s\u00e1bh\u00e1ilteacht a fheabhs\u00fa agus \u00e9ifeacht\u00falacht a mh\u00e9ad\u00fa; is teicneola\u00edocht \u00ed at\u00e1 chun leasa paisin\u00e9ir\u00ed, an gheilleagair dhomhanda agus an chomhshaoil. Craolann an chuid is m\u00f3 d\u2019aer\u00e1rtha\u00ed tr\u00e1cht\u00e1la a seasamh, comhartha glaonna, luas agus go leor eile.<\/span><br \/>\n<span style=\"font-size: 12pt;\">T\u00e1 os cionn 1000 glacad\u00f3ir againn, agus fotha\u00ed sonra\u00ed ar fud an domhain at\u00e1 ag seoladh faisn\u00e9ise chuig \u00e1r bhfreastalaithe. Feabhsa\u00edonn \u00e1r freastalaithe sonra\u00ed ADS-B le faisn\u00e9is bhreise mar aerfort imeachta, uimhir reg \/ eireaball aer\u00e1rthaigh, saothar eala\u00edne, ceann scr\u00edbe, agus grianghraif.<\/span><br \/>\n<span style=\"font-size: 12pt;\">\u00das\u00e1ideann ADS-B eitl\u00edocht laistigh d\u2019aer\u00e1rthach chun cumars\u00e1id a dh\u00e9anamh le satail\u00edt\u00ed GPS i bhfithis agus chun sonra\u00ed a tharchur faoi: comhartha glaonna, ceannteideal, airde, luas, su\u00edomh, uimhir chearn\u00f3g, t\u00edr-raon, aimsir, tr\u00e1cht agus faisn\u00e9is. Is iad tairbh\u00ed na teicneola\u00edochta rianaithe eitilte seo s\u00e1bh\u00e1ilteacht agus bainist\u00edocht.<\/span><\/p>\n<p>&nbsp;<\/p>\n<h2 style=\"text-align: center;\"><span style=\"font-size: 20pt;\"><strong><span style=\"color: #ff9900;\"> Cad is radar ann?<\/span><\/strong><\/span><\/h2>\n<p style=\"text-align: center;\"><span style=\"font-size: 12pt;\">Is acrainm \u00e9 Radar a sheasann do <em><strong>bhrath agus do raon Raidi\u00f3.<\/strong><\/em> Is c\u00f3ras \u00e9 a oibr\u00edtear de ghn\u00e1th sa chuid micreathonn de speictream minic\u00edochta raidi\u00f3 n\u00f3 minic\u00edocht ultra-ard; \u00fas\u00e1idtear \u00e9 chun su\u00edomh agus gluaiseachta\u00ed ruda\u00ed a bhrath. \u00das\u00e1idtear radars go forleathan i loingseoireacht aer\u00e1rtha\u00ed, loingseoireacht mhara agus rial\u00fa aerthr\u00e1chta. T\u00e1 aer\u00e1rthach an lae inniu bunaithe ar rial\u00fa aerthr\u00e1chta a chuims\u00edonn seirbh\u00eds faisn\u00e9ise eitilte freisin. <\/span><\/p>\n<p>&nbsp;<\/p>\n<h2 style=\"text-align: center;\"><span style=\"font-size: 20pt;\"><strong><span style=\"color: #ff9900;\">Conas a oibr\u00edonn Radars?<\/span><\/strong><\/span><\/h2>\n<p style=\"text-align: center;\"><span style=\"font-size: 12pt;\"><strong>T\u00e1 gach glacad\u00f3ir bosca radair deartha chun faisn\u00e9is eitilte f\u00edor-ama a roinnt le freastalaithe c\u00f3rais AirNav.<\/strong> Tagann na sonra\u00ed \u00f3 n\u00edos m\u00f3 n\u00e1 na m\u00edlte glacad\u00f3ir \u00f3 gach cearn den domhan, tar \u00e9is an bhaili\u00fach\u00e1in d\u00e9antar iad a phr\u00f3ise\u00e1il tuilleadh. Seo iad na sonra\u00ed a \u00fas\u00e1idfear i roinnt r\u00e9iteach eitl\u00edochta; is f\u00e9idir teacht air tr\u00ed bhrabhs\u00e1laithe gr\u00e9as\u00e1in n\u00f3 r\u00e9itigh soghluaiste.<\/span><\/p>\n<p>&nbsp;<\/p>\n<h2 style=\"text-align: center;\"><span style=\"font-size: 20pt;\"><strong><span style=\"color: #ff9900;\">Cad at\u00e1 chomh speisialta faoi rianaitheoir eitle\u00e1in ar l\u00edne?<\/span><\/strong><\/span><\/h2>\n<p style=\"text-align: center;\"><span style=\"font-size: 12pt;\">Bh\u00ed aer\u00e1rtha\u00ed an-t\u00f3gtha le go leor daoine i gc\u00f3na\u00ed. T\u00e1 go leor bunt\u00e1ist\u00ed ag baint le heitle\u00e1n a rian\u00fa tr\u00ed rianaithe eitle\u00e1in, is f\u00e9idir teacht ar an tseirbh\u00eds seo \u00f3 \u00e1it ar bith. Is \u00e9 an t-aon cheanglas is g\u00e1 chun an fhaisn\u00e9is a rochtain n\u00e1 nasc idirl\u00edn agus feiste at\u00e1 cumasaithe ar an idirl\u00edon. T\u00e1 an seice\u00e1la\u00ed eitle\u00e1in at\u00e1 againn ar \u00e1r su\u00edomh saor in aisce, agus leis, is f\u00e9idir leat a bheith in ann <strong>rochtain a fh\u00e1il ar shonra\u00ed i bhf\u00edor-am.<\/strong><\/span><br \/>\n<span style=\"font-size: 12pt;\">Leis an seice\u00e1la\u00ed eitle\u00e1in ar \u00e1r su\u00edomh, t\u00e1 t\u00fa i gc\u00f3na\u00ed ar l\u00edne agus beo. Beidh deis agat na roghanna cearta a dh\u00e9anamh maidir le <a href=\"https:\/\/flight-tracker24.co.uk\/plane-tracker\/\" target=\"_blank\" rel=\"noopener noreferrer\">rian\u00fa eitle\u00e1in<\/a>; is f\u00e9idir leat a bheith i gc\u00f3na\u00ed in ann \u00e1r leathanach a lean\u00faint ar do dheasc, taibl\u00e9ad n\u00f3 d\u2019fh\u00f3n cliste. S\u00e1bh\u00e1lann s\u00e9 seo sp\u00e1s duit agus cuireann s\u00e9 ar do chumas taitneamh a bhaint as an radharc.<\/span><\/p>\n<p>&nbsp;<\/p>\n<h2 style=\"text-align: center;\"><span style=\"font-size: 20pt;\"><strong><span style=\"color: #ff9900;\">Rian\u00fa eitle\u00e1in beo saor in aisce<\/span><\/strong><\/span><\/h2>\n<p style=\"text-align: center;\"><span style=\"font-size: 12pt;\"><strong>T\u00e1 seice\u00e1il eitle\u00e1in ar rianaithe eitilte go hioml\u00e1n saor in aisce.<\/strong> Cib\u00e9 \u00e1it a bhfuil t\u00fa lonnaithe, is f\u00e9idir leat rochtain a fh\u00e1il ar fhaisn\u00e9is phraitici\u00fail faoi gach eitle\u00e1n agus gluaiseachta\u00ed. Gheobhaidh t\u00fa do chuid airgid a sh\u00e1bh\u00e1il toisc, le radar eitilte, t\u00e1 t\u00fa saor i gc\u00f3na\u00ed agus is f\u00e9idir <strong>leat aon eitle\u00e1n a rian\u00fa aon uair is mian leat.<\/strong> M\u00e1 theasta\u00edonn tuilleadh gn\u00e9ithe uait, is f\u00e9idir leat cuairt a thabhairt ar <a href=\"https:\/\/flugradar24.eu\/en\">flightradar24<\/a> chun tuilleadh sonra\u00ed a fh\u00e1il<\/span><\/p>\n<p>&nbsp;<\/p>\n","protected":false},"excerpt":{"rendered":"<p>Rianaithe Pl\u00e1na F\u00e1ilte chuig rianaitheoir an eitle\u00e1in! Clice\u00e1il le do thoil ar an lionsa sa radar chun cuardach a dh\u00e9anamh. &nbsp; &nbsp; Iontr\u00e1il uimhir na heitilte Iontr\u00e1il uimhir bhail\u00ed eitilte sa bharra cuardaigh Cuardaigh eitle\u00e1n (Oscl\u00f3far fuinneog \/ cluais\u00edn nua) Treoir Thapa: Eitle\u00e1n a Aimsi\u00fa 1\u00fa rogha: Clice\u00e1il ar an ngloine formh\u00e9ad\u00fach\u00e1in &gt; Iontr\u00e1il uimhir &#8230; <\/p>\n<p class=\"read-more-container\"><a title=\"Rianaithe Pl\u00e1na\" class=\"read-more button\" href=\"https:\/\/flight-tracker24.co.uk\/ga\/rianaithe-plana\/#more-742\" aria-label=\"More on Rianaithe Pl\u00e1na\">Read more<\/a><\/p>\n","protected":false},"author":1,"featured_media":0,"parent":0,"menu_order":0,"comment_status":"closed","ping_status":"closed","template":"","meta":{"footnotes":""},"class_list":["post-742","page","type-page","status-publish"],"yoast_head":"<!-- This site is optimized with the Yoast SEO plugin v26.1.1 - https:\/\/yoast.com\/wordpress\/plugins\/seo\/ -->\n<title>Rianaithe Pl\u00e1na | Faigh gach eitle\u00e1n at\u00e1 \u00e1 lorg agat [LIVE]<\/title>\n<meta name=\"description\" content=\"Rianaithe Pl\u00e1na In Aisce \u2705 Sol\u00e1thra\u00edonn s\u00e9 an fhaisn\u00e9is is t\u00e1bhachta\u00ed duit \u2705 Maidir leis an Aer\u00e1rthach a theasta\u00edonn \u2705 Seice\u00e1il anseo \u00e9! \u2705 100 % Live \u2705\" \/>\n<meta name=\"robots\" content=\"index, follow, max-snippet:-1, max-image-preview:large, max-video-preview:-1\" \/>\n<link rel=\"canonical\" href=\"https:\/\/flight-tracker24.co.uk\/ga\/rianaithe-plana\/\" \/>\n<meta property=\"og:locale\" content=\"ga_IE\" \/>\n<meta property=\"og:type\" content=\"article\" \/>\n<meta property=\"og:title\" content=\"Rianaithe Pl\u00e1na | Faigh gach eitle\u00e1n at\u00e1 \u00e1 lorg agat [LIVE]\" \/>\n<meta property=\"og:description\" content=\"Rianaithe Pl\u00e1na In Aisce \u2705 Sol\u00e1thra\u00edonn s\u00e9 an fhaisn\u00e9is is t\u00e1bhachta\u00ed duit \u2705 Maidir leis an Aer\u00e1rthach a theasta\u00edonn \u2705 Seice\u00e1il anseo \u00e9! \u2705 100 % Live \u2705\" \/>\n<meta property=\"og:url\" content=\"https:\/\/flight-tracker24.co.uk\/ga\/rianaithe-plana\/\" \/>\n<meta property=\"og:site_name\" content=\"Flight-Tracker24\" \/>\n<meta property=\"article:modified_time\" content=\"2022-01-20T08:09:02+00:00\" \/>\n<meta property=\"og:image\" content=\"https:\/\/flight-tracker24.co.uk\/wp-content\/uploads\/2017\/08\/radio-telescope-1031303_640-300x200.jpg\" \/>\n<meta name=\"twitter:card\" content=\"summary_large_image\" \/>\n<meta name=\"twitter:label1\" content=\"Est. reading time\" \/>\n\t<meta name=\"twitter:data1\" content=\"7 minutes\" \/>\n<script type=\"application\/ld+json\" class=\"yoast-schema-graph\">{\"@context\":\"https:\/\/schema.org\",\"@graph\":[{\"@type\":\"WebPage\",\"@id\":\"https:\/\/flight-tracker24.co.uk\/ga\/rianaithe-plana\/\",\"url\":\"https:\/\/flight-tracker24.co.uk\/ga\/rianaithe-plana\/\",\"name\":\"Rianaithe Pl\u00e1na | Faigh gach eitle\u00e1n at\u00e1 \u00e1 lorg agat [LIVE]\",\"isPartOf\":{\"@id\":\"https:\/\/flight-tracker24.co.uk\/ga\/#website\"},\"primaryImageOfPage\":{\"@id\":\"https:\/\/flight-tracker24.co.uk\/ga\/rianaithe-plana\/#primaryimage\"},\"image\":{\"@id\":\"https:\/\/flight-tracker24.co.uk\/ga\/rianaithe-plana\/#primaryimage\"},\"thumbnailUrl\":\"https:\/\/flight-tracker24.co.uk\/wp-content\/uploads\/2017\/08\/radio-telescope-1031303_640-300x200.jpg\",\"datePublished\":\"2022-01-07T16:29:39+00:00\",\"dateModified\":\"2022-01-20T08:09:02+00:00\",\"description\":\"Rianaithe Pl\u00e1na In Aisce \u2705 Sol\u00e1thra\u00edonn s\u00e9 an fhaisn\u00e9is is t\u00e1bhachta\u00ed duit \u2705 Maidir leis an Aer\u00e1rthach a theasta\u00edonn \u2705 Seice\u00e1il anseo \u00e9! \u2705 100 % Live \u2705\",\"breadcrumb\":{\"@id\":\"https:\/\/flight-tracker24.co.uk\/ga\/rianaithe-plana\/#breadcrumb\"},\"inLanguage\":\"ga-IE\",\"potentialAction\":[{\"@type\":\"ReadAction\",\"target\":[\"https:\/\/flight-tracker24.co.uk\/ga\/rianaithe-plana\/\"]}]},{\"@type\":\"ImageObject\",\"inLanguage\":\"ga-IE\",\"@id\":\"https:\/\/flight-tracker24.co.uk\/ga\/rianaithe-plana\/#primaryimage\",\"url\":\"https:\/\/flight-tracker24.co.uk\/wp-content\/uploads\/2017\/08\/radio-telescope-1031303_640-300x200.jpg\",\"contentUrl\":\"https:\/\/flight-tracker24.co.uk\/wp-content\/uploads\/2017\/08\/radio-telescope-1031303_640-300x200.jpg\"},{\"@type\":\"BreadcrumbList\",\"@id\":\"https:\/\/flight-tracker24.co.uk\/ga\/rianaithe-plana\/#breadcrumb\",\"itemListElement\":[{\"@type\":\"ListItem\",\"position\":1,\"name\":\"Home\",\"item\":\"https:\/\/flight-tracker24.co.uk\/ga\/\"},{\"@type\":\"ListItem\",\"position\":2,\"name\":\"Rianaithe Pl\u00e1na\"}]},{\"@type\":\"WebSite\",\"@id\":\"https:\/\/flight-tracker24.co.uk\/ga\/#website\",\"url\":\"https:\/\/flight-tracker24.co.uk\/ga\/\",\"name\":\"Flight-Tracker24\",\"description\":\"Fight-Tracker24 Is Your Online Solution for Tracking Airplanes\",\"publisher\":{\"@id\":\"https:\/\/flight-tracker24.co.uk\/ga\/#organization\"},\"potentialAction\":[{\"@type\":\"SearchAction\",\"target\":{\"@type\":\"EntryPoint\",\"urlTemplate\":\"https:\/\/flight-tracker24.co.uk\/ga\/?s={search_term_string}\"},\"query-input\":{\"@type\":\"PropertyValueSpecification\",\"valueRequired\":true,\"valueName\":\"search_term_string\"}}],\"inLanguage\":\"ga-IE\"},{\"@type\":\"Organization\",\"@id\":\"https:\/\/flight-tracker24.co.uk\/ga\/#organization\",\"name\":\"Flight-Tracker24\",\"url\":\"https:\/\/flight-tracker24.co.uk\/ga\/\",\"logo\":{\"@type\":\"ImageObject\",\"inLanguage\":\"ga-IE\",\"@id\":\"https:\/\/flight-tracker24.co.uk\/ga\/#\/schema\/logo\/image\/\",\"url\":\"https:\/\/flight-tracker24.co.uk\/wp-content\/uploads\/2018\/06\/Flugradar-Logo-footer240.png\",\"contentUrl\":\"https:\/\/flight-tracker24.co.uk\/wp-content\/uploads\/2018\/06\/Flugradar-Logo-footer240.png\",\"width\":\"240\",\"height\":\"47\",\"caption\":\"Flight-Tracker24\"},\"image\":{\"@id\":\"https:\/\/flight-tracker24.co.uk\/ga\/#\/schema\/logo\/image\/\"}}]}<\/script>\n<!-- \/ Yoast SEO plugin. -->","yoast_head_json":{"title":"Rianaithe Pl\u00e1na | Faigh gach eitle\u00e1n at\u00e1 \u00e1 lorg agat [LIVE]","description":"Rianaithe Pl\u00e1na In Aisce \u2705 Sol\u00e1thra\u00edonn s\u00e9 an fhaisn\u00e9is is t\u00e1bhachta\u00ed duit \u2705 Maidir leis an Aer\u00e1rthach a theasta\u00edonn \u2705 Seice\u00e1il anseo \u00e9! \u2705 100 % Live \u2705","robots":{"index":"index","follow":"follow","max-snippet":"max-snippet:-1","max-image-preview":"max-image-preview:large","max-video-preview":"max-video-preview:-1"},"canonical":"https:\/\/flight-tracker24.co.uk\/ga\/rianaithe-plana\/","og_locale":"ga_IE","og_type":"article","og_title":"Rianaithe Pl\u00e1na | Faigh gach eitle\u00e1n at\u00e1 \u00e1 lorg agat [LIVE]","og_description":"Rianaithe Pl\u00e1na In Aisce \u2705 Sol\u00e1thra\u00edonn s\u00e9 an fhaisn\u00e9is is t\u00e1bhachta\u00ed duit \u2705 Maidir leis an Aer\u00e1rthach a theasta\u00edonn \u2705 Seice\u00e1il anseo \u00e9! \u2705 100 % Live \u2705","og_url":"https:\/\/flight-tracker24.co.uk\/ga\/rianaithe-plana\/","og_site_name":"Flight-Tracker24","article_modified_time":"2022-01-20T08:09:02+00:00","og_image":[{"url":"https:\/\/flight-tracker24.co.uk\/wp-content\/uploads\/2017\/08\/radio-telescope-1031303_640-300x200.jpg","type":"","width":"","height":""}],"twitter_card":"summary_large_image","twitter_misc":{"Est. reading time":"7 minutes"},"schema":{"@context":"https:\/\/schema.org","@graph":[{"@type":"WebPage","@id":"https:\/\/flight-tracker24.co.uk\/ga\/rianaithe-plana\/","url":"https:\/\/flight-tracker24.co.uk\/ga\/rianaithe-plana\/","name":"Rianaithe Pl\u00e1na | Faigh gach eitle\u00e1n at\u00e1 \u00e1 lorg agat [LIVE]","isPartOf":{"@id":"https:\/\/flight-tracker24.co.uk\/ga\/#website"},"primaryImageOfPage":{"@id":"https:\/\/flight-tracker24.co.uk\/ga\/rianaithe-plana\/#primaryimage"},"image":{"@id":"https:\/\/flight-tracker24.co.uk\/ga\/rianaithe-plana\/#primaryimage"},"thumbnailUrl":"https:\/\/flight-tracker24.co.uk\/wp-content\/uploads\/2017\/08\/radio-telescope-1031303_640-300x200.jpg","datePublished":"2022-01-07T16:29:39+00:00","dateModified":"2022-01-20T08:09:02+00:00","description":"Rianaithe Pl\u00e1na In Aisce \u2705 Sol\u00e1thra\u00edonn s\u00e9 an fhaisn\u00e9is is t\u00e1bhachta\u00ed duit \u2705 Maidir leis an Aer\u00e1rthach a theasta\u00edonn \u2705 Seice\u00e1il anseo \u00e9! \u2705 100 % Live \u2705","breadcrumb":{"@id":"https:\/\/flight-tracker24.co.uk\/ga\/rianaithe-plana\/#breadcrumb"},"inLanguage":"ga-IE","potentialAction":[{"@type":"ReadAction","target":["https:\/\/flight-tracker24.co.uk\/ga\/rianaithe-plana\/"]}]},{"@type":"ImageObject","inLanguage":"ga-IE","@id":"https:\/\/flight-tracker24.co.uk\/ga\/rianaithe-plana\/#primaryimage","url":"https:\/\/flight-tracker24.co.uk\/wp-content\/uploads\/2017\/08\/radio-telescope-1031303_640-300x200.jpg","contentUrl":"https:\/\/flight-tracker24.co.uk\/wp-content\/uploads\/2017\/08\/radio-telescope-1031303_640-300x200.jpg"},{"@type":"BreadcrumbList","@id":"https:\/\/flight-tracker24.co.uk\/ga\/rianaithe-plana\/#breadcrumb","itemListElement":[{"@type":"ListItem","position":1,"name":"Home","item":"https:\/\/flight-tracker24.co.uk\/ga\/"},{"@type":"ListItem","position":2,"name":"Rianaithe Pl\u00e1na"}]},{"@type":"WebSite","@id":"https:\/\/flight-tracker24.co.uk\/ga\/#website","url":"https:\/\/flight-tracker24.co.uk\/ga\/","name":"Flight-Tracker24","description":"Fight-Tracker24 Is Your Online Solution for Tracking Airplanes","publisher":{"@id":"https:\/\/flight-tracker24.co.uk\/ga\/#organization"},"potentialAction":[{"@type":"SearchAction","target":{"@type":"EntryPoint","urlTemplate":"https:\/\/flight-tracker24.co.uk\/ga\/?s={search_term_string}"},"query-input":{"@type":"PropertyValueSpecification","valueRequired":true,"valueName":"search_term_string"}}],"inLanguage":"ga-IE"},{"@type":"Organization","@id":"https:\/\/flight-tracker24.co.uk\/ga\/#organization","name":"Flight-Tracker24","url":"https:\/\/flight-tracker24.co.uk\/ga\/","logo":{"@type":"ImageObject","inLanguage":"ga-IE","@id":"https:\/\/flight-tracker24.co.uk\/ga\/#\/schema\/logo\/image\/","url":"https:\/\/flight-tracker24.co.uk\/wp-content\/uploads\/2018\/06\/Flugradar-Logo-footer240.png","contentUrl":"https:\/\/flight-tracker24.co.uk\/wp-content\/uploads\/2018\/06\/Flugradar-Logo-footer240.png","width":"240","height":"47","caption":"Flight-Tracker24"},"image":{"@id":"https:\/\/flight-tracker24.co.uk\/ga\/#\/schema\/logo\/image\/"}}]}},"_links":{"self":[{"href":"https:\/\/flight-tracker24.co.uk\/ga\/wp-json\/wp\/v2\/pages\/742","targetHints":{"allow":["GET"]}}],"collection":[{"href":"https:\/\/flight-tracker24.co.uk\/ga\/wp-json\/wp\/v2\/pages"}],"about":[{"href":"https:\/\/flight-tracker24.co.uk\/ga\/wp-json\/wp\/v2\/types\/page"}],"author":[{"embeddable":true,"href":"https:\/\/flight-tracker24.co.uk\/ga\/wp-json\/wp\/v2\/users\/1"}],"replies":[{"embeddable":true,"href":"https:\/\/flight-tracker24.co.uk\/ga\/wp-json\/wp\/v2\/comments?post=742"}],"version-history":[{"count":0,"href":"https:\/\/flight-tracker24.co.uk\/ga\/wp-json\/wp\/v2\/pages\/742\/revisions"}],"wp:attachment":[{"href":"https:\/\/flight-tracker24.co.uk\/ga\/wp-json\/wp\/v2\/media?parent=742"}],"curies":[{"name":"wp","href":"https:\/\/api.w.org\/{rel}","templated":true}]}}