{"id":741,"date":"2022-01-07T16:21:42","date_gmt":"2022-01-07T16:21:42","guid":{"rendered":"https:\/\/flight-tracker24.co.uk\/fogra-dlithiuil\/"},"modified":"2022-01-07T16:21:42","modified_gmt":"2022-01-07T16:21:42","slug":"fogra-dlithiuil","status":"publish","type":"page","link":"https:\/\/flight-tracker24.co.uk\/ga\/fogra-dlithiuil\/","title":{"rendered":"F\u00f3gra Dl\u00edthi\u00fail"},"content":{"rendered":"<h2><strong>Contact:<\/strong><\/h2>\n<p>Martin Mrosek<\/p>\n<p>Bruktererhang 19<\/p>\n<p>45277 Essen<\/p>\n<p>Germany<\/p>\n<p>contact: info@flight-tracker24.co.uk<\/p>\n<p>&nbsp;<\/p>\n<p>&nbsp;<\/p>\n<h2>S\u00e9anadh do <span class=\"placeholder\" title=\"\" data-toggle=\"tooltip\" data-placement=\"top\" data-original-title=\"Please fill Name of Company\"><span class=\"ng-binding\">Flight-Tracker24.co.uk<\/span><\/span><\/h2>\n<p>M\u00e1 theasta\u00edonn tuilleadh faisn\u00e9ise uait n\u00f3 m\u00e1 t\u00e1 aon cheist agat faoi sh\u00e9anadh \u00e1r l\u00e1ithre\u00e1in, b\u00edodh drogall ort teagmh\u00e1il a dh\u00e9anamh linn tr\u00ed r-phost ag<span class=\"placeholder\" title=\"\" data-toggle=\"tooltip\" data-placement=\"top\" data-original-title=\"Please fill Email Address\"><span class=\"ng-binding\">info [at] flight-tracker24.co.uk<\/span><\/span>.<\/p>\n<p>Foils\u00edtear an fhaisn\u00e9is uile ar an su\u00edomh Gr\u00e9as\u00e1in seo de mheon mac\u00e1nta agus chun cr\u00edche faisn\u00e9ise ginear\u00e1lta amh\u00e1in. <span class=\"placeholder\" title=\"\" data-toggle=\"tooltip\" data-placement=\"top\" data-original-title=\"Please fill Company's Website\"><span class=\"ng-binding\">Flight-Tracker24.co.uk<\/span><\/span> n\u00ed thugann s\u00e9 aon bhar\u00e1ntas faoi ioml\u00e1ine, iontaofacht agus cruinneas na faisn\u00e9ise seo. Aon ghn\u00edomh a ghlacann t\u00fa ar an bhfaisn\u00e9is a fhaigheann t\u00fa ar an su\u00edomh Gr\u00e9as\u00e1in seo (<span class=\"placeholder\" title=\"\" data-toggle=\"tooltip\" data-placement=\"top\" data-original-title=\"Please fill Company's Website\"><span class=\"ng-binding\">Flight-Tracker24.co.uk<\/span><\/span>), ar do phriacal f\u00e9in go docht. Flight-Tracker<span class=\"placeholder\" title=\"\" data-toggle=\"tooltip\" data-placement=\"top\" data-original-title=\"Please fill Company's Website\"><span class=\"ng-binding\">24.co.uk<\/span><\/span> n\u00ed bheidh siad faoi dhliteanas as aon chaillteanais agus \/ n\u00f3 dam\u00e1ist\u00ed i nd\u00e1il le h\u00fas\u00e1id \u00e1r su\u00edomh Gr\u00e9as\u00e1in.<\/p>\n<p>\u00d3n\u00e1r su\u00edomh Gr\u00e9as\u00e1in, is f\u00e9idir leat cuairt a thabhairt ar l\u00e1ithre\u00e1in ghr\u00e9as\u00e1in eile tr\u00ed hipearnasc a lean\u00faint chuig l\u00e1ithre\u00e1in sheachtracha den s\u00f3rt sin. C\u00e9 go nd\u00e9anaimid \u00e1r nd\u00edcheall ach naisc ch\u00e1il\u00edochta a shol\u00e1thar chuig l\u00e1ithre\u00e1in ghr\u00e9as\u00e1in \u00fas\u00e1ideacha agus eitici\u00fala, n\u00edl aon smacht againn ar \u00e1bhar agus n\u00e1d\u00far na su\u00edomhanna seo. N\u00ed hionann na naisc seo agus l\u00e1ithre\u00e1in ghr\u00e9as\u00e1in eile agus moladh maidir leis an \u00e1bhar go l\u00e9ir a fhaightear ar na su\u00edomhanna seo. D\u2019fh\u00e9adfadh \u00fain\u00e9ir\u00ed l\u00e1ithre\u00e1in agus \u00e1bhar athr\u00fa gan f\u00f3gra agus d\u2019fh\u00e9adfadh tarl\u00fa sula mbeidh an deis againn nasc a bhaint a d\u2019fh\u00e9adfadh a bheith imithe \u2018go dona\u2019.<\/p>\n<p>Tabhair faoi deara freisin go bhf\u00e9adfadh beartais agus t\u00e9arma\u00ed pr\u00edobh\u00e1ideachta \u00e9ags\u00fala a bheith lasmuigh d\u00e1r smacht nuair a fh\u00e1gann t\u00fa \u00e1r su\u00edomh Gr\u00e9as\u00e1in. B\u00ed cinnte le do thoil Polasaithe Pr\u00edobh\u00e1ideachta na su\u00edomhanna seo a sheice\u00e1il chomh maith lena \u201cdT\u00e9arma\u00ed Seirbh\u00edse\u201d sula dt\u00e9ann t\u00fa i mbun aon ghn\u00f3 n\u00f3 sula nd\u00e9anann t\u00fa aon fhaisn\u00e9is a uasl\u00f3d\u00e1il.<\/p>\n<p><strong>Toili\u00fa<\/strong><br \/>\nTr\u00ed \u00fas\u00e1id a bhaint as \u00e1r su\u00edomh Gr\u00e9as\u00e1in, toil\u00edonn t\u00fa leis seo \u00e1r s\u00e9anadh agus aonta\u00edonn t\u00fa lena th\u00e9arma\u00ed.<\/p>\n<p><strong>Nuashonr\u00fa<\/strong><\/p>\n<p>M\u00e1 dh\u00e9anaimid an t-athr\u00fa ar an doicim\u00e9ad seo a nuashonr\u00fa, a leas\u00fa n\u00f3 a dh\u00e9anamh, cuirfear na hathruithe sin sa phost go feice\u00e1lach anseo.<\/p>\n<p>&nbsp;<\/p>\n","protected":false},"excerpt":{"rendered":"<p>Contact: Martin Mrosek Bruktererhang 19 45277 Essen Germany contact: info@flight-tracker24.co.uk &nbsp; &nbsp; S\u00e9anadh do Flight-Tracker24.co.uk M\u00e1 theasta\u00edonn tuilleadh faisn\u00e9ise uait n\u00f3 m\u00e1 t\u00e1 aon cheist agat faoi sh\u00e9anadh \u00e1r l\u00e1ithre\u00e1in, b\u00edodh drogall ort teagmh\u00e1il a dh\u00e9anamh linn tr\u00ed r-phost aginfo [at] flight-tracker24.co.uk. Foils\u00edtear an fhaisn\u00e9is uile ar an su\u00edomh Gr\u00e9as\u00e1in seo de mheon mac\u00e1nta agus &#8230; <\/p>\n<p class=\"read-more-container\"><a title=\"F\u00f3gra Dl\u00edthi\u00fail\" class=\"read-more button\" href=\"https:\/\/flight-tracker24.co.uk\/ga\/fogra-dlithiuil\/#more-741\" aria-label=\"More on F\u00f3gra Dl\u00edthi\u00fail\">Read more<\/a><\/p>\n","protected":false},"author":1,"featured_media":0,"parent":0,"menu_order":0,"comment_status":"closed","ping_status":"closed","template":"","meta":{"footnotes":""},"class_list":["post-741","page","type-page","status-publish"],"yoast_head":"<!-- This site is optimized with the Yoast SEO plugin v26.1.1 - https:\/\/yoast.com\/wordpress\/plugins\/seo\/ -->\n<title>F\u00f3gra Dl\u00edthi\u00fail - Flight-Tracker24<\/title>\n<meta name=\"robots\" content=\"index, follow, max-snippet:-1, max-image-preview:large, max-video-preview:-1\" \/>\n<link rel=\"canonical\" href=\"https:\/\/flight-tracker24.co.uk\/ga\/fogra-dlithiuil\/\" \/>\n<meta property=\"og:locale\" content=\"ga_IE\" \/>\n<meta property=\"og:type\" content=\"article\" \/>\n<meta property=\"og:title\" content=\"F\u00f3gra Dl\u00edthi\u00fail - Flight-Tracker24\" \/>\n<meta property=\"og:description\" content=\"Contact: Martin Mrosek Bruktererhang 19 45277 Essen Germany contact: info@flight-tracker24.co.uk &nbsp; &nbsp; S\u00e9anadh do Flight-Tracker24.co.uk M\u00e1 theasta\u00edonn tuilleadh faisn\u00e9ise uait n\u00f3 m\u00e1 t\u00e1 aon cheist agat faoi sh\u00e9anadh \u00e1r l\u00e1ithre\u00e1in, b\u00edodh drogall ort teagmh\u00e1il a dh\u00e9anamh linn tr\u00ed r-phost aginfo [at] flight-tracker24.co.uk. Foils\u00edtear an fhaisn\u00e9is uile ar an su\u00edomh Gr\u00e9as\u00e1in seo de mheon mac\u00e1nta agus ... Read more\" \/>\n<meta property=\"og:url\" content=\"https:\/\/flight-tracker24.co.uk\/ga\/fogra-dlithiuil\/\" \/>\n<meta property=\"og:site_name\" content=\"Flight-Tracker24\" \/>\n<meta name=\"twitter:card\" content=\"summary_large_image\" \/>\n<meta name=\"twitter:label1\" content=\"Est. reading time\" \/>\n\t<meta name=\"twitter:data1\" content=\"2 minutes\" \/>\n<script type=\"application\/ld+json\" class=\"yoast-schema-graph\">{\"@context\":\"https:\/\/schema.org\",\"@graph\":[{\"@type\":\"WebPage\",\"@id\":\"https:\/\/flight-tracker24.co.uk\/ga\/fogra-dlithiuil\/\",\"url\":\"https:\/\/flight-tracker24.co.uk\/ga\/fogra-dlithiuil\/\",\"name\":\"F\u00f3gra Dl\u00edthi\u00fail - Flight-Tracker24\",\"isPartOf\":{\"@id\":\"https:\/\/flight-tracker24.co.uk\/ga\/#website\"},\"datePublished\":\"2022-01-07T16:21:42+00:00\",\"breadcrumb\":{\"@id\":\"https:\/\/flight-tracker24.co.uk\/ga\/fogra-dlithiuil\/#breadcrumb\"},\"inLanguage\":\"ga-IE\",\"potentialAction\":[{\"@type\":\"ReadAction\",\"target\":[\"https:\/\/flight-tracker24.co.uk\/ga\/fogra-dlithiuil\/\"]}]},{\"@type\":\"BreadcrumbList\",\"@id\":\"https:\/\/flight-tracker24.co.uk\/ga\/fogra-dlithiuil\/#breadcrumb\",\"itemListElement\":[{\"@type\":\"ListItem\",\"position\":1,\"name\":\"Home\",\"item\":\"https:\/\/flight-tracker24.co.uk\/ga\/\"},{\"@type\":\"ListItem\",\"position\":2,\"name\":\"F\u00f3gra Dl\u00edthi\u00fail\"}]},{\"@type\":\"WebSite\",\"@id\":\"https:\/\/flight-tracker24.co.uk\/ga\/#website\",\"url\":\"https:\/\/flight-tracker24.co.uk\/ga\/\",\"name\":\"Flight-Tracker24\",\"description\":\"Fight-Tracker24 Is Your Online Solution for Tracking Airplanes\",\"publisher\":{\"@id\":\"https:\/\/flight-tracker24.co.uk\/ga\/#organization\"},\"potentialAction\":[{\"@type\":\"SearchAction\",\"target\":{\"@type\":\"EntryPoint\",\"urlTemplate\":\"https:\/\/flight-tracker24.co.uk\/ga\/?s={search_term_string}\"},\"query-input\":{\"@type\":\"PropertyValueSpecification\",\"valueRequired\":true,\"valueName\":\"search_term_string\"}}],\"inLanguage\":\"ga-IE\"},{\"@type\":\"Organization\",\"@id\":\"https:\/\/flight-tracker24.co.uk\/ga\/#organization\",\"name\":\"Flight-Tracker24\",\"url\":\"https:\/\/flight-tracker24.co.uk\/ga\/\",\"logo\":{\"@type\":\"ImageObject\",\"inLanguage\":\"ga-IE\",\"@id\":\"https:\/\/flight-tracker24.co.uk\/ga\/#\/schema\/logo\/image\/\",\"url\":\"https:\/\/flight-tracker24.co.uk\/wp-content\/uploads\/2018\/06\/Flugradar-Logo-footer240.png\",\"contentUrl\":\"https:\/\/flight-tracker24.co.uk\/wp-content\/uploads\/2018\/06\/Flugradar-Logo-footer240.png\",\"width\":\"240\",\"height\":\"47\",\"caption\":\"Flight-Tracker24\"},\"image\":{\"@id\":\"https:\/\/flight-tracker24.co.uk\/ga\/#\/schema\/logo\/image\/\"}}]}<\/script>\n<!-- \/ Yoast SEO plugin. -->","yoast_head_json":{"title":"F\u00f3gra Dl\u00edthi\u00fail - Flight-Tracker24","robots":{"index":"index","follow":"follow","max-snippet":"max-snippet:-1","max-image-preview":"max-image-preview:large","max-video-preview":"max-video-preview:-1"},"canonical":"https:\/\/flight-tracker24.co.uk\/ga\/fogra-dlithiuil\/","og_locale":"ga_IE","og_type":"article","og_title":"F\u00f3gra Dl\u00edthi\u00fail - Flight-Tracker24","og_description":"Contact: Martin Mrosek Bruktererhang 19 45277 Essen Germany contact: info@flight-tracker24.co.uk &nbsp; &nbsp; S\u00e9anadh do Flight-Tracker24.co.uk M\u00e1 theasta\u00edonn tuilleadh faisn\u00e9ise uait n\u00f3 m\u00e1 t\u00e1 aon cheist agat faoi sh\u00e9anadh \u00e1r l\u00e1ithre\u00e1in, b\u00edodh drogall ort teagmh\u00e1il a dh\u00e9anamh linn tr\u00ed r-phost aginfo [at] flight-tracker24.co.uk. Foils\u00edtear an fhaisn\u00e9is uile ar an su\u00edomh Gr\u00e9as\u00e1in seo de mheon mac\u00e1nta agus ... Read more","og_url":"https:\/\/flight-tracker24.co.uk\/ga\/fogra-dlithiuil\/","og_site_name":"Flight-Tracker24","twitter_card":"summary_large_image","twitter_misc":{"Est. reading time":"2 minutes"},"schema":{"@context":"https:\/\/schema.org","@graph":[{"@type":"WebPage","@id":"https:\/\/flight-tracker24.co.uk\/ga\/fogra-dlithiuil\/","url":"https:\/\/flight-tracker24.co.uk\/ga\/fogra-dlithiuil\/","name":"F\u00f3gra Dl\u00edthi\u00fail - Flight-Tracker24","isPartOf":{"@id":"https:\/\/flight-tracker24.co.uk\/ga\/#website"},"datePublished":"2022-01-07T16:21:42+00:00","breadcrumb":{"@id":"https:\/\/flight-tracker24.co.uk\/ga\/fogra-dlithiuil\/#breadcrumb"},"inLanguage":"ga-IE","potentialAction":[{"@type":"ReadAction","target":["https:\/\/flight-tracker24.co.uk\/ga\/fogra-dlithiuil\/"]}]},{"@type":"BreadcrumbList","@id":"https:\/\/flight-tracker24.co.uk\/ga\/fogra-dlithiuil\/#breadcrumb","itemListElement":[{"@type":"ListItem","position":1,"name":"Home","item":"https:\/\/flight-tracker24.co.uk\/ga\/"},{"@type":"ListItem","position":2,"name":"F\u00f3gra Dl\u00edthi\u00fail"}]},{"@type":"WebSite","@id":"https:\/\/flight-tracker24.co.uk\/ga\/#website","url":"https:\/\/flight-tracker24.co.uk\/ga\/","name":"Flight-Tracker24","description":"Fight-Tracker24 Is Your Online Solution for Tracking Airplanes","publisher":{"@id":"https:\/\/flight-tracker24.co.uk\/ga\/#organization"},"potentialAction":[{"@type":"SearchAction","target":{"@type":"EntryPoint","urlTemplate":"https:\/\/flight-tracker24.co.uk\/ga\/?s={search_term_string}"},"query-input":{"@type":"PropertyValueSpecification","valueRequired":true,"valueName":"search_term_string"}}],"inLanguage":"ga-IE"},{"@type":"Organization","@id":"https:\/\/flight-tracker24.co.uk\/ga\/#organization","name":"Flight-Tracker24","url":"https:\/\/flight-tracker24.co.uk\/ga\/","logo":{"@type":"ImageObject","inLanguage":"ga-IE","@id":"https:\/\/flight-tracker24.co.uk\/ga\/#\/schema\/logo\/image\/","url":"https:\/\/flight-tracker24.co.uk\/wp-content\/uploads\/2018\/06\/Flugradar-Logo-footer240.png","contentUrl":"https:\/\/flight-tracker24.co.uk\/wp-content\/uploads\/2018\/06\/Flugradar-Logo-footer240.png","width":"240","height":"47","caption":"Flight-Tracker24"},"image":{"@id":"https:\/\/flight-tracker24.co.uk\/ga\/#\/schema\/logo\/image\/"}}]}},"_links":{"self":[{"href":"https:\/\/flight-tracker24.co.uk\/ga\/wp-json\/wp\/v2\/pages\/741","targetHints":{"allow":["GET"]}}],"collection":[{"href":"https:\/\/flight-tracker24.co.uk\/ga\/wp-json\/wp\/v2\/pages"}],"about":[{"href":"https:\/\/flight-tracker24.co.uk\/ga\/wp-json\/wp\/v2\/types\/page"}],"author":[{"embeddable":true,"href":"https:\/\/flight-tracker24.co.uk\/ga\/wp-json\/wp\/v2\/users\/1"}],"replies":[{"embeddable":true,"href":"https:\/\/flight-tracker24.co.uk\/ga\/wp-json\/wp\/v2\/comments?post=741"}],"version-history":[{"count":0,"href":"https:\/\/flight-tracker24.co.uk\/ga\/wp-json\/wp\/v2\/pages\/741\/revisions"}],"wp:attachment":[{"href":"https:\/\/flight-tracker24.co.uk\/ga\/wp-json\/wp\/v2\/media?parent=741"}],"curies":[{"name":"wp","href":"https:\/\/api.w.org\/{rel}","templated":true}]}}