{"id":715,"date":"2022-01-07T11:20:15","date_gmt":"2022-01-07T11:20:15","guid":{"rendered":"https:\/\/flight-tracker24.co.uk\/juridisk-meddelelse\/"},"modified":"2022-01-07T11:20:24","modified_gmt":"2022-01-07T11:20:24","slug":"juridisk-meddelelse","status":"publish","type":"page","link":"https:\/\/flight-tracker24.co.uk\/da\/juridisk-meddelelse\/","title":{"rendered":"Juridisk meddelelse"},"content":{"rendered":"<h2><strong>Contact:<\/strong><\/h2>\n<p>Martin Mrosek<\/p>\n<p>Bruktererhang 19<\/p>\n<p>45277 Essen<\/p>\n<p>Germany<\/p>\n<p>contact: info@flight-tracker24.co.uk<\/p>\n<p>&nbsp;<\/p>\n<p>&nbsp;<\/p>\n<h2>Ansvarsfraskrivelse for <span class=\"placeholder\" title=\"\" data-toggle=\"tooltip\" data-placement=\"top\" data-original-title=\"Please fill Name of Company\"><span class=\"ng-binding\">Flight-Tracker24.co.uk<\/span><\/span><\/h2>\n<p>Hvis du har brug for yderligere information eller har sp\u00f8rgsm\u00e5l om vores sides ansvarsfraskrivelse, er du velkommen til at kontakte os via e-mail p\u00e5 <span class=\"placeholder\" title=\"\" data-toggle=\"tooltip\" data-placement=\"top\" data-original-title=\"Please fill Email Address\"><span class=\"ng-binding\">info [at] flight-tracker24.co.uk<\/span><\/span>.<\/p>\n<p>Al information p\u00e5 denne hjemmeside offentligg\u00f8res i god tro og kun til generel informationsform\u00e5l. <span class=\"placeholder\" title=\"\" data-toggle=\"tooltip\" data-placement=\"top\" data-original-title=\"Please fill Company's Website\"><span class=\"ng-binding\">Flight-Tracker24.co.uk<\/span><\/span> giver ingen garantier for fuldst\u00e6ndigheden, p\u00e5lideligheden og n\u00f8jagtigheden af disse oplysninger. Enhver handling, du foretager dig i forhold til de oplysninger, du finder p\u00e5 denne hjemmeside (<span class=\"placeholder\" title=\"\" data-toggle=\"tooltip\" data-placement=\"top\" data-original-title=\"Please fill Company's Website\"><span class=\"ng-binding\">Flight-Tracker24.co.uk<\/span><\/span>), er udelukkende p\u00e5 eget ansvar. Flight-Tracker<span class=\"placeholder\" title=\"\" data-toggle=\"tooltip\" data-placement=\"top\" data-original-title=\"Please fill Company's Website\"><span class=\"ng-binding\">24.co.uk<\/span><\/span> vil ikke v\u00e6re ansvarlig for eventuelle tab og\/eller skader i forbindelse med brugen af vores hjemmeside.<\/p>\n<p>Fra vores websted kan du bes\u00f8ge andre websteder ved at f\u00f8lge hyperlinks til s\u00e5danne eksterne websteder. Selvom vi str\u00e6ber efter kun at levere kvalitetslinks til nyttige og etiske websteder, har vi ingen kontrol over indholdet og arten af disse websteder. Disse links til andre websteder indeb\u00e6rer ikke en anbefaling for alt indhold, der findes p\u00e5 disse websteder. Webstedsejere og indhold kan \u00e6ndre sig uden varsel og kan forekomme, f\u00f8r vi har mulighed for at fjerne et link, som muligvis er blevet &#8220;d\u00e5rligt&#8221;.<\/p>\n<p>V\u00e6r ogs\u00e5 opm\u00e6rksom p\u00e5, at n\u00e5r du forlader vores websted, kan andre websteder have andre privatlivspolitikker og vilk\u00e5r, som er uden for vores kontrol. S\u00f8rg for at tjekke fortrolighedspolitikkerne for disse websteder samt deres &#8220;Servicevilk\u00e5r&#8221;, f\u00f8r du engagerer dig i en virksomhed eller uploader nogen information.<\/p>\n<p><strong>Samtykke<\/strong><br \/>\nVed at bruge vores hjemmeside, accepterer du hermed vores ansvarsfraskrivelse og accepterer dens vilk\u00e5r.<\/p>\n<p><strong>Opdatering<\/strong><\/p>\n<p>Skulle vi opdatere, \u00e6ndre eller foretage \u00e6ndringer i dette dokument, vil disse \u00e6ndringer blive offentliggjort her.<\/p>\n<p>&nbsp;<\/p>\n","protected":false},"excerpt":{"rendered":"<p>Contact: Martin Mrosek Bruktererhang 19 45277 Essen Germany contact: info@flight-tracker24.co.uk &nbsp; &nbsp; Ansvarsfraskrivelse for Flight-Tracker24.co.uk Hvis du har brug for yderligere information eller har sp\u00f8rgsm\u00e5l om vores sides ansvarsfraskrivelse, er du velkommen til at kontakte os via e-mail p\u00e5 info [at] flight-tracker24.co.uk. Al information p\u00e5 denne hjemmeside offentligg\u00f8res i god tro og kun til generel &#8230; <\/p>\n<p class=\"read-more-container\"><a title=\"Juridisk meddelelse\" class=\"read-more button\" href=\"https:\/\/flight-tracker24.co.uk\/da\/juridisk-meddelelse\/#more-715\" aria-label=\"More on Juridisk meddelelse\">Read more<\/a><\/p>\n","protected":false},"author":1,"featured_media":0,"parent":0,"menu_order":0,"comment_status":"closed","ping_status":"closed","template":"","meta":{"footnotes":""},"class_list":["post-715","page","type-page","status-publish"],"yoast_head":"<!-- This site is optimized with the Yoast SEO plugin v26.1.1 - https:\/\/yoast.com\/wordpress\/plugins\/seo\/ -->\n<title>Juridisk meddelelse - Flight-Tracker24<\/title>\n<meta name=\"robots\" content=\"index, follow, max-snippet:-1, max-image-preview:large, max-video-preview:-1\" \/>\n<link rel=\"canonical\" href=\"https:\/\/flight-tracker24.co.uk\/da\/juridisk-meddelelse\/\" \/>\n<meta property=\"og:locale\" content=\"da_DK\" \/>\n<meta property=\"og:type\" content=\"article\" \/>\n<meta property=\"og:title\" content=\"Juridisk meddelelse - Flight-Tracker24\" \/>\n<meta property=\"og:description\" content=\"Contact: Martin Mrosek Bruktererhang 19 45277 Essen Germany contact: info@flight-tracker24.co.uk &nbsp; &nbsp; Ansvarsfraskrivelse for Flight-Tracker24.co.uk Hvis du har brug for yderligere information eller har sp\u00f8rgsm\u00e5l om vores sides ansvarsfraskrivelse, er du velkommen til at kontakte os via e-mail p\u00e5 info [at] flight-tracker24.co.uk. Al information p\u00e5 denne hjemmeside offentligg\u00f8res i god tro og kun til generel ... Read more\" \/>\n<meta property=\"og:url\" content=\"https:\/\/flight-tracker24.co.uk\/da\/juridisk-meddelelse\/\" \/>\n<meta property=\"og:site_name\" content=\"Flight-Tracker24\" \/>\n<meta property=\"article:modified_time\" content=\"2022-01-07T11:20:24+00:00\" \/>\n<meta name=\"twitter:card\" content=\"summary_large_image\" \/>\n<meta name=\"twitter:label1\" content=\"Estimeret l\u00e6setid\" \/>\n\t<meta name=\"twitter:data1\" content=\"2 minutter\" \/>\n<script type=\"application\/ld+json\" class=\"yoast-schema-graph\">{\"@context\":\"https:\/\/schema.org\",\"@graph\":[{\"@type\":\"WebPage\",\"@id\":\"https:\/\/flight-tracker24.co.uk\/da\/juridisk-meddelelse\/\",\"url\":\"https:\/\/flight-tracker24.co.uk\/da\/juridisk-meddelelse\/\",\"name\":\"Juridisk meddelelse - Flight-Tracker24\",\"isPartOf\":{\"@id\":\"https:\/\/flight-tracker24.co.uk\/da\/#website\"},\"datePublished\":\"2022-01-07T11:20:15+00:00\",\"dateModified\":\"2022-01-07T11:20:24+00:00\",\"breadcrumb\":{\"@id\":\"https:\/\/flight-tracker24.co.uk\/da\/juridisk-meddelelse\/#breadcrumb\"},\"inLanguage\":\"da-DK\",\"potentialAction\":[{\"@type\":\"ReadAction\",\"target\":[\"https:\/\/flight-tracker24.co.uk\/da\/juridisk-meddelelse\/\"]}]},{\"@type\":\"BreadcrumbList\",\"@id\":\"https:\/\/flight-tracker24.co.uk\/da\/juridisk-meddelelse\/#breadcrumb\",\"itemListElement\":[{\"@type\":\"ListItem\",\"position\":1,\"name\":\"Home\",\"item\":\"https:\/\/flight-tracker24.co.uk\/da\/\"},{\"@type\":\"ListItem\",\"position\":2,\"name\":\"Juridisk meddelelse\"}]},{\"@type\":\"WebSite\",\"@id\":\"https:\/\/flight-tracker24.co.uk\/da\/#website\",\"url\":\"https:\/\/flight-tracker24.co.uk\/da\/\",\"name\":\"Flight-Tracker24\",\"description\":\"Fight-Tracker24 Is Your Online Solution for Tracking Airplanes\",\"publisher\":{\"@id\":\"https:\/\/flight-tracker24.co.uk\/da\/#organization\"},\"potentialAction\":[{\"@type\":\"SearchAction\",\"target\":{\"@type\":\"EntryPoint\",\"urlTemplate\":\"https:\/\/flight-tracker24.co.uk\/da\/?s={search_term_string}\"},\"query-input\":{\"@type\":\"PropertyValueSpecification\",\"valueRequired\":true,\"valueName\":\"search_term_string\"}}],\"inLanguage\":\"da-DK\"},{\"@type\":\"Organization\",\"@id\":\"https:\/\/flight-tracker24.co.uk\/da\/#organization\",\"name\":\"Flight-Tracker24\",\"url\":\"https:\/\/flight-tracker24.co.uk\/da\/\",\"logo\":{\"@type\":\"ImageObject\",\"inLanguage\":\"da-DK\",\"@id\":\"https:\/\/flight-tracker24.co.uk\/da\/#\/schema\/logo\/image\/\",\"url\":\"https:\/\/flight-tracker24.co.uk\/wp-content\/uploads\/2018\/06\/Flugradar-Logo-footer240.png\",\"contentUrl\":\"https:\/\/flight-tracker24.co.uk\/wp-content\/uploads\/2018\/06\/Flugradar-Logo-footer240.png\",\"width\":\"240\",\"height\":\"47\",\"caption\":\"Flight-Tracker24\"},\"image\":{\"@id\":\"https:\/\/flight-tracker24.co.uk\/da\/#\/schema\/logo\/image\/\"}}]}<\/script>\n<!-- \/ Yoast SEO plugin. -->","yoast_head_json":{"title":"Juridisk meddelelse - Flight-Tracker24","robots":{"index":"index","follow":"follow","max-snippet":"max-snippet:-1","max-image-preview":"max-image-preview:large","max-video-preview":"max-video-preview:-1"},"canonical":"https:\/\/flight-tracker24.co.uk\/da\/juridisk-meddelelse\/","og_locale":"da_DK","og_type":"article","og_title":"Juridisk meddelelse - Flight-Tracker24","og_description":"Contact: Martin Mrosek Bruktererhang 19 45277 Essen Germany contact: info@flight-tracker24.co.uk &nbsp; &nbsp; Ansvarsfraskrivelse for Flight-Tracker24.co.uk Hvis du har brug for yderligere information eller har sp\u00f8rgsm\u00e5l om vores sides ansvarsfraskrivelse, er du velkommen til at kontakte os via e-mail p\u00e5 info [at] flight-tracker24.co.uk. Al information p\u00e5 denne hjemmeside offentligg\u00f8res i god tro og kun til generel ... Read more","og_url":"https:\/\/flight-tracker24.co.uk\/da\/juridisk-meddelelse\/","og_site_name":"Flight-Tracker24","article_modified_time":"2022-01-07T11:20:24+00:00","twitter_card":"summary_large_image","twitter_misc":{"Estimeret l\u00e6setid":"2 minutter"},"schema":{"@context":"https:\/\/schema.org","@graph":[{"@type":"WebPage","@id":"https:\/\/flight-tracker24.co.uk\/da\/juridisk-meddelelse\/","url":"https:\/\/flight-tracker24.co.uk\/da\/juridisk-meddelelse\/","name":"Juridisk meddelelse - Flight-Tracker24","isPartOf":{"@id":"https:\/\/flight-tracker24.co.uk\/da\/#website"},"datePublished":"2022-01-07T11:20:15+00:00","dateModified":"2022-01-07T11:20:24+00:00","breadcrumb":{"@id":"https:\/\/flight-tracker24.co.uk\/da\/juridisk-meddelelse\/#breadcrumb"},"inLanguage":"da-DK","potentialAction":[{"@type":"ReadAction","target":["https:\/\/flight-tracker24.co.uk\/da\/juridisk-meddelelse\/"]}]},{"@type":"BreadcrumbList","@id":"https:\/\/flight-tracker24.co.uk\/da\/juridisk-meddelelse\/#breadcrumb","itemListElement":[{"@type":"ListItem","position":1,"name":"Home","item":"https:\/\/flight-tracker24.co.uk\/da\/"},{"@type":"ListItem","position":2,"name":"Juridisk meddelelse"}]},{"@type":"WebSite","@id":"https:\/\/flight-tracker24.co.uk\/da\/#website","url":"https:\/\/flight-tracker24.co.uk\/da\/","name":"Flight-Tracker24","description":"Fight-Tracker24 Is Your Online Solution for Tracking Airplanes","publisher":{"@id":"https:\/\/flight-tracker24.co.uk\/da\/#organization"},"potentialAction":[{"@type":"SearchAction","target":{"@type":"EntryPoint","urlTemplate":"https:\/\/flight-tracker24.co.uk\/da\/?s={search_term_string}"},"query-input":{"@type":"PropertyValueSpecification","valueRequired":true,"valueName":"search_term_string"}}],"inLanguage":"da-DK"},{"@type":"Organization","@id":"https:\/\/flight-tracker24.co.uk\/da\/#organization","name":"Flight-Tracker24","url":"https:\/\/flight-tracker24.co.uk\/da\/","logo":{"@type":"ImageObject","inLanguage":"da-DK","@id":"https:\/\/flight-tracker24.co.uk\/da\/#\/schema\/logo\/image\/","url":"https:\/\/flight-tracker24.co.uk\/wp-content\/uploads\/2018\/06\/Flugradar-Logo-footer240.png","contentUrl":"https:\/\/flight-tracker24.co.uk\/wp-content\/uploads\/2018\/06\/Flugradar-Logo-footer240.png","width":"240","height":"47","caption":"Flight-Tracker24"},"image":{"@id":"https:\/\/flight-tracker24.co.uk\/da\/#\/schema\/logo\/image\/"}}]}},"_links":{"self":[{"href":"https:\/\/flight-tracker24.co.uk\/da\/wp-json\/wp\/v2\/pages\/715","targetHints":{"allow":["GET"]}}],"collection":[{"href":"https:\/\/flight-tracker24.co.uk\/da\/wp-json\/wp\/v2\/pages"}],"about":[{"href":"https:\/\/flight-tracker24.co.uk\/da\/wp-json\/wp\/v2\/types\/page"}],"author":[{"embeddable":true,"href":"https:\/\/flight-tracker24.co.uk\/da\/wp-json\/wp\/v2\/users\/1"}],"replies":[{"embeddable":true,"href":"https:\/\/flight-tracker24.co.uk\/da\/wp-json\/wp\/v2\/comments?post=715"}],"version-history":[{"count":0,"href":"https:\/\/flight-tracker24.co.uk\/da\/wp-json\/wp\/v2\/pages\/715\/revisions"}],"wp:attachment":[{"href":"https:\/\/flight-tracker24.co.uk\/da\/wp-json\/wp\/v2\/media?parent=715"}],"curies":[{"name":"wp","href":"https:\/\/api.w.org\/{rel}","templated":true}]}}