{"id":701,"date":"2022-01-07T09:45:42","date_gmt":"2022-01-07T09:45:42","guid":{"rendered":"https:\/\/flight-tracker24.co.uk\/fly-tracker\/"},"modified":"2022-01-20T08:06:39","modified_gmt":"2022-01-20T08:06:39","slug":"fly-tracker","status":"publish","type":"page","link":"https:\/\/flight-tracker24.co.uk\/da\/fly-tracker\/","title":{"rendered":"Fly Tracker"},"content":{"rendered":"<h1 style=\"text-align: center;\"><strong>Fly Tracker<\/strong><\/h1>\n<p style=\"text-align: center;\"><span style=\"font-size: 12pt;\"><em><strong>Velkommen til flytrackeren! Klik venligst p\u00e5 linsen i radaren for at begynde at s\u00f8ge.<\/strong><\/em><\/span><\/p>\n<p>&nbsp;<\/p>\n<div style=\"width: 100%; height: 0px; margin-top: -80px; margin-right: 0px;\"><\/div>\n<p><script async=\"\" src=\"\/\/pagead2.googlesyndication.com\/pagead\/js\/adsbygoogle.js\"><\/script><br \/>\n<!-- FlightLinks --><br \/>\n<ins class=\"adsbygoogle\" style=\"display: block;\" data-ad-client=\"ca-pub-8699335927299131\" data-ad-slot=\"8291128921\" data-ad-format=\"link\"><\/ins><script>(adsbygoogle = window.adsbygoogle || []).push({});<\/script><\/p>\n<div style=\"width: 100%; height: 0px; margin-top: -15px; margin-right: 0px;\"><\/div>\n<p>&nbsp;<\/p>\n<figure class=\"full-width\">\n<div class=\"resp-container\"><iframe class=\"resp-iframe\" src=\"https:\/\/www.radarbox.com\/?widget=1&amp;z=5&amp;lat=46.7&amp;lng=7.6\" height=\"500\" frameborder=\"0\" allowfullscreen=\"allowfullscreen\"><\/iframe><\/div>\n<\/figure>\n<p><script async=\"\" src=\"\/\/pagead2.googlesyndication.com\/pagead\/js\/adsbygoogle.js\"><\/script><br \/>\n<!-- FlightDisplay --><br \/>\n<ins class=\"adsbygoogle\" style=\"display: block;\" data-ad-client=\"ca-pub-8699335927299131\" data-ad-slot=\"1073730211\" data-ad-format=\"auto\"><\/ins><br \/>\n<script>(adsbygoogle = window.adsbygoogle || []).push({});<\/script><\/p>\n<h2 style=\"text-align: center;\"><strong>Indtast flynummeret<\/strong><\/h2>\n<p style=\"text-align: center;\"><em><strong>Indtast et gyldigt flynummer i s\u00f8gefeltet<\/strong><\/em><\/p>\n<form class=\"gobing\" style=\"margin:auto;max-width:fit-content\">\n  <input type=\"text\" class=\"form-control\" id=\"search1\" placeholder=\"Indtast flynummer her\"><br \/>\n  <buttongob type=\"submit\" id=\"WFFRB\"><i class=\"fa fa-search\"><\/i>S\u00f8g efter fly<\/buttongob><br \/>\n<\/form>\n<p><script>\njQuery('#WFFRB').on('click', function () {\n    var searchInput = jQuery('#search1').val();\n    var url = \"https:\/\/flightradar.flights\/en\/flight-tracking\/\"\n    window.open(url);\n});\n<\/script><br \/>\n<script>\njQuery('#search1').keypress(\n  function(event){\n    if (event.which == '13') {\n      event.preventDefault();\n    }\n});\n<\/script><\/p>\n<p style=\"text-align: center;\"><em><strong>(Et nyt vindue\/fane \u00e5bnes)<\/strong><\/em><\/p>\n<p><span style=\"font-size: 12pt;\"><strong>Hurtig guide: Find et fly<\/strong><\/span><\/p>\n<ul>\n<li style=\"list-style-type: none;\">\n<ul>\n<li style=\"list-style-type: none;\">\n<ul>\n<li><span style=\"font-size: 12pt;\"><span style=\"color: #ff0000;\">1. mulighed<\/span>: Klik p\u00e5 forst\u00f8rrelsesglasset &gt; Indtast et gyldigt flynummer og v\u00e6lg det viste fly &gt; Nu sporer du flyvningen direkte<\/span><\/li>\n<li><span style=\"font-size: 12pt;\"><span style=\"color: #ff0000;\">2nd possibility: <\/span>Click on the magnifying glass -&gt; Enter a city with airport, e.g. London or Manchester and click the aiport from the list -&gt; The plane tracker will show you all flights related to the airport<\/span><\/li>\n<\/ul>\n<\/li>\n<\/ul>\n<p><script async=\"\" src=\"\/\/pagead2.googlesyndication.com\/pagead\/js\/adsbygoogle.js\"><\/script><br \/>\n<!-- FlightLinks --><br \/>\n<ins class=\"adsbygoogle\" style=\"display: block;\" data-ad-client=\"ca-pub-8699335927299131\" data-ad-slot=\"8291128921\" data-ad-format=\"link\"><\/ins><br \/>\n<script><br \/>\n(adsbygoogle = window.adsbygoogle || []).push({});<br \/>\n<\/script><\/li>\n<\/ul>\n<p style=\"text-align: center;\"><span style=\"font-size: 12pt;\"><strong>Video: Hurtig guide til flytrackeren<\/strong><\/span><\/p>\n<div class=\"resp-containeryt2\"><iframe loading=\"lazy\" src=\"https:\/\/www.youtube-nocookie.com\/embed\/3zvktnXMJpg\" width=\"560\" height=\"315\" frameborder=\"0\" allowfullscreen=\"allowfullscreen\"><\/iframe><\/div>\n<p style=\"text-align: center;\"><span style=\"font-size: 12pt;\"><strong>Naviger venligst til bunden af siden for at bed\u00f8mme vores service.<\/strong><\/span><\/p>\n<p>&nbsp;<\/p>\n<h2 style=\"text-align: center;\"><span style=\"font-size: 20pt;\"><strong><span style=\"color: #ff9900;\">Hvad er fly tracker?<\/span><\/strong><\/span><\/h2>\n<p style=\"text-align: center;\"><span style=\"font-size: 12pt;\"><strong>Plane tracker er en flysporingstjeneste i realtid, der kan vise oplysninger om fly over hele kloden.<\/strong> Den pr\u00e6senterer data s\u00e5som: <strong>hvor hurtigt et fly bev\u00e6ger sig, dets flynummer, h\u00f8jde og rejsem\u00e5l.<\/strong> Webbrowsere kan vurdere flysporingskortet og databasen, ogs\u00e5 flere varianter af tjenesten er tilg\u00e6ngelige som mobilapplikationer, herunder gratis, augmented reality-version og premium 3D. Fly tracker giver brugere, der er registreret, mulighed for at dele deres MLAT- og ADS-B-data gennem plane tracker ADS-B-klienten, der er tilg\u00e6ngelig til Linux, Windows og macOS. Fly tracker suPlane tracker underst\u00f8tter VFR-kort fra NATS; dette var den f\u00f8rste store flysporingsapp, der gengav funktionen.pports VFR charts from NATS; this was the first major flight tracking app to replay feature.<\/span><br \/>\n<span style=\"font-size: 12pt;\"><strong>Fly tracker giver flysporing i realtid til professionelle<\/strong>, hobbyister eller enhver, der ser op p\u00e5 et fly med indtrykket &#8220;Jeg spekulerer p\u00e5, hvor de mennesker skal hen.&#8221;<\/span><\/p>\n<p>&nbsp;<\/p>\n<h2 style=\"text-align: center;\"><img loading=\"lazy\" decoding=\"async\" class=\"wp-image-534 size-medium alignright\" style=\"font-size: 16px;\" src=\"https:\/\/flight-tracker24.co.uk\/wp-content\/uploads\/2017\/08\/radio-telescope-1031303_640-300x200.jpg\" alt=\"Flyfinder - Radarteleskop\" width=\"300\" height=\"200\" srcset=\"https:\/\/flight-tracker24.co.uk\/wp-content\/uploads\/2017\/08\/radio-telescope-1031303_640-300x200.jpg 300w, https:\/\/flight-tracker24.co.uk\/wp-content\/uploads\/2017\/08\/radio-telescope-1031303_640.jpg 640w\" sizes=\"auto, (max-width: 300px) 100vw, 300px\" \/><span style=\"font-size: 20pt;\"><strong><span style=\"color: #ff9900;\">Hvad kan du g\u00f8re med fly tracker?<\/span><\/strong><\/span><\/h2>\n<p style=\"text-align: center;\"><span style=\"font-size: 12pt;\"><strong>Med flytracker kan du f\u00e5 adgang til et verdenskort med over 12.000 fly, der bev\u00e6ger sig i realtid,<\/strong> komplet med en s\u00f8gefunktion, s\u00e5 du kan v\u00e6re i stand til at lokalisere, hvor den flyvning, du sporer, befinder sig i \u00f8jeblikket. Kortet kan ogs\u00e5 bruges til at finde ud af andre nyttige oplysninger s\u00e5som trafikpropper ved landingsbanen; dette giver dig mulighed for at vide, om passagerer vil v\u00e6re tilg\u00e6ngelige for afhentning eller ej.<\/span><br \/>\n<span style=\"font-size: 12pt;\">Med flytracker kan du tage et billede af himlen og se, hvilke flyvninger der er over dig gennem konceptet AR, <strong>dette kan hj\u00e6lpe, n\u00e5r du skal g\u00e6tte, hvor lang tid det vil tage dig at vente med at hente en passager efter ankomst.<\/strong><\/span><\/p>\n<p>&nbsp;<\/p>\n<h2 style=\"text-align: center;\"><span style=\"font-size: 20pt;\"><strong><span style=\"color: #ff9900;\">Hvordan fungerer flytracker ADS-B Tracking?<\/span><\/strong><\/span><\/h2>\n<p style=\"text-align: center;\"><span style=\"font-size: 12pt;\">Fly tracker har et <strong>globalt netv\u00e6rk af antenneradarer og datafeeds, der modtager dataudsendelse direkte fra fly<\/strong> til flysporing. <strong>Den prim\u00e6re teknologi der anvendes er MLAT og ADS-B, vi viser ogs\u00e5 feeds fra FLARM sv\u00e6vefly feed og FAA.<\/strong><\/span><br \/>\n<span style=\"font-size: 12pt;\">Vi er opm\u00e6rksomme p\u00e5, at vores hjemmeside og flysporingsapplikationer bruges af et stort antal mennesker, herunder luftfartsprofessionelle s\u00e5som jordbes\u00e6tning, piloter, luftfartsentusiaster, flyspottere, alle, der er nysgerrige efter fly overhead og dem, der \u00f8nsker at spore en ven.<\/span><br \/>\n<span style=\"font-size: 12pt;\">Flytrackeren er altid uf\u00f8lsom over for interferens. F\u00f8r opfindelsen af <a href=\"https:\/flightradar.flights\/\" target=\"_blank\" rel=\"noopener noreferrer\">flyradar<\/a> online, oplevede alle altid denne ubehagelige f\u00f8lelse og konstante bekymring, n\u00e5r deres venner eller familiemedlemmer er p\u00e5 et fly. Disse tider er forbi; i \u00f8jeblikket med live fly tracker, kan du g\u00e5 ombord og ledsage dine k\u00e6re, n\u00e5r du vil.<\/span><\/p>\n<p>&nbsp;<\/p>\n<h2 style=\"text-align: center;\"><span style=\"font-size: 20pt;\"><strong><span style=\"color: #ff9900;\">ADS-B flysporing<\/span><\/strong><\/span><\/h2>\n<p style=\"text-align: center;\"><span style=\"font-size: 12pt;\">ADS-B-data bruges i hele luftfartsindustrien for at \u00f8ge sikkerheden og \u00f8ge effektiviteten; det er en teknologi, der er gavnlig for passagerer, den globale \u00f8konomi og milj\u00f8et. De fleste kommercielle fly udsender deres position, kaldesignal, hastighed og meget mere.<\/span><br \/>\n<span style=\"font-size: 12pt;\">Vi har over 1000 modtagere og datafeeds over hele verden, der sender information til vores servere. Vores servere forbedrer ADS-B-dataene med ekstra information s\u00e5som afgangslufthavn, flyets reg\/halenummer, illustrationer, destination og fotos.<\/span><br \/>\n<span style=\"font-size: 12pt;\">ADS-B bruger flyelektronik i et fly til at kommunikere med GPS-satellitter i kredsl\u00f8b og transmittere data om: kaldesignal, kurs, h\u00f8jde, hastighed, position, squawk-nummer, terr\u00e6n, vejr, trafik og information. Fordelene ved denne flysporingsteknologi er sikkerhed og ledelse.<\/span><\/p>\n<p>&nbsp;<\/p>\n<h2 style=\"text-align: center;\"><span style=\"font-size: 20pt;\"><strong><span style=\"color: #ff9900;\"> Hvad er en radar?<\/span><\/strong><\/span><\/h2>\n<p style=\"text-align: center;\"><span style=\"font-size: 12pt;\">Radar er et akronym, der st\u00e5r for <em><strong>Radio detection and rangeing<\/strong>.<\/em> Det er et system, der normalt betjenes i mikrob\u00f8lgedelen af et radiofrekvensspektrum eller ultrah\u00f8jfrekvens; det bruges til at registrere objekters position og bev\u00e6gelser. Radarer er meget udbredt i flynavigation, marinenavigation og flyvekontrol. Nutidens fly er baseret p\u00e5 flyvekontrol, som ogs\u00e5 inkluderer flyveinformationsservice. <\/span><\/p>\n<p>&nbsp;<\/p>\n<h2 style=\"text-align: center;\"><span style=\"font-size: 20pt;\"><strong><span style=\"color: #ff9900;\">Hvordan virker radarer?<\/span><\/strong><\/span><\/h2>\n<p style=\"text-align: center;\"><span style=\"font-size: 12pt;\"><strong>Hver radarboksmodtager er designet til at dele flyinformation i realtid til AirNav-systemservere.<\/strong> Dataene kommer fra over tusindvis af modtagere fra hele verden, efter indsamlingen behandles de yderligere. Det er de data, der vil blive brugt i flere luftfartsl\u00f8sninger; den kan tilg\u00e5s via webbrowsere eller mobile l\u00f8sninger.<\/span><\/p>\n<p>&nbsp;<\/p>\n<h2 style=\"text-align: center;\"><span style=\"font-size: 20pt;\"><strong><span style=\"color: #ff9900;\">Hvad er s\u00e5 specielt ved online fly tracker?<\/span><\/strong><\/span><\/h2>\n<p style=\"text-align: center;\"><span style=\"font-size: 12pt;\">Mange mennesker har altid v\u00e6ret imponeret af fly. Sporing af et fly via en fly-tracker har mange fordele, denne service kan tilg\u00e5s hvor som helst. De eneste krav, der kr\u00e6ves for at f\u00e5 adgang til oplysningerne, er en internetforbindelse og en internetaktiveret enhed. Flytjekkeren, som vi har p\u00e5 vores side, er gratis, og med den kan du <strong>f\u00e5 adgang til data i realtid<\/strong>.<\/span><br \/>\n<span style=\"font-size: 12pt;\">Med flycheckeren p\u00e5 vores side er du altid online og live. Du f\u00e5r mulighed for at tr\u00e6ffe de rigtige valg, n\u00e5r det kommer til <a href=\"https:\/\/flight-tracker24.co.uk\/da\/fly-tracker\/\" target=\"_blank\" rel=\"noopener noreferrer\">flysporing<\/a>; du kan altid f\u00f8lge vores side p\u00e5 din desktop, tablet eller smartphone. Dette sparer plads og giver dig mulighed for at nyde udsigten.<\/span><\/p>\n<p>&nbsp;<\/p>\n<h2 style=\"text-align: center;\"><span style=\"font-size: 20pt;\"><strong><span style=\"color: #ff9900;\">Gratis live flysporing<\/span><\/strong><\/span><\/h2>\n<p style=\"text-align: center;\"><span style=\"font-size: 12pt;\"><strong>Flykontrol p\u00e5 flight tracker er helt gratis.<\/strong> Uanset hvor du befinder dig, kan du f\u00e5 adgang til praktisk information om hvert fly og bev\u00e6gelser. Du vil komme til at spare dine penge, fordi du med flyradar altid er <strong>fri og kan spore ethvert fly, n\u00e5r du vil.<\/strong> Hvis du har brug for flere funktioner, kan du bes\u00f8ge <a href=\"https:\/\/flugradar24.eu\/en\">flightradar24<\/a> for flere detaljer<\/span><\/p>\n<p>&nbsp;<\/p>\n","protected":false},"excerpt":{"rendered":"<p>Fly Tracker Velkommen til flytrackeren! Klik venligst p\u00e5 linsen i radaren for at begynde at s\u00f8ge. &nbsp; &nbsp; Indtast flynummeret Indtast et gyldigt flynummer i s\u00f8gefeltet S\u00f8g efter fly (Et nyt vindue\/fane \u00e5bnes) Hurtig guide: Find et fly 1. mulighed: Klik p\u00e5 forst\u00f8rrelsesglasset &gt; Indtast et gyldigt flynummer og v\u00e6lg det viste fly &gt; Nu &#8230; <\/p>\n<p class=\"read-more-container\"><a title=\"Fly Tracker\" class=\"read-more button\" href=\"https:\/\/flight-tracker24.co.uk\/da\/fly-tracker\/#more-701\" aria-label=\"More on Fly Tracker\">Read more<\/a><\/p>\n","protected":false},"author":1,"featured_media":0,"parent":0,"menu_order":0,"comment_status":"closed","ping_status":"closed","template":"","meta":{"footnotes":""},"class_list":["post-701","page","type-page","status-publish"],"yoast_head":"<!-- This site is optimized with the Yoast SEO plugin v26.1.1 - https:\/\/yoast.com\/wordpress\/plugins\/seo\/ -->\n<title>Fly Tracker | Find hvert fly, du leder efter [LIVE]<\/title>\n<meta name=\"description\" content=\"Free Fly Tracker \u2705 Provides you with the most important Information \u2705 About the wanted Aircraft \u2705 Check it here! \u2705 100 % Live \u2705\" \/>\n<meta name=\"robots\" content=\"index, follow, max-snippet:-1, max-image-preview:large, max-video-preview:-1\" \/>\n<link rel=\"canonical\" href=\"https:\/\/flight-tracker24.co.uk\/da\/fly-tracker\/\" \/>\n<meta property=\"og:locale\" content=\"da_DK\" \/>\n<meta property=\"og:type\" content=\"article\" \/>\n<meta property=\"og:title\" content=\"Fly Tracker | Find hvert fly, du leder efter [LIVE]\" \/>\n<meta property=\"og:description\" content=\"Free Fly Tracker \u2705 Provides you with the most important Information \u2705 About the wanted Aircraft \u2705 Check it here! \u2705 100 % Live \u2705\" \/>\n<meta property=\"og:url\" content=\"https:\/\/flight-tracker24.co.uk\/da\/fly-tracker\/\" \/>\n<meta property=\"og:site_name\" content=\"Flight-Tracker24\" \/>\n<meta property=\"article:modified_time\" content=\"2022-01-20T08:06:39+00:00\" \/>\n<meta property=\"og:image\" content=\"https:\/\/flight-tracker24.co.uk\/wp-content\/uploads\/2017\/08\/radio-telescope-1031303_640-300x200.jpg\" \/>\n<meta name=\"twitter:card\" content=\"summary_large_image\" \/>\n<meta name=\"twitter:label1\" content=\"Estimeret l\u00e6setid\" \/>\n\t<meta name=\"twitter:data1\" content=\"5 minutter\" \/>\n<script type=\"application\/ld+json\" class=\"yoast-schema-graph\">{\"@context\":\"https:\/\/schema.org\",\"@graph\":[{\"@type\":\"WebPage\",\"@id\":\"https:\/\/flight-tracker24.co.uk\/da\/fly-tracker\/\",\"url\":\"https:\/\/flight-tracker24.co.uk\/da\/fly-tracker\/\",\"name\":\"Fly Tracker | Find hvert fly, du leder efter [LIVE]\",\"isPartOf\":{\"@id\":\"https:\/\/flight-tracker24.co.uk\/da\/#website\"},\"primaryImageOfPage\":{\"@id\":\"https:\/\/flight-tracker24.co.uk\/da\/fly-tracker\/#primaryimage\"},\"image\":{\"@id\":\"https:\/\/flight-tracker24.co.uk\/da\/fly-tracker\/#primaryimage\"},\"thumbnailUrl\":\"https:\/\/flight-tracker24.co.uk\/wp-content\/uploads\/2017\/08\/radio-telescope-1031303_640-300x200.jpg\",\"datePublished\":\"2022-01-07T09:45:42+00:00\",\"dateModified\":\"2022-01-20T08:06:39+00:00\",\"description\":\"Free Fly Tracker \u2705 Provides you with the most important Information \u2705 About the wanted Aircraft \u2705 Check it here! \u2705 100 % Live \u2705\",\"breadcrumb\":{\"@id\":\"https:\/\/flight-tracker24.co.uk\/da\/fly-tracker\/#breadcrumb\"},\"inLanguage\":\"da-DK\",\"potentialAction\":[{\"@type\":\"ReadAction\",\"target\":[\"https:\/\/flight-tracker24.co.uk\/da\/fly-tracker\/\"]}]},{\"@type\":\"ImageObject\",\"inLanguage\":\"da-DK\",\"@id\":\"https:\/\/flight-tracker24.co.uk\/da\/fly-tracker\/#primaryimage\",\"url\":\"https:\/\/flight-tracker24.co.uk\/wp-content\/uploads\/2017\/08\/radio-telescope-1031303_640-300x200.jpg\",\"contentUrl\":\"https:\/\/flight-tracker24.co.uk\/wp-content\/uploads\/2017\/08\/radio-telescope-1031303_640-300x200.jpg\"},{\"@type\":\"BreadcrumbList\",\"@id\":\"https:\/\/flight-tracker24.co.uk\/da\/fly-tracker\/#breadcrumb\",\"itemListElement\":[{\"@type\":\"ListItem\",\"position\":1,\"name\":\"Home\",\"item\":\"https:\/\/flight-tracker24.co.uk\/da\/\"},{\"@type\":\"ListItem\",\"position\":2,\"name\":\"Fly Tracker\"}]},{\"@type\":\"WebSite\",\"@id\":\"https:\/\/flight-tracker24.co.uk\/da\/#website\",\"url\":\"https:\/\/flight-tracker24.co.uk\/da\/\",\"name\":\"Flight-Tracker24\",\"description\":\"Fight-Tracker24 Is Your Online Solution for Tracking Airplanes\",\"publisher\":{\"@id\":\"https:\/\/flight-tracker24.co.uk\/da\/#organization\"},\"potentialAction\":[{\"@type\":\"SearchAction\",\"target\":{\"@type\":\"EntryPoint\",\"urlTemplate\":\"https:\/\/flight-tracker24.co.uk\/da\/?s={search_term_string}\"},\"query-input\":{\"@type\":\"PropertyValueSpecification\",\"valueRequired\":true,\"valueName\":\"search_term_string\"}}],\"inLanguage\":\"da-DK\"},{\"@type\":\"Organization\",\"@id\":\"https:\/\/flight-tracker24.co.uk\/da\/#organization\",\"name\":\"Flight-Tracker24\",\"url\":\"https:\/\/flight-tracker24.co.uk\/da\/\",\"logo\":{\"@type\":\"ImageObject\",\"inLanguage\":\"da-DK\",\"@id\":\"https:\/\/flight-tracker24.co.uk\/da\/#\/schema\/logo\/image\/\",\"url\":\"https:\/\/flight-tracker24.co.uk\/wp-content\/uploads\/2018\/06\/Flugradar-Logo-footer240.png\",\"contentUrl\":\"https:\/\/flight-tracker24.co.uk\/wp-content\/uploads\/2018\/06\/Flugradar-Logo-footer240.png\",\"width\":\"240\",\"height\":\"47\",\"caption\":\"Flight-Tracker24\"},\"image\":{\"@id\":\"https:\/\/flight-tracker24.co.uk\/da\/#\/schema\/logo\/image\/\"}}]}<\/script>\n<!-- \/ Yoast SEO plugin. -->","yoast_head_json":{"title":"Fly Tracker | Find hvert fly, du leder efter [LIVE]","description":"Free Fly Tracker \u2705 Provides you with the most important Information \u2705 About the wanted Aircraft \u2705 Check it here! \u2705 100 % Live \u2705","robots":{"index":"index","follow":"follow","max-snippet":"max-snippet:-1","max-image-preview":"max-image-preview:large","max-video-preview":"max-video-preview:-1"},"canonical":"https:\/\/flight-tracker24.co.uk\/da\/fly-tracker\/","og_locale":"da_DK","og_type":"article","og_title":"Fly Tracker | Find hvert fly, du leder efter [LIVE]","og_description":"Free Fly Tracker \u2705 Provides you with the most important Information \u2705 About the wanted Aircraft \u2705 Check it here! \u2705 100 % Live \u2705","og_url":"https:\/\/flight-tracker24.co.uk\/da\/fly-tracker\/","og_site_name":"Flight-Tracker24","article_modified_time":"2022-01-20T08:06:39+00:00","og_image":[{"url":"https:\/\/flight-tracker24.co.uk\/wp-content\/uploads\/2017\/08\/radio-telescope-1031303_640-300x200.jpg","type":"","width":"","height":""}],"twitter_card":"summary_large_image","twitter_misc":{"Estimeret l\u00e6setid":"5 minutter"},"schema":{"@context":"https:\/\/schema.org","@graph":[{"@type":"WebPage","@id":"https:\/\/flight-tracker24.co.uk\/da\/fly-tracker\/","url":"https:\/\/flight-tracker24.co.uk\/da\/fly-tracker\/","name":"Fly Tracker | Find hvert fly, du leder efter [LIVE]","isPartOf":{"@id":"https:\/\/flight-tracker24.co.uk\/da\/#website"},"primaryImageOfPage":{"@id":"https:\/\/flight-tracker24.co.uk\/da\/fly-tracker\/#primaryimage"},"image":{"@id":"https:\/\/flight-tracker24.co.uk\/da\/fly-tracker\/#primaryimage"},"thumbnailUrl":"https:\/\/flight-tracker24.co.uk\/wp-content\/uploads\/2017\/08\/radio-telescope-1031303_640-300x200.jpg","datePublished":"2022-01-07T09:45:42+00:00","dateModified":"2022-01-20T08:06:39+00:00","description":"Free Fly Tracker \u2705 Provides you with the most important Information \u2705 About the wanted Aircraft \u2705 Check it here! \u2705 100 % Live \u2705","breadcrumb":{"@id":"https:\/\/flight-tracker24.co.uk\/da\/fly-tracker\/#breadcrumb"},"inLanguage":"da-DK","potentialAction":[{"@type":"ReadAction","target":["https:\/\/flight-tracker24.co.uk\/da\/fly-tracker\/"]}]},{"@type":"ImageObject","inLanguage":"da-DK","@id":"https:\/\/flight-tracker24.co.uk\/da\/fly-tracker\/#primaryimage","url":"https:\/\/flight-tracker24.co.uk\/wp-content\/uploads\/2017\/08\/radio-telescope-1031303_640-300x200.jpg","contentUrl":"https:\/\/flight-tracker24.co.uk\/wp-content\/uploads\/2017\/08\/radio-telescope-1031303_640-300x200.jpg"},{"@type":"BreadcrumbList","@id":"https:\/\/flight-tracker24.co.uk\/da\/fly-tracker\/#breadcrumb","itemListElement":[{"@type":"ListItem","position":1,"name":"Home","item":"https:\/\/flight-tracker24.co.uk\/da\/"},{"@type":"ListItem","position":2,"name":"Fly Tracker"}]},{"@type":"WebSite","@id":"https:\/\/flight-tracker24.co.uk\/da\/#website","url":"https:\/\/flight-tracker24.co.uk\/da\/","name":"Flight-Tracker24","description":"Fight-Tracker24 Is Your Online Solution for Tracking Airplanes","publisher":{"@id":"https:\/\/flight-tracker24.co.uk\/da\/#organization"},"potentialAction":[{"@type":"SearchAction","target":{"@type":"EntryPoint","urlTemplate":"https:\/\/flight-tracker24.co.uk\/da\/?s={search_term_string}"},"query-input":{"@type":"PropertyValueSpecification","valueRequired":true,"valueName":"search_term_string"}}],"inLanguage":"da-DK"},{"@type":"Organization","@id":"https:\/\/flight-tracker24.co.uk\/da\/#organization","name":"Flight-Tracker24","url":"https:\/\/flight-tracker24.co.uk\/da\/","logo":{"@type":"ImageObject","inLanguage":"da-DK","@id":"https:\/\/flight-tracker24.co.uk\/da\/#\/schema\/logo\/image\/","url":"https:\/\/flight-tracker24.co.uk\/wp-content\/uploads\/2018\/06\/Flugradar-Logo-footer240.png","contentUrl":"https:\/\/flight-tracker24.co.uk\/wp-content\/uploads\/2018\/06\/Flugradar-Logo-footer240.png","width":"240","height":"47","caption":"Flight-Tracker24"},"image":{"@id":"https:\/\/flight-tracker24.co.uk\/da\/#\/schema\/logo\/image\/"}}]}},"_links":{"self":[{"href":"https:\/\/flight-tracker24.co.uk\/da\/wp-json\/wp\/v2\/pages\/701","targetHints":{"allow":["GET"]}}],"collection":[{"href":"https:\/\/flight-tracker24.co.uk\/da\/wp-json\/wp\/v2\/pages"}],"about":[{"href":"https:\/\/flight-tracker24.co.uk\/da\/wp-json\/wp\/v2\/types\/page"}],"author":[{"embeddable":true,"href":"https:\/\/flight-tracker24.co.uk\/da\/wp-json\/wp\/v2\/users\/1"}],"replies":[{"embeddable":true,"href":"https:\/\/flight-tracker24.co.uk\/da\/wp-json\/wp\/v2\/comments?post=701"}],"version-history":[{"count":0,"href":"https:\/\/flight-tracker24.co.uk\/da\/wp-json\/wp\/v2\/pages\/701\/revisions"}],"wp:attachment":[{"href":"https:\/\/flight-tracker24.co.uk\/da\/wp-json\/wp\/v2\/media?parent=701"}],"curies":[{"name":"wp","href":"https:\/\/api.w.org\/{rel}","templated":true}]}}