{"id":699,"date":"2022-01-07T09:35:25","date_gmt":"2022-01-07T09:35:25","guid":{"rendered":"https:\/\/flight-tracker24.co.uk\/fly-radar\/"},"modified":"2022-01-20T08:06:15","modified_gmt":"2022-01-20T08:06:15","slug":"fly-radar","status":"publish","type":"page","link":"https:\/\/flight-tracker24.co.uk\/da\/fly-radar\/","title":{"rendered":"Fly radar"},"content":{"rendered":"<h1 style=\"text-align: center;\"><strong>Fly radar<\/strong><\/h1>\n<p style=\"text-align: center;\"><span style=\"font-size: 12pt;\"><em><strong>Velkommen til Live Fly Radar! Klik venligst p\u00e5 linsen i radaren for at begynde at s\u00f8ge.<\/strong><\/em><\/span><\/p>\n<p>&nbsp;<\/p>\n<div style=\"width: 100%; height: 0px; margin-top: -80px; margin-right: 0px;\"><\/div>\n<p><script async=\"\" src=\"https:\/\/pagead2.googlesyndication.com\/pagead\/js\/adsbygoogle.js?client=ca-pub-8699335927299131\" crossorigin=\"anonymous\"><\/script><br \/>\n<!-- FT24 Display --><br \/>\n<ins class=\"adsbygoogle\" style=\"display:block\" data-ad-client=\"ca-pub-8699335927299131\" data-ad-slot=\"8291128921\" data-ad-format=\"auto\" data-full-width-responsive=\"true\"><\/ins><br \/>\n<script>\n     (adsbygoogle = window.adsbygoogle || []).push({});\n<\/script><\/p>\n<div style=\"width: 100%; height: 0px; margin-top: -15px; margin-right: 0px;\"><\/div>\n<p>&nbsp;<\/p>\n<figure class=\"full-width\">\n<div class=\"resp-container\"><iframe class=\"resp-iframe\" src=\"https:\/\/www.radarbox24.com\/?widget=1&amp;z=5&amp;lat=46.7&amp;lng=7.6\" height=\"500\" frameborder=\"0\" allowfullscreen=\"allowfullscreen\"><\/iframe><\/div>\n<\/figure>\n<p><script async=\"\" src=\"\/\/pagead2.googlesyndication.com\/pagead\/js\/adsbygoogle.js\"><\/script><br \/>\n<!-- FlightDisplay --><br \/>\n<ins class=\"adsbygoogle\" style=\"display: block;\" data-ad-client=\"ca-pub-8699335927299131\" data-ad-slot=\"1073730211\" data-ad-format=\"auto\"><\/ins><br \/>\n<script>\n(adsbygoogle = window.adsbygoogle || []).push({});\n<\/script><\/p>\n<h2 style=\"text-align: center;\"><strong>Indtast flynummeret<\/strong><\/h2>\n<p style=\"text-align: center;\"><em><strong>Indtast et gyldigt flynummer i s\u00f8gefeltet<\/strong><\/em><\/p>\n<form class=\"gobing\" style=\"margin:auto;max-width:fit-content\">\n  <input type=\"text\" class=\"form-control\" id=\"search1\" placeholder=\"Indtast flynummer her\"><br \/>\n  <buttongob type=\"submit\" id=\"WFFRB\"><i class=\"fa fa-search\"><\/i>S\u00f8g efter fly<\/buttongob><br \/>\n<\/form>\n<p><script>\njQuery('#WFFRB').on('click', function () {\n    var searchInput = jQuery('#search1').val();\n    var url = \"https:\/\/flightradar.flights\/en\/flight-radar\/\"\n    window.open(url);\n});\n<\/script><br \/>\n<script>\njQuery('#search1').keypress(\n  function(event){\n    if (event.which == '13') {\n      event.preventDefault();\n    }\n});\n<\/script><\/p>\n<p style=\"text-align: center;\"><em><strong>(Et nyt vindue\/fane \u00e5bnes)<\/strong><\/em><\/p>\n<p><span style=\"font-size: 12pt;\"><strong>Hurtig guide: Flight Radar<\/strong><\/span><\/p>\n<ul>\n<li style=\"list-style-type: none;\">\n<ul>\n<li style=\"list-style-type: none;\">\n<ul>\n<li><span style=\"font-size: 12pt;\"><span style=\"color: #ff0000;\">1. mulighed:<\/span> Klik p\u00e5 forst\u00f8rrelsesglasset &gt; Indtast et gyldigt flynummer og v\u00e6lg det viste fly &gt; Nu sporer du flyvningen direkte<\/span><\/li>\n<li><span style=\"font-size: 12pt;\"><span style=\"color: #ff0000;\">2. Mulighed:<\/span> Klik p\u00e5 forst\u00f8rrelsesglasset &gt; Indtast en by med lufthavn, f.eks. London eller Manchester, og klik p\u00e5 lufthavnen fra listen &gt; Flyradaren vil vise dig alle flyvninger relateret til lufthavnen<\/span><\/li>\n<\/ul>\n<\/li>\n<\/ul>\n<p><script async=\"\" src=\"https:\/\/pagead2.googlesyndication.com\/pagead\/js\/adsbygoogle.js?client=ca-pub-8699335927299131\" crossorigin=\"anonymous\"><\/script><br \/>\n<!-- FT24 Display --><br \/>\n<ins class=\"adsbygoogle\" style=\"display:block\" data-ad-client=\"ca-pub-8699335927299131\" data-ad-slot=\"8291128921\" data-ad-format=\"auto\" data-full-width-responsive=\"true\"><\/ins><br \/>\n<script>\n     (adsbygoogle = window.adsbygoogle || []).push({});\n<\/script><\/li>\n<\/ul>\n<p style=\"text-align: center;\"><span style=\"font-size: 12pt;\"><strong>Video: Quick Guide til Flight Radar<\/strong><\/span><\/p>\n<div class=\"resp-containeryt2\"><iframe loading=\"lazy\" src=\"https:\/\/www.youtube-nocookie.com\/embed\/3zvktnXMJpg\" width=\"560\" height=\"315\" frameborder=\"0\" allowfullscreen=\"allowfullscreen\"><\/iframe><\/div>\n<p style=\"text-align: center;\"><span style=\"font-size: 12pt;\"><strong>Naviger venligst til bunden af siden for at bed\u00f8mme vores service.<\/strong><\/span><\/p>\n<p>&nbsp;<\/p>\n<h2 style=\"text-align: center;\"><span style=\"font-size: 12pt;\"><img loading=\"lazy\" decoding=\"async\" class=\"alignleft wp-image-544\" src=\"https:\/\/flight-tracker24.co.uk\/wp-content\/uploads\/2017\/08\/Flugradar-logo-300x248.jpg\" alt=\"Flight-Tracker24 Logo\" width=\"206\" height=\"170\" srcset=\"https:\/\/flight-tracker24.co.uk\/wp-content\/uploads\/2017\/08\/Flugradar-logo-300x248.jpg 300w, https:\/\/flight-tracker24.co.uk\/wp-content\/uploads\/2017\/08\/Flugradar-logo.jpg 500w\" sizes=\"auto, (max-width: 206px) 100vw, 206px\" \/><span style=\"font-size: 20pt;\"><strong><span style=\"color: #ff9900;\">Oversigt: <\/span><\/strong><\/span><\/span><\/h2>\n<p style=\"text-align: center;\"><span style=\"font-size: 12pt;\"><strong>Flyradar er den nemmeste m\u00e5de at spore flyvninger p\u00e5.<\/strong> Der er ingen grund til, at du skal holdes i m\u00f8rke om noget, fordi vi er i informationens tidsalder. <strong>Flyradar indeholder information om fly, start, landingstid, flyruter og alle andre detaljer vedr\u00f8rende flyvning.<\/strong> Du kan f\u00e5 adgang til al realtidsinformation om flysporing gennem flyradar; dette kan opn\u00e5s, hvis du har en internetforbindelse, en notebook eller smartphone, og du er indstillet til at spore flyvninger i realtid p\u00e5 radar.<br \/>\n<\/span><\/p>\n<p>&nbsp;<\/p>\n<h2 style=\"text-align: center;\"><span style=\"font-size: 20pt;\"><strong><span style=\"color: #ff9900;\">Hvad er en flyradar?<\/span><\/strong><\/span><\/h2>\n<p style=\"text-align: center;\"><span style=\"font-size: 12pt;\">Enkelt sagt, <strong>Flight-Tracker24.co.uk<\/strong> er en flytracker, der viser realtidsinformation om lufttrafik og flybev\u00e6gelser fra hele kloden p\u00e5 et kort. <strong>Radarer fanger alle data, der vedr\u00f8rer flyvning og flyvebev\u00e6gelser rundt om i verden.<\/strong> N\u00e5r de passerer gennem luften, rammer radarb\u00f8lgerne helikoptere, fly, droner og andre flyvende genstande, der er i deres vej og hopper tilbage. Det er afstanden mellem b\u00f8lgesenderen og st\u00f8det, der netop bruges til at lokalisere disse objekter. Det endelige resultat er flyradar &#8211; n\u00e5r informationen om placeringen af disse flyvninger placeres p\u00e5 et kort og digitaliseres.<\/span><\/p>\n<p style=\"text-align: center;\"><span style=\"font-size: 12pt;\">En enkelt radarb\u00f8lgesender er ikke i stand til at registrere enhver flyvning rundt om i verden; data fra radarmodtagere rundt om i verden kan dog kombineres for at f\u00e5 et komplet billede af alle flyvebev\u00e6gelser. Det er dette billede, der s\u00e5 formateres, s\u00e5 alle de fly, der lige nu er i luften, kan vises p\u00e5 kun \u00e9n sk\u00e6rm. Dette billede er uploadet for at skabe den flyradar, der pr\u00e6senteres p\u00e5 vores hjemmeside.<\/span><\/p>\n<p>&nbsp;<\/p>\n<h2 style=\"text-align: center;\" align=\"JUSTIFY\"><span style=\"font-size: 20pt;\"><strong><span style=\"color: #ff9900;\">Fordele ved flyradar<\/span><\/strong><\/span><\/h2>\n<p style=\"text-align: center;\" align=\"JUSTIFY\"><span style=\"font-size: 12pt;\"><strong>Med flyradar kan du nemt spore enhver flyvning i realtid.<\/strong> Flyradaren giver dig alle de n\u00f8dvendige detaljer, der er n\u00f8dvendige under filsporing. Du vil til enhver tid f\u00e5 at vide, hvad der i \u00f8jeblikket sker i luften, du kan ogs\u00e5 v\u00e6re i stand til at se, hvor mange kilometer et fly har tilbagelagt og <strong>den tid, det tager for at n\u00e5 frem til sin destination<\/strong>, hj\u00e6lper dette dig med at kunne vise hastigheden og flyveh\u00f8jden i radaren.<\/span><\/p>\n<p>&nbsp;<\/p>\n<h2 style=\"text-align: center;\"><span style=\"font-size: 20pt;\"><strong><span style=\"color: #ff9900;\">Hvor kommer radardataene fra? <\/span><\/strong><\/span><\/h2>\n<p style=\"text-align: left;\"><span style=\"font-size: 12pt;\">Der var en s\u00e6rlig periode, hvor flyradar kun kunne v\u00e6re tilg\u00e6ngelig for professionelle. Disse fagfolk var civile luftfartsarbejdere, som blev udstationeret til flytrafikken <\/span><img loading=\"lazy\" decoding=\"async\" class=\"alignright wp-image-549\" src=\"https:\/\/flight-tracker24.co.uk\/wp-content\/uploads\/2017\/08\/Flugradar-300x200.jpg\" alt=\"Flyradar vises\" width=\"250\" height=\"167\" srcset=\"https:\/\/flight-tracker24.co.uk\/wp-content\/uploads\/2017\/08\/Flugradar-300x200.jpg 300w, https:\/\/flight-tracker24.co.uk\/wp-content\/uploads\/2017\/08\/Flugradar.jpg 424w\" sizes=\"auto, (max-width: 250px) 100vw, 250px\" \/><span style=\"font-size: 12pt;\">kontrolcentre og lufthavnsflyt\u00e5rne, der s\u00f8rger for, at flytrafikken i deres omr\u00e5der k\u00f8rer korrekt. Radarsystemet blev ogs\u00e5 brugt af medlemmer af milit\u00e6ret, som var ansvarlige for at lede lufttrafikken.<\/span><span style=\"font-size: 12pt;\"><br \/>\n<strong>Efterh\u00e5nden som lufttransporten blev mere betydningsfuld blev radaren ogs\u00e5<\/strong>, fordi antallet af <strong>flyvninger, der skal overv\u00e5ges, konstant stiger, og derfor blev radarsystemer installeret mange steder i hele verden.<\/strong> Radarsystemerne kunne kun overv\u00e5ge en del af luftrummet, og det er mange flyvninger, som er internationale, det gav et behov for at netv\u00e6rke, koordinere og dele data. Derfor <strong>Air<\/strong> <\/span><strong><span style=\"font-size: 12pt;\">trafikledere stiller data til r\u00e5dighed.<\/span><\/strong><\/p>\n<p style=\"text-align: left;\"><span style=\"font-size: 12pt;\">I \u00e5renes l\u00f8b har der v\u00e6ret en fremkomst af internettet i hver husstand og lommer, brugere, der er tech-kyndige, er begyndt at g\u00f8re information\/data om flytrafik tilg\u00e6ngelig for offentligheden. Det er disse bestr\u00e6belser, der har frembragt en r\u00e6kke radarapplikationer. Disse applikationer g\u00f8r data tilg\u00e6ngelige, uanset hvor du er i verden, alt hvad du beh\u00f8ver er blot en internetforbindelse ved siden af en smartphone eller pc.<\/span><\/p>\n<p>&nbsp;<\/p>\n<h2 style=\"text-align: center;\"><span style=\"font-size: 20pt;\"><strong><span style=\"color: #ff9900;\">Hvad er flysporing nyttig til?<\/span><\/strong><\/span><\/h2>\n<p style=\"text-align: center;\"><span style=\"font-size: 12pt;\">I denne dag kan alle typer brugere drage fordel af muligheden for at udtr\u00e6kke en flyradar. Flyradarer har stor betydning for f\u00f8lgende:<\/span><\/p>\n<ul>\n<li><span style=\"font-size: 12pt;\"><strong>Alle, der overvejer at flytte eller flytte<\/strong> til en ny lejlighed: de kan tjekke, om de vil opleve problemer med flyst\u00f8j i deres nye kvarter<\/span><\/li>\n<li><span style=\"font-size: 12pt;\"><strong>Dronepiloter<\/strong>: de er ansvarlige for at sikre, at deres enheder ikke forstyrrer lufttrafikken gennem brug af flyruter<\/span><\/li>\n<li><span style=\"font-size: 12pt;\"><strong>Privatpersoner,<\/strong>der \u00f8nsker at tjekke deres p\u00e5r\u00f8rendes fly, kan f\u00e5 adgang til oplysninger om de specifikke fly<\/span><\/li>\n<li><span style=\"font-size: 12pt;\"><strong>Ferieg\u00e6ster<\/strong> kan tilslutte deres flynummer for en kontrol p\u00e5 deres flyrute<\/span><\/li>\n<li><span style=\"font-size: 12pt;\"><strong>Reguleringsorganer<\/strong> som civile og milit\u00e6re kan stadig bruge flyradar til at regulere lufttrafikken<\/span><\/li>\n<\/ul>\n<p style=\"text-align: center;\"><span style=\"font-size: 12pt;\">Punkterne ovenfor er blot nogle f\u00e5 eksempler p\u00e5 brugere af <a href=\"https:\/\/flight-tracker24.co.uk\/da\/fly-tracker\/\" target=\"_blank\" rel=\"noopener noreferrer\">flytrackere<\/a>.<\/span><\/p>\n<p>&nbsp;<\/p>\n<h2 style=\"text-align: center;\"><span style=\"font-size: 20pt;\"><strong><span style=\"color: #ff9900;\">Hvordan fungerer flyradar?<\/span><\/strong><\/span><\/h2>\n<p style=\"text-align: center;\"><span style=\"font-size: 12pt;\"><strong>For at kunne bruge flyradaren skal du bruge det kortudsnit, der er indbygget p\u00e5 vores side.<\/strong> Dette kort viser information om flyvning og deres bev\u00e6gelser omkring din umiddelbare n\u00e6rhed. Hvad du skal g\u00f8re er at klikke p\u00e5 et af de sm\u00e5 ikoner for at hente yderligere detaljer om en bestemt flyvning. <strong>Du vil f\u00e5 oplysninger om flytypen, afgangsbyen<\/strong>, destinationsbyen osv. ved hj\u00e6lp af <a href=\"https:\/\/flight-tracker24.co.uk\/plane-finder\/\" target=\"_blank\" rel=\"noopener noreferrer\">flyfinder<\/a> er utroligt nemt, du kan ogs\u00e5 se en farvet linje, som viser flyveprocessen p\u00e5 det animerede kort.<\/span><br \/>\n<span style=\"font-size: 12pt;\"><strong>Alternativt<\/strong>, for at en bruger skal s\u00f8ge information om en bestemt flyvning, er det eneste, en bruger skal g\u00f8re, at indtaste flynummeret i s\u00f8gefeltet og forts\u00e6tte ved at klikke p\u00e5 Enter. Kortafsnittet hopper til det omr\u00e5de, hvor flyet i \u00f8jeblikket befinder sig, og det viser ogs\u00e5 specifikke detaljer (afgangslufthavn, fremskridt, flytype, destinationslufthavn osv.) om flyvningen.<\/span><\/p>\n<p>&nbsp;<\/p>\n<h2 style=\"text-align: center;\"><span style=\"font-size: 20pt;\"><strong><span style=\"color: #ff9900;\">Gratis live flight radar<\/span><\/strong><\/span><\/h2>\n<p style=\"text-align: center;\"><span style=\"font-size: 12pt;\"><strong>Flight tracking p\u00e5 <a href=\"https:\/\/flight-tracker24.co.uk\/da\/\" target=\"_blank\" rel=\"noopener noreferrer\">flight tracker<\/a> er helt gratis.<\/strong> Uanset hvor du befinder dig, kan du f\u00e5 adgang til praktisk information om hver flyvning og bev\u00e6gelser. Du vil komme til at spare dine penge, fordi du med flyradar altid er fri og kan spore ethvert fly, n\u00e5r du vil.<\/span><\/p>\n<p style=\"text-align: center;\"><span style=\"font-size: 12pt;\">Du kan ogs\u00e5 bes\u00f8ge <a href=\"https:\/\/flugradar24.eu\">Flightradar24<\/a><\/span><\/p>\n<p>&nbsp;<\/p>\n","protected":false},"excerpt":{"rendered":"<p>Fly radar Velkommen til Live Fly Radar! Klik venligst p\u00e5 linsen i radaren for at begynde at s\u00f8ge. &nbsp; &nbsp; Indtast flynummeret Indtast et gyldigt flynummer i s\u00f8gefeltet S\u00f8g efter fly (Et nyt vindue\/fane \u00e5bnes) Hurtig guide: Flight Radar 1. mulighed: Klik p\u00e5 forst\u00f8rrelsesglasset &gt; Indtast et gyldigt flynummer og v\u00e6lg det viste fly &gt; &#8230; <\/p>\n<p class=\"read-more-container\"><a title=\"Fly radar\" class=\"read-more button\" href=\"https:\/\/flight-tracker24.co.uk\/da\/fly-radar\/#more-699\" aria-label=\"More on Fly radar\">Read more<\/a><\/p>\n","protected":false},"author":1,"featured_media":0,"parent":0,"menu_order":0,"comment_status":"closed","ping_status":"closed","template":"","meta":{"footnotes":""},"class_list":["post-699","page","type-page","status-publish"],"yoast_head":"<!-- This site is optimized with the Yoast SEO plugin v26.1.1 - https:\/\/yoast.com\/wordpress\/plugins\/seo\/ -->\n<title>FLYRADAR | 24\/7 Live Tracking Kort - [Free]<\/title>\n<meta name=\"description\" content=\"Live flyradar med kort \u2705 F\u00f8lg en flyvning med denne gratis globale flyradar \u2705 Tusindvis af brugere dagligt \u2705 Bare pr\u00f8v det selv \u2705\" \/>\n<meta name=\"robots\" content=\"index, follow, max-snippet:-1, max-image-preview:large, max-video-preview:-1\" \/>\n<link rel=\"canonical\" href=\"https:\/\/flight-tracker24.co.uk\/da\/fly-radar\/\" \/>\n<meta property=\"og:locale\" content=\"da_DK\" \/>\n<meta property=\"og:type\" content=\"article\" \/>\n<meta property=\"og:title\" content=\"FLYRADAR | 24\/7 Live Tracking Kort - [Free]\" \/>\n<meta property=\"og:description\" content=\"Live flyradar med kort \u2705 F\u00f8lg en flyvning med denne gratis globale flyradar \u2705 Tusindvis af brugere dagligt \u2705 Bare pr\u00f8v det selv \u2705\" \/>\n<meta property=\"og:url\" content=\"https:\/\/flight-tracker24.co.uk\/da\/fly-radar\/\" \/>\n<meta property=\"og:site_name\" content=\"Flight-Tracker24\" \/>\n<meta property=\"article:modified_time\" content=\"2022-01-20T08:06:15+00:00\" \/>\n<meta property=\"og:image\" content=\"https:\/\/flight-tracker24.co.uk\/wp-content\/uploads\/2017\/08\/Flugradar-logo-300x248.jpg\" \/>\n<meta name=\"twitter:card\" content=\"summary_large_image\" \/>\n<meta name=\"twitter:label1\" content=\"Estimeret l\u00e6setid\" \/>\n\t<meta name=\"twitter:data1\" content=\"5 minutter\" \/>\n<script type=\"application\/ld+json\" class=\"yoast-schema-graph\">{\"@context\":\"https:\/\/schema.org\",\"@graph\":[{\"@type\":\"WebPage\",\"@id\":\"https:\/\/flight-tracker24.co.uk\/da\/fly-radar\/\",\"url\":\"https:\/\/flight-tracker24.co.uk\/da\/fly-radar\/\",\"name\":\"FLYRADAR | 24\/7 Live Tracking Kort - [Free]\",\"isPartOf\":{\"@id\":\"https:\/\/flight-tracker24.co.uk\/da\/#website\"},\"primaryImageOfPage\":{\"@id\":\"https:\/\/flight-tracker24.co.uk\/da\/fly-radar\/#primaryimage\"},\"image\":{\"@id\":\"https:\/\/flight-tracker24.co.uk\/da\/fly-radar\/#primaryimage\"},\"thumbnailUrl\":\"https:\/\/flight-tracker24.co.uk\/wp-content\/uploads\/2017\/08\/Flugradar-logo-300x248.jpg\",\"datePublished\":\"2022-01-07T09:35:25+00:00\",\"dateModified\":\"2022-01-20T08:06:15+00:00\",\"description\":\"Live flyradar med kort \u2705 F\u00f8lg en flyvning med denne gratis globale flyradar \u2705 Tusindvis af brugere dagligt \u2705 Bare pr\u00f8v det selv \u2705\",\"breadcrumb\":{\"@id\":\"https:\/\/flight-tracker24.co.uk\/da\/fly-radar\/#breadcrumb\"},\"inLanguage\":\"da-DK\",\"potentialAction\":[{\"@type\":\"ReadAction\",\"target\":[\"https:\/\/flight-tracker24.co.uk\/da\/fly-radar\/\"]}]},{\"@type\":\"ImageObject\",\"inLanguage\":\"da-DK\",\"@id\":\"https:\/\/flight-tracker24.co.uk\/da\/fly-radar\/#primaryimage\",\"url\":\"https:\/\/flight-tracker24.co.uk\/wp-content\/uploads\/2017\/08\/Flugradar-logo-300x248.jpg\",\"contentUrl\":\"https:\/\/flight-tracker24.co.uk\/wp-content\/uploads\/2017\/08\/Flugradar-logo-300x248.jpg\"},{\"@type\":\"BreadcrumbList\",\"@id\":\"https:\/\/flight-tracker24.co.uk\/da\/fly-radar\/#breadcrumb\",\"itemListElement\":[{\"@type\":\"ListItem\",\"position\":1,\"name\":\"Home\",\"item\":\"https:\/\/flight-tracker24.co.uk\/da\/\"},{\"@type\":\"ListItem\",\"position\":2,\"name\":\"Fly radar\"}]},{\"@type\":\"WebSite\",\"@id\":\"https:\/\/flight-tracker24.co.uk\/da\/#website\",\"url\":\"https:\/\/flight-tracker24.co.uk\/da\/\",\"name\":\"Flight-Tracker24\",\"description\":\"Fight-Tracker24 Is Your Online Solution for Tracking Airplanes\",\"publisher\":{\"@id\":\"https:\/\/flight-tracker24.co.uk\/da\/#organization\"},\"potentialAction\":[{\"@type\":\"SearchAction\",\"target\":{\"@type\":\"EntryPoint\",\"urlTemplate\":\"https:\/\/flight-tracker24.co.uk\/da\/?s={search_term_string}\"},\"query-input\":{\"@type\":\"PropertyValueSpecification\",\"valueRequired\":true,\"valueName\":\"search_term_string\"}}],\"inLanguage\":\"da-DK\"},{\"@type\":\"Organization\",\"@id\":\"https:\/\/flight-tracker24.co.uk\/da\/#organization\",\"name\":\"Flight-Tracker24\",\"url\":\"https:\/\/flight-tracker24.co.uk\/da\/\",\"logo\":{\"@type\":\"ImageObject\",\"inLanguage\":\"da-DK\",\"@id\":\"https:\/\/flight-tracker24.co.uk\/da\/#\/schema\/logo\/image\/\",\"url\":\"https:\/\/flight-tracker24.co.uk\/wp-content\/uploads\/2018\/06\/Flugradar-Logo-footer240.png\",\"contentUrl\":\"https:\/\/flight-tracker24.co.uk\/wp-content\/uploads\/2018\/06\/Flugradar-Logo-footer240.png\",\"width\":\"240\",\"height\":\"47\",\"caption\":\"Flight-Tracker24\"},\"image\":{\"@id\":\"https:\/\/flight-tracker24.co.uk\/da\/#\/schema\/logo\/image\/\"}}]}<\/script>\n<!-- \/ Yoast SEO plugin. -->","yoast_head_json":{"title":"FLYRADAR | 24\/7 Live Tracking Kort - [Free]","description":"Live flyradar med kort \u2705 F\u00f8lg en flyvning med denne gratis globale flyradar \u2705 Tusindvis af brugere dagligt \u2705 Bare pr\u00f8v det selv \u2705","robots":{"index":"index","follow":"follow","max-snippet":"max-snippet:-1","max-image-preview":"max-image-preview:large","max-video-preview":"max-video-preview:-1"},"canonical":"https:\/\/flight-tracker24.co.uk\/da\/fly-radar\/","og_locale":"da_DK","og_type":"article","og_title":"FLYRADAR | 24\/7 Live Tracking Kort - [Free]","og_description":"Live flyradar med kort \u2705 F\u00f8lg en flyvning med denne gratis globale flyradar \u2705 Tusindvis af brugere dagligt \u2705 Bare pr\u00f8v det selv \u2705","og_url":"https:\/\/flight-tracker24.co.uk\/da\/fly-radar\/","og_site_name":"Flight-Tracker24","article_modified_time":"2022-01-20T08:06:15+00:00","og_image":[{"url":"https:\/\/flight-tracker24.co.uk\/wp-content\/uploads\/2017\/08\/Flugradar-logo-300x248.jpg","type":"","width":"","height":""}],"twitter_card":"summary_large_image","twitter_misc":{"Estimeret l\u00e6setid":"5 minutter"},"schema":{"@context":"https:\/\/schema.org","@graph":[{"@type":"WebPage","@id":"https:\/\/flight-tracker24.co.uk\/da\/fly-radar\/","url":"https:\/\/flight-tracker24.co.uk\/da\/fly-radar\/","name":"FLYRADAR | 24\/7 Live Tracking Kort - [Free]","isPartOf":{"@id":"https:\/\/flight-tracker24.co.uk\/da\/#website"},"primaryImageOfPage":{"@id":"https:\/\/flight-tracker24.co.uk\/da\/fly-radar\/#primaryimage"},"image":{"@id":"https:\/\/flight-tracker24.co.uk\/da\/fly-radar\/#primaryimage"},"thumbnailUrl":"https:\/\/flight-tracker24.co.uk\/wp-content\/uploads\/2017\/08\/Flugradar-logo-300x248.jpg","datePublished":"2022-01-07T09:35:25+00:00","dateModified":"2022-01-20T08:06:15+00:00","description":"Live flyradar med kort \u2705 F\u00f8lg en flyvning med denne gratis globale flyradar \u2705 Tusindvis af brugere dagligt \u2705 Bare pr\u00f8v det selv \u2705","breadcrumb":{"@id":"https:\/\/flight-tracker24.co.uk\/da\/fly-radar\/#breadcrumb"},"inLanguage":"da-DK","potentialAction":[{"@type":"ReadAction","target":["https:\/\/flight-tracker24.co.uk\/da\/fly-radar\/"]}]},{"@type":"ImageObject","inLanguage":"da-DK","@id":"https:\/\/flight-tracker24.co.uk\/da\/fly-radar\/#primaryimage","url":"https:\/\/flight-tracker24.co.uk\/wp-content\/uploads\/2017\/08\/Flugradar-logo-300x248.jpg","contentUrl":"https:\/\/flight-tracker24.co.uk\/wp-content\/uploads\/2017\/08\/Flugradar-logo-300x248.jpg"},{"@type":"BreadcrumbList","@id":"https:\/\/flight-tracker24.co.uk\/da\/fly-radar\/#breadcrumb","itemListElement":[{"@type":"ListItem","position":1,"name":"Home","item":"https:\/\/flight-tracker24.co.uk\/da\/"},{"@type":"ListItem","position":2,"name":"Fly radar"}]},{"@type":"WebSite","@id":"https:\/\/flight-tracker24.co.uk\/da\/#website","url":"https:\/\/flight-tracker24.co.uk\/da\/","name":"Flight-Tracker24","description":"Fight-Tracker24 Is Your Online Solution for Tracking Airplanes","publisher":{"@id":"https:\/\/flight-tracker24.co.uk\/da\/#organization"},"potentialAction":[{"@type":"SearchAction","target":{"@type":"EntryPoint","urlTemplate":"https:\/\/flight-tracker24.co.uk\/da\/?s={search_term_string}"},"query-input":{"@type":"PropertyValueSpecification","valueRequired":true,"valueName":"search_term_string"}}],"inLanguage":"da-DK"},{"@type":"Organization","@id":"https:\/\/flight-tracker24.co.uk\/da\/#organization","name":"Flight-Tracker24","url":"https:\/\/flight-tracker24.co.uk\/da\/","logo":{"@type":"ImageObject","inLanguage":"da-DK","@id":"https:\/\/flight-tracker24.co.uk\/da\/#\/schema\/logo\/image\/","url":"https:\/\/flight-tracker24.co.uk\/wp-content\/uploads\/2018\/06\/Flugradar-Logo-footer240.png","contentUrl":"https:\/\/flight-tracker24.co.uk\/wp-content\/uploads\/2018\/06\/Flugradar-Logo-footer240.png","width":"240","height":"47","caption":"Flight-Tracker24"},"image":{"@id":"https:\/\/flight-tracker24.co.uk\/da\/#\/schema\/logo\/image\/"}}]}},"_links":{"self":[{"href":"https:\/\/flight-tracker24.co.uk\/da\/wp-json\/wp\/v2\/pages\/699","targetHints":{"allow":["GET"]}}],"collection":[{"href":"https:\/\/flight-tracker24.co.uk\/da\/wp-json\/wp\/v2\/pages"}],"about":[{"href":"https:\/\/flight-tracker24.co.uk\/da\/wp-json\/wp\/v2\/types\/page"}],"author":[{"embeddable":true,"href":"https:\/\/flight-tracker24.co.uk\/da\/wp-json\/wp\/v2\/users\/1"}],"replies":[{"embeddable":true,"href":"https:\/\/flight-tracker24.co.uk\/da\/wp-json\/wp\/v2\/comments?post=699"}],"version-history":[{"count":0,"href":"https:\/\/flight-tracker24.co.uk\/da\/wp-json\/wp\/v2\/pages\/699\/revisions"}],"wp:attachment":[{"href":"https:\/\/flight-tracker24.co.uk\/da\/wp-json\/wp\/v2\/media?parent=699"}],"curies":[{"name":"wp","href":"https:\/\/api.w.org\/{rel}","templated":true}]}}