{"id":697,"date":"2022-01-07T09:25:33","date_gmt":"2022-01-07T09:25:33","guid":{"rendered":"https:\/\/flight-tracker24.co.uk\/flightradar24\/"},"modified":"2022-01-20T08:05:23","modified_gmt":"2022-01-20T08:05:23","slug":"flightradar24","status":"publish","type":"page","link":"https:\/\/flight-tracker24.co.uk\/da\/flightradar24\/","title":{"rendered":"Flightradar24"},"content":{"rendered":"<h1 style=\"text-align: center;\"><strong>Flightradar24<\/strong><\/h1>\n<p style=\"text-align: center;\"><span style=\"font-size: 12pt;\"><em><strong>Velkommen til flightradar24! Klik venligst p\u00e5 linsen i radaren for at begynde at s\u00f8ge.<\/strong><\/em><\/span><\/p>\n<p>&nbsp;<\/p>\n<div style=\"width: 100%; height: 0px; margin-top: -80px; margin-right: 0px;\"><\/div>\n<p><script async=\"\" src=\"\/\/pagead2.googlesyndication.com\/pagead\/js\/adsbygoogle.js\"><\/script><br \/>\n<!-- FlightLinks --><br \/>\n<ins class=\"adsbygoogle\" style=\"display: block;\" data-ad-client=\"ca-pub-8699335927299131\" data-ad-slot=\"8291128921\" data-ad-format=\"link\"><\/ins><br \/>\n<script>(adsbygoogle = window.adsbygoogle || []).push({});<\/script><\/p>\n<div style=\"width: 100%; height: 0px; margin-top: -15px; margin-right: 0px;\"><\/div>\n<figure class=\"full-width\">\n<div class=\"resp-container\"><iframe class=\"resp-iframe\" src=\"https:\/\/www.radarbox24.com\/?widget=1&amp;z=5&amp;lat=46.7&amp;lng=7.6\" height=\"500\" frameborder=\"0\" allowfullscreen=\"allowfullscreen\"><\/iframe><\/div>\n<\/figure>\n<p><script async=\"\" src=\"\/\/pagead2.googlesyndication.com\/pagead\/js\/adsbygoogle.js\"><\/script><br \/>\n<!-- FlightDisplay --><br \/>\n<ins class=\"adsbygoogle\" style=\"display: block;\" data-ad-client=\"ca-pub-8699335927299131\" data-ad-slot=\"1073730211\" data-ad-format=\"auto\"><\/ins><br \/>\n<script>(adsbygoogle = window.adsbygoogle || []).push({});<\/script><\/p>\n<h2 style=\"text-align: center;\"><strong>Indtast flynummeret<\/strong><\/h2>\n<p style=\"text-align: center;\"><em><strong>Indtast et gyldigt flynummer i s\u00f8gefeltet<\/strong><\/em><\/p>\n<form class=\"gobing\" style=\"margin:auto;max-width:fit-content\">\n  <input type=\"text\" class=\"form-control\" id=\"search1\" placeholder=\"Indtast flynummer her\"><br \/>\n  <buttongob type=\"submit\" id=\"WFFRB\"><i class=\"fa fa-search\"><\/i>S\u00f8g efter fly<\/buttongob><br \/>\n<\/form>\n<p><script>\njQuery('#WFFRB').on('click', function () {\n    var searchInput = jQuery('#search1').val();\n    var url = \"https:\/\/flightradar.flights\/en\/\"\n    window.open(url);\n});\n<\/script><br \/>\n<script>\njQuery('#search1').keypress(\n  function(event){\n    if (event.which == '13') {\n      event.preventDefault();\n    }\n});\n<\/script><\/p>\n<p style=\"text-align: center;\"><em><strong>(Et nyt vindue\/fane \u00e5bnes)<\/strong><\/em><\/p>\n<p><span style=\"font-size: 12pt;\"><strong>Hurtig guide: Flightradar24<\/strong><\/span><\/p>\n<ul>\n<li style=\"list-style-type: none;\">\n<ul>\n<li style=\"list-style-type: none;\">\n<ul>\n<li><span style=\"font-size: 12pt;\"><span style=\"color: #ff0000;\">1. mulighed:<\/span> Klik p\u00e5 forst\u00f8rrelsesglasset &gt; Indtast et gyldigt flynummer og v\u00e6lg det viste fly &gt; Nu sporer du flyvningen direkte<\/span><\/li>\n<\/ul>\n<\/li>\n<\/ul>\n<\/li>\n<\/ul>\n<ul>\n<li style=\"list-style-type: none;\">\n<ul>\n<li style=\"list-style-type: none;\">\n<ul>\n<li><span style=\"font-size: 12pt;\"><span style=\"color: #ff0000;\">2. Mulighed:<\/span> Klik p\u00e5 forst\u00f8rrelsesglasset&gt;  Indtast en by med lufthavn, f.eks. London eller Manchester, og klik p\u00e5 lufthavnen fra listen &gt; Flightradar24 viser dig alle flyvninger relateret til lufthavnen<\/span><\/li>\n<\/ul>\n<\/li>\n<\/ul>\n<p><script async=\"\" src=\"\/\/pagead2.googlesyndication.com\/pagead\/js\/adsbygoogle.js\"><\/script><\/p>\n<p><script>(adsbygoogle = window.adsbygoogle || []).push({});<\/script><\/li>\n<\/ul>\n<p style=\"text-align: center;\"><span style=\"font-size: 12pt;\"><strong>Video: Quick Guide til flightradar 24<\/strong><\/span><\/p>\n<div class=\"resp-containeryt2\"><iframe loading=\"lazy\" src=\"https:\/\/www.youtube-nocookie.com\/embed\/3zvktnXMJpg\" width=\"560\" height=\"315\" frameborder=\"0\" allowfullscreen=\"allowfullscreen\"><\/iframe><\/div>\n<p style=\"text-align: center;\"><span style=\"font-size: 12pt;\"><strong>Naviger venligst til bunden af siden for at bed\u00f8mme vores service.<\/strong><\/span><\/p>\n<p>&nbsp;<\/p>\n<h2 style=\"text-align: center;\"><span style=\"font-size: 20pt;\"><strong><span style=\"color: #ff9900;\">Oversigt<\/span><\/strong><\/span><\/h2>\n<p style=\"text-align: center;\" align=\"JUSTIFY\"><span style=\"font-size: 12pt;\">I temmelig lang tid var flysporing fra jorden et kompliceret problem. Indtil nu er der stadig ingen jordtransportmidler, der er s\u00e5 hurtige som fly. F\u00f8r opfindelsen af digital teknologi og internettet, kan kun et fly bruges til at spore et andet fly, men i dag er sporing af et fly nemt og gratis. <strong>Alt du skal have er en personlig computer eller smartphone og internetforbindelse.<\/strong><\/span><\/p>\n<p>&nbsp;<\/p>\n<h2 style=\"text-align: center;\"><span style=\"font-size: 20pt; color: #ff9900;\"><strong>Hvad betyder flightradar24 i dag?<\/strong><\/span><\/h2>\n<p><span style=\"font-size: 12pt;\"><img loading=\"lazy\" decoding=\"async\" class=\"alignright wp-image-559\" src=\"https:\/\/flight-tracker24.co.uk\/wp-content\/uploads\/2017\/08\/Papierflieger-300x214.jpg\" alt=\"flightradar24 lederskab koncept med r\u00f8dt og hvidt papir fly p\u00e5 bl\u00e5 sky.paper kunst stil.\" width=\"240\" height=\"172\" srcset=\"https:\/\/flight-tracker24.co.uk\/wp-content\/uploads\/2017\/08\/Papierflieger-300x214.jpg 300w, https:\/\/flight-tracker24.co.uk\/wp-content\/uploads\/2017\/08\/Papierflieger.jpg 410w\" sizes=\"auto, (max-width: 240px) 100vw, 240px\" \/><\/span><\/p>\n<p style=\"text-align: center;\" align=\"JUSTIFY\"><span style=\"font-size: 12pt;\"><strong>flightradar plejede at betyde fysisk at f\u00f8lge et fly;<\/strong> det vil sige rent faktisk at flyve eller k\u00f8re bag den. I dag sporer folk fly gennem digitale kanaler; du kan bruge smartphones, tablets eller endda hjemmecomputere til at sl\u00e5 op og spore alt om ethvert fly i verden med blot et hurtigt blik online.<\/span><\/p>\n<p>&nbsp;<\/p>\n<h2 class=\"western\" style=\"text-align: center;\"><span style=\"font-size: 20pt; color: #ff9900;\"><b>Hvad bruges flightradar24 til?<\/b><\/span><\/h2>\n<p style=\"text-align: center;\" align=\"JUSTIFY\"><span style=\"font-size: 12pt;\">Oprindeligt blev flysporing brugt til at overv\u00e5ge og kontrollere luftrum. Flyradarsystemer blev kun brugt af fagfolk, men nu er hvert fly lokaliseret ved radar. <strong>I dag digitaliseres flyradarinformation og overf\u00f8res til kortvisning.<\/strong> P\u00e5 denne m\u00e5de kan du se den aktuelle placering af et fly og kan ogs\u00e5 v\u00e6re i stand til at spore hele udviklingen af et fly p\u00e5 sk\u00e6rmen.<\/span><\/p>\n<p style=\"text-align: center;\" align=\"JUSTIFY\"><span style=\"font-size: 12pt;\">Men flysporing bruges ikke l\u00e6ngere kun til flyvekontrol. Vi kan give dig mulighed for at spore fly p\u00e5 en flyradar. <strong>For nogle mennesker er flysporing kun for sjov, mens for andre; dataene giver information, der bliver brugt p\u00e5 daglig basis.<\/strong> <a href=\"https:\/\/flightradar.flights\/\" target=\"_blank\" rel=\"noopener noreferrer\">Flyradarinformationen<\/a> kan bruges af private forbrugere til f\u00f8lgende:<\/span><\/p>\n<ul>\n<li style=\"list-style-type: none;\">\n<ul>\n<li style=\"text-align: center;\">\n<p align=\"JUSTIFY\"><strong><span style=\"font-size: 12pt;\">At sl\u00e5 op ankomsttid og forsinkelse<\/span><\/strong><\/p>\n<\/li>\n<\/ul>\n<\/li>\n<\/ul>\n<ul>\n<li style=\"list-style-type: none;\">\n<ul>\n<li style=\"text-align: center;\">\n<p align=\"JUSTIFY\"><strong><span style=\"font-size: 12pt;\">For at kontrollere flyruter<\/span><\/strong><\/p>\n<\/li>\n<\/ul>\n<\/li>\n<\/ul>\n<ul>\n<li style=\"list-style-type: none;\">\n<ul>\n<li style=\"text-align: center;\">\n<p align=\"JUSTIFY\"><strong><span style=\"font-size: 12pt;\">For at kontrollere for potentiel st\u00f8jforurening<\/span><\/strong><\/p>\n<\/li>\n<\/ul>\n<\/li>\n<\/ul>\n<ul>\n<li style=\"list-style-type: none;\">\n<ul>\n<li style=\"text-align: center;\">\n<p align=\"JUSTIFY\"><strong><span style=\"font-size: 12pt;\">At overv\u00e5ge problemer relateret til fly<\/span><\/strong><\/p>\n<\/li>\n<li style=\"text-align: center;\">\n<p align=\"JUSTIFY\"><strong><span style=\"font-size: 12pt;\">For at f\u00e5 adgang til detaljer om afgangsby og destinationslufthavn for et fly<\/span><\/strong><\/p>\n<\/li>\n<\/ul>\n<\/li>\n<\/ul>\n<p>&nbsp;<\/p>\n<h2 style=\"text-align: center;\"><span style=\"font-size: 20pt; color: #ff9900;\"><strong>Hvem bruger en flyradar?<\/strong><\/span><\/h2>\n<p style=\"text-align: center;\" align=\"JUSTIFY\"><span style=\"font-size: 12pt;\"><strong>Flysporing bruges ofte af flyentusiaster og flyspottere<\/strong>, der kan ogs\u00e5 bruges af flyselskaber. Arbejder du i luftfartsverdenen eller er du inspireret af den, vil denne hjemmeside give dig insiderviden. Flyselskaber bruger denne radar til at give et bedre overblik over deres flybev\u00e6gelser og fl\u00e5de. I nogle tilf\u00e6lde kan flysporing ogs\u00e5 bruges til at opdage muligheder for ulykker. <\/span><\/p>\n<p>&nbsp;<\/p>\n<h2 style=\"text-align: center;\"><span style=\"color: #ff9900; font-size: 20pt;\"><strong>Hvad er de praktiske oplysninger om flightradar24?<\/strong><\/span><\/h2>\n<p style=\"text-align: center;\" align=\"JUSTIFY\"><span style=\"font-size: 12pt;\"><strong>Et af h\u00f8jdepunkterne ved flysporing er kortvisningen st\u00e6rk .<\/strong> Det giver indsigt i de mange flybev\u00e6gelser, der finder sted hver dag og nat rundt om i verden. Flyradarer giver ogs\u00e5 en anden form for relevant information, som f\u00f8rst bliver tydelig, n\u00e5r du indtaster et specifikt flynummer eller v\u00e6lger et af flyene p\u00e5 kortet. De oplysninger, der kan f\u00e5s gennem flysporingen, omfatter:<\/span><\/p>\n<ul>\n<li style=\"list-style-type: none;\">\n<ul>\n<li style=\"text-align: center;\">\n<p align=\"JUSTIFY\"><strong><span style=\"font-size: 12pt;\">Navnet p\u00e5 flyet<\/span><\/strong><\/p>\n<\/li>\n<\/ul>\n<\/li>\n<\/ul>\n<ul>\n<li style=\"list-style-type: none;\">\n<ul>\n<li style=\"text-align: center;\">\n<p align=\"JUSTIFY\"><strong><span style=\"font-size: 12pt;\">Flynummeret<\/span><\/strong><\/p>\n<\/li>\n<\/ul>\n<\/li>\n<\/ul>\n<ul>\n<li style=\"list-style-type: none;\">\n<ul>\n<li style=\"text-align: center;\">\n<p align=\"JUSTIFY\"><strong><span style=\"font-size: 12pt;\">Det planlagte ankomsttidspunkt<\/span><\/strong><\/p>\n<\/li>\n<\/ul>\n<\/li>\n<\/ul>\n<ul>\n<li style=\"list-style-type: none;\">\n<ul>\n<li style=\"text-align: center;\">\n<p align=\"JUSTIFY\"><strong><span style=\"font-size: 12pt;\">Den planlagte afgangstid<\/span><\/strong><\/p>\n<\/li>\n<\/ul>\n<\/li>\n<\/ul>\n<ul>\n<li style=\"list-style-type: none;\">\n<ul>\n<li style=\"text-align: center;\">\n<p align=\"JUSTIFY\"><strong><span style=\"font-size: 12pt;\">Det estimerede ankomsttidspunkt<\/span><\/strong><\/p>\n<\/li>\n<\/ul>\n<\/li>\n<\/ul>\n<ul>\n<li style=\"list-style-type: none;\">\n<ul>\n<li style=\"text-align: center;\">\n<p align=\"JUSTIFY\"><strong><span style=\"font-size: 12pt;\">Det faktiske afgangstidspunkt (dette er p\u00e5 grund af forsinkelser)<\/span><\/strong><\/p>\n<\/li>\n<\/ul>\n<\/li>\n<\/ul>\n<ul>\n<li style=\"list-style-type: none;\">\n<ul>\n<li style=\"text-align: center;\">\n<p align=\"JUSTIFY\"><strong><span style=\"font-size: 12pt;\">Den fl\u00f8jne distance<\/span><\/strong><\/p>\n<\/li>\n<\/ul>\n<\/li>\n<\/ul>\n<ul>\n<li style=\"list-style-type: none;\">\n<ul>\n<li style=\"text-align: center;\">\n<p align=\"JUSTIFY\"><strong><span style=\"font-size: 12pt;\">Oplysninger om flytypen<\/span><\/strong><\/p>\n<\/li>\n<\/ul>\n<\/li>\n<\/ul>\n<ul>\n<li style=\"list-style-type: none;\">\n<ul>\n<li style=\"text-align: center;\">\n<p align=\"JUSTIFY\"><strong><span style=\"font-size: 12pt;\">G\u00f8rehastighed<\/span><\/strong><\/p>\n<\/li>\n<\/ul>\n<\/li>\n<\/ul>\n<ul>\n<li style=\"list-style-type: none;\">\n<ul>\n<li style=\"text-align: center;\">\n<p align=\"JUSTIFY\"><strong><span style=\"font-size: 12pt;\">Flyveh\u00f8jde<\/span><\/strong><\/p>\n<\/li>\n<li style=\"text-align: center;\">\n<p align=\"JUSTIFY\"><strong><span style=\"font-size: 12pt;\">Flyveruter og data om flyvekontrolopgaver<\/span><\/strong><\/p>\n<\/li>\n<\/ul>\n<\/li>\n<\/ul>\n<p>&nbsp;<\/p>\n<h2 style=\"text-align: center;\" align=\"JUSTIFY\"><span style=\"font-size: 20pt; color: #ff9900;\"><b>Hvordan virker flightradar24?<\/b><\/span><\/h2>\n<p style=\"text-align: center;\" align=\"JUSTIFY\"><span style=\"font-size: 12pt;\"><strong>Hvis du \u00f8nsker at f\u00e5 adgang til de data, der leveres af flightradar24, er alt, hvad du beh\u00f8ver, en internetforbindelse sammen med en internetaktiveret enhed.<\/strong> Hvis kravene er opfyldt, vil du, n\u00e5r du \u00e5bner vores hjemmeside, se et kortomr\u00e5de med mange symboler, som hver repr\u00e6senterer et fly under flyvning. <strong>Brugen af flightradar24 er forholdsvis enkel, for at se detaljer om et bestemt fly skal du klikke p\u00e5 det tilsvarende symbol p\u00e5 kortet.<\/strong> Dette \u00e5bner et informationsvindue med nogle detaljer, som giver dig mulighed for at se information s\u00e5som: hvilke byer flyet i \u00f8jeblikket flyver mellem, flyselskabet, flytype, flynummer, hastighed, flyets h\u00f8jde og det beregnede ankomsttidspunkt p\u00e5 destinationslufthavn.<\/span><\/p>\n<p>&nbsp;<\/p>\n<h2 style=\"text-align: center;\" align=\"JUSTIFY\"><span style=\"font-size: 20pt; color: #ff9900;\"><b>Live radar gratis<\/b><\/span><\/h2>\n<p style=\"text-align: center;\" align=\"JUSTIFY\"><span style=\"font-size: 12pt;\"><strong>flightradar24 p\u00e5 <a href=\"https:\/\/flight-tracker24.co.uk\/da\/\" target=\"_blank\" rel=\"noopener noreferrer\">flight tracker<\/a> er helt gratis.<\/strong> Uanset hvor du befinder dig, kan du f\u00e5 adgang til praktisk information om hvert fly og bev\u00e6gelser. <strong>Du vil komme til at spare dine penge, fordi du med flyradar altid er fri og kan spore ethvert fly, n\u00e5r du vil.<\/strong> Hvis du har brug for flere funktioner, kan du k\u00f8be en opgradering i form af medlemskab. Mere information p\u00e5 <a href=\"https:\/\/flugradar24.eu\/flightradar24\/\" target=\"_blank\" rel=\"noopener noreferrer\">flightradar24<\/a><\/span><\/p>\n<p>&nbsp;<\/p>\n<h2 style=\"text-align: center;\" align=\"JUSTIFY\"><span style=\"font-size: 20pt; color: #ff9900;\"><b>Flightradar24 &#8211; en sp\u00e6ndende udvikling<\/b><\/span><\/h2>\n<p style=\"text-align: center;\" align=\"JUSTIFY\"><span style=\"font-size: 12pt;\">Udviklingen af flightradar24 fra de tidlige stadier af luftfart til i dag er ret imponerende; der var en periode, hvor flyradardata kun kunne ses af flyvekontrolpersonale. Men i dag er denne information tilg\u00e6ngelig for alle. Fremtiden for flysporing er i 3D-visning; i \u00f8jeblikket er det muligt at f\u00e5 adgang til frontkameraet p\u00e5 nogle fly fra en smart enhed og se udsigten fra cockpittet, vi kan v\u00e6re sikre p\u00e5, at der stadig er meget mere sp\u00e6ndende udvikling forude for flysporing<\/span><\/p>\n<p>&nbsp;<\/p>\n","protected":false},"excerpt":{"rendered":"<p>Flightradar24 Velkommen til flightradar24! Klik venligst p\u00e5 linsen i radaren for at begynde at s\u00f8ge. &nbsp; Indtast flynummeret Indtast et gyldigt flynummer i s\u00f8gefeltet S\u00f8g efter fly (Et nyt vindue\/fane \u00e5bnes) Hurtig guide: Flightradar24 1. mulighed: Klik p\u00e5 forst\u00f8rrelsesglasset &gt; Indtast et gyldigt flynummer og v\u00e6lg det viste fly &gt; Nu sporer du flyvningen direkte &#8230; <\/p>\n<p class=\"read-more-container\"><a title=\"Flightradar24\" class=\"read-more button\" href=\"https:\/\/flight-tracker24.co.uk\/da\/flightradar24\/#more-697\" aria-label=\"More on Flightradar24\">Read more<\/a><\/p>\n","protected":false},"author":1,"featured_media":0,"parent":0,"menu_order":0,"comment_status":"closed","ping_status":"closed","template":"","meta":{"footnotes":""},"class_list":["post-697","page","type-page","status-publish"],"yoast_head":"<!-- This site is optimized with the Yoast SEO plugin v26.1.1 - https:\/\/yoast.com\/wordpress\/plugins\/seo\/ -->\n<title>FLIGHTRADAR24 | 100 % live online flyradar [All Devices]<\/title>\n<meta name=\"description\" content=\"Flightradar24 med Live Tracking Map \u2705 Som viser dig lufttrafikken i realtid \u2705 Spor ethvert fly i hele verden \u2705\" \/>\n<meta name=\"robots\" content=\"index, follow, max-snippet:-1, max-image-preview:large, max-video-preview:-1\" \/>\n<link rel=\"canonical\" href=\"https:\/\/flight-tracker24.co.uk\/da\/flightradar24\/\" \/>\n<meta property=\"og:locale\" content=\"da_DK\" \/>\n<meta property=\"og:type\" content=\"article\" \/>\n<meta property=\"og:title\" content=\"FLIGHTRADAR24 | 100 % live online flyradar [All Devices]\" \/>\n<meta property=\"og:description\" content=\"Flightradar24 med Live Tracking Map \u2705 Som viser dig lufttrafikken i realtid \u2705 Spor ethvert fly i hele verden \u2705\" \/>\n<meta property=\"og:url\" content=\"https:\/\/flight-tracker24.co.uk\/da\/flightradar24\/\" \/>\n<meta property=\"og:site_name\" content=\"Flight-Tracker24\" \/>\n<meta property=\"article:modified_time\" content=\"2022-01-20T08:05:23+00:00\" \/>\n<meta property=\"og:image\" content=\"https:\/\/flight-tracker24.co.uk\/wp-content\/uploads\/2017\/08\/Papierflieger-300x214.jpg\" \/>\n<meta name=\"twitter:card\" content=\"summary_large_image\" \/>\n<meta name=\"twitter:label1\" content=\"Estimeret l\u00e6setid\" \/>\n\t<meta name=\"twitter:data1\" content=\"4 minutter\" \/>\n<script type=\"application\/ld+json\" class=\"yoast-schema-graph\">{\"@context\":\"https:\/\/schema.org\",\"@graph\":[{\"@type\":\"WebPage\",\"@id\":\"https:\/\/flight-tracker24.co.uk\/da\/flightradar24\/\",\"url\":\"https:\/\/flight-tracker24.co.uk\/da\/flightradar24\/\",\"name\":\"FLIGHTRADAR24 | 100 % live online flyradar [All Devices]\",\"isPartOf\":{\"@id\":\"https:\/\/flight-tracker24.co.uk\/da\/#website\"},\"primaryImageOfPage\":{\"@id\":\"https:\/\/flight-tracker24.co.uk\/da\/flightradar24\/#primaryimage\"},\"image\":{\"@id\":\"https:\/\/flight-tracker24.co.uk\/da\/flightradar24\/#primaryimage\"},\"thumbnailUrl\":\"https:\/\/flight-tracker24.co.uk\/wp-content\/uploads\/2017\/08\/Papierflieger-300x214.jpg\",\"datePublished\":\"2022-01-07T09:25:33+00:00\",\"dateModified\":\"2022-01-20T08:05:23+00:00\",\"description\":\"Flightradar24 med Live Tracking Map \u2705 Som viser dig lufttrafikken i realtid \u2705 Spor ethvert fly i hele verden \u2705\",\"breadcrumb\":{\"@id\":\"https:\/\/flight-tracker24.co.uk\/da\/flightradar24\/#breadcrumb\"},\"inLanguage\":\"da-DK\",\"potentialAction\":[{\"@type\":\"ReadAction\",\"target\":[\"https:\/\/flight-tracker24.co.uk\/da\/flightradar24\/\"]}]},{\"@type\":\"ImageObject\",\"inLanguage\":\"da-DK\",\"@id\":\"https:\/\/flight-tracker24.co.uk\/da\/flightradar24\/#primaryimage\",\"url\":\"https:\/\/flight-tracker24.co.uk\/wp-content\/uploads\/2017\/08\/Papierflieger-300x214.jpg\",\"contentUrl\":\"https:\/\/flight-tracker24.co.uk\/wp-content\/uploads\/2017\/08\/Papierflieger-300x214.jpg\"},{\"@type\":\"BreadcrumbList\",\"@id\":\"https:\/\/flight-tracker24.co.uk\/da\/flightradar24\/#breadcrumb\",\"itemListElement\":[{\"@type\":\"ListItem\",\"position\":1,\"name\":\"Home\",\"item\":\"https:\/\/flight-tracker24.co.uk\/da\/\"},{\"@type\":\"ListItem\",\"position\":2,\"name\":\"Flightradar24\"}]},{\"@type\":\"WebSite\",\"@id\":\"https:\/\/flight-tracker24.co.uk\/da\/#website\",\"url\":\"https:\/\/flight-tracker24.co.uk\/da\/\",\"name\":\"Flight-Tracker24\",\"description\":\"Fight-Tracker24 Is Your Online Solution for Tracking Airplanes\",\"publisher\":{\"@id\":\"https:\/\/flight-tracker24.co.uk\/da\/#organization\"},\"potentialAction\":[{\"@type\":\"SearchAction\",\"target\":{\"@type\":\"EntryPoint\",\"urlTemplate\":\"https:\/\/flight-tracker24.co.uk\/da\/?s={search_term_string}\"},\"query-input\":{\"@type\":\"PropertyValueSpecification\",\"valueRequired\":true,\"valueName\":\"search_term_string\"}}],\"inLanguage\":\"da-DK\"},{\"@type\":\"Organization\",\"@id\":\"https:\/\/flight-tracker24.co.uk\/da\/#organization\",\"name\":\"Flight-Tracker24\",\"url\":\"https:\/\/flight-tracker24.co.uk\/da\/\",\"logo\":{\"@type\":\"ImageObject\",\"inLanguage\":\"da-DK\",\"@id\":\"https:\/\/flight-tracker24.co.uk\/da\/#\/schema\/logo\/image\/\",\"url\":\"https:\/\/flight-tracker24.co.uk\/wp-content\/uploads\/2018\/06\/Flugradar-Logo-footer240.png\",\"contentUrl\":\"https:\/\/flight-tracker24.co.uk\/wp-content\/uploads\/2018\/06\/Flugradar-Logo-footer240.png\",\"width\":\"240\",\"height\":\"47\",\"caption\":\"Flight-Tracker24\"},\"image\":{\"@id\":\"https:\/\/flight-tracker24.co.uk\/da\/#\/schema\/logo\/image\/\"}}]}<\/script>\n<!-- \/ Yoast SEO plugin. -->","yoast_head_json":{"title":"FLIGHTRADAR24 | 100 % live online flyradar [All Devices]","description":"Flightradar24 med Live Tracking Map \u2705 Som viser dig lufttrafikken i realtid \u2705 Spor ethvert fly i hele verden \u2705","robots":{"index":"index","follow":"follow","max-snippet":"max-snippet:-1","max-image-preview":"max-image-preview:large","max-video-preview":"max-video-preview:-1"},"canonical":"https:\/\/flight-tracker24.co.uk\/da\/flightradar24\/","og_locale":"da_DK","og_type":"article","og_title":"FLIGHTRADAR24 | 100 % live online flyradar [All Devices]","og_description":"Flightradar24 med Live Tracking Map \u2705 Som viser dig lufttrafikken i realtid \u2705 Spor ethvert fly i hele verden \u2705","og_url":"https:\/\/flight-tracker24.co.uk\/da\/flightradar24\/","og_site_name":"Flight-Tracker24","article_modified_time":"2022-01-20T08:05:23+00:00","og_image":[{"url":"https:\/\/flight-tracker24.co.uk\/wp-content\/uploads\/2017\/08\/Papierflieger-300x214.jpg","type":"","width":"","height":""}],"twitter_card":"summary_large_image","twitter_misc":{"Estimeret l\u00e6setid":"4 minutter"},"schema":{"@context":"https:\/\/schema.org","@graph":[{"@type":"WebPage","@id":"https:\/\/flight-tracker24.co.uk\/da\/flightradar24\/","url":"https:\/\/flight-tracker24.co.uk\/da\/flightradar24\/","name":"FLIGHTRADAR24 | 100 % live online flyradar [All Devices]","isPartOf":{"@id":"https:\/\/flight-tracker24.co.uk\/da\/#website"},"primaryImageOfPage":{"@id":"https:\/\/flight-tracker24.co.uk\/da\/flightradar24\/#primaryimage"},"image":{"@id":"https:\/\/flight-tracker24.co.uk\/da\/flightradar24\/#primaryimage"},"thumbnailUrl":"https:\/\/flight-tracker24.co.uk\/wp-content\/uploads\/2017\/08\/Papierflieger-300x214.jpg","datePublished":"2022-01-07T09:25:33+00:00","dateModified":"2022-01-20T08:05:23+00:00","description":"Flightradar24 med Live Tracking Map \u2705 Som viser dig lufttrafikken i realtid \u2705 Spor ethvert fly i hele verden \u2705","breadcrumb":{"@id":"https:\/\/flight-tracker24.co.uk\/da\/flightradar24\/#breadcrumb"},"inLanguage":"da-DK","potentialAction":[{"@type":"ReadAction","target":["https:\/\/flight-tracker24.co.uk\/da\/flightradar24\/"]}]},{"@type":"ImageObject","inLanguage":"da-DK","@id":"https:\/\/flight-tracker24.co.uk\/da\/flightradar24\/#primaryimage","url":"https:\/\/flight-tracker24.co.uk\/wp-content\/uploads\/2017\/08\/Papierflieger-300x214.jpg","contentUrl":"https:\/\/flight-tracker24.co.uk\/wp-content\/uploads\/2017\/08\/Papierflieger-300x214.jpg"},{"@type":"BreadcrumbList","@id":"https:\/\/flight-tracker24.co.uk\/da\/flightradar24\/#breadcrumb","itemListElement":[{"@type":"ListItem","position":1,"name":"Home","item":"https:\/\/flight-tracker24.co.uk\/da\/"},{"@type":"ListItem","position":2,"name":"Flightradar24"}]},{"@type":"WebSite","@id":"https:\/\/flight-tracker24.co.uk\/da\/#website","url":"https:\/\/flight-tracker24.co.uk\/da\/","name":"Flight-Tracker24","description":"Fight-Tracker24 Is Your Online Solution for Tracking Airplanes","publisher":{"@id":"https:\/\/flight-tracker24.co.uk\/da\/#organization"},"potentialAction":[{"@type":"SearchAction","target":{"@type":"EntryPoint","urlTemplate":"https:\/\/flight-tracker24.co.uk\/da\/?s={search_term_string}"},"query-input":{"@type":"PropertyValueSpecification","valueRequired":true,"valueName":"search_term_string"}}],"inLanguage":"da-DK"},{"@type":"Organization","@id":"https:\/\/flight-tracker24.co.uk\/da\/#organization","name":"Flight-Tracker24","url":"https:\/\/flight-tracker24.co.uk\/da\/","logo":{"@type":"ImageObject","inLanguage":"da-DK","@id":"https:\/\/flight-tracker24.co.uk\/da\/#\/schema\/logo\/image\/","url":"https:\/\/flight-tracker24.co.uk\/wp-content\/uploads\/2018\/06\/Flugradar-Logo-footer240.png","contentUrl":"https:\/\/flight-tracker24.co.uk\/wp-content\/uploads\/2018\/06\/Flugradar-Logo-footer240.png","width":"240","height":"47","caption":"Flight-Tracker24"},"image":{"@id":"https:\/\/flight-tracker24.co.uk\/da\/#\/schema\/logo\/image\/"}}]}},"_links":{"self":[{"href":"https:\/\/flight-tracker24.co.uk\/da\/wp-json\/wp\/v2\/pages\/697","targetHints":{"allow":["GET"]}}],"collection":[{"href":"https:\/\/flight-tracker24.co.uk\/da\/wp-json\/wp\/v2\/pages"}],"about":[{"href":"https:\/\/flight-tracker24.co.uk\/da\/wp-json\/wp\/v2\/types\/page"}],"author":[{"embeddable":true,"href":"https:\/\/flight-tracker24.co.uk\/da\/wp-json\/wp\/v2\/users\/1"}],"replies":[{"embeddable":true,"href":"https:\/\/flight-tracker24.co.uk\/da\/wp-json\/wp\/v2\/comments?post=697"}],"version-history":[{"count":0,"href":"https:\/\/flight-tracker24.co.uk\/da\/wp-json\/wp\/v2\/pages\/697\/revisions"}],"wp:attachment":[{"href":"https:\/\/flight-tracker24.co.uk\/da\/wp-json\/wp\/v2\/media?parent=697"}],"curies":[{"name":"wp","href":"https:\/\/api.w.org\/{rel}","templated":true}]}}