{"id":694,"date":"2022-01-07T09:13:48","date_gmt":"2022-01-07T09:13:48","guid":{"rendered":"https:\/\/flight-tracker24.co.uk\/flight-tracker-24\/"},"modified":"2022-01-20T08:05:12","modified_gmt":"2022-01-20T08:05:12","slug":"flight-tracker-24","status":"publish","type":"page","link":"https:\/\/flight-tracker24.co.uk\/da\/","title":{"rendered":"Flight Tracker 24"},"content":{"rendered":"<h1 style=\"text-align: center;\"><strong>Flight Tracker 24<\/strong><\/h1>\n<p style=\"text-align: center;\"><span style=\"font-size: 12pt;\"><em><strong>Velkommen til Live Flight Tracker 24! Klik venligst p\u00e5 linsen i radaren for at begynde at s\u00f8ge.<\/strong><\/em><\/span><\/p>\n<div style=\"width: 100%; height: 0px; margin-top: -80px; margin-right: 0px;\"><\/div>\n<p><script async=\"\" src=\"https:\/\/pagead2.googlesyndication.com\/pagead\/js\/adsbygoogle.js?client=ca-pub-8699335927299131\" crossorigin=\"anonymous\"><\/script><br \/>\n<!-- FT24 Display --><br \/>\n<ins class=\"adsbygoogle\" style=\"display:block\" data-ad-client=\"ca-pub-8699335927299131\" data-ad-slot=\"8291128921\" data-ad-format=\"auto\" data-full-width-responsive=\"true\"><\/ins><br \/>\n<script>\n     (adsbygoogle = window.adsbygoogle || []).push({});\n<\/script><\/p>\n<div style=\"width: 100%; height: 0px; margin-top: -15px; margin-right: 0px;\"><\/div>\n<p>&nbsp;<\/p>\n<figure class=\"full-width\">\n<div class=\"resp-container\"><iframe class=\"resp-iframe\" src=\"https:\/\/www.radarbox24.com\/?widget=1&amp;z=5&amp;lat=46.7&amp;lng=7.6\" height=\"500\" frameborder=\"0\" allowfullscreen=\"allowfullscreen\"><\/iframe><\/div>\n<\/figure>\n<p><script async=\"\" src=\"https:\/\/pagead2.googlesyndication.com\/pagead\/js\/adsbygoogle.js?client=ca-pub-8699335927299131\" crossorigin=\"anonymous\"><\/script><br \/>\n<!-- FT24 Display --><br \/>\n<ins class=\"adsbygoogle\" style=\"display:block\" data-ad-client=\"ca-pub-8699335927299131\" data-ad-slot=\"8291128921\" data-ad-format=\"auto\" data-full-width-responsive=\"true\"><\/ins><br \/>\n<script>\n     (adsbygoogle = window.adsbygoogle || []).push({});\n<\/script><\/p>\n<h2 style=\"text-align: center;\"><strong>Indtast flynummeret<\/strong><\/h2>\n<p style=\"text-align: center;\"><em><strong>Indtast et gyldigt flynummer i s\u00f8gefeltet<\/strong><\/em><\/p>\n<form class=\"gobing\" style=\"margin:auto;max-width:fit-content\">\n  <input type=\"text\" class=\"form-control\" id=\"search1\" placeholder=\"Indtast flynummer her\"><br \/>\n  <buttongob type=\"submit\" id=\"WFFRB\"><i class=\"fa fa-search\"><\/i>S\u00f8g efter fly<\/buttongob><br \/>\n<\/form>\n<p><script>\njQuery('#WFFRB').on('click', function () {\n    var searchInput = jQuery('#search1').val();\n    var url = \"https:\/\/flightradar.flights\/en\/\"\n    window.open(url);\n});\n<\/script><br \/>\n<script>\njQuery('#search1').keypress(\n  function(event){\n    if (event.which == '13') {\n      event.preventDefault();\n    }\n});\n<\/script><\/p>\n<p style=\"text-align: center;\"><em><strong>(Et nyt vindue\/fane \u00e5bnes)<\/strong><\/em><\/p>\n<p><span style=\"font-size: 12pt;\"><strong>Hurtig guide: Flight Tracker 24<\/strong><\/span><\/p>\n<ul>\n<li style=\"list-style-type: none;\">\n<ul>\n<li style=\"list-style-type: none;\">\n<ul>\n<li><span style=\"font-size: 12pt;\"><span style=\"color: #ff0000;\">1. mulighed:<\/span> Klik p\u00e5 forst\u00f8rrelsesglasset -&gt; Indtast et gyldigt flynummer og v\u00e6lg det viste fly &gt; Nu sporer du flyvningen direkte<\/span><\/li>\n<li><span style=\"font-size: 12pt;\"><span style=\"color: #ff0000;\">2. Mulighed:<\/span> Klik p\u00e5 forst\u00f8rrelsesglasset &gt; Indtast en by med lufthavn, f.eks. London eller Manchester, og klik p\u00e5 lufthavnen fra listen &gt; Flight Tracker 24 viser dig alle flyvninger relateret til lufthavnen<\/span><\/li>\n<\/ul>\n<\/li>\n<\/ul>\n<p><script async=\"\" src=\"\/\/pagead2.googlesyndication.com\/pagead\/js\/adsbygoogle.js\"><\/script><br \/>\n<!-- FlightLinks --><br \/>\n<ins class=\"adsbygoogle\" style=\"display: block;\" data-ad-client=\"ca-pub-8699335927299131\" data-ad-slot=\"8291128921\" data-ad-format=\"link\"><\/ins><br \/>\n<script><br \/>\n(adsbygoogle = window.adsbygoogle || []).push({});<br \/>\n<\/script><\/li>\n<\/ul>\n<p style=\"text-align: center;\"><span style=\"font-size: 12pt;\"><strong>Video: Hurtig guide til Flight Tracker 24<\/strong><\/span><\/p>\n<div class=\"resp-containeryt2\"><iframe loading=\"lazy\" src=\"https:\/\/www.youtube-nocookie.com\/embed\/3zvktnXMJpg\" width=\"560\" height=\"315\" frameborder=\"0\" allowfullscreen=\"allowfullscreen\"><\/iframe><\/div>\n<p style=\"text-align: center;\"><span style=\"font-size: 12pt;\"><strong>Naviger venligst til bunden af siden for at bed\u00f8mme vores service.<\/strong><\/span><\/p>\n<p>&nbsp;<\/p>\n<h2 style=\"text-align: center;\"><strong><span style=\"color: #ff9900; font-size: 20pt;\">Hvad handler flight tracker 24 om?<\/span><\/strong><\/h2>\n<p style=\"text-align: center;\"><span style=\"font-size: 12pt;\"><img loading=\"lazy\" decoding=\"async\" class=\"alignleft wp-image-569\" src=\"https:\/\/flight-tracker24.co.uk\/wp-content\/uploads\/2017\/08\/Flugradar-app-300x300.jpg\" alt=\"Flight Tracker 24 i fladt design med menneskeh\u00e5nd, smartphone og online s\u00f8geskilt.\" width=\"200\" height=\"200\" srcset=\"https:\/\/flight-tracker24.co.uk\/wp-content\/uploads\/2017\/08\/Flugradar-app-300x300.jpg 300w, https:\/\/flight-tracker24.co.uk\/wp-content\/uploads\/2017\/08\/Flugradar-app-150x150.jpg 150w, https:\/\/flight-tracker24.co.uk\/wp-content\/uploads\/2017\/08\/Flugradar-app.jpg 346w\" sizes=\"auto, (max-width: 200px) 100vw, 200px\" \/>Flysporing er processen med at finde ud af, om et fly ankom sikkert til sin destination, eller om alle arrangementer gik efter planen.<strong>Den best\u00e5r af en flybesked teknik, som giver dig information i realtid og advarsler<\/strong> om ankomst- og afgangsstatus for et fly. Det er den bedste m\u00e5de at modtage opdateringer i realtid og holde kontakten med en eller flere flyvninger med hensyn til deres ankomst- eller afgangsstatus. Du kan for eksempel <strong>v\u00e6re i stand til at finde ud af, om det \u00f8nskede fly er afg\u00e5et<\/strong>, om det er landet, eller om der er en \u00e6ndring i den planlagte plan.<br \/>\n<strong>Flysporing er helt gratis og er aktiv i 365 dage om \u00e5ret.<\/strong> Det er en tjeneste, der kan aktiveres p\u00e5 alle flyvninger; n\u00e5r den f\u00f8rst er aktiveret, vil du v\u00e6re i stand til at modtage den realtidsinformation, der vises p\u00e5 de offentlige informationsmonitorer i lufthavnen, og du vil fortsat modtage opdateringer vedr\u00f8rende dit fly fra start til landing. En flight tracker er en teknologi, der bruges til at udf\u00f8re flysporing.<br \/>\n<\/span><\/p>\n<p>&nbsp;<\/p>\n<h2 style=\"text-align: center;\"><strong><span style=\"font-size: 20pt;\"><span style=\"color: #ff9900;\">Simpel flight tracker 24 med et kort<\/span><\/span><\/strong><\/h2>\n<p style=\"text-align: center;\"><span style=\"font-size: 12pt;\"><strong>Et online flysporingssystem giver dig information i realtid om den aktuelle placering af et fly.<\/strong> Denne funktionalitet er indf\u00f8rt for at hj\u00e6lpe dig med at f\u00f8lge op p\u00e5 ethvert fly og f\u00e5 alle de v\u00e6sentlige oplysninger med et \u00f8jeblik. P\u00e5 vores side er der et interaktivt kort, som viser dig alle de fly, der er t\u00e6t p\u00e5 din placering. N\u00e5r du klikker p\u00e5 et af flyene, der er placeret p\u00e5 kortet, vil du se alle informationer vedr\u00f8rende den tilg\u00e6ngelige flyvning i informationsboksen til venstre. <strong>Du kan ogs\u00e5 v\u00e6re i stand til at indtaste flynumre i s\u00f8gelinjen og med det samme se alle informationer for den \u00f8nskede flyvning. <\/strong><\/span><\/p>\n<p style=\"text-align: center;\"><span style=\"font-size: 12pt;\">Flytrackeren 24 hj\u00e6lper med proaktivt at styre rejsende gennem levering af flysporingsindhold af bedre kvalitet, vores sporingsindhold giver rejsende og dem, der transporterer dem information om rejseforstyrrelser: som enten kan v\u00e6re i form af d\u00e5rligt vejr, flyforsinkelser og aflysninger . <\/span><br \/>\n<span style=\"font-size: 12pt;\"><strong>Forbedre dine rejsendes oplevelse<\/strong> ved at planl\u00e6gge omkring flyforsinkelser\/-aflysninger og give dem svar p\u00e5 deres flystatussp\u00f8rgsm\u00e5l. Disse flystatus i realtid og live flysporing kan nemt integreres i mobilapps og responsive websteder n\u00e5r som helst, hvor som helst og n\u00e5r som helst for at levere vital og overbevisende information til b\u00e5de passagerer og bes\u00f8gende p\u00e5 webstedet i en virkelig l\u00f8sning p\u00e5 tv\u00e6rs af enheder. <\/span><\/p>\n<p><script async=\"\" src=\"\/\/pagead2.googlesyndication.com\/pagead\/js\/adsbygoogle.js\"><\/script><br \/>\n<!-- FlightLinks --><br \/>\n<ins class=\"adsbygoogle\" style=\"display: block;\" data-ad-client=\"ca-pub-8699335927299131\" data-ad-slot=\"8291128921\" data-ad-format=\"link\"><\/ins><br \/>\n<script><br \/>\n(adsbygoogle = window.adsbygoogle || []).push({});<br \/>\n<\/script><\/p>\n<h2 style=\"text-align: center;\"><strong><span style=\"font-size: 20pt; color: #ff9900;\">Hvad er den slags data, jeg kan f\u00e5 adgang til ved hj\u00e6lp af flight tracker 24?<\/span><\/strong><\/h2>\n<p style=\"text-align: left;\"><img loading=\"lazy\" decoding=\"async\" class=\"alignright wp-image-72 size-medium\" style=\"font-size: 16px;\" src=\"https:\/\/flight-tracker24.co.uk\/wp-content\/uploads\/2017\/08\/P%C3%A4rchen-beobachtet-flugzeug-300x200.jpg\" alt=\"Par, der ser et startende fly i lufthavnen relateret til flight tracker 24\" width=\"300\" height=\"200\"><em><span style=\"font-size: 12pt;\">Med flight tracker 24 vil du kunne f\u00e5 adgang til f\u00f8lgende information:<\/span><\/em><\/p>\n<hr>\n<p><strong><span style=\"font-size: 12pt;\">Du vil v\u00e6re i stand til at s\u00f8ge flyrejser baseret p\u00e5 en kombination af f\u00f8lgende egenskaber:<\/span><\/strong><\/p>\n<ul>\n<li><span style=\"font-size: 12pt;\">Flytype<\/span><\/li>\n<li><span style=\"font-size: 12pt;\">Flyve- og halenummer<\/span><\/li>\n<li><span style=\"font-size: 12pt;\">Udgangs- og destinationslufthavn<\/span><\/li>\n<li><span style=\"font-size: 12pt;\">Et lavt til h\u00f8jt omr\u00e5de af hastighed og h\u00f8jde over jorden<\/span><\/li>\n<\/ul>\n<hr>\n<p><strong><span style=\"font-size: 12pt;\">Du kan ogs\u00e5 hente flydata som:<\/span><\/strong><\/p>\n<ul>\n<li><span style=\"font-size: 12pt;\">Det tidspunkt, hvor den sidste stilling blev modtaget<\/span><\/li>\n<li><span style=\"font-size: 12pt;\">L\u00e6ngdegrad, breddegrad, h\u00f8jde og jordhastighed<\/span><\/li>\n<li><span style=\"font-size: 12pt;\">Codeshare information<\/span><\/li>\n<li><span style=\"font-size: 12pt;\">Forsinkelsesberegning<\/span><\/li>\n<\/ul>\n<hr>\n<p><strong><span style=\"font-size: 12pt;\">Lufthavne kan ogs\u00e5 have adgang til en liste over flyoplysninger, som omfatter:<\/span><\/strong><\/p>\n<ul>\n<li><span style=\"font-size: 12pt;\">Fly, der er afg\u00e5et<\/span><\/li>\n<li><span style=\"font-size: 12pt;\">Fly, der er ankommet til lufthavnen<\/span><\/li>\n<li><span style=\"font-size: 12pt;\">Fly, der er undervejs i lufthavnen<\/span><\/li>\n<li><span style=\"font-size: 12pt;\">Planlagt flyvning<\/span><\/li>\n<li><span style=\"font-size: 12pt;\">Foto om flyet og det flyselskab<\/span>, <span style=\"font-size: 12pt;\">der k\u00f8rer den flyvning, du leder efter<\/span>.<\/li>\n<\/ul>\n<p>&nbsp;<\/p>\n<h2 style=\"text-align: center;\"><strong><span style=\"color: #ff9900; font-size: 20pt;\">Hvad er fordelene ved flight tracker 24?<\/span><\/strong><\/h2>\n<p style=\"text-align: center;\"><em><span style=\"font-size: 12pt;\">Flysporing har en masse fordele og betydning for fans af fly og luftfart, de inkluderer:<\/span><\/em><\/p>\n<hr>\n<p style=\"text-align: left;\"><span style=\"font-size: 12pt;\"><strong>Flyrutealarm:<\/strong>gennem <a href=\"https:\/\/flight-tracker24.co.uk\/da\/fly-tracker\/\" target=\"_blank\" rel=\"noopener noreferrer\">flysporing<\/a> kan du f\u00e5 adgang til flyrutesystemet, som giver dig kontrol over din flyveplan, det g\u00f8r det ogs\u00e5 muligt for flyplanl\u00e6ggere at v\u00e6lge den rute, der giver de bedste omkostninger og den mindste chance for vejrrelateret forstyrrelser.<\/span><\/p>\n<hr>\n<p style=\"text-align: left;\"><span style=\"font-size: 12pt;\"><strong>Brug ATC-data til at f\u00e5 mere indsigt:<\/strong> Hver gang en flight tracker-advarsel fremh\u00e6ver et problem, kan flyoperationsmedarbejdere se fly-til-ATC-kommunikationen i en kortfattet og klar tekst. Dette hj\u00e6lper personalet med at bekr\u00e6fte, om der er aftalt en afvigelse med ATC.<\/span><\/p>\n<hr>\n<p style=\"text-align: left;\"><span style=\"font-size: 12pt;\"><strong>Automatisk alarmering for at hj\u00e6lpe med at administrere store fl\u00e5der<\/strong>: du kan v\u00e6re sikker p\u00e5, at flight tracker 24&#8217;s automatiserede alarmfunktion kan bem\u00e6rke ethvert potentielt problem, der sandsynligvis vil dukke op. Efter meddelelsen vil flytrackeren oprette en advarsel og begynde en automatisk sekvens af handlinger, der er passende.<\/span><\/p>\n<hr>\n<p style=\"text-align: left;\"><span style=\"font-size: 12pt;\"><strong>Flyagnostiker:<\/strong> Gennem <a href=\"https:\/\/flightradar.flights\/\" target=\"_blank\" rel=\"noopener noreferrer\">flightradar24<\/a> kan du v\u00e6re i stand til at udstyre dit flyoperationsteam med evnen til at spore fly uanset de muligheder, du har. Flight tracker 24 g\u00f8r brug af realtidsdata samt ATC-data og radar fra organisationer over hele verden for at give v\u00e6rdifuld flypositionsinformation.<\/span><\/p>\n<hr>\n<p style=\"text-align: left;\"><span style=\"font-size: 12pt;\"><strong>Krydsreferenceposition og data i h\u00f8j opl\u00f8sning:<\/strong> gennem <a href=\"https:\/\/flight-tracker24.co.uk\/da\/fly-radar\/\" target=\"_blank\" rel=\"noopener noreferrer\">flyradar<\/a> kan du spore dit flyselskabs operationsteam og bes\u00e6tning med en applikation, der samler de tilg\u00e6ngelige positionsdata under flyvningen fra flere kilder. Denne enkelt flypositionsvisning vil g\u00f8re det lettere for dine medarbejdere at opretholde en n\u00f8jagtig flybevidsthed. <\/span><\/p>\n<hr>\n<p style=\"text-align: center;\"><em><span style=\"font-size: 12pt;\">Du vil ogs\u00e5 kunne f\u00e5 adgang til en skalerbar d\u00e6kning, som har f\u00f8lgende egenskaber:<\/span><\/em><\/p>\n<ul>\n<li style=\"list-style-type: none;\">\n<ul>\n<li style=\"text-align: left;\"><span style=\"font-size: 12pt;\">Det hj\u00e6lper med at \u00f8ge den supplerende oms\u00e6tning<\/span><\/li>\n<\/ul>\n<\/li>\n<\/ul>\n<ul>\n<li style=\"list-style-type: none;\">\n<ul>\n<li style=\"text-align: left;\"><span style=\"font-size: 12pt;\">Det er med til at forbedre passageroplevelsen<\/span><\/li>\n<\/ul>\n<\/li>\n<\/ul>\n<ul>\n<li style=\"list-style-type: none;\">\n<ul>\n<li style=\"text-align: left;\"><span style=\"font-size: 12pt;\">Det vil forbedre den operationelle effektivitet<\/span><\/li>\n<\/ul>\n<\/li>\n<\/ul>\n<ul>\n<li style=\"list-style-type: none;\">\n<ul>\n<li style=\"text-align: left;\"><span style=\"font-size: 12pt;\">Det vil bidrage til at forbedre flyselskabernes og passagerernes sikkerhed<\/span><\/li>\n<\/ul>\n<\/li>\n<\/ul>\n<p>&nbsp;<\/p>\n<h2 style=\"text-align: center;\"><strong><span style=\"color: #ff9900; font-size: 20pt;\">Hvad koster flight tracker 24?<\/span><\/strong><\/h2>\n<p style=\"text-align: center;\"><span style=\"font-size: 12pt;\"><strong>Flight tracker 24 kan bruges gratis og s\u00e5 ofte du \u00f8nsker.<\/strong> Du kan v\u00e6re i stand til at spore eller kortl\u00e6gge fly, der lige er fl\u00f8jet hen over hovedet p\u00e5 dig. Gennem denne gratis teknologi vil du v\u00e6re i stand til at finde data om flyrejser for hele verden.<\/span><\/p>\n<p style=\"text-align: center;\"><span style=\"font-size: 12pt;\">Har du brug for mere information om denne service? S\u00e5 tjek venligst <a href=\"https:\/\/flugradar24.eu\" target=\"_blank\" rel=\"noopener noreferrer\">Flightradar<\/a><\/span><\/p>\n<p>&nbsp;<\/p>\n","protected":false},"excerpt":{"rendered":"<p>Flight Tracker 24 Velkommen til Live Flight Tracker 24! Klik venligst p\u00e5 linsen i radaren for at begynde at s\u00f8ge. &nbsp; Indtast flynummeret Indtast et gyldigt flynummer i s\u00f8gefeltet S\u00f8g efter fly (Et nyt vindue\/fane \u00e5bnes) Hurtig guide: Flight Tracker 24 1. mulighed: Klik p\u00e5 forst\u00f8rrelsesglasset -&gt; Indtast et gyldigt flynummer og v\u00e6lg det viste &#8230; <\/p>\n<p class=\"read-more-container\"><a title=\"Flight Tracker 24\" class=\"read-more button\" href=\"https:\/\/flight-tracker24.co.uk\/da\/#more-694\" aria-label=\"More on Flight Tracker 24\">Read more<\/a><\/p>\n","protected":false},"author":1,"featured_media":0,"parent":0,"menu_order":0,"comment_status":"closed","ping_status":"closed","template":"","meta":{"footnotes":""},"class_list":["post-694","page","type-page","status-publish"],"yoast_head":"<!-- This site is optimized with the Yoast SEO plugin v26.1.1 - https:\/\/yoast.com\/wordpress\/plugins\/seo\/ -->\n<title>FLIGHT TRACKER 24 | 100 % gratis flysporing live [All Devices]<\/title>\n<meta name=\"description\" content=\"Med Flight Tracker 24 \u2705 Du kan spore enhver flyvning gratis \u2705 F\u00f8lg dine venner, der rejser i flyet \u2705 G\u00e5 ikke glip af en landing l\u00e6ngere \u2705\" \/>\n<meta name=\"robots\" content=\"index, follow, max-snippet:-1, max-image-preview:large, max-video-preview:-1\" \/>\n<link rel=\"canonical\" href=\"https:\/\/flight-tracker24.co.uk\/da\/\" \/>\n<meta property=\"og:locale\" content=\"da_DK\" \/>\n<meta property=\"og:type\" content=\"article\" \/>\n<meta property=\"og:title\" content=\"FLIGHT TRACKER 24 | 100 % gratis flysporing live [All Devices]\" \/>\n<meta property=\"og:description\" content=\"Med Flight Tracker 24 \u2705 Du kan spore enhver flyvning gratis \u2705 F\u00f8lg dine venner, der rejser i flyet \u2705 G\u00e5 ikke glip af en landing l\u00e6ngere \u2705\" \/>\n<meta property=\"og:url\" content=\"https:\/\/flight-tracker24.co.uk\/da\/\" \/>\n<meta property=\"og:site_name\" content=\"Flight-Tracker24\" \/>\n<meta property=\"article:modified_time\" content=\"2022-01-20T08:05:12+00:00\" \/>\n<meta property=\"og:image\" content=\"https:\/\/flight-tracker24.co.uk\/wp-content\/uploads\/2017\/08\/Flugradar-app-300x300.jpg\" \/>\n<meta name=\"twitter:card\" content=\"summary_large_image\" \/>\n<meta name=\"twitter:label1\" content=\"Estimeret l\u00e6setid\" \/>\n\t<meta name=\"twitter:data1\" content=\"5 minutter\" \/>\n<script type=\"application\/ld+json\" class=\"yoast-schema-graph\">{\"@context\":\"https:\/\/schema.org\",\"@graph\":[{\"@type\":\"WebPage\",\"@id\":\"https:\/\/flight-tracker24.co.uk\/da\/\",\"url\":\"https:\/\/flight-tracker24.co.uk\/da\/\",\"name\":\"FLIGHT TRACKER 24 | 100 % gratis flysporing live [All Devices]\",\"isPartOf\":{\"@id\":\"https:\/\/flight-tracker24.co.uk\/da\/#website\"},\"primaryImageOfPage\":{\"@id\":\"https:\/\/flight-tracker24.co.uk\/da\/#primaryimage\"},\"image\":{\"@id\":\"https:\/\/flight-tracker24.co.uk\/da\/#primaryimage\"},\"thumbnailUrl\":\"https:\/\/flight-tracker24.co.uk\/wp-content\/uploads\/2017\/08\/Flugradar-app-300x300.jpg\",\"datePublished\":\"2022-01-07T09:13:48+00:00\",\"dateModified\":\"2022-01-20T08:05:12+00:00\",\"description\":\"Med Flight Tracker 24 \u2705 Du kan spore enhver flyvning gratis \u2705 F\u00f8lg dine venner, der rejser i flyet \u2705 G\u00e5 ikke glip af en landing l\u00e6ngere \u2705\",\"breadcrumb\":{\"@id\":\"https:\/\/flight-tracker24.co.uk\/da\/#breadcrumb\"},\"inLanguage\":\"da-DK\",\"potentialAction\":[{\"@type\":\"ReadAction\",\"target\":[\"https:\/\/flight-tracker24.co.uk\/da\/\"]}]},{\"@type\":\"ImageObject\",\"inLanguage\":\"da-DK\",\"@id\":\"https:\/\/flight-tracker24.co.uk\/da\/#primaryimage\",\"url\":\"https:\/\/flight-tracker24.co.uk\/wp-content\/uploads\/2017\/08\/Flugradar-app-300x300.jpg\",\"contentUrl\":\"https:\/\/flight-tracker24.co.uk\/wp-content\/uploads\/2017\/08\/Flugradar-app-300x300.jpg\"},{\"@type\":\"BreadcrumbList\",\"@id\":\"https:\/\/flight-tracker24.co.uk\/da\/#breadcrumb\",\"itemListElement\":[{\"@type\":\"ListItem\",\"position\":1,\"name\":\"Home\",\"item\":\"https:\/\/flight-tracker24.co.uk\/da\/\"},{\"@type\":\"ListItem\",\"position\":2,\"name\":\"Flight Tracker 24\"}]},{\"@type\":\"WebSite\",\"@id\":\"https:\/\/flight-tracker24.co.uk\/da\/#website\",\"url\":\"https:\/\/flight-tracker24.co.uk\/da\/\",\"name\":\"Flight-Tracker24\",\"description\":\"Fight-Tracker24 Is Your Online Solution for Tracking Airplanes\",\"publisher\":{\"@id\":\"https:\/\/flight-tracker24.co.uk\/da\/#organization\"},\"potentialAction\":[{\"@type\":\"SearchAction\",\"target\":{\"@type\":\"EntryPoint\",\"urlTemplate\":\"https:\/\/flight-tracker24.co.uk\/da\/?s={search_term_string}\"},\"query-input\":{\"@type\":\"PropertyValueSpecification\",\"valueRequired\":true,\"valueName\":\"search_term_string\"}}],\"inLanguage\":\"da-DK\"},{\"@type\":\"Organization\",\"@id\":\"https:\/\/flight-tracker24.co.uk\/da\/#organization\",\"name\":\"Flight-Tracker24\",\"url\":\"https:\/\/flight-tracker24.co.uk\/da\/\",\"logo\":{\"@type\":\"ImageObject\",\"inLanguage\":\"da-DK\",\"@id\":\"https:\/\/flight-tracker24.co.uk\/da\/#\/schema\/logo\/image\/\",\"url\":\"https:\/\/flight-tracker24.co.uk\/wp-content\/uploads\/2018\/06\/Flugradar-Logo-footer240.png\",\"contentUrl\":\"https:\/\/flight-tracker24.co.uk\/wp-content\/uploads\/2018\/06\/Flugradar-Logo-footer240.png\",\"width\":\"240\",\"height\":\"47\",\"caption\":\"Flight-Tracker24\"},\"image\":{\"@id\":\"https:\/\/flight-tracker24.co.uk\/da\/#\/schema\/logo\/image\/\"}}]}<\/script>\n<!-- \/ Yoast SEO plugin. -->","yoast_head_json":{"title":"FLIGHT TRACKER 24 | 100 % gratis flysporing live [All Devices]","description":"Med Flight Tracker 24 \u2705 Du kan spore enhver flyvning gratis \u2705 F\u00f8lg dine venner, der rejser i flyet \u2705 G\u00e5 ikke glip af en landing l\u00e6ngere \u2705","robots":{"index":"index","follow":"follow","max-snippet":"max-snippet:-1","max-image-preview":"max-image-preview:large","max-video-preview":"max-video-preview:-1"},"canonical":"https:\/\/flight-tracker24.co.uk\/da\/","og_locale":"da_DK","og_type":"article","og_title":"FLIGHT TRACKER 24 | 100 % gratis flysporing live [All Devices]","og_description":"Med Flight Tracker 24 \u2705 Du kan spore enhver flyvning gratis \u2705 F\u00f8lg dine venner, der rejser i flyet \u2705 G\u00e5 ikke glip af en landing l\u00e6ngere \u2705","og_url":"https:\/\/flight-tracker24.co.uk\/da\/","og_site_name":"Flight-Tracker24","article_modified_time":"2022-01-20T08:05:12+00:00","og_image":[{"url":"https:\/\/flight-tracker24.co.uk\/wp-content\/uploads\/2017\/08\/Flugradar-app-300x300.jpg","type":"","width":"","height":""}],"twitter_card":"summary_large_image","twitter_misc":{"Estimeret l\u00e6setid":"5 minutter"},"schema":{"@context":"https:\/\/schema.org","@graph":[{"@type":"WebPage","@id":"https:\/\/flight-tracker24.co.uk\/da\/","url":"https:\/\/flight-tracker24.co.uk\/da\/","name":"FLIGHT TRACKER 24 | 100 % gratis flysporing live [All Devices]","isPartOf":{"@id":"https:\/\/flight-tracker24.co.uk\/da\/#website"},"primaryImageOfPage":{"@id":"https:\/\/flight-tracker24.co.uk\/da\/#primaryimage"},"image":{"@id":"https:\/\/flight-tracker24.co.uk\/da\/#primaryimage"},"thumbnailUrl":"https:\/\/flight-tracker24.co.uk\/wp-content\/uploads\/2017\/08\/Flugradar-app-300x300.jpg","datePublished":"2022-01-07T09:13:48+00:00","dateModified":"2022-01-20T08:05:12+00:00","description":"Med Flight Tracker 24 \u2705 Du kan spore enhver flyvning gratis \u2705 F\u00f8lg dine venner, der rejser i flyet \u2705 G\u00e5 ikke glip af en landing l\u00e6ngere \u2705","breadcrumb":{"@id":"https:\/\/flight-tracker24.co.uk\/da\/#breadcrumb"},"inLanguage":"da-DK","potentialAction":[{"@type":"ReadAction","target":["https:\/\/flight-tracker24.co.uk\/da\/"]}]},{"@type":"ImageObject","inLanguage":"da-DK","@id":"https:\/\/flight-tracker24.co.uk\/da\/#primaryimage","url":"https:\/\/flight-tracker24.co.uk\/wp-content\/uploads\/2017\/08\/Flugradar-app-300x300.jpg","contentUrl":"https:\/\/flight-tracker24.co.uk\/wp-content\/uploads\/2017\/08\/Flugradar-app-300x300.jpg"},{"@type":"BreadcrumbList","@id":"https:\/\/flight-tracker24.co.uk\/da\/#breadcrumb","itemListElement":[{"@type":"ListItem","position":1,"name":"Home","item":"https:\/\/flight-tracker24.co.uk\/da\/"},{"@type":"ListItem","position":2,"name":"Flight Tracker 24"}]},{"@type":"WebSite","@id":"https:\/\/flight-tracker24.co.uk\/da\/#website","url":"https:\/\/flight-tracker24.co.uk\/da\/","name":"Flight-Tracker24","description":"Fight-Tracker24 Is Your Online Solution for Tracking Airplanes","publisher":{"@id":"https:\/\/flight-tracker24.co.uk\/da\/#organization"},"potentialAction":[{"@type":"SearchAction","target":{"@type":"EntryPoint","urlTemplate":"https:\/\/flight-tracker24.co.uk\/da\/?s={search_term_string}"},"query-input":{"@type":"PropertyValueSpecification","valueRequired":true,"valueName":"search_term_string"}}],"inLanguage":"da-DK"},{"@type":"Organization","@id":"https:\/\/flight-tracker24.co.uk\/da\/#organization","name":"Flight-Tracker24","url":"https:\/\/flight-tracker24.co.uk\/da\/","logo":{"@type":"ImageObject","inLanguage":"da-DK","@id":"https:\/\/flight-tracker24.co.uk\/da\/#\/schema\/logo\/image\/","url":"https:\/\/flight-tracker24.co.uk\/wp-content\/uploads\/2018\/06\/Flugradar-Logo-footer240.png","contentUrl":"https:\/\/flight-tracker24.co.uk\/wp-content\/uploads\/2018\/06\/Flugradar-Logo-footer240.png","width":"240","height":"47","caption":"Flight-Tracker24"},"image":{"@id":"https:\/\/flight-tracker24.co.uk\/da\/#\/schema\/logo\/image\/"}}]}},"_links":{"self":[{"href":"https:\/\/flight-tracker24.co.uk\/da\/wp-json\/wp\/v2\/pages\/694","targetHints":{"allow":["GET"]}}],"collection":[{"href":"https:\/\/flight-tracker24.co.uk\/da\/wp-json\/wp\/v2\/pages"}],"about":[{"href":"https:\/\/flight-tracker24.co.uk\/da\/wp-json\/wp\/v2\/types\/page"}],"author":[{"embeddable":true,"href":"https:\/\/flight-tracker24.co.uk\/da\/wp-json\/wp\/v2\/users\/1"}],"replies":[{"embeddable":true,"href":"https:\/\/flight-tracker24.co.uk\/da\/wp-json\/wp\/v2\/comments?post=694"}],"version-history":[{"count":0,"href":"https:\/\/flight-tracker24.co.uk\/da\/wp-json\/wp\/v2\/pages\/694\/revisions"}],"wp:attachment":[{"href":"https:\/\/flight-tracker24.co.uk\/da\/wp-json\/wp\/v2\/media?parent=694"}],"curies":[{"name":"wp","href":"https:\/\/api.w.org\/{rel}","templated":true}]}}